{"id":293,"date":"2015-08-27T18:09:52","date_gmt":"2015-08-27T17:09:52","guid":{"rendered":"https:\/\/csp.ch\/ge\/?page_id=293"},"modified":"2026-02-04T14:09:22","modified_gmt":"2026-02-04T13:09:22","slug":"location-de-salles","status":"publish","type":"page","link":"https:\/\/csp.ch\/geneve\/location-de-salles\/","title":{"rendered":"Location de <strong>salles<\/strong>"},"content":{"rendered":"<div class=\"wpb-content-wrapper\"><p>[vc_row][vc_column][vc_column_text css=\u00a0\u00bb\u00a0\u00bb]<\/p>\n<h2>Profitez d&rsquo;espaces de r\u00e9union professionnels au coeur de Gen\u00e8ve\u00a0!<\/h2>\n<p><span style=\"color: #000000\">Pour vos conf\u00e9rences, r\u00e9unions ou autres activit\u00e9s, nous mettons \u00e0 votre disposition deux salles \u00e9quip\u00e9es et id\u00e9alement situ\u00e9es au centre de Gen\u00e8ve.<\/span><\/p>\n<p>Les salles sont exclusivement destin\u00e9es \u00e0 des usages professionnels, associatifs ou institutionnels. Les f\u00eates, soir\u00e9es priv\u00e9es ou \u00e9v\u00e9nements festifs ne sont pas autoris\u00e9s.<\/p>\n<h2><span style=\"color: #f4960f\">R\u00e9servez votre salle<\/span><\/h2>\n<p>[\/vc_column_text][\/vc_column][\/vc_row][vc_row][vc_column width=\u00a0\u00bb1\/2&Prime;][vc_single_image image=\u00a0\u00bb2616&Prime; img_size=\u00a0\u00bbfull\u00a0\u00bb onclick=\u00a0\u00bbcustom_link\u00a0\u00bb css=\u00a0\u00bb\u00a0\u00bb link=\u00a0\u00bbhttps:\/\/csp.ch\/geneve\/location-de-salles\/salle-forum-i\/\u00a0\u00bb][vc_column_text css=\u00a0\u00bb\u00a0\u00bb]<strong><a href=\"https:\/\/csp.ch\/geneve\/location-de-salles\/salle-forum-i\/\">Salle forum I<\/a><\/strong><br \/>\n170 m2 \u2013 jusqu\u2019\u00e0 100 personnes assises<\/p>\n<p>Paroi amovible pour s\u00e9parer la salle en deux espaces<\/p>\n<p>Piano \u00e0 queue[\/vc_column_text][\/vc_column][vc_column width=\u00a0\u00bb1\/2&Prime;][vc_single_image image=\u00a0\u00bb27052&Prime; img_size=\u00a0\u00bbfull\u00a0\u00bb onclick=\u00a0\u00bbcustom_link\u00a0\u00bb css=\u00a0\u00bb\u00a0\u00bb link=\u00a0\u00bbhttps:\/\/csp.ch\/geneve\/location-de-salles\/salle-forum-ii\/\u00a0\u00bb][vc_column_text css=\u00a0\u00bb\u00a0\u00bb]<strong><a href=\"https:\/\/csp.ch\/geneve\/location-de-salles\/salle-forum-ii\/\" rel=\"noopener\">Salle forum II<\/a><\/strong><br \/>\n70 m2 &#8211; jusqu&rsquo;\u00e0 60 personnes assises[\/vc_column_text][\/vc_column][\/vc_row][vc_row][vc_column][vc_column_text css=\u00a0\u00bb\u00a0\u00bb]<\/p>\n<p data-start=\"280\" data-end=\"308\"><strong><span style=\"color: #f4960f\">Am\u00e9nagement des salles<\/span><\/strong><\/p>\n<p data-start=\"309\" data-end=\"461\">Les locataires sont libres de personnaliser l\u2019arrangement de la salle.<\/p>\n<p data-start=\"463\" data-end=\"592\"><strong>Le CSP ne propose pas de service de mise en place : toute salle lou\u00e9e doit \u00eatre restitu\u00e9e dans l\u2019\u00e9tat o\u00f9 elle a \u00e9t\u00e9 trouv\u00e9e.<\/strong><\/p>\n<p data-start=\"825\" data-end=\"840\"><strong><span style=\"color: #f4960f\">R\u00e9servation<\/span><\/strong><\/p>\n<p data-start=\"841\" data-end=\"1034\">Les r\u00e9servations se font directement en ligne. Nous vous confirmerons rapidement la disponibilit\u00e9 sous un d\u00e9lai de 48h, <span style=\"text-decoration: underline\">sous r\u00e9serve de la r\u00e9ception de l\u2019attestation de responsabilit\u00e9 civile (RC) et, le cas \u00e9ch\u00e9ant, des statuts ou d\u2019une attestation officielle<\/span>.<\/p>\n<p data-start=\"841\" data-end=\"1034\"><br data-start=\"939\" data-end=\"942\" \/>Pour toute information compl\u00e9mentaire, vous pouvez aussi nous contacter par email : &#x6c;o&#x63;&#97;t&#x69;&#111;&#x6e;&#x73;a&#x6c;&#108;e&#x73;&#64;&#x63;&#115;p&#x2d;&#103;e&#x2e;&#99;&#x68;<\/p>\n<p>[\/vc_column_text][vc_tta_accordion style=\u00a0\u00bbflat\u00a0\u00bb active_section=\u00a0\u00bb\u00a0\u00bb no_fill=\u00a0\u00bbtrue\u00a0\u00bb collapsible_all=\u00a0\u00bbtrue\u00a0\u00bb][vc_tta_section title=\u00a0\u00bb\u00c9quipements\u00a0\u00bb tab_id=\u00a0\u00bb1609954192582-5574e115-771b\u00a0\u00bb][vc_column_text css=\u00a0\u00bb\u00a0\u00bb]<\/p>\n<ul data-start=\"277\" data-end=\"660\">\n<li data-start=\"277\" data-end=\"294\">\n<p data-start=\"279\" data-end=\"294\">Wi-Fi gratuit<\/p>\n<\/li>\n<li data-start=\"295\" data-end=\"323\">\n<p data-start=\"297\" data-end=\"323\">Vid\u00e9oprojecteur (beamer) avec sono &#8211; CHF 20.- \/ r\u00e9servation<\/p>\n<\/li>\n<li data-start=\"324\" data-end=\"361\">\n<p data-start=\"326\" data-end=\"361\">Tableau de conf\u00e9rence (flipchart) &#8211; CHF 15.- \/ r\u00e9servation<\/p>\n<\/li>\n<li data-start=\"362\" data-end=\"379\">\n<p data-start=\"364\" data-end=\"379\">Tableau blanc<\/p>\n<\/li>\n<li data-start=\"380\" data-end=\"415\">\n<p data-start=\"382\" data-end=\"415\">Chaises et tables de conf\u00e9rence<\/p>\n<\/li>\n<li data-start=\"416\" data-end=\"465\">\n<p data-start=\"418\" data-end=\"465\">Micro (Forum 1 uniquement) &#8211; CHF 10.-\/ r\u00e9servation<\/p>\n<\/li>\n<li data-start=\"416\" data-end=\"465\">\n<p data-start=\"418\" data-end=\"465\">Espace accueil &amp; vestiaire (non surveill\u00e9, situ\u00e9s dans le hall)<\/p>\n<\/li>\n<li data-start=\"416\" data-end=\"465\">\n<p data-start=\"418\" data-end=\"465\">Fontaine \u00e0 eau plate et gazeuse avec verres en libre-service (situ\u00e9e dans le hall)<\/p>\n<\/li>\n<\/ul>\n<p>&nbsp;<\/p>\n<p data-start=\"418\" data-end=\"465\">En compl\u00e9ment, un frigo ainsi qu\u2019une machine \u00e0 caf\u00e9 (sans caf\u00e9) sont \u00e0 disposition.<\/p>\n<p data-start=\"662\" data-end=\"823\">Le hall peut \u00e9galement \u00eatre utilis\u00e9 pour organiser un ap\u00e9ritif convivial.<\/p>\n<p>[\/vc_column_text][\/vc_tta_section][\/vc_tta_accordion][vc_tta_accordion style=\u00a0\u00bbflat\u00a0\u00bb active_section=\u00a0\u00bb\u00a0\u00bb no_fill=\u00a0\u00bbtrue\u00a0\u00bb collapsible_all=\u00a0\u00bbtrue\u00a0\u00bb][vc_tta_section title=\u00a0\u00bbTarifs\u00a0\u00bb tab_id=\u00a0\u00bb1759158560054-700aea65-3c76&Prime;][vc_column_text css=\u00a0\u00bb\u00a0\u00bb]<\/p>\n<table style=\"border-collapse: collapse;width: 100%;text-align: center\">\n<thead style=\"background-color: #f4960f;color: white\">\n<tr>\n<th style=\"padding: 8px\">Salle<\/th>\n<th style=\"padding: 8px\">Horaire<\/th>\n<th style=\"padding: 8px\">Prix standard<\/th>\n<th style=\"padding: 8px\">Prix r\u00e9duit<\/th>\n<\/tr>\n<\/thead>\n<tbody><!-- Forum 1 --><\/p>\n<tr>\n<td rowspan=\"3\"><b>Forum 1<\/b><\/td>\n<td>01h \u2013 04h<\/td>\n<td>CHF 350.\u2013<\/td>\n<td>CHF 262.50<\/td>\n<\/tr>\n<tr>\n<td>04h01 \u2013 10h<\/td>\n<td>CHF 600.\u2013<\/td>\n<td>CHF 450.\u2013<\/td>\n<\/tr>\n<tr>\n<td style=\"border-bottom: 2px solid #F4960F\">10h01 \u2013 18h<\/td>\n<td style=\"border-bottom: 2px solid #F4960F\">CHF 700.\u2013<\/td>\n<td style=\"border-bottom: 2px solid #F4960F\">CHF 525.\u2013<\/td>\n<\/tr>\n<p><!-- espace visuel entre les deux salles --><!-- Forum 2 --><\/p>\n<tr>\n<td rowspan=\"3\"><b>Forum 2<\/b><\/td>\n<td>01h \u2013 04h<\/td>\n<td>CHF 200.\u2013<\/td>\n<td>CHF 150.\u2013<\/td>\n<\/tr>\n<tr>\n<td>04h01 \u2013 10h<\/td>\n<td>CHF 300.\u2013<\/td>\n<td>CHF 225.\u2013<\/td>\n<\/tr>\n<tr>\n<td style=\"border-bottom: 2px solid #F4960F\">10h01 \u2013 18h<\/td>\n<td style=\"border-bottom: 2px solid #F4960F\">CHF 400.\u2013<\/td>\n<td style=\"border-bottom: 2px solid #F4960F\">CHF 300.\u2013<\/td>\n<\/tr>\n<\/tbody>\n<\/table>\n<p>[\/vc_column_text][\/vc_tta_section][\/vc_tta_accordion][vc_tta_accordion style=\u00a0\u00bbflat\u00a0\u00bb active_section=\u00a0\u00bb\u00a0\u00bb no_fill=\u00a0\u00bbtrue\u00a0\u00bb collapsible_all=\u00a0\u00bbtrue\u00a0\u00bb][vc_tta_section title=\u00a0\u00bbAcc\u00e8s &amp; Parkings\u00a0\u00bb tab_id=\u00a0\u00bb1759156918912-b7b62155-52c8&Prime;][vc_column_text css=\u00a0\u00bb\u00a0\u00bb]<strong>Acc\u00e8s<\/strong><\/p>\n<p>Les salles disposent d&rsquo;un<\/p>\n<ul data-start=\"277\" data-end=\"660\">\n<li data-start=\"416\" data-end=\"465\">\n<p data-start=\"418\" data-end=\"465\">Acc\u00e8s pour personnes \u00e0 mobilit\u00e9 r\u00e9duite<\/p>\n<\/li>\n<li data-start=\"416\" data-end=\"465\">\n<p data-start=\"418\" data-end=\"465\">Acc\u00e8s v\u00e9hicule pour les livraisons uniquement<\/p>\n<\/li>\n<\/ul>\n<p><strong>Parkings<\/strong><\/p>\n<ul>\n<li><a href=\"https:\/\/www.geneve-parking.ch\/fr\/parkings\/david-dufour\">Parking David Dufour<\/a><\/li>\n<li><a href=\"https:\/\/www.geneve-parking.ch\/fr\/ou-stationner\/gazometres\">Parking Gazom\u00e8tres<\/a><\/li>\n<li><a href=\"https:\/\/www.geneve-parking.ch\/fr\/parkings\/h%C3%B4tel-des-finances\">Parking H\u00f4tel des Finances<\/a><\/li>\n<\/ul>\n<h4>Transports Publics<\/h4>\n<ul>\n<li>2, 19, 27 \u00a0&#8211; <em>arr\u00eat Bains<\/em><\/li>\n<li>32 &#8211;<em> arr\u00eat Sainte-Clotilde <\/em><\/li>\n<li>D, 4, 11, 14 &#8211; <em>arr\u00eat Jonction<\/em><\/li>\n<\/ul>\n<p>[\/vc_column_text][\/vc_tta_section][\/vc_tta_accordion][\/vc_column][\/vc_row]<\/p>\n<\/div>","protected":false},"excerpt":{"rendered":"<p>[vc_row][vc_column][vc_column_text css=\u00a0\u00bb\u00a0\u00bb] Profitez d&rsquo;espaces de r\u00e9union professionnels au coeur de Gen\u00e8ve\u00a0! Pour vos conf\u00e9rences, r\u00e9unions ou autres activit\u00e9s, nous mettons \u00e0 votre disposition deux salles \u00e9quip\u00e9es et id\u00e9alement situ\u00e9es au centre de Gen\u00e8ve. Les salles sont exclusivement destin\u00e9es \u00e0 des usages professionnels, associatifs ou institutionnels. Les f\u00eates, soir\u00e9es priv\u00e9es ou \u00e9v\u00e9nements festifs ne sont pas [&hellip;]<\/p>\n","protected":false},"author":1,"featured_media":2616,"parent":0,"menu_order":0,"comment_status":"closed","ping_status":"closed","template":"","meta":{"_acf_changed":false,"footnotes":""},"class_list":["post-293","page","type-page","status-publish","has-post-thumbnail","hentry"],"acf":[],"yoast_head":"<!-- This site is optimized with the Yoast SEO plugin v27.1.1 - https:\/\/yoast.com\/product\/yoast-seo-wordpress\/ -->\n<title>Location de salles - CSP Gen\u00e8ve<\/title>\n<meta name=\"description\" content=\"Pour vos conf\u00e9rences, r\u00e9unions ou autres activit\u00e9s, nous mettons \u00e0 votre disposition deux salles \u00e9quip\u00e9es et id\u00e9alement situ\u00e9es au centre de Gen\u00e8ve.\" \/>\n<meta name=\"robots\" content=\"index, follow, max-snippet:-1, max-image-preview:large, max-video-preview:-1\" \/>\n<link rel=\"canonical\" href=\"https:\/\/csp.ch\/geneve\/location-de-salles\/\" \/>\n<meta property=\"og:locale\" content=\"fr_FR\" \/>\n<meta property=\"og:type\" content=\"article\" \/>\n<meta property=\"og:title\" content=\"Location de salles - CSP Gen\u00e8ve\" \/>\n<meta property=\"og:description\" content=\"Pour vos conf\u00e9rences, r\u00e9unions ou autres activit\u00e9s, nous mettons \u00e0 votre disposition deux salles \u00e9quip\u00e9es et id\u00e9alement situ\u00e9es au centre de Gen\u00e8ve.\" \/>\n<meta property=\"og:url\" content=\"https:\/\/csp.ch\/geneve\/location-de-salles\/\" \/>\n<meta property=\"og:site_name\" content=\"CSP Gen\u00e8ve\" \/>\n<meta property=\"article:modified_time\" content=\"2026-02-04T13:09:22+00:00\" \/>\n<meta property=\"og:image\" content=\"https:\/\/csp.ch\/wp-content\/uploads\/sites\/5\/2018\/06\/20151208\u00a9CSP-GE_RebeccaBowring_G7A6236web.jpg\" \/>\n\t<meta property=\"og:image:width\" content=\"2000\" \/>\n\t<meta property=\"og:image:height\" content=\"1333\" \/>\n\t<meta property=\"og:image:type\" content=\"image\/jpeg\" \/>\n<meta name=\"twitter:card\" content=\"summary_large_image\" \/>\n<meta name=\"twitter:label1\" content=\"Dur\u00e9e de lecture estim\u00e9e\" \/>\n\t<meta name=\"twitter:data1\" content=\"3 minutes\" \/>\n<script type=\"application\/ld+json\" class=\"yoast-schema-graph\">{\"@context\":\"https:\/\/schema.org\",\"@graph\":[{\"@type\":\"WebPage\",\"@id\":\"https:\/\/csp.ch\/geneve\/location-de-salles\/\",\"url\":\"https:\/\/csp.ch\/geneve\/location-de-salles\/\",\"name\":\"Location de salles - CSP Gen\u00e8ve\",\"isPartOf\":{\"@id\":\"https:\/\/csp.ch\/geneve\/#website\"},\"primaryImageOfPage\":{\"@id\":\"https:\/\/csp.ch\/geneve\/location-de-salles\/#primaryimage\"},\"image\":{\"@id\":\"https:\/\/csp.ch\/geneve\/location-de-salles\/#primaryimage\"},\"thumbnailUrl\":\"https:\/\/csp.ch\/wp-content\/uploads\/sites\/5\/2018\/06\/20151208\u00a9CSP-GE_RebeccaBowring_G7A6236web.jpg\",\"datePublished\":\"2015-08-27T17:09:52+00:00\",\"dateModified\":\"2026-02-04T13:09:22+00:00\",\"description\":\"Pour vos conf\u00e9rences, r\u00e9unions ou autres activit\u00e9s, nous mettons \u00e0 votre disposition deux salles \u00e9quip\u00e9es et id\u00e9alement situ\u00e9es au centre de Gen\u00e8ve.\",\"breadcrumb\":{\"@id\":\"https:\/\/csp.ch\/geneve\/location-de-salles\/#breadcrumb\"},\"inLanguage\":\"fr-FR\",\"potentialAction\":[{\"@type\":\"ReadAction\",\"target\":[\"https:\/\/csp.ch\/geneve\/location-de-salles\/\"]}]},{\"@type\":\"ImageObject\",\"inLanguage\":\"fr-FR\",\"@id\":\"https:\/\/csp.ch\/geneve\/location-de-salles\/#primaryimage\",\"url\":\"https:\/\/csp.ch\/wp-content\/uploads\/sites\/5\/2018\/06\/20151208\u00a9CSP-GE_RebeccaBowring_G7A6236web.jpg\",\"contentUrl\":\"https:\/\/csp.ch\/wp-content\/uploads\/sites\/5\/2018\/06\/20151208\u00a9CSP-GE_RebeccaBowring_G7A6236web.jpg\",\"width\":2000,\"height\":1333},{\"@type\":\"BreadcrumbList\",\"@id\":\"https:\/\/csp.ch\/geneve\/location-de-salles\/#breadcrumb\",\"itemListElement\":[{\"@type\":\"ListItem\",\"position\":1,\"name\":\"Accueil\",\"item\":\"https:\/\/csp.ch\/geneve\/\"},{\"@type\":\"ListItem\",\"position\":2,\"name\":\"Location de salles\"}]},{\"@type\":\"WebSite\",\"@id\":\"https:\/\/csp.ch\/geneve\/#website\",\"url\":\"https:\/\/csp.ch\/geneve\/\",\"name\":\"CSP Gen\u00e8ve\",\"description\":\"\",\"potentialAction\":[{\"@type\":\"SearchAction\",\"target\":{\"@type\":\"EntryPoint\",\"urlTemplate\":\"https:\/\/csp.ch\/geneve\/?s={search_term_string}\"},\"query-input\":{\"@type\":\"PropertyValueSpecification\",\"valueRequired\":true,\"valueName\":\"search_term_string\"}}],\"inLanguage\":\"fr-FR\"}]}<\/script>\n<!-- \/ Yoast SEO plugin. -->","yoast_head_json":{"title":"Location de salles - CSP Gen\u00e8ve","description":"Pour vos conf\u00e9rences, r\u00e9unions ou autres activit\u00e9s, nous mettons \u00e0 votre disposition deux salles \u00e9quip\u00e9es et id\u00e9alement situ\u00e9es au centre de Gen\u00e8ve.","robots":{"index":"index","follow":"follow","max-snippet":"max-snippet:-1","max-image-preview":"max-image-preview:large","max-video-preview":"max-video-preview:-1"},"canonical":"https:\/\/csp.ch\/geneve\/location-de-salles\/","og_locale":"fr_FR","og_type":"article","og_title":"Location de salles - CSP Gen\u00e8ve","og_description":"Pour vos conf\u00e9rences, r\u00e9unions ou autres activit\u00e9s, nous mettons \u00e0 votre disposition deux salles \u00e9quip\u00e9es et id\u00e9alement situ\u00e9es au centre de Gen\u00e8ve.","og_url":"https:\/\/csp.ch\/geneve\/location-de-salles\/","og_site_name":"CSP Gen\u00e8ve","article_modified_time":"2026-02-04T13:09:22+00:00","og_image":[{"width":2000,"height":1333,"url":"https:\/\/csp.ch\/wp-content\/uploads\/sites\/5\/2018\/06\/20151208\u00a9CSP-GE_RebeccaBowring_G7A6236web.jpg","type":"image\/jpeg"}],"twitter_card":"summary_large_image","twitter_misc":{"Dur\u00e9e de lecture estim\u00e9e":"3 minutes"},"schema":{"@context":"https:\/\/schema.org","@graph":[{"@type":"WebPage","@id":"https:\/\/csp.ch\/geneve\/location-de-salles\/","url":"https:\/\/csp.ch\/geneve\/location-de-salles\/","name":"Location de salles - CSP Gen\u00e8ve","isPartOf":{"@id":"https:\/\/csp.ch\/geneve\/#website"},"primaryImageOfPage":{"@id":"https:\/\/csp.ch\/geneve\/location-de-salles\/#primaryimage"},"image":{"@id":"https:\/\/csp.ch\/geneve\/location-de-salles\/#primaryimage"},"thumbnailUrl":"https:\/\/csp.ch\/wp-content\/uploads\/sites\/5\/2018\/06\/20151208\u00a9CSP-GE_RebeccaBowring_G7A6236web.jpg","datePublished":"2015-08-27T17:09:52+00:00","dateModified":"2026-02-04T13:09:22+00:00","description":"Pour vos conf\u00e9rences, r\u00e9unions ou autres activit\u00e9s, nous mettons \u00e0 votre disposition deux salles \u00e9quip\u00e9es et id\u00e9alement situ\u00e9es au centre de Gen\u00e8ve.","breadcrumb":{"@id":"https:\/\/csp.ch\/geneve\/location-de-salles\/#breadcrumb"},"inLanguage":"fr-FR","potentialAction":[{"@type":"ReadAction","target":["https:\/\/csp.ch\/geneve\/location-de-salles\/"]}]},{"@type":"ImageObject","inLanguage":"fr-FR","@id":"https:\/\/csp.ch\/geneve\/location-de-salles\/#primaryimage","url":"https:\/\/csp.ch\/wp-content\/uploads\/sites\/5\/2018\/06\/20151208\u00a9CSP-GE_RebeccaBowring_G7A6236web.jpg","contentUrl":"https:\/\/csp.ch\/wp-content\/uploads\/sites\/5\/2018\/06\/20151208\u00a9CSP-GE_RebeccaBowring_G7A6236web.jpg","width":2000,"height":1333},{"@type":"BreadcrumbList","@id":"https:\/\/csp.ch\/geneve\/location-de-salles\/#breadcrumb","itemListElement":[{"@type":"ListItem","position":1,"name":"Accueil","item":"https:\/\/csp.ch\/geneve\/"},{"@type":"ListItem","position":2,"name":"Location de salles"}]},{"@type":"WebSite","@id":"https:\/\/csp.ch\/geneve\/#website","url":"https:\/\/csp.ch\/geneve\/","name":"CSP Gen\u00e8ve","description":"","potentialAction":[{"@type":"SearchAction","target":{"@type":"EntryPoint","urlTemplate":"https:\/\/csp.ch\/geneve\/?s={search_term_string}"},"query-input":{"@type":"PropertyValueSpecification","valueRequired":true,"valueName":"search_term_string"}}],"inLanguage":"fr-FR"}]}},"_links":{"self":[{"href":"https:\/\/csp.ch\/geneve\/wp-json\/wp\/v2\/pages\/293","targetHints":{"allow":["GET"]}}],"collection":[{"href":"https:\/\/csp.ch\/geneve\/wp-json\/wp\/v2\/pages"}],"about":[{"href":"https:\/\/csp.ch\/geneve\/wp-json\/wp\/v2\/types\/page"}],"author":[{"embeddable":true,"href":"https:\/\/csp.ch\/geneve\/wp-json\/wp\/v2\/users\/1"}],"replies":[{"embeddable":true,"href":"https:\/\/csp.ch\/geneve\/wp-json\/wp\/v2\/comments?post=293"}],"version-history":[{"count":7,"href":"https:\/\/csp.ch\/geneve\/wp-json\/wp\/v2\/pages\/293\/revisions"}],"predecessor-version":[{"id":30779,"href":"https:\/\/csp.ch\/geneve\/wp-json\/wp\/v2\/pages\/293\/revisions\/30779"}],"wp:featuredmedia":[{"embeddable":true,"href":"https:\/\/csp.ch\/geneve\/wp-json\/wp\/v2\/media\/2616"}],"wp:attachment":[{"href":"https:\/\/csp.ch\/geneve\/wp-json\/wp\/v2\/media?parent=293"}],"curies":[{"name":"wp","href":"https:\/\/api.w.org\/{rel}","templated":true}]}}