{"id":287,"date":"2015-08-27T17:33:41","date_gmt":"2015-08-27T16:33:41","guid":{"rendered":"https:\/\/csp.ch\/ge\/?page_id=287"},"modified":"2025-09-01T10:54:54","modified_gmt":"2025-09-01T08:54:54","slug":"ramassage-a-domicile","status":"publish","type":"page","link":"https:\/\/csp.ch\/geneve\/brocantes-et-boutiques\/ramassage-a-domicile\/","title":{"rendered":"Ramassage <strong>\u00e0 domicile<\/strong>"},"content":{"rendered":"<div class=\"wpb-content-wrapper\"><p>[vc_row][vc_column][vc_column_text css=\u00a0\u00bb\u00a0\u00bb]<\/p>\n<h3><strong>Offrez une nouvelle vie \u00e0 vos objets!<\/strong><\/h3>\n<p>&nbsp;<\/p>\n<p><strong>Envie de faire du tri ? Besoin de place ? Combinez l&rsquo;aspect pratique au geste solidaire.<\/strong><\/p>\n<p>Vos\u00a0<strong>dons d&rsquo;objets<\/strong>\u00a0permettent \u00e0 des personnes et familles \u00e0 budget limit\u00e9 de s&rsquo;\u00e9quiper \u00e0 bas prix.\u00a0<span style=\"color: #f4960f\"><strong>Les recettes g\u00e9n\u00e9r\u00e9es par nos magasins servent \u00e0 financer les consultations gratuites du CSP<\/strong><\/span>.<\/p>\n<p>Nous r\u00e9cup\u00e9rons, en bon \u00e9tat, propres et revendables<\/p>\n<ul>\n<li>Meubles<\/li>\n<li>V\u00eatements, chaussures et accessoires<\/li>\n<li>Mat\u00e9riel \u00e9lectronique et \u00e9lectrom\u00e9nager<\/li>\n<li>Vaisselle, objets de d\u00e9coration<\/li>\n<li>Linge de maison<\/li>\n<li>Livres, collections de revues, disques<\/li>\n<li>Jouets<\/li>\n<\/ul>\n<p style=\"text-align: left\">Contactez notre service gratuit de ramassage \u00e0 domicile ou d\u00e9posez vos objets dans nos locaux<em>.\u00a0<\/em><strong>Merci de ne rien d\u00e9poser devant les magasins en dehors des heures d\u2019ouverture! <\/strong>La marchandise se fait vandaliser.<\/p>\n<p><strong>Pensez \u00e0 :<\/strong><\/p>\n<ul>\n<li>Pr\u00e9voir un rendez-vous suffisamment \u00e0 l&rsquo;avance.<\/li>\n<li>V\u00e9rifier l&rsquo;\u00e9tat du mat\u00e9riel.<\/li>\n<\/ul>\n<div class=\"wpb_text_column wpb_content_element \">\n<div class=\"wpb_wrapper\">\n<hr \/>\n<h3><strong>HORAIRES\u00a0<\/strong><\/h3>\n<p>Lundi \u00e0 jeudi de 8h \u00e0 12h et de 12h30 \u00e0 16h30<\/p>\n<p>Vendredi de 8h \u00e0 11h et de 12h \u00e0 15h<\/p>\n<hr \/>\n<h3><strong>Enl\u00e8vement gratuit<br \/>\n<\/strong><\/h3>\n<p>Vous pouvez contacter notre service ramassage par mail: <a href=\"&#109;&#x61;&#105;&#x6c;&#116;&#x6f;:&#x72;a&#109;&#x61;&#115;&#x73;&#97;&#x67;e&#x40;c&#115;&#x70;&#45;&#x67;&#101;&#x2e;&#99;&#x68;\">&#x72;&#x61;&#x6d;&#x61;&#x73;&#x73;&#x61;&#x67;&#x65;&#x40;&#x63;&#x73;&#x70;&#x2d;&#x67;&#x65;&#x2e;&#x63;&#x68;<\/a> ou par t\u00e9l\u00e9phone :\u00a0022 884 38 00<strong><br \/>\n<\/strong><\/p>\n<\/div>\n<\/div>\n<div class=\"wpb_text_column wpb_content_element \">\n<div class=\"wpb_wrapper\">\n<hr \/>\n<h3><strong>Ramassage payant<\/strong><\/h3>\n<p>Pour enlever l&rsquo;ensemble de vos meubles et lorsque seule une partie est propre \u00e0 la vente. Nous nous d\u00e9pla\u00e7ons pour vous proposer un devis.<\/p>\n<\/div>\n<\/div>\n<p>[\/vc_column_text][vc_column_text]<\/p>\n<hr \/>\n<h3><strong>D\u00e9p\u00f4t, o\u00f9 nous trouver ?<\/strong><\/h3>\n<p>[\/vc_column_text][vc_btn title=\u00a0\u00bbAdresses et horaires de Renfile\u00a0\u00bb color=\u00a0\u00bbwarning\u00a0\u00bb align=\u00a0\u00bbcenter\u00a0\u00bb link=\u00a0\u00bburl:https%3A%2F%2Fcsp.ch%2Fgeneve%2Fbrocantes-et-boutiques%2F\u00a0\u00bb][vc_column_text]<\/p>\n<p style=\"text-align: center\"><strong>MERCI POUR VOTRE SOUTIEN<\/strong><\/p>\n<p>[\/vc_column_text][vc_tta_accordion active_section=\u00a0\u00bb0&Prime; no_fill=\u00a0\u00bbtrue\u00a0\u00bb collapsible_all=\u00a0\u00bbtrue\u00a0\u00bb][vc_tta_section title=\u00a0\u00bbContact\u00a0\u00bb tab_id=\u00a0\u00bb1443775743350-11e7110d-e683&Prime;][vc_column_text css=\u00a0\u00bb\u00a0\u00bb]T\u00e9l. 022 884 38 00<\/p>\n<h3><strong>Horaires\u00a0<\/strong><\/h3>\n<p>Lundi \u00e0 jeudi de 8h \u00e0 12h et de 12h30 \u00e0 16h30<\/p>\n<p>Vendredi de 8h \u00e0 11h et de 12h \u00e0 15h<\/p>\n<p><a href=\"&#109;&#97;&#x69;l&#116;&#x6f;&#x3a;r&#97;&#x6d;&#x61;s&#115;&#x61;g&#101;&#x40;&#x63;s&#112;&#x2d;&#x67;e&#46;&#x63;h\">Contactez-nous par mail<\/a>[\/vc_column_text][\/vc_tta_section][\/vc_tta_accordion][\/vc_column][\/vc_row]<\/p>\n<\/div>","protected":false},"excerpt":{"rendered":"<p>[vc_row][vc_column][vc_column_text css=\u00a0\u00bb\u00a0\u00bb] Offrez une nouvelle vie \u00e0 vos objets! &nbsp; Envie de faire du tri ? Besoin de place ? Combinez l&rsquo;aspect pratique au geste solidaire. Vos\u00a0dons d&rsquo;objets\u00a0permettent \u00e0 des personnes et familles \u00e0 budget limit\u00e9 de s&rsquo;\u00e9quiper \u00e0 bas prix.\u00a0Les recettes g\u00e9n\u00e9r\u00e9es par nos magasins servent \u00e0 financer les consultations gratuites du CSP. Nous [&hellip;]<\/p>\n","protected":false},"author":1,"featured_media":22888,"parent":276,"menu_order":0,"comment_status":"closed","ping_status":"closed","template":"","meta":{"_acf_changed":false,"footnotes":""},"class_list":["post-287","page","type-page","status-publish","has-post-thumbnail","hentry"],"acf":[],"yoast_head":"<!-- This site is optimized with the Yoast SEO plugin v27.1.1 - https:\/\/yoast.com\/product\/yoast-seo-wordpress\/ -->\n<title>Ramassage \u00e0 domicile - CSP Gen\u00e8ve<\/title>\n<meta name=\"description\" content=\"Vous avez des objets, des meubles, des livres, des habits en bon \u00e9tat que vous n\u2019utilisez plus\u00a0?\u00a0Vous pouvez les donner au CSP.\" \/>\n<meta name=\"robots\" content=\"index, follow, max-snippet:-1, max-image-preview:large, max-video-preview:-1\" \/>\n<link rel=\"canonical\" href=\"https:\/\/csp.ch\/geneve\/brocantes-et-boutiques\/ramassage-a-domicile\/\" \/>\n<meta property=\"og:locale\" content=\"fr_FR\" \/>\n<meta property=\"og:type\" content=\"article\" \/>\n<meta property=\"og:title\" content=\"Ramassage \u00e0 domicile - CSP Gen\u00e8ve\" \/>\n<meta property=\"og:description\" content=\"Vous avez des objets, des meubles, des livres, des habits en bon \u00e9tat que vous n\u2019utilisez plus\u00a0?\u00a0Vous pouvez les donner au CSP.\" \/>\n<meta property=\"og:url\" content=\"https:\/\/csp.ch\/geneve\/brocantes-et-boutiques\/ramassage-a-domicile\/\" \/>\n<meta property=\"og:site_name\" content=\"CSP Gen\u00e8ve\" \/>\n<meta property=\"article:modified_time\" content=\"2025-09-01T08:54:54+00:00\" \/>\n<meta property=\"og:image\" content=\"https:\/\/csp.ch\/wp-content\/uploads\/sites\/5\/2024\/02\/Renfile-ramassage-scaled.jpg\" \/>\n\t<meta property=\"og:image:width\" content=\"2560\" \/>\n\t<meta property=\"og:image:height\" content=\"1920\" \/>\n\t<meta property=\"og:image:type\" content=\"image\/jpeg\" \/>\n<meta name=\"twitter:card\" content=\"summary_large_image\" \/>\n<meta name=\"twitter:label1\" content=\"Dur\u00e9e de lecture estim\u00e9e\" \/>\n\t<meta name=\"twitter:data1\" content=\"2 minutes\" \/>\n<script type=\"application\/ld+json\" class=\"yoast-schema-graph\">{\"@context\":\"https:\/\/schema.org\",\"@graph\":[{\"@type\":\"WebPage\",\"@id\":\"https:\/\/csp.ch\/geneve\/brocantes-et-boutiques\/ramassage-a-domicile\/\",\"url\":\"https:\/\/csp.ch\/geneve\/brocantes-et-boutiques\/ramassage-a-domicile\/\",\"name\":\"Ramassage \u00e0 domicile - CSP Gen\u00e8ve\",\"isPartOf\":{\"@id\":\"https:\/\/csp.ch\/geneve\/#website\"},\"primaryImageOfPage\":{\"@id\":\"https:\/\/csp.ch\/geneve\/brocantes-et-boutiques\/ramassage-a-domicile\/#primaryimage\"},\"image\":{\"@id\":\"https:\/\/csp.ch\/geneve\/brocantes-et-boutiques\/ramassage-a-domicile\/#primaryimage\"},\"thumbnailUrl\":\"https:\/\/csp.ch\/wp-content\/uploads\/sites\/5\/2024\/02\/Renfile-ramassage-scaled.jpg\",\"datePublished\":\"2015-08-27T16:33:41+00:00\",\"dateModified\":\"2025-09-01T08:54:54+00:00\",\"description\":\"Vous avez des objets, des meubles, des livres, des habits en bon \u00e9tat que vous n\u2019utilisez plus\u00a0?\u00a0Vous pouvez les donner au CSP.\",\"breadcrumb\":{\"@id\":\"https:\/\/csp.ch\/geneve\/brocantes-et-boutiques\/ramassage-a-domicile\/#breadcrumb\"},\"inLanguage\":\"fr-FR\",\"potentialAction\":[{\"@type\":\"ReadAction\",\"target\":[\"https:\/\/csp.ch\/geneve\/brocantes-et-boutiques\/ramassage-a-domicile\/\"]}]},{\"@type\":\"ImageObject\",\"inLanguage\":\"fr-FR\",\"@id\":\"https:\/\/csp.ch\/geneve\/brocantes-et-boutiques\/ramassage-a-domicile\/#primaryimage\",\"url\":\"https:\/\/csp.ch\/wp-content\/uploads\/sites\/5\/2024\/02\/Renfile-ramassage-scaled.jpg\",\"contentUrl\":\"https:\/\/csp.ch\/wp-content\/uploads\/sites\/5\/2024\/02\/Renfile-ramassage-scaled.jpg\",\"width\":2560,\"height\":1920},{\"@type\":\"BreadcrumbList\",\"@id\":\"https:\/\/csp.ch\/geneve\/brocantes-et-boutiques\/ramassage-a-domicile\/#breadcrumb\",\"itemListElement\":[{\"@type\":\"ListItem\",\"position\":1,\"name\":\"Accueil\",\"item\":\"https:\/\/csp.ch\/geneve\/\"},{\"@type\":\"ListItem\",\"position\":2,\"name\":\"Brocantes et boutiques\",\"item\":\"https:\/\/csp.ch\/geneve\/brocantes-et-boutiques\/\"},{\"@type\":\"ListItem\",\"position\":3,\"name\":\"Ramassage \u00e0 domicile\"}]},{\"@type\":\"WebSite\",\"@id\":\"https:\/\/csp.ch\/geneve\/#website\",\"url\":\"https:\/\/csp.ch\/geneve\/\",\"name\":\"CSP Gen\u00e8ve\",\"description\":\"\",\"potentialAction\":[{\"@type\":\"SearchAction\",\"target\":{\"@type\":\"EntryPoint\",\"urlTemplate\":\"https:\/\/csp.ch\/geneve\/?s={search_term_string}\"},\"query-input\":{\"@type\":\"PropertyValueSpecification\",\"valueRequired\":true,\"valueName\":\"search_term_string\"}}],\"inLanguage\":\"fr-FR\"}]}<\/script>\n<!-- \/ Yoast SEO plugin. -->","yoast_head_json":{"title":"Ramassage \u00e0 domicile - CSP Gen\u00e8ve","description":"Vous avez des objets, des meubles, des livres, des habits en bon \u00e9tat que vous n\u2019utilisez plus\u00a0?\u00a0Vous pouvez les donner au CSP.","robots":{"index":"index","follow":"follow","max-snippet":"max-snippet:-1","max-image-preview":"max-image-preview:large","max-video-preview":"max-video-preview:-1"},"canonical":"https:\/\/csp.ch\/geneve\/brocantes-et-boutiques\/ramassage-a-domicile\/","og_locale":"fr_FR","og_type":"article","og_title":"Ramassage \u00e0 domicile - CSP Gen\u00e8ve","og_description":"Vous avez des objets, des meubles, des livres, des habits en bon \u00e9tat que vous n\u2019utilisez plus\u00a0?\u00a0Vous pouvez les donner au CSP.","og_url":"https:\/\/csp.ch\/geneve\/brocantes-et-boutiques\/ramassage-a-domicile\/","og_site_name":"CSP Gen\u00e8ve","article_modified_time":"2025-09-01T08:54:54+00:00","og_image":[{"width":2560,"height":1920,"url":"https:\/\/csp.ch\/wp-content\/uploads\/sites\/5\/2024\/02\/Renfile-ramassage-scaled.jpg","type":"image\/jpeg"}],"twitter_card":"summary_large_image","twitter_misc":{"Dur\u00e9e de lecture estim\u00e9e":"2 minutes"},"schema":{"@context":"https:\/\/schema.org","@graph":[{"@type":"WebPage","@id":"https:\/\/csp.ch\/geneve\/brocantes-et-boutiques\/ramassage-a-domicile\/","url":"https:\/\/csp.ch\/geneve\/brocantes-et-boutiques\/ramassage-a-domicile\/","name":"Ramassage \u00e0 domicile - CSP Gen\u00e8ve","isPartOf":{"@id":"https:\/\/csp.ch\/geneve\/#website"},"primaryImageOfPage":{"@id":"https:\/\/csp.ch\/geneve\/brocantes-et-boutiques\/ramassage-a-domicile\/#primaryimage"},"image":{"@id":"https:\/\/csp.ch\/geneve\/brocantes-et-boutiques\/ramassage-a-domicile\/#primaryimage"},"thumbnailUrl":"https:\/\/csp.ch\/wp-content\/uploads\/sites\/5\/2024\/02\/Renfile-ramassage-scaled.jpg","datePublished":"2015-08-27T16:33:41+00:00","dateModified":"2025-09-01T08:54:54+00:00","description":"Vous avez des objets, des meubles, des livres, des habits en bon \u00e9tat que vous n\u2019utilisez plus\u00a0?\u00a0Vous pouvez les donner au CSP.","breadcrumb":{"@id":"https:\/\/csp.ch\/geneve\/brocantes-et-boutiques\/ramassage-a-domicile\/#breadcrumb"},"inLanguage":"fr-FR","potentialAction":[{"@type":"ReadAction","target":["https:\/\/csp.ch\/geneve\/brocantes-et-boutiques\/ramassage-a-domicile\/"]}]},{"@type":"ImageObject","inLanguage":"fr-FR","@id":"https:\/\/csp.ch\/geneve\/brocantes-et-boutiques\/ramassage-a-domicile\/#primaryimage","url":"https:\/\/csp.ch\/wp-content\/uploads\/sites\/5\/2024\/02\/Renfile-ramassage-scaled.jpg","contentUrl":"https:\/\/csp.ch\/wp-content\/uploads\/sites\/5\/2024\/02\/Renfile-ramassage-scaled.jpg","width":2560,"height":1920},{"@type":"BreadcrumbList","@id":"https:\/\/csp.ch\/geneve\/brocantes-et-boutiques\/ramassage-a-domicile\/#breadcrumb","itemListElement":[{"@type":"ListItem","position":1,"name":"Accueil","item":"https:\/\/csp.ch\/geneve\/"},{"@type":"ListItem","position":2,"name":"Brocantes et boutiques","item":"https:\/\/csp.ch\/geneve\/brocantes-et-boutiques\/"},{"@type":"ListItem","position":3,"name":"Ramassage \u00e0 domicile"}]},{"@type":"WebSite","@id":"https:\/\/csp.ch\/geneve\/#website","url":"https:\/\/csp.ch\/geneve\/","name":"CSP Gen\u00e8ve","description":"","potentialAction":[{"@type":"SearchAction","target":{"@type":"EntryPoint","urlTemplate":"https:\/\/csp.ch\/geneve\/?s={search_term_string}"},"query-input":{"@type":"PropertyValueSpecification","valueRequired":true,"valueName":"search_term_string"}}],"inLanguage":"fr-FR"}]}},"_links":{"self":[{"href":"https:\/\/csp.ch\/geneve\/wp-json\/wp\/v2\/pages\/287","targetHints":{"allow":["GET"]}}],"collection":[{"href":"https:\/\/csp.ch\/geneve\/wp-json\/wp\/v2\/pages"}],"about":[{"href":"https:\/\/csp.ch\/geneve\/wp-json\/wp\/v2\/types\/page"}],"author":[{"embeddable":true,"href":"https:\/\/csp.ch\/geneve\/wp-json\/wp\/v2\/users\/1"}],"replies":[{"embeddable":true,"href":"https:\/\/csp.ch\/geneve\/wp-json\/wp\/v2\/comments?post=287"}],"version-history":[{"count":8,"href":"https:\/\/csp.ch\/geneve\/wp-json\/wp\/v2\/pages\/287\/revisions"}],"predecessor-version":[{"id":26756,"href":"https:\/\/csp.ch\/geneve\/wp-json\/wp\/v2\/pages\/287\/revisions\/26756"}],"up":[{"embeddable":true,"href":"https:\/\/csp.ch\/geneve\/wp-json\/wp\/v2\/pages\/276"}],"wp:featuredmedia":[{"embeddable":true,"href":"https:\/\/csp.ch\/geneve\/wp-json\/wp\/v2\/media\/22888"}],"wp:attachment":[{"href":"https:\/\/csp.ch\/geneve\/wp-json\/wp\/v2\/media?parent=287"}],"curies":[{"name":"wp","href":"https:\/\/api.w.org\/{rel}","templated":true}]}}