{"id":26981,"date":"2025-09-29T11:57:28","date_gmt":"2025-09-29T09:57:28","guid":{"rendered":"https:\/\/csp.ch\/geneve\/?page_id=26981"},"modified":"2025-10-02T18:53:57","modified_gmt":"2025-10-02T16:53:57","slug":"13-novembre","status":"publish","type":"page","link":"https:\/\/csp.ch\/geneve\/13-novembre\/","title":{"rendered":"13 novembre 2025"},"content":{"rendered":"<div class=\"wpb-content-wrapper\"><p>[vc_row][vc_column][vc_column_text css=\u00a0\u00bb\u00a0\u00bb]Une soir\u00e9e pour comprendre et agir contre la traite des \u00eatres humains.<\/p>\n<blockquote><p>De plus en plus de victimes de traite sont identifi\u00e9es. L&rsquo;expertise de sp\u00e9cialistes est indispensable pour les soutenir.<\/p><\/blockquote>\n<p>Leila Boussemacer, avocate au Service d&rsquo;assistance aux victimes de traite<\/p>\n<p>Depuis plus de 10 ans, le CSP Gen\u00e8ve accompagne des victimes de traite des \u00eatres humains en leur offrant un soutien juridique, social et humain. L\u2019information et la sensibilisation jouent un r\u00f4le essentiel pour lutter contre ce fl\u00e9au.[\/vc_column_text][\/vc_column][\/vc_row][vc_row][vc_column width=\u00a0\u00bb1\/2&Prime;][vc_btn title=\u00a0\u00bbFaire un don\u00a0\u00bb color=\u00a0\u00bbwarning\u00a0\u00bb size=\u00a0\u00bblg\u00a0\u00bb align=\u00a0\u00bbcenter\u00a0\u00bb css=\u00a0\u00bb\u00a0\u00bb link=\u00a0\u00bburl:https%3A%2F%2Fdonate.raisenow.io%2Fvhhhx\u00a0\u00bb][\/vc_column][vc_column width=\u00a0\u00bb1\/2&Prime;][vc_btn title=\u00a0\u00bbS&rsquo;inscrire\u00a0\u00bb color=\u00a0\u00bbwarning\u00a0\u00bb size=\u00a0\u00bblg\u00a0\u00bb align=\u00a0\u00bbcenter\u00a0\u00bb css=\u00a0\u00bb\u00a0\u00bb link=\u00a0\u00bburl:https%3A%2F%2Finfomaniak.events%2Ffr-ch%2Fshop%2Ftraite-des-etres-humains-rendre-visible-linvisible-CQ9KJ6Q3K7&Prime;][\/vc_column][\/vc_row][vc_row][vc_column][vc_column_text css=\u00a0\u00bb\u00a0\u00bb]<\/p>\n<h3><span style=\"color: #f4960f\"><strong>PROGRAMME<\/strong><\/span><\/h3>\n<ul>\n<li><strong>18h00<\/strong> <strong>Accueil avec une verr\u00e9e<\/strong><\/li>\n<li><strong>18h30 Allocutions<\/strong><\/li>\n<\/ul>\n<p style=\"padding-left: 40px\"><em>Carole-Anne Kast, conseill\u00e8re d&rsquo;\u00c9tat (DIN)<\/em><br \/>\n<em>Elisabeth Tripod-Fatio, pr\u00e9sidente<\/em><br \/>\n<em>Alain Bolle, directeur<\/em><\/p>\n<ul>\n<li><b><b>18h45 <\/b><\/b><strong>La TEH \u00e0 Gen\u00e8ve : quelle protection pour les victimes ?<\/strong><\/li>\n<\/ul>\n<p style=\"padding-left: 40px\">\u00c9changes anim\u00e9 par Anne-Fr\u00e9d\u00e9rique Widmann, journaliste RTS et r\u00e9alisatrice<\/p>\n<ul>\n<li><strong><strong>19h30 <\/strong><\/strong><strong>Vernissage des posters BD <\/strong>r\u00e9alis\u00e9s par Herji, Kalonji et Wazem<\/li>\n<\/ul>\n<p style=\"padding-left: 40px\">Trois dessinateurs genevois illustrent des cas inspir\u00e9s de faits r\u00e9els.<\/p>\n<ul>\n<li><strong>19h45<\/strong> <strong>Ap\u00e9ritif d\u00eenatoire<\/strong> et temps d\u2019\u00e9change<\/li>\n<\/ul>\n<p>[\/vc_column_text][\/vc_column][\/vc_row][vc_row][vc_column width=\u00a0\u00bb1\/2&Prime;][vc_btn title=\u00a0\u00bbFaire un don\u00a0\u00bb color=\u00a0\u00bbwarning\u00a0\u00bb size=\u00a0\u00bblg\u00a0\u00bb align=\u00a0\u00bbcenter\u00a0\u00bb css=\u00a0\u00bb\u00a0\u00bb link=\u00a0\u00bburl:https%3A%2F%2Fdonate.raisenow.io%2Fvhhhx\u00a0\u00bb][\/vc_column][vc_column width=\u00a0\u00bb1\/2&Prime;][vc_btn title=\u00a0\u00bbS&rsquo;inscrire\u00a0\u00bb color=\u00a0\u00bbwarning\u00a0\u00bb size=\u00a0\u00bblg\u00a0\u00bb align=\u00a0\u00bbcenter\u00a0\u00bb css=\u00a0\u00bb\u00a0\u00bb link=\u00a0\u00bburl:https%3A%2F%2Finfomaniak.events%2Ffr-ch%2Fshop%2Ftraite-des-etres-humains-rendre-visible-linvisible-CQ9KJ6Q3K7&Prime;][\/vc_column][\/vc_row][vc_row][vc_column][vc_goo_maps location=\u00a0\u00bbSalle des F\u00eates de Carouge, rue ancienne 37, 1227 Carouge\u00a0\u00bb css=\u00a0\u00bb\u00a0\u00bb][vc_column_text css=\u00a0\u00bb\u00a0\u00bb]<\/p>\n<h3><span style=\"color: #f4960f\"><strong>Partenaires\u00a0<\/strong><\/span><\/h3>\n<hr \/>\n<h3><\/h3>\n<p>[\/vc_column_text][\/vc_column][\/vc_row][vc_row][vc_column width=\u00a0\u00bb1\/2&Prime;][vc_single_image image=\u00a0\u00bb26993&Prime; img_size=\u00a0\u00bblarge\u00a0\u00bb alignment=\u00a0\u00bbcenter\u00a0\u00bb css=\u00a0\u00bb\u00a0\u00bb][\/vc_column][vc_column width=\u00a0\u00bb1\/2&Prime;][vc_single_image image=\u00a0\u00bb24481&Prime; img_size=\u00a0\u00bb110&#215;110&Prime; alignment=\u00a0\u00bbcenter\u00a0\u00bb css=\u00a0\u00bb\u00a0\u00bb][\/vc_column][\/vc_row]<\/p>\n<\/div>","protected":false},"excerpt":{"rendered":"<p>[vc_row][vc_column][vc_column_text css=\u00a0\u00bb\u00a0\u00bb]Une soir\u00e9e pour comprendre et agir contre la traite des \u00eatres humains. De plus en plus de victimes de traite sont identifi\u00e9es. L&rsquo;expertise de sp\u00e9cialistes est indispensable pour les soutenir. Leila Boussemacer, avocate au Service d&rsquo;assistance aux victimes de traite Depuis plus de 10 ans, le CSP Gen\u00e8ve accompagne des victimes de traite des [&hellip;]<\/p>\n","protected":false},"author":32,"featured_media":26983,"parent":0,"menu_order":0,"comment_status":"closed","ping_status":"closed","template":"","meta":{"_acf_changed":false,"footnotes":""},"class_list":["post-26981","page","type-page","status-publish","has-post-thumbnail","hentry"],"acf":[],"yoast_head":"<!-- This site is optimized with the Yoast SEO plugin v27.1.1 - https:\/\/yoast.com\/product\/yoast-seo-wordpress\/ -->\n<title>13 novembre 2025 - CSP Gen\u00e8ve<\/title>\n<meta name=\"robots\" content=\"index, follow, max-snippet:-1, max-image-preview:large, max-video-preview:-1\" \/>\n<link rel=\"canonical\" href=\"https:\/\/csp.ch\/geneve\/13-novembre\/\" \/>\n<meta property=\"og:locale\" content=\"fr_FR\" \/>\n<meta property=\"og:type\" content=\"article\" \/>\n<meta property=\"og:title\" content=\"13 novembre 2025 - CSP Gen\u00e8ve\" \/>\n<meta property=\"og:description\" content=\"[vc_row][vc_column][vc_column_text css=\u00a0\u00bb\u00a0\u00bb]Une soir\u00e9e pour comprendre et agir contre la traite des \u00eatres humains. De plus en plus de victimes de traite sont identifi\u00e9es. L&rsquo;expertise de sp\u00e9cialistes est indispensable pour les soutenir. Leila Boussemacer, avocate au Service d&rsquo;assistance aux victimes de traite Depuis plus de 10 ans, le CSP Gen\u00e8ve accompagne des victimes de traite des [&hellip;]\" \/>\n<meta property=\"og:url\" content=\"https:\/\/csp.ch\/geneve\/13-novembre\/\" \/>\n<meta property=\"og:site_name\" content=\"CSP Gen\u00e8ve\" \/>\n<meta property=\"article:modified_time\" content=\"2025-10-02T16:53:57+00:00\" \/>\n<meta property=\"og:image\" content=\"https:\/\/csp.ch\/wp-content\/uploads\/sites\/5\/2025\/09\/CSP25_Invitation-refugie_740x360.jpg\" \/>\n\t<meta property=\"og:image:width\" content=\"1480\" \/>\n\t<meta property=\"og:image:height\" content=\"720\" \/>\n\t<meta property=\"og:image:type\" content=\"image\/jpeg\" \/>\n<meta name=\"twitter:card\" content=\"summary_large_image\" \/>\n<meta name=\"twitter:label1\" content=\"Dur\u00e9e de lecture estim\u00e9e\" \/>\n\t<meta name=\"twitter:data1\" content=\"2 minutes\" \/>\n<script type=\"application\/ld+json\" class=\"yoast-schema-graph\">{\"@context\":\"https:\/\/schema.org\",\"@graph\":[{\"@type\":\"WebPage\",\"@id\":\"https:\/\/csp.ch\/geneve\/13-novembre\/\",\"url\":\"https:\/\/csp.ch\/geneve\/13-novembre\/\",\"name\":\"13 novembre 2025 - CSP Gen\u00e8ve\",\"isPartOf\":{\"@id\":\"https:\/\/csp.ch\/geneve\/#website\"},\"primaryImageOfPage\":{\"@id\":\"https:\/\/csp.ch\/geneve\/13-novembre\/#primaryimage\"},\"image\":{\"@id\":\"https:\/\/csp.ch\/geneve\/13-novembre\/#primaryimage\"},\"thumbnailUrl\":\"https:\/\/csp.ch\/wp-content\/uploads\/sites\/5\/2025\/09\/CSP25_Invitation-refugie_740x360.jpg\",\"datePublished\":\"2025-09-29T09:57:28+00:00\",\"dateModified\":\"2025-10-02T16:53:57+00:00\",\"breadcrumb\":{\"@id\":\"https:\/\/csp.ch\/geneve\/13-novembre\/#breadcrumb\"},\"inLanguage\":\"fr-FR\",\"potentialAction\":[{\"@type\":\"ReadAction\",\"target\":[\"https:\/\/csp.ch\/geneve\/13-novembre\/\"]}]},{\"@type\":\"ImageObject\",\"inLanguage\":\"fr-FR\",\"@id\":\"https:\/\/csp.ch\/geneve\/13-novembre\/#primaryimage\",\"url\":\"https:\/\/csp.ch\/wp-content\/uploads\/sites\/5\/2025\/09\/CSP25_Invitation-refugie_740x360.jpg\",\"contentUrl\":\"https:\/\/csp.ch\/wp-content\/uploads\/sites\/5\/2025\/09\/CSP25_Invitation-refugie_740x360.jpg\",\"width\":1480,\"height\":720},{\"@type\":\"BreadcrumbList\",\"@id\":\"https:\/\/csp.ch\/geneve\/13-novembre\/#breadcrumb\",\"itemListElement\":[{\"@type\":\"ListItem\",\"position\":1,\"name\":\"Accueil\",\"item\":\"https:\/\/csp.ch\/geneve\/\"},{\"@type\":\"ListItem\",\"position\":2,\"name\":\"13 novembre 2025\"}]},{\"@type\":\"WebSite\",\"@id\":\"https:\/\/csp.ch\/geneve\/#website\",\"url\":\"https:\/\/csp.ch\/geneve\/\",\"name\":\"CSP Gen\u00e8ve\",\"description\":\"\",\"potentialAction\":[{\"@type\":\"SearchAction\",\"target\":{\"@type\":\"EntryPoint\",\"urlTemplate\":\"https:\/\/csp.ch\/geneve\/?s={search_term_string}\"},\"query-input\":{\"@type\":\"PropertyValueSpecification\",\"valueRequired\":true,\"valueName\":\"search_term_string\"}}],\"inLanguage\":\"fr-FR\"}]}<\/script>\n<!-- \/ Yoast SEO plugin. -->","yoast_head_json":{"title":"13 novembre 2025 - CSP Gen\u00e8ve","robots":{"index":"index","follow":"follow","max-snippet":"max-snippet:-1","max-image-preview":"max-image-preview:large","max-video-preview":"max-video-preview:-1"},"canonical":"https:\/\/csp.ch\/geneve\/13-novembre\/","og_locale":"fr_FR","og_type":"article","og_title":"13 novembre 2025 - CSP Gen\u00e8ve","og_description":"[vc_row][vc_column][vc_column_text css=\u00a0\u00bb\u00a0\u00bb]Une soir\u00e9e pour comprendre et agir contre la traite des \u00eatres humains. De plus en plus de victimes de traite sont identifi\u00e9es. L&rsquo;expertise de sp\u00e9cialistes est indispensable pour les soutenir. Leila Boussemacer, avocate au Service d&rsquo;assistance aux victimes de traite Depuis plus de 10 ans, le CSP Gen\u00e8ve accompagne des victimes de traite des [&hellip;]","og_url":"https:\/\/csp.ch\/geneve\/13-novembre\/","og_site_name":"CSP Gen\u00e8ve","article_modified_time":"2025-10-02T16:53:57+00:00","og_image":[{"width":1480,"height":720,"url":"https:\/\/csp.ch\/wp-content\/uploads\/sites\/5\/2025\/09\/CSP25_Invitation-refugie_740x360.jpg","type":"image\/jpeg"}],"twitter_card":"summary_large_image","twitter_misc":{"Dur\u00e9e de lecture estim\u00e9e":"2 minutes"},"schema":{"@context":"https:\/\/schema.org","@graph":[{"@type":"WebPage","@id":"https:\/\/csp.ch\/geneve\/13-novembre\/","url":"https:\/\/csp.ch\/geneve\/13-novembre\/","name":"13 novembre 2025 - CSP Gen\u00e8ve","isPartOf":{"@id":"https:\/\/csp.ch\/geneve\/#website"},"primaryImageOfPage":{"@id":"https:\/\/csp.ch\/geneve\/13-novembre\/#primaryimage"},"image":{"@id":"https:\/\/csp.ch\/geneve\/13-novembre\/#primaryimage"},"thumbnailUrl":"https:\/\/csp.ch\/wp-content\/uploads\/sites\/5\/2025\/09\/CSP25_Invitation-refugie_740x360.jpg","datePublished":"2025-09-29T09:57:28+00:00","dateModified":"2025-10-02T16:53:57+00:00","breadcrumb":{"@id":"https:\/\/csp.ch\/geneve\/13-novembre\/#breadcrumb"},"inLanguage":"fr-FR","potentialAction":[{"@type":"ReadAction","target":["https:\/\/csp.ch\/geneve\/13-novembre\/"]}]},{"@type":"ImageObject","inLanguage":"fr-FR","@id":"https:\/\/csp.ch\/geneve\/13-novembre\/#primaryimage","url":"https:\/\/csp.ch\/wp-content\/uploads\/sites\/5\/2025\/09\/CSP25_Invitation-refugie_740x360.jpg","contentUrl":"https:\/\/csp.ch\/wp-content\/uploads\/sites\/5\/2025\/09\/CSP25_Invitation-refugie_740x360.jpg","width":1480,"height":720},{"@type":"BreadcrumbList","@id":"https:\/\/csp.ch\/geneve\/13-novembre\/#breadcrumb","itemListElement":[{"@type":"ListItem","position":1,"name":"Accueil","item":"https:\/\/csp.ch\/geneve\/"},{"@type":"ListItem","position":2,"name":"13 novembre 2025"}]},{"@type":"WebSite","@id":"https:\/\/csp.ch\/geneve\/#website","url":"https:\/\/csp.ch\/geneve\/","name":"CSP Gen\u00e8ve","description":"","potentialAction":[{"@type":"SearchAction","target":{"@type":"EntryPoint","urlTemplate":"https:\/\/csp.ch\/geneve\/?s={search_term_string}"},"query-input":{"@type":"PropertyValueSpecification","valueRequired":true,"valueName":"search_term_string"}}],"inLanguage":"fr-FR"}]}},"_links":{"self":[{"href":"https:\/\/csp.ch\/geneve\/wp-json\/wp\/v2\/pages\/26981","targetHints":{"allow":["GET"]}}],"collection":[{"href":"https:\/\/csp.ch\/geneve\/wp-json\/wp\/v2\/pages"}],"about":[{"href":"https:\/\/csp.ch\/geneve\/wp-json\/wp\/v2\/types\/page"}],"author":[{"embeddable":true,"href":"https:\/\/csp.ch\/geneve\/wp-json\/wp\/v2\/users\/32"}],"replies":[{"embeddable":true,"href":"https:\/\/csp.ch\/geneve\/wp-json\/wp\/v2\/comments?post=26981"}],"version-history":[{"count":3,"href":"https:\/\/csp.ch\/geneve\/wp-json\/wp\/v2\/pages\/26981\/revisions"}],"predecessor-version":[{"id":27429,"href":"https:\/\/csp.ch\/geneve\/wp-json\/wp\/v2\/pages\/26981\/revisions\/27429"}],"wp:featuredmedia":[{"embeddable":true,"href":"https:\/\/csp.ch\/geneve\/wp-json\/wp\/v2\/media\/26983"}],"wp:attachment":[{"href":"https:\/\/csp.ch\/geneve\/wp-json\/wp\/v2\/media?parent=26981"}],"curies":[{"name":"wp","href":"https:\/\/api.w.org\/{rel}","templated":true}]}}