{"id":255,"date":"2015-08-27T16:23:24","date_gmt":"2015-08-27T15:23:24","guid":{"rendered":"https:\/\/csp.ch\/ge\/?page_id=255"},"modified":"2026-04-14T15:43:39","modified_gmt":"2026-04-14T13:43:39","slug":"rapports-dactivites","status":"publish","type":"page","link":"https:\/\/csp.ch\/geneve\/organisation\/rapports-dactivites\/","title":{"rendered":"Rapports <strong>d\u2019activit\u00e9<\/strong>"},"content":{"rendered":"<div class=\"wpb-content-wrapper\"><p>[vc_row][vc_column][\/vc_column][\/vc_row][vc_row][vc_column][vc_column_text css=\u00a0\u00bb\u00a0\u00bb]<\/p>\n<h4>T\u00e9l\u00e9chargez notre <a href=\"https:\/\/csp.ch\/wp-content\/uploads\/sites\/5\/2026\/04\/CSP-GE_RA-2025-web.pdf\"><strong>R<\/strong><strong>apport annuel 2025<\/strong><\/a>\u00a0<strong>et les <a href=\"https:\/\/csp.ch\/wp-content\/uploads\/sites\/5\/2026\/04\/2026.03.19-CSP-ROR-signe-controle-Ordinaire-NAS-701-31.12.2025-ID-96740_Final.pdf\">comptes r\u00e9vis\u00e9s<\/a><\/strong><\/h4>\n<p>[\/vc_column_text][vc_column_text css=\u00a0\u00bb\u00a0\u00bb]<\/p>\n<blockquote>\n<p style=\"text-align: center\">Le soutien continu de nos g\u00e9n\u00e9reux donateurs nous a permis de poursuivre le d\u00e9veloppement de notre action, malheureusement, pour la deuxi\u00e8me ann\u00e9e nos magasins de seconde main Renfile restent en de\u00e7\u00e0 de nos attentes. Combin\u00e9 \u00e0 une croissance des charges, l\u2019exercice se cl\u00f4t sur un d\u00e9ficit de CHF 80&rsquo;831.-.<\/p>\n<\/blockquote>\n<p style=\"text-align: center\">LE CSP REMERCIE CHALEUREUSEMENT LES PERSONNES ET LES PARTENAIRES, PUBLICS ET PRIV\u00c9S, QUI L\u2019ONT SOUTENU EN 2025.<\/p>\n<p>[\/vc_column_text][vc_column_text][\/vc_column_text][vc_column_text][\/vc_column_text][\/vc_column][\/vc_row][vc_row][vc_column width=\u00a0\u00bb1\/2&Prime;][vc_tta_accordion style=\u00a0\u00bbflat\u00a0\u00bb active_section=\u00a0\u00bb0&Prime; no_fill=\u00a0\u00bbtrue\u00a0\u00bb collapsible_all=\u00a0\u00bbtrue\u00a0\u00bb][vc_tta_section title=\u00a0\u00bbServices de consultation et administration\u00a0\u00bb tab_id=\u00a0\u00bb1445593436527-42f37b46-2e7f\u00a0\u00bb][vc_column_text css=\u00a0\u00bb\u00a0\u00bb]<strong>Plusieurs milliers de personnes <\/strong>demandent de l\u2019aide au CSP chaque ann\u00e9e<\/p>\n<ul>\n<li>45 salari\u00e9\u00b7es (dont 1 en emploi de solidarit\u00e9) &#8211; soit 31 EPT*<\/li>\n<li>44 b\u00e9n\u00e9voles<\/li>\n<\/ul>\n<p>*EPT = Equivalents plein temps[\/vc_column_text][\/vc_tta_section][\/vc_tta_accordion][vc_tta_accordion style=\u00a0\u00bbflat\u00a0\u00bb active_section=\u00a0\u00bb0&Prime; no_fill=\u00a0\u00bbtrue\u00a0\u00bb collapsible_all=\u00a0\u00bbtrue\u00a0\u00bb][vc_tta_section title=\u00a0\u00bbInsertion\u00a0\u00bb tab_id=\u00a0\u00bb1754407200608-be74e854-3a21&Prime;][vc_column_text css=\u00a0\u00bb\u00a0\u00bb]160 personnes (dont 23 en formation certifiante)[\/vc_column_text][\/vc_tta_section][vc_tta_section title=\u00a0\u00bbAtelier Galiffe &#8211; Centre de jour et d\u2019accueil\u00a0\u00bb tab_id=\u00a0\u00bb1445593468273-7108d6dd-e00e\u00a0\u00bb][vc_column_text css=\u00a0\u00bb\u00a0\u00bb]Centre de jour \u00e0 bas seuil, l&rsquo;atelier accueille chaque apr\u00e8s-midi une vingtaine de personnes, habitu\u00e9es ou non, qui rencontrent une p\u00e9riode de fragilit\u00e9, de solitude ou dont la sant\u00e9 psychique est source de difficult\u00e9s.<\/p>\n<ul>\n<li>4 salari\u00e9\u00b7es &#8211; soit 2 EPT*<\/li>\n<li>2 b\u00e9n\u00e9voles<\/li>\n<\/ul>\n<p>*EPT = Equivalents plein temps[\/vc_column_text][\/vc_tta_section][\/vc_tta_accordion][vc_tta_accordion style=\u00a0\u00bbflat\u00a0\u00bb active_section=\u00a0\u00bb0&Prime; no_fill=\u00a0\u00bbtrue\u00a0\u00bb collapsible_all=\u00a0\u00bbtrue\u00a0\u00bb][vc_tta_section title=\u00a0\u00bbBrocantes &amp; Boutiques\u00a0\u00bb tab_id=\u00a0\u00bb1445593464318-290e7d0b-c805&Prime;][vc_column_text css=\u00a0\u00bb\u00a0\u00bb]<\/p>\n<h4>Espace Tourbillon &#8211; Renfile et Ateliers Plan-les-Ouates<\/h4>\n<ul>\n<li>45 salari\u00e9\u00b7es (dont 15 en emploi de solidarit\u00e9) &#8211; soit 35,1 EPT*<\/li>\n<li>58 b\u00e9n\u00e9voles<\/li>\n<\/ul>\n<p>*EPT = Equivalents plein temps[\/vc_column_text][vc_column_text css=\u00a0\u00bb\u00a0\u00bb]<\/p>\n<h4>La Renfile Meyrin<\/h4>\n<ul>\n<li>22 salari\u00e9\u00b7es (dont 12 en emploi de solidarit\u00e9) &#8211; soit 17,5 EPT*<\/li>\n<li>30 b\u00e9n\u00e9voles<\/li>\n<\/ul>\n<p>*EPT = Equivalents plein temps[\/vc_column_text][vc_column_text css=\u00a0\u00bb\u00a0\u00bb]<\/p>\n<h4>Boutiques CSP<\/h4>\n<ul>\n<li>17 salari\u00e9s (dont 6 en emploi de solidarit\u00e9) &#8211; soit 9 EPT*<\/li>\n<li>19 b\u00e9n\u00e9voles<\/li>\n<\/ul>\n<p>*EPT = Equivalents plein temps[\/vc_column_text][\/vc_tta_section][vc_tta_section title=\u00a0\u00bbVestiaire Social\u00a0\u00bb tab_id=\u00a0\u00bb1754407090154-86c43fa7-d790&Prime;][vc_column_text css=\u00a0\u00bb\u00a0\u00bb]Pr\u00e8s de 15 000 distributions gratuites de v\u00eatements et chaussures<\/p>\n<ul>\n<li>9 salari\u00e9\u00b7es (dont 2 en emploi de solidarit\u00e9) &#8211; soit 6,1 EPT*<\/li>\n<li>23 b\u00e9n\u00e9voles CSP<\/li>\n<\/ul>\n<p>*EPT = Equivalents plein temps[\/vc_column_text][\/vc_tta_section][\/vc_tta_accordion][\/vc_column][vc_column width=\u00a0\u00bb1\/2&Prime;][\/vc_column][\/vc_row][vc_row][vc_column][vc_raw_html css=\u00a0\u00bb\u00a0\u00bb]JTNDZGl2JTIwaWQlM0QlMjJybnctcGF5bGluay1idXR0b24tZ3hweHglMjIlM0UlM0MlMkZkaXYlM0UlMEQlMEElM0NzY3JpcHQlMjB0eXBlJTNEJTIybW9kdWxlJTIyJTNFJTBEJTBBJTIwJTIwaW1wb3J0JTIwJTdCUGF5bGlua0J1dHRvbiU3RCUyMGZyb20lMjAlMjJodHRwcyUzQSUyRiUyRnVucGtnLmNvbSUyRiU0MHJhaXNlbm93JTJGcGF5bGluay1idXR0b24lNDAyJTJGZGlzdCUyRlBheWxpbmtCdXR0b24uanMlMjIlMEQlMEElMjAlMjBQYXlsaW5rQnV0dG9uLnJlbmRlciUyOCUyMiUyM3Judy1wYXlsaW5rLWJ1dHRvbi1neHB4eCUyMiUyQyUyMCU3QiUwRCUwQSUyMCUyMCUyMCUyMCUyMnNvbHV0aW9uLWlkJTIyJTNBJTIwJTIyZ3hweHglMjIlMkMlMEQlMEElMjAlMjAlMjAlMjAlMjJzaXplJTIyJTNBJTIwJTIybGFyZ2UlMjIlMkMlMEQlMEElMjAlMjAlMjAlMjAlMjJ3aWR0aCUyMiUzQSUyMCUyMmZpeGVkJTIyJTJDJTBEJTBBJTIwJTIwJTIwJTIwJTIyaWNvbiUyMiUzQSUyMCUyMmhlYXJ0JTIyJTJDJTBEJTBBJTIwJTIwJTIwJTIwJTIybGFiZWwlMjIlM0ElMjAlMjJGYWlyZSUyMHVuJTIwZG9uJTIyJTJDJTBEJTBBJTIwJTIwJTIwJTIwJTIyYm9yZGVyLXJhZGl1cyUyMiUzQSUyMCUyMjhweCUyMiUyQyUwRCUwQSUyMCUyMCUyMCUyMCUyMmJhY2tncm91bmQtY29sb3IlMjIlM0ElMjAlMjIlMjNmZjllMTYlMjIlMkMlMEQlMEElMjAlMjAlN0QlMjklMEQlMEElM0MlMkZzY3JpcHQlM0U=[\/vc_raw_html][vc_separator][vc_column_text]<\/p>\n<h3 style=\"text-align: center\">D\u00e9couvrez nos <strong>rapports d&rsquo;activit\u00e9<\/strong><\/h3>\n<p>[\/vc_column_text][vc_separator][\/vc_column][\/vc_row][vc_row el_class=\u00a0\u00bbtrack-rapport\u00a0\u00bb][vc_column width=\u00a0\u00bb1\/2&Prime;][vc_column_text css=\u00a0\u00bb\u00a0\u00bb]<\/p>\n<ul>\n<li><a href=\"https:\/\/csp.ch\/wp-content\/uploads\/sites\/5\/2026\/04\/CSP-GE_RA-2025-web.pdf\">Rapport d&rsquo;activit\u00e9 2025<\/a><\/li>\n<li><a href=\"https:\/\/csp.ch\/geneve\/rapport-annuel-2024\/\">Rapport d&rsquo;activit\u00e9 2024<\/a><\/li>\n<li><a href=\"https:\/\/csp.ch\/wp-content\/uploads\/sites\/5\/2024\/04\/CSP-GE_RA-2023.pdf\">Rapport d&rsquo;activit\u00e9 2023<\/a><\/li>\n<li><a href=\"https:\/\/csp.ch\/wp-content\/uploads\/sites\/5\/2023\/04\/CSP-GE_RA_2022.pdf\">Rapport d&rsquo;activit\u00e9 2022<\/a><\/li>\n<li><a href=\"https:\/\/csp.ch\/wp-content\/uploads\/sites\/5\/2022\/04\/WEB_CSP-GE_RA-2021_A4.pdf\">Rapport d&rsquo;activit\u00e9 2021<\/a><\/li>\n<li><a href=\"https:\/\/csp.ch\/geneve\/wp-content\/uploads\/sites\/5\/2021\/05\/RA_2020_A4_corrige_basse_resolution.pdf\">Rapport d&rsquo;activit\u00e9 2020<\/a><\/li>\n<li><a href=\"https:\/\/csp.ch\/geneve\/wp-content\/uploads\/sites\/5\/2020\/04\/WEB_CSP-GE_RA-2019_A4.pdf\">Rapport d&rsquo;activit\u00e9 2019<\/a><\/li>\n<li><a href=\"https:\/\/csp.ch\/geneve\/wp-content\/uploads\/sites\/5\/2019\/04\/WEB_CSP-GE_RA-2018_A4.pdf\">Rapport d&rsquo;activit\u00e9 2018<\/a><\/li>\n<li><a href=\"https:\/\/csp.ch\/geneve\/wp-content\/uploads\/sites\/5\/2018\/03\/WEB_CSP-GE_RA-2017_A4.pdf\">Rapport d&rsquo;activit\u00e9 2017<\/a><\/li>\n<\/ul>\n<p>[\/vc_column_text][\/vc_column][vc_column width=\u00a0\u00bb1\/2&Prime;][vc_column_text css=\u00a0\u00bb\u00a0\u00bb]<\/p>\n<ul>\n<li><a href=\"https:\/\/csp.ch\/geneve\/wp-content\/uploads\/sites\/5\/2017\/04\/WEB_CSP-GE_RA-2016_A4.pdf\">Rapport d&rsquo;activit\u00e9 2016<\/a><\/li>\n<li><a href=\"https:\/\/csp.ch\/geneve\/wp-content\/uploads\/sites\/5\/2015\/08\/v1.8_P_rpprt_long_CSP16.pdf\" target=\"_blank\" rel=\"noopener noreferrer\">Rapport d&rsquo;activit\u00e9 2015<\/a><\/li>\n<li><a href=\"https:\/\/csp.ch\/ge\/wp-content\/uploads\/sites\/5\/2015\/08\/CSP_rapport_activite_long_2014.pdf\" target=\"_blank\" rel=\"noopener noreferrer\">Rapport d&rsquo;activit\u00e9 2014<\/a><\/li>\n<li><a href=\"https:\/\/csp.ch\/ge\/wp-content\/uploads\/sites\/5\/2015\/08\/CSP_Rapport_annuel_2013.pdf\" target=\"_blank\" rel=\"noopener noreferrer\">Rapport d&rsquo;activit\u00e9 2013<\/a><\/li>\n<li><a href=\"https:\/\/csp.ch\/ge\/wp-content\/uploads\/sites\/5\/2015\/08\/RA12_versiondetaillee.pdf\" target=\"_blank\" rel=\"noopener noreferrer\">Rapport d&rsquo;activit\u00e9 2012<\/a><\/li>\n<li><a href=\"https:\/\/csp.ch\/ge\/wp-content\/uploads\/sites\/5\/2015\/08\/RA11_versiondetaillee.pdf\" target=\"_blank\" rel=\"noopener noreferrer\">Rapport d&rsquo;activit\u00e9 2011<\/a><\/li>\n<li><a href=\"https:\/\/csp.ch\/ge\/wp-content\/uploads\/sites\/5\/2015\/08\/RA10_detaillee_versionfinale.pdf\" target=\"_blank\" rel=\"noopener noreferrer\">Rapport d&rsquo;activit\u00e9 2010<\/a><\/li>\n<li><a href=\"https:\/\/csp.ch\/ge\/wp-content\/uploads\/sites\/5\/2015\/08\/RA09_versiondetaillee.pdf\" target=\"_blank\" rel=\"noopener noreferrer\">Rapport d&rsquo;activit\u00e9 2009<\/a><\/li>\n<li><a href=\"https:\/\/csp.ch\/ge\/wp-content\/uploads\/sites\/5\/2015\/08\/CSP_RapportdActivite_2008.pdf\" target=\"_blank\" rel=\"noopener noreferrer\">Rapport d&rsquo;activit\u00e9 2008<\/a><\/li>\n<\/ul>\n<p>[\/vc_column_text][\/vc_column][\/vc_row]<\/p>\n<\/div>","protected":false},"excerpt":{"rendered":"<p>[vc_row][vc_column][\/vc_column][\/vc_row][vc_row][vc_column][vc_column_text css=\u00a0\u00bb\u00a0\u00bb] T\u00e9l\u00e9chargez notre Rapport annuel 2025\u00a0et les comptes r\u00e9vis\u00e9s [\/vc_column_text][vc_column_text css=\u00a0\u00bb\u00a0\u00bb] Le soutien continu de nos g\u00e9n\u00e9reux donateurs nous a permis de poursuivre le d\u00e9veloppement de notre action, malheureusement, pour la deuxi\u00e8me ann\u00e9e nos magasins de seconde main Renfile restent en de\u00e7\u00e0 de nos attentes. Combin\u00e9 \u00e0 une croissance des charges, l\u2019exercice se cl\u00f4t [&hellip;]<\/p>\n","protected":false},"author":1,"featured_media":8900,"parent":240,"menu_order":0,"comment_status":"closed","ping_status":"closed","template":"","meta":{"_acf_changed":false,"footnotes":""},"class_list":["post-255","page","type-page","status-publish","has-post-thumbnail","hentry"],"acf":[],"yoast_head":"<!-- This site is optimized with the Yoast SEO plugin v27.1.1 - https:\/\/yoast.com\/product\/yoast-seo-wordpress\/ -->\n<title>Rapports d\u2019activit\u00e9 - CSP Gen\u00e8ve<\/title>\n<meta name=\"description\" content=\"D\u00e9couvrez les derniers chiffres du Centre social protestant.\" \/>\n<meta name=\"robots\" content=\"index, follow, max-snippet:-1, max-image-preview:large, max-video-preview:-1\" \/>\n<link rel=\"canonical\" href=\"https:\/\/csp.ch\/geneve\/organisation\/rapports-dactivites\/\" \/>\n<meta property=\"og:locale\" content=\"fr_FR\" \/>\n<meta property=\"og:type\" content=\"article\" \/>\n<meta property=\"og:title\" content=\"Rapports d\u2019activit\u00e9 - CSP Gen\u00e8ve\" \/>\n<meta property=\"og:description\" content=\"D\u00e9couvrez les derniers chiffres du Centre social protestant.\" \/>\n<meta property=\"og:url\" content=\"https:\/\/csp.ch\/geneve\/organisation\/rapports-dactivites\/\" \/>\n<meta property=\"og:site_name\" content=\"CSP Gen\u00e8ve\" \/>\n<meta property=\"article:modified_time\" content=\"2026-04-14T13:43:39+00:00\" \/>\n<meta property=\"og:image\" content=\"https:\/\/csp.ch\/wp-content\/uploads\/sites\/5\/2020\/05\/CSP.jpg\" \/>\n\t<meta property=\"og:image:width\" content=\"740\" \/>\n\t<meta property=\"og:image:height\" content=\"330\" \/>\n\t<meta property=\"og:image:type\" content=\"image\/jpeg\" \/>\n<meta name=\"twitter:card\" content=\"summary_large_image\" \/>\n<meta name=\"twitter:label1\" content=\"Dur\u00e9e de lecture estim\u00e9e\" \/>\n\t<meta name=\"twitter:data1\" content=\"2 minutes\" \/>\n<script type=\"application\/ld+json\" class=\"yoast-schema-graph\">{\"@context\":\"https:\/\/schema.org\",\"@graph\":[{\"@type\":\"WebPage\",\"@id\":\"https:\/\/csp.ch\/geneve\/organisation\/rapports-dactivites\/\",\"url\":\"https:\/\/csp.ch\/geneve\/organisation\/rapports-dactivites\/\",\"name\":\"Rapports d\u2019activit\u00e9 - CSP Gen\u00e8ve\",\"isPartOf\":{\"@id\":\"https:\/\/csp.ch\/geneve\/#website\"},\"primaryImageOfPage\":{\"@id\":\"https:\/\/csp.ch\/geneve\/organisation\/rapports-dactivites\/#primaryimage\"},\"image\":{\"@id\":\"https:\/\/csp.ch\/geneve\/organisation\/rapports-dactivites\/#primaryimage\"},\"thumbnailUrl\":\"https:\/\/csp.ch\/wp-content\/uploads\/sites\/5\/2020\/05\/CSP.jpg\",\"datePublished\":\"2015-08-27T15:23:24+00:00\",\"dateModified\":\"2026-04-14T13:43:39+00:00\",\"description\":\"D\u00e9couvrez les derniers chiffres du Centre social protestant.\",\"breadcrumb\":{\"@id\":\"https:\/\/csp.ch\/geneve\/organisation\/rapports-dactivites\/#breadcrumb\"},\"inLanguage\":\"fr-FR\",\"potentialAction\":[{\"@type\":\"ReadAction\",\"target\":[\"https:\/\/csp.ch\/geneve\/organisation\/rapports-dactivites\/\"]}]},{\"@type\":\"ImageObject\",\"inLanguage\":\"fr-FR\",\"@id\":\"https:\/\/csp.ch\/geneve\/organisation\/rapports-dactivites\/#primaryimage\",\"url\":\"https:\/\/csp.ch\/wp-content\/uploads\/sites\/5\/2020\/05\/CSP.jpg\",\"contentUrl\":\"https:\/\/csp.ch\/wp-content\/uploads\/sites\/5\/2020\/05\/CSP.jpg\",\"width\":740,\"height\":330},{\"@type\":\"BreadcrumbList\",\"@id\":\"https:\/\/csp.ch\/geneve\/organisation\/rapports-dactivites\/#breadcrumb\",\"itemListElement\":[{\"@type\":\"ListItem\",\"position\":1,\"name\":\"Accueil\",\"item\":\"https:\/\/csp.ch\/geneve\/\"},{\"@type\":\"ListItem\",\"position\":2,\"name\":\"Organisation\",\"item\":\"https:\/\/csp.ch\/geneve\/organisation\/\"},{\"@type\":\"ListItem\",\"position\":3,\"name\":\"Rapports d\u2019activit\u00e9\"}]},{\"@type\":\"WebSite\",\"@id\":\"https:\/\/csp.ch\/geneve\/#website\",\"url\":\"https:\/\/csp.ch\/geneve\/\",\"name\":\"CSP Gen\u00e8ve\",\"description\":\"\",\"potentialAction\":[{\"@type\":\"SearchAction\",\"target\":{\"@type\":\"EntryPoint\",\"urlTemplate\":\"https:\/\/csp.ch\/geneve\/?s={search_term_string}\"},\"query-input\":{\"@type\":\"PropertyValueSpecification\",\"valueRequired\":true,\"valueName\":\"search_term_string\"}}],\"inLanguage\":\"fr-FR\"}]}<\/script>\n<!-- \/ Yoast SEO plugin. -->","yoast_head_json":{"title":"Rapports d\u2019activit\u00e9 - CSP Gen\u00e8ve","description":"D\u00e9couvrez les derniers chiffres du Centre social protestant.","robots":{"index":"index","follow":"follow","max-snippet":"max-snippet:-1","max-image-preview":"max-image-preview:large","max-video-preview":"max-video-preview:-1"},"canonical":"https:\/\/csp.ch\/geneve\/organisation\/rapports-dactivites\/","og_locale":"fr_FR","og_type":"article","og_title":"Rapports d\u2019activit\u00e9 - CSP Gen\u00e8ve","og_description":"D\u00e9couvrez les derniers chiffres du Centre social protestant.","og_url":"https:\/\/csp.ch\/geneve\/organisation\/rapports-dactivites\/","og_site_name":"CSP Gen\u00e8ve","article_modified_time":"2026-04-14T13:43:39+00:00","og_image":[{"width":740,"height":330,"url":"https:\/\/csp.ch\/wp-content\/uploads\/sites\/5\/2020\/05\/CSP.jpg","type":"image\/jpeg"}],"twitter_card":"summary_large_image","twitter_misc":{"Dur\u00e9e de lecture estim\u00e9e":"2 minutes"},"schema":{"@context":"https:\/\/schema.org","@graph":[{"@type":"WebPage","@id":"https:\/\/csp.ch\/geneve\/organisation\/rapports-dactivites\/","url":"https:\/\/csp.ch\/geneve\/organisation\/rapports-dactivites\/","name":"Rapports d\u2019activit\u00e9 - CSP Gen\u00e8ve","isPartOf":{"@id":"https:\/\/csp.ch\/geneve\/#website"},"primaryImageOfPage":{"@id":"https:\/\/csp.ch\/geneve\/organisation\/rapports-dactivites\/#primaryimage"},"image":{"@id":"https:\/\/csp.ch\/geneve\/organisation\/rapports-dactivites\/#primaryimage"},"thumbnailUrl":"https:\/\/csp.ch\/wp-content\/uploads\/sites\/5\/2020\/05\/CSP.jpg","datePublished":"2015-08-27T15:23:24+00:00","dateModified":"2026-04-14T13:43:39+00:00","description":"D\u00e9couvrez les derniers chiffres du Centre social protestant.","breadcrumb":{"@id":"https:\/\/csp.ch\/geneve\/organisation\/rapports-dactivites\/#breadcrumb"},"inLanguage":"fr-FR","potentialAction":[{"@type":"ReadAction","target":["https:\/\/csp.ch\/geneve\/organisation\/rapports-dactivites\/"]}]},{"@type":"ImageObject","inLanguage":"fr-FR","@id":"https:\/\/csp.ch\/geneve\/organisation\/rapports-dactivites\/#primaryimage","url":"https:\/\/csp.ch\/wp-content\/uploads\/sites\/5\/2020\/05\/CSP.jpg","contentUrl":"https:\/\/csp.ch\/wp-content\/uploads\/sites\/5\/2020\/05\/CSP.jpg","width":740,"height":330},{"@type":"BreadcrumbList","@id":"https:\/\/csp.ch\/geneve\/organisation\/rapports-dactivites\/#breadcrumb","itemListElement":[{"@type":"ListItem","position":1,"name":"Accueil","item":"https:\/\/csp.ch\/geneve\/"},{"@type":"ListItem","position":2,"name":"Organisation","item":"https:\/\/csp.ch\/geneve\/organisation\/"},{"@type":"ListItem","position":3,"name":"Rapports d\u2019activit\u00e9"}]},{"@type":"WebSite","@id":"https:\/\/csp.ch\/geneve\/#website","url":"https:\/\/csp.ch\/geneve\/","name":"CSP Gen\u00e8ve","description":"","potentialAction":[{"@type":"SearchAction","target":{"@type":"EntryPoint","urlTemplate":"https:\/\/csp.ch\/geneve\/?s={search_term_string}"},"query-input":{"@type":"PropertyValueSpecification","valueRequired":true,"valueName":"search_term_string"}}],"inLanguage":"fr-FR"}]}},"_links":{"self":[{"href":"https:\/\/csp.ch\/geneve\/wp-json\/wp\/v2\/pages\/255","targetHints":{"allow":["GET"]}}],"collection":[{"href":"https:\/\/csp.ch\/geneve\/wp-json\/wp\/v2\/pages"}],"about":[{"href":"https:\/\/csp.ch\/geneve\/wp-json\/wp\/v2\/types\/page"}],"author":[{"embeddable":true,"href":"https:\/\/csp.ch\/geneve\/wp-json\/wp\/v2\/users\/1"}],"replies":[{"embeddable":true,"href":"https:\/\/csp.ch\/geneve\/wp-json\/wp\/v2\/comments?post=255"}],"version-history":[{"count":7,"href":"https:\/\/csp.ch\/geneve\/wp-json\/wp\/v2\/pages\/255\/revisions"}],"predecessor-version":[{"id":31572,"href":"https:\/\/csp.ch\/geneve\/wp-json\/wp\/v2\/pages\/255\/revisions\/31572"}],"up":[{"embeddable":true,"href":"https:\/\/csp.ch\/geneve\/wp-json\/wp\/v2\/pages\/240"}],"wp:featuredmedia":[{"embeddable":true,"href":"https:\/\/csp.ch\/geneve\/wp-json\/wp\/v2\/media\/8900"}],"wp:attachment":[{"href":"https:\/\/csp.ch\/geneve\/wp-json\/wp\/v2\/media?parent=255"}],"curies":[{"name":"wp","href":"https:\/\/api.w.org\/{rel}","templated":true}]}}