{"id":253,"date":"2015-08-27T16:18:06","date_gmt":"2015-08-27T15:18:06","guid":{"rendered":"https:\/\/csp.ch\/ge\/?page_id=253"},"modified":"2026-03-23T10:22:27","modified_gmt":"2026-03-23T09:22:27","slug":"offres-demploi","status":"publish","type":"page","link":"https:\/\/csp.ch\/geneve\/organisation\/offres-demploi\/","title":{"rendered":"Offres <strong>d&#8217;emploi<\/strong>"},"content":{"rendered":"<div class=\"wpb-content-wrapper\"><p>[vc_row][vc_column][vc_column_text][\/vc_column_text][vc_column_text][\/vc_column_text][vc_separator][vc_column_text css=\u00a0\u00bb\u00a0\u00bb]<strong>Postes ouverts :<\/strong><\/p>\n<p>Merci pour votre int\u00e9r\u00eat! Nous n&rsquo;avons pas de poste \u00e0 pourvoir actuellement.<\/p>\n<p><strong>Stage<br \/>\n<\/strong>Merci pour votre int\u00e9r\u00eat! Nous n&rsquo;avons pas de stage \u00e0 pourvoir actuellement.<\/p>\n<p><strong>Service civil<br \/>\n<\/strong><\/p>\n<p>Les descriptions des postes pour civilistes ainsi que l\u2019adresse d\u2019inscription peuvent \u00eatre consult\u00e9s directement sur le site du service civil (apr\u00e8s cr\u00e9ation d\u2019un compte utilisateur): <a href=\"https:\/\/www.zivi.admin.ch\/fr\/ziviconnect-fr\">ZiviConnect<\/a><\/p>\n<p><strong>Candidatures spontan\u00e9es<\/strong><\/p>\n<p>Nous accueillons \u00e9galement les candidatures spontan\u00e9es, qui sont conserv\u00e9es durant une p\u00e9riode de 6 mois au plus, durant laquelle nous pouvons prendre contact avec vous en cas d\u2019opportunit\u00e9. <a href=\"&#109;a&#x69;l&#x74;o&#x3a;r&#x68;&#64;&#x63;s&#x70;&#45;&#x67;&#101;&#x2e;&#99;&#x68;\">Contactez-nous par email : &#114;h&#x40;c&#x73;p&#x2d;g&#x65;&#46;&#x63;h<\/a>[\/vc_column_text][\/vc_column][\/vc_row][vc_row][vc_column][\/vc_column][\/vc_row]<\/p>\n<\/div>","protected":false},"excerpt":{"rendered":"<p>[vc_row][vc_column][vc_column_text][\/vc_column_text][vc_column_text][\/vc_column_text][vc_separator][vc_column_text css=\u00a0\u00bb\u00a0\u00bb]Postes ouverts : Merci pour votre int\u00e9r\u00eat! Nous n&rsquo;avons pas de poste \u00e0 pourvoir actuellement. Stage Merci pour votre int\u00e9r\u00eat! Nous n&rsquo;avons pas de stage \u00e0 pourvoir actuellement. Service civil Les descriptions des postes pour civilistes ainsi que l\u2019adresse d\u2019inscription peuvent \u00eatre consult\u00e9s directement sur le site du service civil (apr\u00e8s cr\u00e9ation d\u2019un compte [&hellip;]<\/p>\n","protected":false},"author":1,"featured_media":210,"parent":240,"menu_order":0,"comment_status":"closed","ping_status":"closed","template":"","meta":{"_acf_changed":false,"footnotes":""},"class_list":["post-253","page","type-page","status-publish","has-post-thumbnail","hentry"],"acf":[],"yoast_head":"<!-- This site is optimized with the Yoast SEO plugin v27.1.1 - https:\/\/yoast.com\/product\/yoast-seo-wordpress\/ -->\n<title>Offres d&#039;emploi - CSP Gen\u00e8ve<\/title>\n<meta name=\"description\" content=\"Le Centre Social Protestant forme chaque ann\u00e9e plusieurs apprenants en vue d\u2019acqu\u00e9rir le CFC d\u2019employ\u00e9s de commerce.\" \/>\n<meta name=\"robots\" content=\"index, follow, max-snippet:-1, max-image-preview:large, max-video-preview:-1\" \/>\n<link rel=\"canonical\" href=\"https:\/\/csp.ch\/geneve\/organisation\/offres-demploi\/\" \/>\n<meta property=\"og:locale\" content=\"fr_FR\" \/>\n<meta property=\"og:type\" content=\"article\" \/>\n<meta property=\"og:title\" content=\"Offres d&#039;emploi - CSP Gen\u00e8ve\" \/>\n<meta property=\"og:description\" content=\"Le Centre Social Protestant forme chaque ann\u00e9e plusieurs apprenants en vue d\u2019acqu\u00e9rir le CFC d\u2019employ\u00e9s de commerce.\" \/>\n<meta property=\"og:url\" content=\"https:\/\/csp.ch\/geneve\/organisation\/offres-demploi\/\" \/>\n<meta property=\"og:site_name\" content=\"CSP Gen\u00e8ve\" \/>\n<meta property=\"article:modified_time\" content=\"2026-03-23T09:22:27+00:00\" \/>\n<meta property=\"og:image\" content=\"https:\/\/csp.ch\/wp-content\/uploads\/sites\/5\/revslider\/home\/bg-header2.jpg\" \/>\n\t<meta property=\"og:image:width\" content=\"2200\" \/>\n\t<meta property=\"og:image:height\" content=\"907\" \/>\n\t<meta property=\"og:image:type\" content=\"image\/jpeg\" \/>\n<meta name=\"twitter:card\" content=\"summary_large_image\" \/>\n<meta name=\"twitter:label1\" content=\"Dur\u00e9e de lecture estim\u00e9e\" \/>\n\t<meta name=\"twitter:data1\" content=\"1 minute\" \/>\n<script type=\"application\/ld+json\" class=\"yoast-schema-graph\">{\"@context\":\"https:\/\/schema.org\",\"@graph\":[{\"@type\":\"WebPage\",\"@id\":\"https:\/\/csp.ch\/geneve\/organisation\/offres-demploi\/\",\"url\":\"https:\/\/csp.ch\/geneve\/organisation\/offres-demploi\/\",\"name\":\"Offres d'emploi - CSP Gen\u00e8ve\",\"isPartOf\":{\"@id\":\"https:\/\/csp.ch\/geneve\/#website\"},\"primaryImageOfPage\":{\"@id\":\"https:\/\/csp.ch\/geneve\/organisation\/offres-demploi\/#primaryimage\"},\"image\":{\"@id\":\"https:\/\/csp.ch\/geneve\/organisation\/offres-demploi\/#primaryimage\"},\"thumbnailUrl\":\"https:\/\/csp.ch\/wp-content\/uploads\/sites\/5\/revslider\/home\/bg-header2.jpg\",\"datePublished\":\"2015-08-27T15:18:06+00:00\",\"dateModified\":\"2026-03-23T09:22:27+00:00\",\"description\":\"Le Centre Social Protestant forme chaque ann\u00e9e plusieurs apprenants en vue d\u2019acqu\u00e9rir le CFC d\u2019employ\u00e9s de commerce.\",\"breadcrumb\":{\"@id\":\"https:\/\/csp.ch\/geneve\/organisation\/offres-demploi\/#breadcrumb\"},\"inLanguage\":\"fr-FR\",\"potentialAction\":[{\"@type\":\"ReadAction\",\"target\":[\"https:\/\/csp.ch\/geneve\/organisation\/offres-demploi\/\"]}]},{\"@type\":\"ImageObject\",\"inLanguage\":\"fr-FR\",\"@id\":\"https:\/\/csp.ch\/geneve\/organisation\/offres-demploi\/#primaryimage\",\"url\":\"https:\/\/csp.ch\/wp-content\/uploads\/sites\/5\/revslider\/home\/bg-header2.jpg\",\"contentUrl\":\"https:\/\/csp.ch\/wp-content\/uploads\/sites\/5\/revslider\/home\/bg-header2.jpg\",\"width\":2200,\"height\":907},{\"@type\":\"BreadcrumbList\",\"@id\":\"https:\/\/csp.ch\/geneve\/organisation\/offres-demploi\/#breadcrumb\",\"itemListElement\":[{\"@type\":\"ListItem\",\"position\":1,\"name\":\"Accueil\",\"item\":\"https:\/\/csp.ch\/geneve\/\"},{\"@type\":\"ListItem\",\"position\":2,\"name\":\"Organisation\",\"item\":\"https:\/\/csp.ch\/geneve\/organisation\/\"},{\"@type\":\"ListItem\",\"position\":3,\"name\":\"Offres d&#8217;emploi\"}]},{\"@type\":\"WebSite\",\"@id\":\"https:\/\/csp.ch\/geneve\/#website\",\"url\":\"https:\/\/csp.ch\/geneve\/\",\"name\":\"CSP Gen\u00e8ve\",\"description\":\"\",\"potentialAction\":[{\"@type\":\"SearchAction\",\"target\":{\"@type\":\"EntryPoint\",\"urlTemplate\":\"https:\/\/csp.ch\/geneve\/?s={search_term_string}\"},\"query-input\":{\"@type\":\"PropertyValueSpecification\",\"valueRequired\":true,\"valueName\":\"search_term_string\"}}],\"inLanguage\":\"fr-FR\"}]}<\/script>\n<!-- \/ Yoast SEO plugin. -->","yoast_head_json":{"title":"Offres d'emploi - CSP Gen\u00e8ve","description":"Le Centre Social Protestant forme chaque ann\u00e9e plusieurs apprenants en vue d\u2019acqu\u00e9rir le CFC d\u2019employ\u00e9s de commerce.","robots":{"index":"index","follow":"follow","max-snippet":"max-snippet:-1","max-image-preview":"max-image-preview:large","max-video-preview":"max-video-preview:-1"},"canonical":"https:\/\/csp.ch\/geneve\/organisation\/offres-demploi\/","og_locale":"fr_FR","og_type":"article","og_title":"Offres d'emploi - CSP Gen\u00e8ve","og_description":"Le Centre Social Protestant forme chaque ann\u00e9e plusieurs apprenants en vue d\u2019acqu\u00e9rir le CFC d\u2019employ\u00e9s de commerce.","og_url":"https:\/\/csp.ch\/geneve\/organisation\/offres-demploi\/","og_site_name":"CSP Gen\u00e8ve","article_modified_time":"2026-03-23T09:22:27+00:00","og_image":[{"width":2200,"height":907,"url":"https:\/\/csp.ch\/wp-content\/uploads\/sites\/5\/revslider\/home\/bg-header2.jpg","type":"image\/jpeg"}],"twitter_card":"summary_large_image","twitter_misc":{"Dur\u00e9e de lecture estim\u00e9e":"1 minute"},"schema":{"@context":"https:\/\/schema.org","@graph":[{"@type":"WebPage","@id":"https:\/\/csp.ch\/geneve\/organisation\/offres-demploi\/","url":"https:\/\/csp.ch\/geneve\/organisation\/offres-demploi\/","name":"Offres d'emploi - CSP Gen\u00e8ve","isPartOf":{"@id":"https:\/\/csp.ch\/geneve\/#website"},"primaryImageOfPage":{"@id":"https:\/\/csp.ch\/geneve\/organisation\/offres-demploi\/#primaryimage"},"image":{"@id":"https:\/\/csp.ch\/geneve\/organisation\/offres-demploi\/#primaryimage"},"thumbnailUrl":"https:\/\/csp.ch\/wp-content\/uploads\/sites\/5\/revslider\/home\/bg-header2.jpg","datePublished":"2015-08-27T15:18:06+00:00","dateModified":"2026-03-23T09:22:27+00:00","description":"Le Centre Social Protestant forme chaque ann\u00e9e plusieurs apprenants en vue d\u2019acqu\u00e9rir le CFC d\u2019employ\u00e9s de commerce.","breadcrumb":{"@id":"https:\/\/csp.ch\/geneve\/organisation\/offres-demploi\/#breadcrumb"},"inLanguage":"fr-FR","potentialAction":[{"@type":"ReadAction","target":["https:\/\/csp.ch\/geneve\/organisation\/offres-demploi\/"]}]},{"@type":"ImageObject","inLanguage":"fr-FR","@id":"https:\/\/csp.ch\/geneve\/organisation\/offres-demploi\/#primaryimage","url":"https:\/\/csp.ch\/wp-content\/uploads\/sites\/5\/revslider\/home\/bg-header2.jpg","contentUrl":"https:\/\/csp.ch\/wp-content\/uploads\/sites\/5\/revslider\/home\/bg-header2.jpg","width":2200,"height":907},{"@type":"BreadcrumbList","@id":"https:\/\/csp.ch\/geneve\/organisation\/offres-demploi\/#breadcrumb","itemListElement":[{"@type":"ListItem","position":1,"name":"Accueil","item":"https:\/\/csp.ch\/geneve\/"},{"@type":"ListItem","position":2,"name":"Organisation","item":"https:\/\/csp.ch\/geneve\/organisation\/"},{"@type":"ListItem","position":3,"name":"Offres d&#8217;emploi"}]},{"@type":"WebSite","@id":"https:\/\/csp.ch\/geneve\/#website","url":"https:\/\/csp.ch\/geneve\/","name":"CSP Gen\u00e8ve","description":"","potentialAction":[{"@type":"SearchAction","target":{"@type":"EntryPoint","urlTemplate":"https:\/\/csp.ch\/geneve\/?s={search_term_string}"},"query-input":{"@type":"PropertyValueSpecification","valueRequired":true,"valueName":"search_term_string"}}],"inLanguage":"fr-FR"}]}},"_links":{"self":[{"href":"https:\/\/csp.ch\/geneve\/wp-json\/wp\/v2\/pages\/253","targetHints":{"allow":["GET"]}}],"collection":[{"href":"https:\/\/csp.ch\/geneve\/wp-json\/wp\/v2\/pages"}],"about":[{"href":"https:\/\/csp.ch\/geneve\/wp-json\/wp\/v2\/types\/page"}],"author":[{"embeddable":true,"href":"https:\/\/csp.ch\/geneve\/wp-json\/wp\/v2\/users\/1"}],"replies":[{"embeddable":true,"href":"https:\/\/csp.ch\/geneve\/wp-json\/wp\/v2\/comments?post=253"}],"version-history":[{"count":6,"href":"https:\/\/csp.ch\/geneve\/wp-json\/wp\/v2\/pages\/253\/revisions"}],"predecessor-version":[{"id":31247,"href":"https:\/\/csp.ch\/geneve\/wp-json\/wp\/v2\/pages\/253\/revisions\/31247"}],"up":[{"embeddable":true,"href":"https:\/\/csp.ch\/geneve\/wp-json\/wp\/v2\/pages\/240"}],"wp:featuredmedia":[{"embeddable":true,"href":"https:\/\/csp.ch\/geneve\/wp-json\/wp\/v2\/media\/210"}],"wp:attachment":[{"href":"https:\/\/csp.ch\/geneve\/wp-json\/wp\/v2\/media?parent=253"}],"curies":[{"name":"wp","href":"https:\/\/api.w.org\/{rel}","templated":true}]}}