{"id":251,"date":"2015-08-27T16:16:36","date_gmt":"2015-08-27T15:16:36","guid":{"rendered":"https:\/\/csp.ch\/ge\/?page_id=251"},"modified":"2025-06-18T17:20:24","modified_gmt":"2025-06-18T15:20:24","slug":"le-journal","status":"publish","type":"page","link":"https:\/\/csp.ch\/geneve\/le-journal\/","title":{"rendered":"Le <strong>journal<\/strong>"},"content":{"rendered":"<div class=\"wpb-content-wrapper\"><p>[vc_row][vc_column][vc_column_text]Le CSP de Gen\u00e8ve publie quatre fois par ann\u00e9e un journal, <em>Les Nouvelles<\/em>, envoy\u00e9 \u00e0 ses donatrices et donateurs, ses partenaires et d&rsquo;autres personnes ou institutions int\u00e9ress\u00e9es.<\/p>\n<p>L\u2019\u00e9dition de mars des Nouvelles est commune aux\u00a0quatre CSP, \u00e0 l\u2019occasion de leur campagne annuelle de communication.<\/p>\n<p>Pour recevoir notre journal, n&rsquo;h\u00e9sitez pas \u00e0 nous contacter :<\/p>\n<p>T 022 807 07 00 ou <a href=\"&#x6d;a&#x69;&#108;&#x74;&#x6f;:&#x69;&#110;&#x66;&#x6f;&#64;&#x63;&#115;&#x70;&#x2d;g&#x65;&#46;&#x63;&#x68;\">e-mail<\/a><\/p>\n<p>&nbsp;<\/p>\n<p><strong>D\u00e9couvrir les Nouvelles\u00a0:<\/strong>[\/vc_column_text][\/vc_column][\/vc_row]<\/p>\n<\/div>","protected":false},"excerpt":{"rendered":"<p>[vc_row][vc_column][vc_column_text]Le CSP de Gen\u00e8ve publie quatre fois par ann\u00e9e un journal, Les Nouvelles, envoy\u00e9 \u00e0 ses donatrices et donateurs, ses partenaires et d&rsquo;autres personnes ou institutions int\u00e9ress\u00e9es. L\u2019\u00e9dition de mars des Nouvelles est commune aux\u00a0quatre CSP, \u00e0 l\u2019occasion de leur campagne annuelle de communication. Pour recevoir notre journal, n&rsquo;h\u00e9sitez pas \u00e0 nous contacter : T [&hellip;]<\/p>\n","protected":false},"author":1,"featured_media":26246,"parent":0,"menu_order":0,"comment_status":"closed","ping_status":"closed","template":"archive-journaux.php","meta":{"_acf_changed":false,"footnotes":""},"class_list":["post-251","page","type-page","status-publish","has-post-thumbnail","hentry"],"acf":[],"yoast_head":"<!-- This site is optimized with the Yoast SEO plugin v27.1.1 - https:\/\/yoast.com\/product\/yoast-seo-wordpress\/ -->\n<title>Le journal - CSP Gen\u00e8ve<\/title>\n<meta name=\"description\" content=\"Le Centre social protestant de Gen\u00e8ve publie quatre fois par ann\u00e9e un journal,Les Nou(s)velles, envoy\u00e9 \u00e0 ses donatrices et donateurs, ses partenaires, etc.\" \/>\n<meta name=\"robots\" content=\"index, follow, max-snippet:-1, max-image-preview:large, max-video-preview:-1\" \/>\n<link rel=\"canonical\" href=\"https:\/\/csp.ch\/geneve\/le-journal\/\" \/>\n<meta property=\"og:locale\" content=\"fr_FR\" \/>\n<meta property=\"og:type\" content=\"article\" \/>\n<meta property=\"og:title\" content=\"Le journal - CSP Gen\u00e8ve\" \/>\n<meta property=\"og:description\" content=\"Le Centre social protestant de Gen\u00e8ve publie quatre fois par ann\u00e9e un journal,Les Nou(s)velles, envoy\u00e9 \u00e0 ses donatrices et donateurs, ses partenaires, etc.\" \/>\n<meta property=\"og:url\" content=\"https:\/\/csp.ch\/geneve\/le-journal\/\" \/>\n<meta property=\"og:site_name\" content=\"CSP Gen\u00e8ve\" \/>\n<meta property=\"article:modified_time\" content=\"2025-06-18T15:20:24+00:00\" \/>\n<meta property=\"og:image\" content=\"https:\/\/csp.ch\/wp-content\/uploads\/sites\/5\/2025\/06\/Design-sans-titre-13.png\" \/>\n\t<meta property=\"og:image:width\" content=\"740\" \/>\n\t<meta property=\"og:image:height\" content=\"360\" \/>\n\t<meta property=\"og:image:type\" content=\"image\/png\" \/>\n<meta name=\"twitter:card\" content=\"summary_large_image\" \/>\n<meta name=\"twitter:label1\" content=\"Dur\u00e9e de lecture estim\u00e9e\" \/>\n\t<meta name=\"twitter:data1\" content=\"1 minute\" \/>\n<script type=\"application\/ld+json\" class=\"yoast-schema-graph\">{\"@context\":\"https:\/\/schema.org\",\"@graph\":[{\"@type\":\"WebPage\",\"@id\":\"https:\/\/csp.ch\/geneve\/le-journal\/\",\"url\":\"https:\/\/csp.ch\/geneve\/le-journal\/\",\"name\":\"Le journal - CSP Gen\u00e8ve\",\"isPartOf\":{\"@id\":\"https:\/\/csp.ch\/geneve\/#website\"},\"primaryImageOfPage\":{\"@id\":\"https:\/\/csp.ch\/geneve\/le-journal\/#primaryimage\"},\"image\":{\"@id\":\"https:\/\/csp.ch\/geneve\/le-journal\/#primaryimage\"},\"thumbnailUrl\":\"https:\/\/csp.ch\/wp-content\/uploads\/sites\/5\/2025\/06\/Design-sans-titre-13.png\",\"datePublished\":\"2015-08-27T15:16:36+00:00\",\"dateModified\":\"2025-06-18T15:20:24+00:00\",\"description\":\"Le Centre social protestant de Gen\u00e8ve publie quatre fois par ann\u00e9e un journal,Les Nou(s)velles, envoy\u00e9 \u00e0 ses donatrices et donateurs, ses partenaires, etc.\",\"breadcrumb\":{\"@id\":\"https:\/\/csp.ch\/geneve\/le-journal\/#breadcrumb\"},\"inLanguage\":\"fr-FR\",\"potentialAction\":[{\"@type\":\"ReadAction\",\"target\":[\"https:\/\/csp.ch\/geneve\/le-journal\/\"]}]},{\"@type\":\"ImageObject\",\"inLanguage\":\"fr-FR\",\"@id\":\"https:\/\/csp.ch\/geneve\/le-journal\/#primaryimage\",\"url\":\"https:\/\/csp.ch\/wp-content\/uploads\/sites\/5\/2025\/06\/Design-sans-titre-13.png\",\"contentUrl\":\"https:\/\/csp.ch\/wp-content\/uploads\/sites\/5\/2025\/06\/Design-sans-titre-13.png\",\"width\":740,\"height\":360},{\"@type\":\"BreadcrumbList\",\"@id\":\"https:\/\/csp.ch\/geneve\/le-journal\/#breadcrumb\",\"itemListElement\":[{\"@type\":\"ListItem\",\"position\":1,\"name\":\"Accueil\",\"item\":\"https:\/\/csp.ch\/geneve\/\"},{\"@type\":\"ListItem\",\"position\":2,\"name\":\"Le journal\"}]},{\"@type\":\"WebSite\",\"@id\":\"https:\/\/csp.ch\/geneve\/#website\",\"url\":\"https:\/\/csp.ch\/geneve\/\",\"name\":\"CSP Gen\u00e8ve\",\"description\":\"\",\"potentialAction\":[{\"@type\":\"SearchAction\",\"target\":{\"@type\":\"EntryPoint\",\"urlTemplate\":\"https:\/\/csp.ch\/geneve\/?s={search_term_string}\"},\"query-input\":{\"@type\":\"PropertyValueSpecification\",\"valueRequired\":true,\"valueName\":\"search_term_string\"}}],\"inLanguage\":\"fr-FR\"}]}<\/script>\n<!-- \/ Yoast SEO plugin. -->","yoast_head_json":{"title":"Le journal - CSP Gen\u00e8ve","description":"Le Centre social protestant de Gen\u00e8ve publie quatre fois par ann\u00e9e un journal,Les Nou(s)velles, envoy\u00e9 \u00e0 ses donatrices et donateurs, ses partenaires, etc.","robots":{"index":"index","follow":"follow","max-snippet":"max-snippet:-1","max-image-preview":"max-image-preview:large","max-video-preview":"max-video-preview:-1"},"canonical":"https:\/\/csp.ch\/geneve\/le-journal\/","og_locale":"fr_FR","og_type":"article","og_title":"Le journal - CSP Gen\u00e8ve","og_description":"Le Centre social protestant de Gen\u00e8ve publie quatre fois par ann\u00e9e un journal,Les Nou(s)velles, envoy\u00e9 \u00e0 ses donatrices et donateurs, ses partenaires, etc.","og_url":"https:\/\/csp.ch\/geneve\/le-journal\/","og_site_name":"CSP Gen\u00e8ve","article_modified_time":"2025-06-18T15:20:24+00:00","og_image":[{"width":740,"height":360,"url":"https:\/\/csp.ch\/wp-content\/uploads\/sites\/5\/2025\/06\/Design-sans-titre-13.png","type":"image\/png"}],"twitter_card":"summary_large_image","twitter_misc":{"Dur\u00e9e de lecture estim\u00e9e":"1 minute"},"schema":{"@context":"https:\/\/schema.org","@graph":[{"@type":"WebPage","@id":"https:\/\/csp.ch\/geneve\/le-journal\/","url":"https:\/\/csp.ch\/geneve\/le-journal\/","name":"Le journal - CSP Gen\u00e8ve","isPartOf":{"@id":"https:\/\/csp.ch\/geneve\/#website"},"primaryImageOfPage":{"@id":"https:\/\/csp.ch\/geneve\/le-journal\/#primaryimage"},"image":{"@id":"https:\/\/csp.ch\/geneve\/le-journal\/#primaryimage"},"thumbnailUrl":"https:\/\/csp.ch\/wp-content\/uploads\/sites\/5\/2025\/06\/Design-sans-titre-13.png","datePublished":"2015-08-27T15:16:36+00:00","dateModified":"2025-06-18T15:20:24+00:00","description":"Le Centre social protestant de Gen\u00e8ve publie quatre fois par ann\u00e9e un journal,Les Nou(s)velles, envoy\u00e9 \u00e0 ses donatrices et donateurs, ses partenaires, etc.","breadcrumb":{"@id":"https:\/\/csp.ch\/geneve\/le-journal\/#breadcrumb"},"inLanguage":"fr-FR","potentialAction":[{"@type":"ReadAction","target":["https:\/\/csp.ch\/geneve\/le-journal\/"]}]},{"@type":"ImageObject","inLanguage":"fr-FR","@id":"https:\/\/csp.ch\/geneve\/le-journal\/#primaryimage","url":"https:\/\/csp.ch\/wp-content\/uploads\/sites\/5\/2025\/06\/Design-sans-titre-13.png","contentUrl":"https:\/\/csp.ch\/wp-content\/uploads\/sites\/5\/2025\/06\/Design-sans-titre-13.png","width":740,"height":360},{"@type":"BreadcrumbList","@id":"https:\/\/csp.ch\/geneve\/le-journal\/#breadcrumb","itemListElement":[{"@type":"ListItem","position":1,"name":"Accueil","item":"https:\/\/csp.ch\/geneve\/"},{"@type":"ListItem","position":2,"name":"Le journal"}]},{"@type":"WebSite","@id":"https:\/\/csp.ch\/geneve\/#website","url":"https:\/\/csp.ch\/geneve\/","name":"CSP Gen\u00e8ve","description":"","potentialAction":[{"@type":"SearchAction","target":{"@type":"EntryPoint","urlTemplate":"https:\/\/csp.ch\/geneve\/?s={search_term_string}"},"query-input":{"@type":"PropertyValueSpecification","valueRequired":true,"valueName":"search_term_string"}}],"inLanguage":"fr-FR"}]}},"_links":{"self":[{"href":"https:\/\/csp.ch\/geneve\/wp-json\/wp\/v2\/pages\/251","targetHints":{"allow":["GET"]}}],"collection":[{"href":"https:\/\/csp.ch\/geneve\/wp-json\/wp\/v2\/pages"}],"about":[{"href":"https:\/\/csp.ch\/geneve\/wp-json\/wp\/v2\/types\/page"}],"author":[{"embeddable":true,"href":"https:\/\/csp.ch\/geneve\/wp-json\/wp\/v2\/users\/1"}],"replies":[{"embeddable":true,"href":"https:\/\/csp.ch\/geneve\/wp-json\/wp\/v2\/comments?post=251"}],"version-history":[{"count":8,"href":"https:\/\/csp.ch\/geneve\/wp-json\/wp\/v2\/pages\/251\/revisions"}],"predecessor-version":[{"id":29956,"href":"https:\/\/csp.ch\/geneve\/wp-json\/wp\/v2\/pages\/251\/revisions\/29956"}],"wp:featuredmedia":[{"embeddable":true,"href":"https:\/\/csp.ch\/geneve\/wp-json\/wp\/v2\/media\/26246"}],"wp:attachment":[{"href":"https:\/\/csp.ch\/geneve\/wp-json\/wp\/v2\/media?parent=251"}],"curies":[{"name":"wp","href":"https:\/\/api.w.org\/{rel}","templated":true}]}}