{"id":246,"date":"2015-08-27T16:12:32","date_gmt":"2015-08-27T15:12:32","guid":{"rendered":"https:\/\/csp.ch\/ge\/?page_id=246"},"modified":"2026-03-09T11:58:42","modified_gmt":"2026-03-09T10:58:42","slug":"comite-et-statuts","status":"publish","type":"page","link":"https:\/\/csp.ch\/geneve\/organisation\/comite-et-statuts\/","title":{"rendered":"<strong>Comit\u00e9<\/strong> et <strong>statuts<\/strong>"},"content":{"rendered":"<div class=\"wpb-content-wrapper\"><p>[vc_row][vc_column][vc_column_text]<\/p>\n<blockquote>\n<p style=\"text-align: center\">Le CSP est une association \u00e0 but non lucratif qui\u00a0s\u2019engage au service des personnes les plus vuln\u00e9rables, sans distinction d\u2019origine ni de religion. Ses valeurs sont l\u2019ind\u00e9pendance, la solidarit\u00e9 et la justice sociale.<\/p>\n<\/blockquote>\n<p>&nbsp;<\/p>\n<p>Ses organes sont l&rsquo;assembl\u00e9e g\u00e9n\u00e9rale, le comit\u00e9, le bureau et la direction.\u00a0Toute personne int\u00e9ress\u00e9e par nos activit\u00e9s peut devenir membre de l&rsquo;association (<strong>pas de cotisation<\/strong>).[\/vc_column_text][vc_separator][vc_tta_accordion style=\u00a0\u00bbflat\u00a0\u00bb active_section=\u00a0\u00bb\u00a0\u00bb no_fill=\u00a0\u00bbtrue\u00a0\u00bb collapsible_all=\u00a0\u00bbtrue\u00a0\u00bb][vc_tta_section title=\u00a0\u00bbMembres du comit\u00e9\u00a0\u00bb tab_id=\u00a0\u00bb1444390080547-c7de9c12-32b8&Prime;][vc_column_text css=\u00a0\u00bb\u00a0\u00bb]<\/p>\n<h4>Pr\u00e9sidente du comit\u00e9<\/h4>\n<p style=\"padding-left: 40px\">Elisabeth Tripod-Fatio*<\/p>\n<h4>Vice-pr\u00e9sidente du comit\u00e9<\/h4>\n<p style=\"padding-left: 40px\">C\u00e9line Gautier*<\/p>\n<h4>Membres du comit\u00e9<\/h4>\n<p><em>* membres du bureau<\/em><\/p>\n<p style=\"padding-left: 40px\">David Amsler<\/p>\n<p style=\"padding-left: 40px\">Elisabeth Conne-Perr\u00e9ard<\/p>\n<p style=\"padding-left: 40px\">David Coutau (tr\u00e9sorier)*<\/p>\n<p style=\"padding-left: 40px\">Laurence Levrat-Pictet<\/p>\n<p style=\"padding-left: 40px\">Etienne Nagy<\/p>\n<p style=\"padding-left: 40px\">Jean-Michel Perret (d\u00e9l\u00e9gu\u00e9 de l&rsquo;Eglise protestante de Gen\u00e8ve)<\/p>\n<p style=\"padding-left: 40px\">V\u00e9ronique Sieber<\/p>\n<p style=\"padding-left: 40px\">Paul-Olivier Vallotton<\/p>\n<h4>Membres d\u00e9l\u00e9gu\u00e9s<\/h4>\n<p style=\"padding-left: 40px\">Jacqueline Bovet, d\u00e9l\u00e9gu\u00e9e du personnel<\/p>\n<p style=\"padding-left: 40px\">R\u00e9my Kammermann,\u00a0d\u00e9l\u00e9gu\u00e9 du personnel<\/p>\n<p style=\"padding-left: 40px\">Marie Leblanc-Rigal, d\u00e9l\u00e9gu\u00e9e du personnel<\/p>\n<h4>Membres avec voix consultative<\/h4>\n<p style=\"padding-left: 40px\">Alain Bolle, directeur*<\/p>\n<p style=\"padding-left: 40px\">Anne Maia Falconnet, responsable administration et finances<\/p>\n<p style=\"padding-left: 40px\">Carine Fluckiger, responsable communication<\/p>\n<p>[\/vc_column_text][\/vc_tta_section][\/vc_tta_accordion][vc_separator][\/vc_column][\/vc_row][vc_row][vc_column width=\u00a0\u00bb1\/2&Prime;][vc_btn title=\u00a0\u00bbStatuts du CSP Gen\u00e8ve\u00a0\u00bb i_icon_fontawesome=\u00a0\u00bb\u00a0\u00bb css=\u00a0\u00bb\u00a0\u00bb add_icon=\u00a0\u00bbtrue\u00a0\u00bb link=\u00a0\u00bburl:https%3A%2F%2Fcsp.ch%2Fwp-content%2Fuploads%2Fsites%2F5%2F2025%2F07%2FStatuts-du-CSP-2025_v.def_.pdf|target:_blank\u00a0\u00bb][\/vc_column][vc_column width=\u00a0\u00bb1\/2&Prime;][vc_btn title=\u00a0\u00bbCharte du CSP Gen\u00e8ve\u00a0\u00bb i_icon_fontawesome=\u00a0\u00bbfa fa-file-pdf-o\u00a0\u00bb add_icon=\u00a0\u00bbtrue\u00a0\u00bb link=\u00a0\u00bburl:https%3A%2F%2Fcsp.ch%2Fgeneve%2Ffiles%2F2018%2F02%2FCharte-du-CSP.pdf||target:%20_blank|\u00a0\u00bb][\/vc_column][\/vc_row]<\/p>\n<\/div>","protected":false},"excerpt":{"rendered":"<p>[vc_row][vc_column][vc_column_text] Le CSP est une association \u00e0 but non lucratif qui\u00a0s\u2019engage au service des personnes les plus vuln\u00e9rables, sans distinction d\u2019origine ni de religion. Ses valeurs sont l\u2019ind\u00e9pendance, la solidarit\u00e9 et la justice sociale. &nbsp; Ses organes sont l&rsquo;assembl\u00e9e g\u00e9n\u00e9rale, le comit\u00e9, le bureau et la direction.\u00a0Toute personne int\u00e9ress\u00e9e par nos activit\u00e9s peut devenir membre [&hellip;]<\/p>\n","protected":false},"author":1,"featured_media":342,"parent":240,"menu_order":0,"comment_status":"closed","ping_status":"closed","template":"","meta":{"_acf_changed":false,"footnotes":""},"class_list":["post-246","page","type-page","status-publish","has-post-thumbnail","hentry"],"acf":[],"yoast_head":"<!-- This site is optimized with the Yoast SEO plugin v27.1.1 - https:\/\/yoast.com\/product\/yoast-seo-wordpress\/ -->\n<title>Comit\u00e9 et statuts - CSP Gen\u00e8ve<\/title>\n<meta name=\"description\" content=\"Le Centre social protestant Gen\u00e8ve est une association \u00e0 but non lucratif.\u00a0\u00a0Ses organes sont l\u2019assembl\u00e9e g\u00e9n\u00e9rale, le comit\u00e9, le bureau et la direction.\u00a0\" \/>\n<meta name=\"robots\" content=\"index, follow, max-snippet:-1, max-image-preview:large, max-video-preview:-1\" \/>\n<link rel=\"canonical\" href=\"https:\/\/csp.ch\/geneve\/organisation\/comite-et-statuts\/\" \/>\n<meta property=\"og:locale\" content=\"fr_FR\" \/>\n<meta property=\"og:type\" content=\"article\" \/>\n<meta property=\"og:title\" content=\"Comit\u00e9 et statuts - CSP Gen\u00e8ve\" \/>\n<meta property=\"og:description\" content=\"Le Centre social protestant Gen\u00e8ve est une association \u00e0 but non lucratif.\u00a0\u00a0Ses organes sont l\u2019assembl\u00e9e g\u00e9n\u00e9rale, le comit\u00e9, le bureau et la direction.\u00a0\" \/>\n<meta property=\"og:url\" content=\"https:\/\/csp.ch\/geneve\/organisation\/comite-et-statuts\/\" \/>\n<meta property=\"og:site_name\" content=\"CSP Gen\u00e8ve\" \/>\n<meta property=\"article:modified_time\" content=\"2026-03-09T10:58:42+00:00\" \/>\n<meta property=\"og:image\" content=\"https:\/\/csp.ch\/wp-content\/uploads\/sites\/5\/2015\/08\/csp-geneve.jpg\" \/>\n\t<meta property=\"og:image:width\" content=\"740\" \/>\n\t<meta property=\"og:image:height\" content=\"307\" \/>\n\t<meta property=\"og:image:type\" content=\"image\/jpeg\" \/>\n<meta name=\"twitter:card\" content=\"summary_large_image\" \/>\n<meta name=\"twitter:label1\" content=\"Dur\u00e9e de lecture estim\u00e9e\" \/>\n\t<meta name=\"twitter:data1\" content=\"1 minute\" \/>\n<script type=\"application\/ld+json\" class=\"yoast-schema-graph\">{\"@context\":\"https:\/\/schema.org\",\"@graph\":[{\"@type\":\"WebPage\",\"@id\":\"https:\/\/csp.ch\/geneve\/organisation\/comite-et-statuts\/\",\"url\":\"https:\/\/csp.ch\/geneve\/organisation\/comite-et-statuts\/\",\"name\":\"Comit\u00e9 et statuts - CSP Gen\u00e8ve\",\"isPartOf\":{\"@id\":\"https:\/\/csp.ch\/geneve\/#website\"},\"primaryImageOfPage\":{\"@id\":\"https:\/\/csp.ch\/geneve\/organisation\/comite-et-statuts\/#primaryimage\"},\"image\":{\"@id\":\"https:\/\/csp.ch\/geneve\/organisation\/comite-et-statuts\/#primaryimage\"},\"thumbnailUrl\":\"https:\/\/csp.ch\/wp-content\/uploads\/sites\/5\/2015\/08\/csp-geneve.jpg\",\"datePublished\":\"2015-08-27T15:12:32+00:00\",\"dateModified\":\"2026-03-09T10:58:42+00:00\",\"description\":\"Le Centre social protestant Gen\u00e8ve est une association \u00e0 but non lucratif.\u00a0\u00a0Ses organes sont l\u2019assembl\u00e9e g\u00e9n\u00e9rale, le comit\u00e9, le bureau et la direction.\u00a0\",\"breadcrumb\":{\"@id\":\"https:\/\/csp.ch\/geneve\/organisation\/comite-et-statuts\/#breadcrumb\"},\"inLanguage\":\"fr-FR\",\"potentialAction\":[{\"@type\":\"ReadAction\",\"target\":[\"https:\/\/csp.ch\/geneve\/organisation\/comite-et-statuts\/\"]}]},{\"@type\":\"ImageObject\",\"inLanguage\":\"fr-FR\",\"@id\":\"https:\/\/csp.ch\/geneve\/organisation\/comite-et-statuts\/#primaryimage\",\"url\":\"https:\/\/csp.ch\/wp-content\/uploads\/sites\/5\/2015\/08\/csp-geneve.jpg\",\"contentUrl\":\"https:\/\/csp.ch\/wp-content\/uploads\/sites\/5\/2015\/08\/csp-geneve.jpg\",\"width\":740,\"height\":307},{\"@type\":\"BreadcrumbList\",\"@id\":\"https:\/\/csp.ch\/geneve\/organisation\/comite-et-statuts\/#breadcrumb\",\"itemListElement\":[{\"@type\":\"ListItem\",\"position\":1,\"name\":\"Accueil\",\"item\":\"https:\/\/csp.ch\/geneve\/\"},{\"@type\":\"ListItem\",\"position\":2,\"name\":\"Organisation\",\"item\":\"https:\/\/csp.ch\/geneve\/organisation\/\"},{\"@type\":\"ListItem\",\"position\":3,\"name\":\"Comit\u00e9 et statuts\"}]},{\"@type\":\"WebSite\",\"@id\":\"https:\/\/csp.ch\/geneve\/#website\",\"url\":\"https:\/\/csp.ch\/geneve\/\",\"name\":\"CSP Gen\u00e8ve\",\"description\":\"\",\"potentialAction\":[{\"@type\":\"SearchAction\",\"target\":{\"@type\":\"EntryPoint\",\"urlTemplate\":\"https:\/\/csp.ch\/geneve\/?s={search_term_string}\"},\"query-input\":{\"@type\":\"PropertyValueSpecification\",\"valueRequired\":true,\"valueName\":\"search_term_string\"}}],\"inLanguage\":\"fr-FR\"}]}<\/script>\n<!-- \/ Yoast SEO plugin. -->","yoast_head_json":{"title":"Comit\u00e9 et statuts - CSP Gen\u00e8ve","description":"Le Centre social protestant Gen\u00e8ve est une association \u00e0 but non lucratif.\u00a0\u00a0Ses organes sont l\u2019assembl\u00e9e g\u00e9n\u00e9rale, le comit\u00e9, le bureau et la direction.\u00a0","robots":{"index":"index","follow":"follow","max-snippet":"max-snippet:-1","max-image-preview":"max-image-preview:large","max-video-preview":"max-video-preview:-1"},"canonical":"https:\/\/csp.ch\/geneve\/organisation\/comite-et-statuts\/","og_locale":"fr_FR","og_type":"article","og_title":"Comit\u00e9 et statuts - CSP Gen\u00e8ve","og_description":"Le Centre social protestant Gen\u00e8ve est une association \u00e0 but non lucratif.\u00a0\u00a0Ses organes sont l\u2019assembl\u00e9e g\u00e9n\u00e9rale, le comit\u00e9, le bureau et la direction.\u00a0","og_url":"https:\/\/csp.ch\/geneve\/organisation\/comite-et-statuts\/","og_site_name":"CSP Gen\u00e8ve","article_modified_time":"2026-03-09T10:58:42+00:00","og_image":[{"width":740,"height":307,"url":"https:\/\/csp.ch\/wp-content\/uploads\/sites\/5\/2015\/08\/csp-geneve.jpg","type":"image\/jpeg"}],"twitter_card":"summary_large_image","twitter_misc":{"Dur\u00e9e de lecture estim\u00e9e":"1 minute"},"schema":{"@context":"https:\/\/schema.org","@graph":[{"@type":"WebPage","@id":"https:\/\/csp.ch\/geneve\/organisation\/comite-et-statuts\/","url":"https:\/\/csp.ch\/geneve\/organisation\/comite-et-statuts\/","name":"Comit\u00e9 et statuts - CSP Gen\u00e8ve","isPartOf":{"@id":"https:\/\/csp.ch\/geneve\/#website"},"primaryImageOfPage":{"@id":"https:\/\/csp.ch\/geneve\/organisation\/comite-et-statuts\/#primaryimage"},"image":{"@id":"https:\/\/csp.ch\/geneve\/organisation\/comite-et-statuts\/#primaryimage"},"thumbnailUrl":"https:\/\/csp.ch\/wp-content\/uploads\/sites\/5\/2015\/08\/csp-geneve.jpg","datePublished":"2015-08-27T15:12:32+00:00","dateModified":"2026-03-09T10:58:42+00:00","description":"Le Centre social protestant Gen\u00e8ve est une association \u00e0 but non lucratif.\u00a0\u00a0Ses organes sont l\u2019assembl\u00e9e g\u00e9n\u00e9rale, le comit\u00e9, le bureau et la direction.\u00a0","breadcrumb":{"@id":"https:\/\/csp.ch\/geneve\/organisation\/comite-et-statuts\/#breadcrumb"},"inLanguage":"fr-FR","potentialAction":[{"@type":"ReadAction","target":["https:\/\/csp.ch\/geneve\/organisation\/comite-et-statuts\/"]}]},{"@type":"ImageObject","inLanguage":"fr-FR","@id":"https:\/\/csp.ch\/geneve\/organisation\/comite-et-statuts\/#primaryimage","url":"https:\/\/csp.ch\/wp-content\/uploads\/sites\/5\/2015\/08\/csp-geneve.jpg","contentUrl":"https:\/\/csp.ch\/wp-content\/uploads\/sites\/5\/2015\/08\/csp-geneve.jpg","width":740,"height":307},{"@type":"BreadcrumbList","@id":"https:\/\/csp.ch\/geneve\/organisation\/comite-et-statuts\/#breadcrumb","itemListElement":[{"@type":"ListItem","position":1,"name":"Accueil","item":"https:\/\/csp.ch\/geneve\/"},{"@type":"ListItem","position":2,"name":"Organisation","item":"https:\/\/csp.ch\/geneve\/organisation\/"},{"@type":"ListItem","position":3,"name":"Comit\u00e9 et statuts"}]},{"@type":"WebSite","@id":"https:\/\/csp.ch\/geneve\/#website","url":"https:\/\/csp.ch\/geneve\/","name":"CSP Gen\u00e8ve","description":"","potentialAction":[{"@type":"SearchAction","target":{"@type":"EntryPoint","urlTemplate":"https:\/\/csp.ch\/geneve\/?s={search_term_string}"},"query-input":{"@type":"PropertyValueSpecification","valueRequired":true,"valueName":"search_term_string"}}],"inLanguage":"fr-FR"}]}},"_links":{"self":[{"href":"https:\/\/csp.ch\/geneve\/wp-json\/wp\/v2\/pages\/246","targetHints":{"allow":["GET"]}}],"collection":[{"href":"https:\/\/csp.ch\/geneve\/wp-json\/wp\/v2\/pages"}],"about":[{"href":"https:\/\/csp.ch\/geneve\/wp-json\/wp\/v2\/types\/page"}],"author":[{"embeddable":true,"href":"https:\/\/csp.ch\/geneve\/wp-json\/wp\/v2\/users\/1"}],"replies":[{"embeddable":true,"href":"https:\/\/csp.ch\/geneve\/wp-json\/wp\/v2\/comments?post=246"}],"version-history":[{"count":6,"href":"https:\/\/csp.ch\/geneve\/wp-json\/wp\/v2\/pages\/246\/revisions"}],"predecessor-version":[{"id":31063,"href":"https:\/\/csp.ch\/geneve\/wp-json\/wp\/v2\/pages\/246\/revisions\/31063"}],"up":[{"embeddable":true,"href":"https:\/\/csp.ch\/geneve\/wp-json\/wp\/v2\/pages\/240"}],"wp:featuredmedia":[{"embeddable":true,"href":"https:\/\/csp.ch\/geneve\/wp-json\/wp\/v2\/media\/342"}],"wp:attachment":[{"href":"https:\/\/csp.ch\/geneve\/wp-json\/wp\/v2\/media?parent=246"}],"curies":[{"name":"wp","href":"https:\/\/api.w.org\/{rel}","templated":true}]}}