{"id":229,"date":"2015-08-27T15:36:16","date_gmt":"2015-08-27T14:36:16","guid":{"rendered":"https:\/\/csp.ch\/ge\/?page_id=229"},"modified":"2025-08-07T18:01:30","modified_gmt":"2025-08-07T16:01:30","slug":"vestiaire-social","status":"publish","type":"page","link":"https:\/\/csp.ch\/geneve\/services-aide\/vestiaire-social\/","title":{"rendered":"<strong>Vestiaire<\/strong> social"},"content":{"rendered":"<div class=\"wpb-content-wrapper\"><p>[vc_row][vc_column][vc_column_text css=\u00a0\u00bb\u00a0\u00bb]Le Vestiaire social fournit gratuitement des v\u00eatements, chaussures et du linge de maison \u00e0 des personnes en situation de grande pr\u00e9carit\u00e9. Il est g\u00e9r\u00e9 conjointement par le <a href=\"https:\/\/csp.ch\/geneve\/\" target=\"_blank\" rel=\"noreferrer noopener\">Centre social protestant<\/a>, <a href=\"http:\/\/www.caritas-geneve.ch\/caritasge\/homepage\" target=\"_blank\" rel=\"noreferrer noopener\">Caritas Gen\u00e8ve<\/a> et la <a href=\"https:\/\/www.croix-rouge-ge.ch\/\">Croix-Rouge genevoise.<\/a><\/p>\n<p><strong>Cet espace distribue chaque ann\u00e9e plusieurs tonnes d\u2019habits. <\/strong>Cela repr\u00e9sente <strong>pr\u00e8s de 10&rsquo;000 distributions annuelles.<\/strong><\/p>\n<p>Au-del\u00e0 de pourvoir \u00e0 un droit fondamental, celui d\u2019\u00eatre v\u00eatu, le Vestiaire contribue avec l\u2019aide bienveillante de ses b\u00e9n\u00e9voles \u00e0<strong>\u00a0redonner de la dignit\u00e9<\/strong> \u00e0 ces personnes, \u00e0 renforcer l\u2019estime de soi et \u00e0 lutter contre la stigmatisation li\u00e9e \u00e0 leur situation de pr\u00e9carit\u00e9.<\/p>\n<blockquote>\n<p style=\"text-align: center\">Si vous traversez une <strong>p\u00e9riode financi\u00e8rement difficile<\/strong>, il est possible d&rsquo;<strong>obtenir gratuitement des v\u00eatements et des chaussures<\/strong> de deuxi\u00e8me main au Vestiaire social.<\/p>\n<\/blockquote>\n<p><strong>Le Vestiaire social est ouvert aux personnes et familles<\/strong> <strong>munies d&rsquo;un bon<\/strong> d\u00e9livr\u00e9 par les services sociaux, le CSP, Caritas Gen\u00e8ve ou la Croix-Rouge genevoise.<\/p>\n<hr \/>\n<p>[\/vc_column_text][vc_column_text]<\/p>\n<h3><strong><span style=\"color: #efa020\">Informations utiles<\/span><\/strong><\/h3>\n<p>[\/vc_column_text][vc_tta_accordion active_section=\u00a0\u00bb0&Prime; no_fill=\u00a0\u00bbtrue\u00a0\u00bb collapsible_all=\u00a0\u00bbtrue\u00a0\u00bb][vc_tta_section title=\u00a0\u00bbNos horaires\u00a0\u00bb tab_id=\u00a0\u00bb1683726040885-28db95c9-6cdb\u00a0\u00bb][vc_column_text css=\u00a0\u00bb\u00a0\u00bb]Lundi, mardi, jeudi et vendredi de 13h30 \u00e0 17h, le Vestiaire social re\u00e7oit les b\u00e9n\u00e9ficiaires <strong><u>sans rendez-vous<\/u><\/strong><\/p>\n<p>La journ\u00e9e du mercredi est d\u00e9di\u00e9e \u00e0 l&rsquo;accueil des enfants de 10h \u00e0 13h et de 14h \u00e0 18h.[\/vc_column_text][\/vc_tta_section][vc_tta_section title=\u00a0\u00bbNous trouver\u00a0\u00bb tab_id=\u00a0\u00bb1443790181975-0ebcc423-dd17&Prime;][vc_column_text]<strong>Vestiaire social<\/strong><br \/>\nRue Blavignac 16<br \/>\n1227 Carouge<br \/>\nT\u00e9l. 022 700 09 31<br \/>\n<a href=\"&#109;&#x61;i&#x6c;&#x74;&#111;&#x3a;v&#101;&#x73;&#116;&#x69;a&#105;&#x72;e&#x73;o&#99;&#x69;a&#x6c;&#x40;&#99;&#x73;p&#45;&#x67;&#101;&#x2e;c&#104;\">&#x76;&#101;s&#x74;&#x69;&#97;i&#x72;&#x65;&#115;o&#x63;&#x69;&#97;l&#x40;&#x63;&#115;p&#x2d;&#103;&#101;&#46;&#x63;&#104;<\/a><\/p>\n<p>&nbsp;<\/p>\n<p><img loading=\"lazy\" decoding=\"async\" class=\"alignnone size-medium wp-image-18988\" src=\"https:\/\/csp.ch\/geneve\/wp-content\/uploads\/sites\/5\/2022\/10\/Nouvelle-adresse-VS-1-300x284.png\" alt=\"\" width=\"300\" height=\"284\" srcset=\"https:\/\/csp.ch\/wp-content\/uploads\/sites\/5\/2022\/10\/Nouvelle-adresse-VS-1-300x284.png 300w, https:\/\/csp.ch\/wp-content\/uploads\/sites\/5\/2022\/10\/Nouvelle-adresse-VS-1-768x726.png 768w, https:\/\/csp.ch\/wp-content\/uploads\/sites\/5\/2022\/10\/Nouvelle-adresse-VS-1-234x221.png 234w, https:\/\/csp.ch\/wp-content\/uploads\/sites\/5\/2022\/10\/Nouvelle-adresse-VS-1-740x700.png 740w, https:\/\/csp.ch\/wp-content\/uploads\/sites\/5\/2022\/10\/Nouvelle-adresse-VS-1.png 804w\" sizes=\"auto, (max-width: 300px) 100vw, 300px\" \/>[\/vc_column_text][\/vc_tta_section][\/vc_tta_accordion][vc_gmaps link=\u00a0\u00bb#E-8_JTNDaWZyYW1lJTIwc3JjJTNEJTIyaHR0cHMlM0ElMkYlMkZ3d3cuZ29vZ2xlLmNvbSUyRm1hcHMlMkZlbWJlZCUzRnBiJTNEJTIxMW0xOCUyMTFtMTIlMjExbTMlMjExZDI3NjIuNDg1MjEwNTE0NzY4NCUyMTJkNi4xMjk1NTA5MTU3NzAxMzklMjEzZDQ2LjE4MDkwMjM3OTExNTk5JTIxMm0zJTIxMWYwJTIxMmYwJTIxM2YwJTIxM20yJTIxMWkxMDI0JTIxMmk3NjglMjE0ZjEzLjElMjEzbTMlMjExbTIlMjExczB4NDc4YzdiMjE5ODJlMTJiNyUyNTNBMHgzNWM3OTNkODIxMjc2YzU2JTIxMnNSdWUlMjUyMEJsYXZpZ25hYyUyNTIwMTYlMjUyQyUyNTIwMTIyNyUyNTIwQ2Fyb3VnZSUyMTVlMCUyMTNtMiUyMTFzZnIlMjEyc2NoJTIxNHYxNjY0Nzk5NzAyMjA3JTIxNW0yJTIxMXNmciUyMTJzY2glMjIlMjB3aWR0aCUzRCUyMjYwMCUyMiUyMGhlaWdodCUzRCUyMjQ1MCUyMiUyMHN0eWxlJTNEJTIyYm9yZGVyJTNBMCUzQiUyMiUyMGFsbG93ZnVsbHNjcmVlbiUzRCUyMiUyMiUyMGxvYWRpbmclM0QlMjJsYXp5JTIyJTIwcmVmZXJyZXJwb2xpY3klM0QlMjJuby1yZWZlcnJlci13aGVuLWRvd25ncmFkZSUyMiUzRSUzQyUyRmlmcmFtZSUzRQ==\u00a0\u00bb size=\u00a0\u00bb300&Prime;][vc_column_text]<\/p>\n<hr \/>\n<h3 style=\"text-align: left\"><strong><span style=\"color: #efa020\">Soutenez les activit\u00e9s du Vestiaire social<\/span><\/strong><\/h3>\n<p>Vous pouvez contribuer \u00e0 soutenir le Vestiaire social en faisant un don de v\u00eatements et chaussures, que vous pouvez amener directement \u00e0 la porte du b\u00e2timent pendant les heures d\u2019ouverture, ou d\u00e9poser dans la bo\u00eete \u00e0 fringues \u00e0 l\u2019entr\u00e9e.<\/p>\n<p>Vous pouvez \u00e9galement soutenir le Vestiaire social sous forme d\u2019un don financier.<\/p>\n<p>Pour plus d&rsquo;informations ou offrir vos habits, veuillez contacter le Vestiaire social par <a href=\"mai&#108;&#116;&#111;&#x3a;&#x76;&#x65;&#x73;&#x74;&#x69;air&#101;&#115;&#111;&#99;&#x69;&#x61;&#x6c;&#x40;&#x63;&#x73;p-g&#101;&#46;&#99;&#x68;\">email<\/a>.<\/p>\n<p><strong>Faire un don: <\/strong>CCP 12-761-4 \/ IBAN CH84 0900 0000 1612 6472 3 \/ mention \u00ab\u00a0Don\u00a0\u00bb.<\/p>\n<hr \/>\n<p>[\/vc_column_text][vc_column_text]<\/p>\n<h3><strong><span style=\"color: #efa020\">Comment fonctionne le Vestiaire social ?<\/span><\/strong><\/h3>\n<p>[\/vc_column_text][vc_tta_accordion active_section=\u00a0\u00bb0&Prime; no_fill=\u00a0\u00bbtrue\u00a0\u00bb collapsible_all=\u00a0\u00bbtrue\u00a0\u00bb][vc_tta_section title=\u00a0\u00bbNotre approvisionnement\u00a0\u00bb tab_id=\u00a0\u00bb1683725514977-be084192-6984&Prime;][vc_column_text]Le Vestiaire social est approvisionn\u00e9 par des dons spontan\u00e9s et les bo\u00eetes \u00e0 fringues. Des collectes de v\u00eatements et chaussures sont \u00e9galement organis\u00e9es par des particuliers, des paroisses et des entreprises. Pr\u00e8s de 380 bo\u00eetes \u00e0 fringues sont r\u00e9parties \u00e0 travers le canton et re\u00e7oivent les habits en bon \u00e9tat. Des dons sont \u00e9galement apport\u00e9s directement devant la porte de Vestiaire social.<\/p>\n<p>Pas moins de 20\u2019000 kilos de textiles sont tri\u00e9s et distribu\u00e9s par des personnes b\u00e9n\u00e9voles. En effet, d\u00e8s son arriv\u00e9e, chaque pi\u00e8ce est contr\u00f4l\u00e9e et tri\u00e9e selon son \u00e9tat, la taille, le genre et la saison. Entre la r\u00e9ception d\u2019un v\u00eatement et sa pr\u00e9sentation sur cintre ou dans des cartons, s\u2019\u00e9chelonne en outre tout un travail de lavage, de s\u00e9chage, de repassage et, si n\u00e9cessaire, de raccommodage des articles.<\/p>\n<p>Malgr\u00e9 la grande g\u00e9n\u00e9rosit\u00e9 des Genevois, certains articles manquent cruellement, comme les v\u00eatements et chaussures pour hommes et adolescents. Ces articles doivent donc \u00eatre achet\u00e9s neufs.<\/p>\n<p>Faire un don: \u00a0IBAN : CH84 0900 0000 1612 6472 3 \/ mention \u00ab\u00a0Don\u00a0\u00bb.[\/vc_column_text][\/vc_tta_section][vc_tta_section title=\u00a0\u00bbLes b\u00e9n\u00e9voles, une aide indispensable\u00a0\u00bb tab_id=\u00a0\u00bb1683725579817-08a642cd-2d0e\u00a0\u00bb][vc_column_text]L\u2019essentiel des activit\u00e9s est assur\u00e9 par une \u00e9quipe de quelque 80 b\u00e9n\u00e9voles, des personnes en activit\u00e9 de r\u00e9insertion ou en emploi de solidarit\u00e9. Le b\u00e9n\u00e9volat constitue un des piliers du fonctionnement du Vestiaire social, et cela depuis son ouverture en 2004.<\/p>\n<p>Ils s&rsquo;engagent sans rel\u00e2che dans le tri, le nettoyage, la revalorisation des articles, l\u2019accueil des b\u00e9n\u00e9ficiaires, le conseil\u2026 Leur sourire et leur engagement sont la base du Vestiaire social.<\/p>\n<p>Pour devenir b\u00e9n\u00e9vole, contactez par email notre<a href=\"&#x62;&#x65;&#110;e&#x76;&#x6f;&#108;&#97;t&#x40;&#x63;&#115;&#112;-&#x67;&#x65;&#46;ch\"> service b\u00e9n\u00e9volat<\/a> ou le <a href=\"&#x76;&#x65;&#x73;&#116;&#105;ai&#x72;&#x65;&#x73;&#111;&#99;ia&#x6c;&#x40;&#x63;&#115;&#112;-g&#x65;&#x2e;&#x63;&#104;\">Vestiaire social.<\/a>[\/vc_column_text][\/vc_tta_section][vc_tta_section title=\u00a0\u00bbQuelques chiffres\u00a0\u00bb tab_id=\u00a0\u00bb1683726454177-78ff4cf3-c73f\u00a0\u00bb][vc_column_text]En 2022, le Vestiaire social a fait face \u00e0 une augmentation extraordinaire de demandes. 9810 distributions ont \u00e9t\u00e9 effectu\u00e9es, soit une augmentation de 48 % par rapport \u00e0 l\u2019ann\u00e9e pr\u00e9c\u00e9dente.<\/p>\n<p>L\u2019arriv\u00e9e de r\u00e9fugi\u00e9s ukrainiens n\u2019explique cependant pas \u00e0 elle seule cette hausse extraordinaire. En effet, sans compter ces derniers, l\u2019augmentation \u00e9tait de 13% par rapport \u00e0 2021, qui \u00e9tait d\u00e9j\u00e0 une ann\u00e9e record.<\/p>\n<p>La population suisse figure au deuxi\u00e8me rang des b\u00e9n\u00e9ficiaires par nationalit\u00e9 du Vestiaire social.[\/vc_column_text][\/vc_tta_section][vc_tta_section title=\u00a0\u00bbNotre responsable du Vestiaire social, Typhaine Guihard\u00a0\u00bb tab_id=\u00a0\u00bb1683727301640-cec17307-8be8&Prime;][vc_column_text]<\/p>\n<div class=\"wp-block-column\">\n<p>L\u2019engagement de Typhaine\u00a0 Guihard dure maintenant depuis de nombreuses ann\u00e9es. Cette passionn\u00e9e a commenc\u00e9 au Vestiaire social en tant que b\u00e9n\u00e9vole, puis stagiaire, puis employ\u00e9e, avant d&rsquo;en devenir la responsable. Parall\u00e8lement, elle est \u00e9galement pr\u00e9sidente de la <a href=\"https:\/\/coordinationtextile.ch\/\">Coordination textile genevoise<\/a>.<\/p>\n<\/div>\n<div class=\"wp-block-column\">\n<p>Pour Typhaine, le d\u00e9fi quotidien est de r\u00e9ussir \u00e0 faire face \u00e0 la demande qui ne cesse d\u2019augmenter.<\/p>\n<p style=\"text-align: center\"><span style=\"color: #efa020\"><em><span class=\"has-inline-color has-text-rouge-color\">Le Vestiaire social, c\u2019est un endroit qui fait du bien \u00e0 tout le monde, aux b\u00e9n\u00e9voles comme aux b\u00e9n\u00e9ficiaires ! Ce que j\u2019adore, c\u2019est la richesse des rapports humains et les parcours des personnes qui ont chacune une histoire incroyable \u00e0 raconter. On construit des relations sur la dur\u00e9e, on suit certaines familles depuis des ann\u00e9es et on a plaisir \u00e0 les retrouver. Ici, on s\u2019enrichit tous les jours. Il y a le c\u00f4t\u00e9 plaisir et social.<\/span><\/em><\/span><\/p>\n<p><a href=\"https:\/\/csp.ch\/wp-content\/uploads\/sites\/5\/2023\/05\/Tribune_de_Geneve_2023-02-27.pdf\">Retrouvez le portrait de Typhaine dans un article de la TdG paru le 27.02.23<\/a><\/p>\n<\/div>\n<p>[\/vc_column_text][\/vc_tta_section][\/vc_tta_accordion][vc_video link=\u00a0\u00bbhttps:\/\/youtu.be\/56dSu0Wj6P4&Prime; align=\u00a0\u00bbcenter\u00a0\u00bb][\/vc_column][\/vc_row][vc_row][vc_column][\/vc_column][\/vc_row]<\/p>\n<\/div>","protected":false},"excerpt":{"rendered":"<p>[vc_row][vc_column][vc_column_text css=\u00a0\u00bb\u00a0\u00bb]Le Vestiaire social fournit gratuitement des v\u00eatements, chaussures et du linge de maison \u00e0 des personnes en situation de grande pr\u00e9carit\u00e9. Il est g\u00e9r\u00e9 conjointement par le Centre social protestant, Caritas Gen\u00e8ve et la Croix-Rouge genevoise. Cet espace distribue chaque ann\u00e9e plusieurs tonnes d\u2019habits. Cela repr\u00e9sente pr\u00e8s de 10&rsquo;000 distributions annuelles. Au-del\u00e0 de pourvoir [&hellip;]<\/p>\n","protected":false},"author":1,"featured_media":20367,"parent":184,"menu_order":0,"comment_status":"closed","ping_status":"closed","template":"","meta":{"_acf_changed":false,"footnotes":""},"class_list":["post-229","page","type-page","status-publish","has-post-thumbnail","hentry"],"acf":[],"yoast_head":"<!-- This site is optimized with the Yoast SEO plugin v27.1.1 - https:\/\/yoast.com\/product\/yoast-seo-wordpress\/ -->\n<title>Vestiaire social - CSP Gen\u00e8ve<\/title>\n<meta name=\"description\" content=\"Le Vestiaire distribue gratuitement des v\u00eatements aux personnes d\u00e9munies \u00e0 Gen\u00e8ve. Il est g\u00e9r\u00e9 par Caritas, la Croix-Rouge genevoise et le CSP.\" \/>\n<meta name=\"robots\" content=\"index, follow, max-snippet:-1, max-image-preview:large, max-video-preview:-1\" \/>\n<link rel=\"canonical\" href=\"https:\/\/csp.ch\/geneve\/services-aide\/vestiaire-social\/\" \/>\n<meta property=\"og:locale\" content=\"fr_FR\" \/>\n<meta property=\"og:type\" content=\"article\" \/>\n<meta property=\"og:title\" content=\"Vestiaire social - CSP Gen\u00e8ve\" \/>\n<meta property=\"og:description\" content=\"Le Vestiaire distribue gratuitement des v\u00eatements aux personnes d\u00e9munies \u00e0 Gen\u00e8ve. Il est g\u00e9r\u00e9 par Caritas, la Croix-Rouge genevoise et le CSP.\" \/>\n<meta property=\"og:url\" content=\"https:\/\/csp.ch\/geneve\/services-aide\/vestiaire-social\/\" \/>\n<meta property=\"og:site_name\" content=\"CSP Gen\u00e8ve\" \/>\n<meta property=\"article:modified_time\" content=\"2025-08-07T16:01:30+00:00\" \/>\n<meta property=\"og:image\" content=\"https:\/\/csp.ch\/wp-content\/uploads\/sites\/5\/2023\/01\/Photo-\u00a9k-photography.ch_-scaled.jpg\" \/>\n\t<meta property=\"og:image:width\" content=\"2560\" \/>\n\t<meta property=\"og:image:height\" content=\"1703\" \/>\n\t<meta property=\"og:image:type\" content=\"image\/jpeg\" \/>\n<meta name=\"twitter:card\" content=\"summary_large_image\" \/>\n<meta name=\"twitter:label1\" content=\"Dur\u00e9e de lecture estim\u00e9e\" \/>\n\t<meta name=\"twitter:data1\" content=\"5 minutes\" \/>\n<script type=\"application\/ld+json\" class=\"yoast-schema-graph\">{\"@context\":\"https:\/\/schema.org\",\"@graph\":[{\"@type\":\"WebPage\",\"@id\":\"https:\/\/csp.ch\/geneve\/services-aide\/vestiaire-social\/\",\"url\":\"https:\/\/csp.ch\/geneve\/services-aide\/vestiaire-social\/\",\"name\":\"Vestiaire social - CSP Gen\u00e8ve\",\"isPartOf\":{\"@id\":\"https:\/\/csp.ch\/geneve\/#website\"},\"primaryImageOfPage\":{\"@id\":\"https:\/\/csp.ch\/geneve\/services-aide\/vestiaire-social\/#primaryimage\"},\"image\":{\"@id\":\"https:\/\/csp.ch\/geneve\/services-aide\/vestiaire-social\/#primaryimage\"},\"thumbnailUrl\":\"https:\/\/csp.ch\/wp-content\/uploads\/sites\/5\/2023\/01\/Photo-\u00a9k-photography.ch_-scaled.jpg\",\"datePublished\":\"2015-08-27T14:36:16+00:00\",\"dateModified\":\"2025-08-07T16:01:30+00:00\",\"description\":\"Le Vestiaire distribue gratuitement des v\u00eatements aux personnes d\u00e9munies \u00e0 Gen\u00e8ve. Il est g\u00e9r\u00e9 par Caritas, la Croix-Rouge genevoise et le CSP.\",\"breadcrumb\":{\"@id\":\"https:\/\/csp.ch\/geneve\/services-aide\/vestiaire-social\/#breadcrumb\"},\"inLanguage\":\"fr-FR\",\"potentialAction\":[{\"@type\":\"ReadAction\",\"target\":[\"https:\/\/csp.ch\/geneve\/services-aide\/vestiaire-social\/\"]}]},{\"@type\":\"ImageObject\",\"inLanguage\":\"fr-FR\",\"@id\":\"https:\/\/csp.ch\/geneve\/services-aide\/vestiaire-social\/#primaryimage\",\"url\":\"https:\/\/csp.ch\/wp-content\/uploads\/sites\/5\/2023\/01\/Photo-\u00a9k-photography.ch_-scaled.jpg\",\"contentUrl\":\"https:\/\/csp.ch\/wp-content\/uploads\/sites\/5\/2023\/01\/Photo-\u00a9k-photography.ch_-scaled.jpg\",\"width\":2560,\"height\":1703},{\"@type\":\"BreadcrumbList\",\"@id\":\"https:\/\/csp.ch\/geneve\/services-aide\/vestiaire-social\/#breadcrumb\",\"itemListElement\":[{\"@type\":\"ListItem\",\"position\":1,\"name\":\"Accueil\",\"item\":\"https:\/\/csp.ch\/geneve\/\"},{\"@type\":\"ListItem\",\"position\":2,\"name\":\"Services d&rsquo;aide\",\"item\":\"https:\/\/csp.ch\/geneve\/services-aide\/\"},{\"@type\":\"ListItem\",\"position\":3,\"name\":\"Vestiaire social\"}]},{\"@type\":\"WebSite\",\"@id\":\"https:\/\/csp.ch\/geneve\/#website\",\"url\":\"https:\/\/csp.ch\/geneve\/\",\"name\":\"CSP Gen\u00e8ve\",\"description\":\"\",\"potentialAction\":[{\"@type\":\"SearchAction\",\"target\":{\"@type\":\"EntryPoint\",\"urlTemplate\":\"https:\/\/csp.ch\/geneve\/?s={search_term_string}\"},\"query-input\":{\"@type\":\"PropertyValueSpecification\",\"valueRequired\":true,\"valueName\":\"search_term_string\"}}],\"inLanguage\":\"fr-FR\"}]}<\/script>\n<!-- \/ Yoast SEO plugin. -->","yoast_head_json":{"title":"Vestiaire social - CSP Gen\u00e8ve","description":"Le Vestiaire distribue gratuitement des v\u00eatements aux personnes d\u00e9munies \u00e0 Gen\u00e8ve. Il est g\u00e9r\u00e9 par Caritas, la Croix-Rouge genevoise et le CSP.","robots":{"index":"index","follow":"follow","max-snippet":"max-snippet:-1","max-image-preview":"max-image-preview:large","max-video-preview":"max-video-preview:-1"},"canonical":"https:\/\/csp.ch\/geneve\/services-aide\/vestiaire-social\/","og_locale":"fr_FR","og_type":"article","og_title":"Vestiaire social - CSP Gen\u00e8ve","og_description":"Le Vestiaire distribue gratuitement des v\u00eatements aux personnes d\u00e9munies \u00e0 Gen\u00e8ve. Il est g\u00e9r\u00e9 par Caritas, la Croix-Rouge genevoise et le CSP.","og_url":"https:\/\/csp.ch\/geneve\/services-aide\/vestiaire-social\/","og_site_name":"CSP Gen\u00e8ve","article_modified_time":"2025-08-07T16:01:30+00:00","og_image":[{"width":2560,"height":1703,"url":"https:\/\/csp.ch\/wp-content\/uploads\/sites\/5\/2023\/01\/Photo-\u00a9k-photography.ch_-scaled.jpg","type":"image\/jpeg"}],"twitter_card":"summary_large_image","twitter_misc":{"Dur\u00e9e de lecture estim\u00e9e":"5 minutes"},"schema":{"@context":"https:\/\/schema.org","@graph":[{"@type":"WebPage","@id":"https:\/\/csp.ch\/geneve\/services-aide\/vestiaire-social\/","url":"https:\/\/csp.ch\/geneve\/services-aide\/vestiaire-social\/","name":"Vestiaire social - CSP Gen\u00e8ve","isPartOf":{"@id":"https:\/\/csp.ch\/geneve\/#website"},"primaryImageOfPage":{"@id":"https:\/\/csp.ch\/geneve\/services-aide\/vestiaire-social\/#primaryimage"},"image":{"@id":"https:\/\/csp.ch\/geneve\/services-aide\/vestiaire-social\/#primaryimage"},"thumbnailUrl":"https:\/\/csp.ch\/wp-content\/uploads\/sites\/5\/2023\/01\/Photo-\u00a9k-photography.ch_-scaled.jpg","datePublished":"2015-08-27T14:36:16+00:00","dateModified":"2025-08-07T16:01:30+00:00","description":"Le Vestiaire distribue gratuitement des v\u00eatements aux personnes d\u00e9munies \u00e0 Gen\u00e8ve. Il est g\u00e9r\u00e9 par Caritas, la Croix-Rouge genevoise et le CSP.","breadcrumb":{"@id":"https:\/\/csp.ch\/geneve\/services-aide\/vestiaire-social\/#breadcrumb"},"inLanguage":"fr-FR","potentialAction":[{"@type":"ReadAction","target":["https:\/\/csp.ch\/geneve\/services-aide\/vestiaire-social\/"]}]},{"@type":"ImageObject","inLanguage":"fr-FR","@id":"https:\/\/csp.ch\/geneve\/services-aide\/vestiaire-social\/#primaryimage","url":"https:\/\/csp.ch\/wp-content\/uploads\/sites\/5\/2023\/01\/Photo-\u00a9k-photography.ch_-scaled.jpg","contentUrl":"https:\/\/csp.ch\/wp-content\/uploads\/sites\/5\/2023\/01\/Photo-\u00a9k-photography.ch_-scaled.jpg","width":2560,"height":1703},{"@type":"BreadcrumbList","@id":"https:\/\/csp.ch\/geneve\/services-aide\/vestiaire-social\/#breadcrumb","itemListElement":[{"@type":"ListItem","position":1,"name":"Accueil","item":"https:\/\/csp.ch\/geneve\/"},{"@type":"ListItem","position":2,"name":"Services d&rsquo;aide","item":"https:\/\/csp.ch\/geneve\/services-aide\/"},{"@type":"ListItem","position":3,"name":"Vestiaire social"}]},{"@type":"WebSite","@id":"https:\/\/csp.ch\/geneve\/#website","url":"https:\/\/csp.ch\/geneve\/","name":"CSP Gen\u00e8ve","description":"","potentialAction":[{"@type":"SearchAction","target":{"@type":"EntryPoint","urlTemplate":"https:\/\/csp.ch\/geneve\/?s={search_term_string}"},"query-input":{"@type":"PropertyValueSpecification","valueRequired":true,"valueName":"search_term_string"}}],"inLanguage":"fr-FR"}]}},"_links":{"self":[{"href":"https:\/\/csp.ch\/geneve\/wp-json\/wp\/v2\/pages\/229","targetHints":{"allow":["GET"]}}],"collection":[{"href":"https:\/\/csp.ch\/geneve\/wp-json\/wp\/v2\/pages"}],"about":[{"href":"https:\/\/csp.ch\/geneve\/wp-json\/wp\/v2\/types\/page"}],"author":[{"embeddable":true,"href":"https:\/\/csp.ch\/geneve\/wp-json\/wp\/v2\/users\/1"}],"replies":[{"embeddable":true,"href":"https:\/\/csp.ch\/geneve\/wp-json\/wp\/v2\/comments?post=229"}],"version-history":[{"count":8,"href":"https:\/\/csp.ch\/geneve\/wp-json\/wp\/v2\/pages\/229\/revisions"}],"predecessor-version":[{"id":26623,"href":"https:\/\/csp.ch\/geneve\/wp-json\/wp\/v2\/pages\/229\/revisions\/26623"}],"up":[{"embeddable":true,"href":"https:\/\/csp.ch\/geneve\/wp-json\/wp\/v2\/pages\/184"}],"wp:featuredmedia":[{"embeddable":true,"href":"https:\/\/csp.ch\/geneve\/wp-json\/wp\/v2\/media\/20367"}],"wp:attachment":[{"href":"https:\/\/csp.ch\/geneve\/wp-json\/wp\/v2\/media?parent=229"}],"curies":[{"name":"wp","href":"https:\/\/api.w.org\/{rel}","templated":true}]}}