{"id":220,"date":"2015-08-27T15:26:38","date_gmt":"2015-08-27T14:26:38","guid":{"rendered":"https:\/\/csp.ch\/ge\/?page_id=220"},"modified":"2026-03-12T17:35:49","modified_gmt":"2026-03-12T16:35:49","slug":"activites-pour-seniors","status":"publish","type":"page","link":"https:\/\/csp.ch\/geneve\/services-aide\/activites-pour-seniors\/","title":{"rendered":"Bel <strong>\u00e2ge<\/strong>"},"content":{"rendered":"<div class=\"wpb-content-wrapper\"><p>[vc_row][vc_column][vc_column_text]<\/p>\n<blockquote>\n<p style=\"text-align: center\">Promouvoir l\u2019autonomie et la qualit\u00e9 de vie des seniors<\/p>\n<\/blockquote>\n<p>Fond\u00e9 il y a plus de 60 ans, le secteur d\u2019activit\u00e9s Bel \u00e2ge vise \u00e0 maintenir et \u00e0 am\u00e9liorer la qualit\u00e9 de vie des a\u00een\u00e9s. Il lutte contre leur isolement \u00e0 travers un panel d\u2019activit\u00e9s stimulantes et adapt\u00e9es \u00e0 leurs besoins.<\/p>\n<p>Les activit\u00e9s de Bel \u00e2ge sont propos\u00e9es dans le but d\u2019aider les personnes retrait\u00e9es et pr\u00e9retrait\u00e9es \u00e0 conserver leur autonomie et \u00e0 \u00e9viter l\u2019isolement. Il contribue au bien-\u00eatre physique et psychique de nos membres. Notre programme est riche de rencontres, de moments conviviaux et d\u2019activit\u00e9s permettant \u00e0 nos ain\u00e9s d\u2019\u00eatre et de rester mobile.<\/p>\n<p>Que les participant\u00b7e\u00b7s soient sportifs ou \u00e0 mobilit\u00e9 r\u00e9duite, qu&rsquo;ils aiment la culture ou les jeux de soci\u00e9t\u00e9, les activit\u00e9s propos\u00e9es par Bel \u00e2ge sont diversifi\u00e9es afin de satisfaire tous les \u00e2ges, de 55 \u00e0 100 ans.[\/vc_column_text][vc_column_text css=\u00a0\u00bb\u00a0\u00bb]<\/p>\n<h4>Activit\u00e9s :<\/h4>\n<p>Le panel des activit\u00e9s est annonc\u00e9 dans les trois programmes que re\u00e7oivent les membres. En lien avec plusieurs partenaires institutionnels et culturels, il est propos\u00e9 :<\/p>\n<ul>\n<li>Promenades, randonn\u00e9es et d\u00e9couverte de la nature<\/li>\n<li>Conf\u00e9rences, spectacles et visites guid\u00e9es<\/li>\n<li>Rencontres th\u00e9matiques<\/li>\n<li>Cours &amp; ateliers: aquagym, \u00e9criture, peinture &amp; pilate<\/li>\n<li>S\u00e9jours en Suisse et \u00e0 l&rsquo;\u00e9tranger<\/li>\n<li>Journ\u00e9es neige et festives<\/li>\n<li>Cha\u00eenes t\u00e9l\u00e9phoniques pour cr\u00e9er des liens pr\u00e9cieux<\/li>\n<li>Visites \u00e0 domicile<\/li>\n<li>Repas, jeux et moments de sociabilit\u00e9<\/li>\n<\/ul>\n<h3><\/h3>\n<p>[\/vc_column_text][vc_column_text css=\u00a0\u00bb\u00a0\u00bb]<\/p>\n<h4><strong>Programme Printemps -\u00c9t\u00e9 2026<\/strong><\/h4>\n<p><a href=\"https:\/\/csp.ch\/wp-content\/uploads\/sites\/5\/2026\/03\/CSP_bel_age_printemps_2026.pdf\"><img loading=\"lazy\" decoding=\"async\" class=\"aligncenter wp-image-31129 size-large\" src=\"https:\/\/csp.ch\/wp-content\/uploads\/sites\/5\/2026\/03\/Bel-age-printemps-26-722x1024.png\" alt=\"\" width=\"722\" height=\"1024\" srcset=\"https:\/\/csp.ch\/wp-content\/uploads\/sites\/5\/2026\/03\/Bel-age-printemps-26-722x1024.png 722w, https:\/\/csp.ch\/wp-content\/uploads\/sites\/5\/2026\/03\/Bel-age-printemps-26-211x300.png 211w, https:\/\/csp.ch\/wp-content\/uploads\/sites\/5\/2026\/03\/Bel-age-printemps-26-768x1089.png 768w, https:\/\/csp.ch\/wp-content\/uploads\/sites\/5\/2026\/03\/Bel-age-printemps-26-1083x1536.png 1083w, https:\/\/csp.ch\/wp-content\/uploads\/sites\/5\/2026\/03\/Bel-age-printemps-26-156x221.png 156w, https:\/\/csp.ch\/wp-content\/uploads\/sites\/5\/2026\/03\/Bel-age-printemps-26-300x426.png 300w, https:\/\/csp.ch\/wp-content\/uploads\/sites\/5\/2026\/03\/Bel-age-printemps-26-740x1050.png 740w, https:\/\/csp.ch\/wp-content\/uploads\/sites\/5\/2026\/03\/Bel-age-printemps-26.png 1166w\" sizes=\"auto, (max-width: 722px) 100vw, 722px\" \/><\/a><\/p>\n<h4>Au programme :<\/h4>\n<p>Balades dans la nature, visites culturelles, escapades d\u2019une journ\u00e9e ou rencontres autour du bien-\u00eatre et de la sant\u00e9 mentale : le programme Bel \u00e2ge propose de nombreuses activit\u00e9s pour se retrouver et d\u00e9couvrir la r\u00e9gion autrement. Des repas conviviaux aux ateliers d\u2019\u00e9criture ou de mouvement, chacun peut participer selon ses envies et son rythme. Autant d\u2019occasions de rester actif, de partager et de cr\u00e9er du lien. Toutes ces r\u00e9jouissances sont \u00e0 retrouver en cliquant sur le lien ci-dessous :<\/p>\n<ul>\n<li><a href=\"https:\/\/csp.ch\/wp-content\/uploads\/sites\/5\/2026\/03\/CSP_bel_age_printemps_2026.pdf\"><strong>T\u00e9l\u00e9charger le programme en format PDF<\/strong><\/a><\/li>\n<\/ul>\n<h4><strong>Inscription obligatoire !<\/strong><\/h4>\n<p>Responsable: Anne Davoli<br \/>\nContact: <a href=\"ma&#105;&#108;&#x74;&#x6f;&#x3a;&#x62;el&#97;&#103;&#x65;&#x40;&#x63;&#x73;p-&#103;&#101;&#46;&#x63;&#x68;\">&#x62;e&#x6c;&#97;&#x67;&#x65;&#64;&#x63;&#115;&#x70;&#x2d;g&#x65;&#46;&#x63;&#x68;<\/a><br \/>\n022 807 07 44<\/p>\n<p>&nbsp;<\/p>\n<h4><img loading=\"lazy\" decoding=\"async\" class=\"wp-image-13473 aligncenter\" src=\"https:\/\/csp.ch\/wp-content\/uploads\/sites\/5\/2021\/04\/Avis_verifier_si_activites_maintenues-1-300x93.jpg\" alt=\"\" width=\"371\" height=\"115\" srcset=\"https:\/\/csp.ch\/wp-content\/uploads\/sites\/5\/2021\/04\/Avis_verifier_si_activites_maintenues-1-300x93.jpg 300w, https:\/\/csp.ch\/wp-content\/uploads\/sites\/5\/2021\/04\/Avis_verifier_si_activites_maintenues-1-1024x318.jpg 1024w, https:\/\/csp.ch\/wp-content\/uploads\/sites\/5\/2021\/04\/Avis_verifier_si_activites_maintenues-1-768x239.jpg 768w, https:\/\/csp.ch\/wp-content\/uploads\/sites\/5\/2021\/04\/Avis_verifier_si_activites_maintenues-1-1536x477.jpg 1536w, https:\/\/csp.ch\/wp-content\/uploads\/sites\/5\/2021\/04\/Avis_verifier_si_activites_maintenues-1-240x75.jpg 240w, https:\/\/csp.ch\/wp-content\/uploads\/sites\/5\/2021\/04\/Avis_verifier_si_activites_maintenues-1-740x230.jpg 740w, https:\/\/csp.ch\/wp-content\/uploads\/sites\/5\/2021\/04\/Avis_verifier_si_activites_maintenues-1.jpg 1747w\" sizes=\"auto, (max-width: 371px) 100vw, 371px\" \/><\/h4>\n<p>[\/vc_column_text][vc_btn title=\u00a0\u00bbFiche d&rsquo;inscription \u00e0 t\u00e9l\u00e9charger\u00a0\u00bb align=\u00a0\u00bbcenter\u00a0\u00bb link=\u00a0\u00bburl:https%3A%2F%2Fcsp.ch%2Fgeneve%2Fwp-content%2Fuploads%2Fsites%2F5%2F2016%2F06%2FFiche-dinscription.pdf||\u00a0\u00bb][vc_column_text]<\/p>\n<h4><strong>Devenir membre<\/strong><\/h4>\n<p>Toute personne d\u00e8s 55 ans peut devenir membre de Bel \u00e2ge, moyennant une cotisation annuelle de CHF 50.- . En devenant membre, vous acc\u00e9dez \u00e0 l&rsquo;ensemble des activit\u00e9s et recevez le programme qui para\u00eet trois fois par an.<\/p>\n<p>Certaines activit\u00e9s sont gratuites, pour d\u2019autres nous demandons une participation modeste afin de permettre \u00e0 chacun de participer. Au besoin, le CSP peut faire appel \u00e0 des fonds d&rsquo;entraide.<\/p>\n<p>Merci de renvoyer la fiche d&rsquo;inscription compl\u00e9t\u00e9e et de payer la cotisation annuelle de CHF 50.- .<\/p>\n<p><strong>Nouvelles personnes b\u00e9n\u00e9voles bienvenues<\/strong>\u00a0!<\/p>\n<p>Int\u00e9ress\u00e9-e? Merci de contacter Bel \u00e2ge au 022 807 07 44.<\/p>\n<p>&nbsp;<\/p>\n<p><strong>Conseil de Bel \u00e2ge<\/strong><\/p>\n<p>Toutes les activit\u00e9s sont organis\u00e9es par la responsable du service et par les membres du\u00a0Conseil de Bel \u00e2ge.<\/p>\n<p>Les sorties sont encadr\u00e9es par un r\u00e9f\u00e9rent du service (responsable, membres du Conseil, b\u00e9n\u00e9voles). Les monitrices et moniteurs des ateliers\u00a0et de la\u00a0gym dans l&rsquo;eau sont au b\u00e9n\u00e9fice de solides comp\u00e9tences pour l&rsquo;accompagnement des participants.[\/vc_column_text][vc_row_inner][vc_column_inner width=\u00a0\u00bb1\/2&Prime;][vc_tta_accordion style=\u00a0\u00bbflat\u00a0\u00bb active_section=\u00a0\u00bb\u00a0\u00bb no_fill=\u00a0\u00bbtrue\u00a0\u00bb collapsible_all=\u00a0\u00bbtrue\u00a0\u00bb][vc_tta_section title=\u00a0\u00bbInformations de paiement\u00a0\u00bb tab_id=\u00a0\u00bb1445590894984-a535bc53-cb1d\u00a0\u00bb][vc_column_text]CCP 12-761- 4 mention \u00ab\u00a0Bel \u00e2ge\u00a0\u00bb<br \/>\nIBAN CH41 0900 0000 1200 0761 4[\/vc_column_text][\/vc_tta_section][\/vc_tta_accordion][\/vc_column_inner][vc_column_inner width=\u00a0\u00bb1\/2&Prime;][vc_tta_accordion style=\u00a0\u00bbflat\u00a0\u00bb active_section=\u00a0\u00bb\u00a0\u00bb no_fill=\u00a0\u00bbtrue\u00a0\u00bb collapsible_all=\u00a0\u00bbtrue\u00a0\u00bb][vc_tta_section title=\u00a0\u00bbContact\u00a0\u00bb tab_id=\u00a0\u00bb1444228762004-80da268f-cee5&Prime;][vc_column_text]Centre social protestant<br \/>\n<span style=\"line-height: 1.5\"><strong>Bel \u00e2ge<\/strong><br \/>\nRue du Village-Suisse 14<br \/>\n1205 Gen\u00e8ve<br \/>\nT 022 807 07 00\/44<br \/>\nContactez-nous par email: <a href=\"&#109;&#x61;&#105;&#x6c;&#116;&#x6f;&#58;&#x62;&#101;&#x6c;&#97;&#x67;&#101;&#x40;&#99;&#x73;&#112;&#x2d;&#103;&#x65;&#46;&#x63;&#104;\">&#x62;&#101;&#x6c;&#97;g&#x65;&#64;c&#x73;&#112;&#x2d;&#x67;e&#x2e;&#99;h<\/a><\/span>[\/vc_column_text][\/vc_tta_section][\/vc_tta_accordion][\/vc_column_inner][\/vc_row_inner][\/vc_column][vc_column][\/vc_column][\/vc_row][vc_row][vc_column][vc_column_text][\/vc_column_text][vc_column_text]<\/p>\n<blockquote>\n<p style=\"text-align: center\">En 2021, Bel-\u00e2ge a f\u00eat\u00e9 60 ans d&rsquo;engagement aupr\u00e8s des seniors<\/p>\n<\/blockquote>\n<p><img loading=\"lazy\" decoding=\"async\" class=\"alignnone size-medium wp-image-15634\" src=\"https:\/\/csp.ch\/geneve\/wp-content\/uploads\/sites\/5\/2021\/11\/8-002-300x225.jpg\" alt=\"\" width=\"300\" height=\"225\" srcset=\"https:\/\/csp.ch\/wp-content\/uploads\/sites\/5\/2021\/11\/8-002-300x225.jpg 300w, https:\/\/csp.ch\/wp-content\/uploads\/sites\/5\/2021\/11\/8-002-768x576.jpg 768w, https:\/\/csp.ch\/wp-content\/uploads\/sites\/5\/2021\/11\/8-002-240x180.jpg 240w, https:\/\/csp.ch\/wp-content\/uploads\/sites\/5\/2021\/11\/8-002-740x555.jpg 740w, https:\/\/csp.ch\/wp-content\/uploads\/sites\/5\/2021\/11\/8-002.jpg 1024w\" sizes=\"auto, (max-width: 300px) 100vw, 300px\" \/><img loading=\"lazy\" decoding=\"async\" class=\"alignnone size-medium wp-image-15633\" src=\"https:\/\/csp.ch\/geneve\/wp-content\/uploads\/sites\/5\/2021\/11\/2-300x225.jpg\" alt=\"\" width=\"300\" height=\"225\" srcset=\"https:\/\/csp.ch\/wp-content\/uploads\/sites\/5\/2021\/11\/2-300x225.jpg 300w, https:\/\/csp.ch\/wp-content\/uploads\/sites\/5\/2021\/11\/2-1024x768.jpg 1024w, https:\/\/csp.ch\/wp-content\/uploads\/sites\/5\/2021\/11\/2-768x576.jpg 768w, https:\/\/csp.ch\/wp-content\/uploads\/sites\/5\/2021\/11\/2-1536x1152.jpg 1536w, https:\/\/csp.ch\/wp-content\/uploads\/sites\/5\/2021\/11\/2-2048x1536.jpg 2048w, https:\/\/csp.ch\/wp-content\/uploads\/sites\/5\/2021\/11\/2-240x180.jpg 240w, https:\/\/csp.ch\/wp-content\/uploads\/sites\/5\/2021\/11\/2-740x555.jpg 740w\" sizes=\"auto, (max-width: 300px) 100vw, 300px\" \/><\/p>\n<p><img loading=\"lazy\" decoding=\"async\" class=\"alignnone size-medium wp-image-15640\" src=\"https:\/\/csp.ch\/geneve\/wp-content\/uploads\/sites\/5\/2021\/11\/3-300x225.jpg\" alt=\"\" width=\"300\" height=\"225\" srcset=\"https:\/\/csp.ch\/wp-content\/uploads\/sites\/5\/2021\/11\/3-300x225.jpg 300w, https:\/\/csp.ch\/wp-content\/uploads\/sites\/5\/2021\/11\/3-768x576.jpg 768w, https:\/\/csp.ch\/wp-content\/uploads\/sites\/5\/2021\/11\/3-240x180.jpg 240w, https:\/\/csp.ch\/wp-content\/uploads\/sites\/5\/2021\/11\/3-740x555.jpg 740w, https:\/\/csp.ch\/wp-content\/uploads\/sites\/5\/2021\/11\/3.jpg 1024w\" sizes=\"auto, (max-width: 300px) 100vw, 300px\" \/><img loading=\"lazy\" decoding=\"async\" class=\"alignnone size-medium wp-image-15641\" src=\"https:\/\/csp.ch\/geneve\/wp-content\/uploads\/sites\/5\/2021\/11\/20211123_122718-300x225.jpg\" alt=\"\" width=\"300\" height=\"225\" srcset=\"https:\/\/csp.ch\/wp-content\/uploads\/sites\/5\/2021\/11\/20211123_122718-300x225.jpg 300w, https:\/\/csp.ch\/wp-content\/uploads\/sites\/5\/2021\/11\/20211123_122718-1024x768.jpg 1024w, https:\/\/csp.ch\/wp-content\/uploads\/sites\/5\/2021\/11\/20211123_122718-768x576.jpg 768w, https:\/\/csp.ch\/wp-content\/uploads\/sites\/5\/2021\/11\/20211123_122718-1536x1152.jpg 1536w, https:\/\/csp.ch\/wp-content\/uploads\/sites\/5\/2021\/11\/20211123_122718-2048x1536.jpg 2048w, https:\/\/csp.ch\/wp-content\/uploads\/sites\/5\/2021\/11\/20211123_122718-240x180.jpg 240w, https:\/\/csp.ch\/wp-content\/uploads\/sites\/5\/2021\/11\/20211123_122718-740x555.jpg 740w\" sizes=\"auto, (max-width: 300px) 100vw, 300px\" \/><\/p>\n<p>Le service Bel \u00e2ge f\u00eatait le 23 novembre 2021 ses 60 ans!<\/p>\n<p>Retour en photos sur un beau moment de convivialit\u00e9 et de bonne humeur, avec un concours de chapeaux \u00e0 la cl\u00e9. Retrouvez dans le journal Les Nouvelles l&rsquo;<a href=\"https:\/\/csp.ch\/geneve\/wp-content\/uploads\/sites\/5\/2021\/11\/Pages-de-WEB_JOURNAL_CSP-GE_11-2021_V7.pdf\">interview d&rsquo;Anne Davoli<\/a>, responsable de Bel \u00e2ge, pour une r\u00e9trospective de ce service.[\/vc_column_text][\/vc_column][\/vc_row][vc_row][vc_column][\/vc_column][\/vc_row]<\/p>\n<\/div>","protected":false},"excerpt":{"rendered":"<p>[vc_row][vc_column][vc_column_text] Promouvoir l\u2019autonomie et la qualit\u00e9 de vie des seniors Fond\u00e9 il y a plus de 60 ans, le secteur d\u2019activit\u00e9s Bel \u00e2ge vise \u00e0 maintenir et \u00e0 am\u00e9liorer la qualit\u00e9 de vie des a\u00een\u00e9s. Il lutte contre leur isolement \u00e0 travers un panel d\u2019activit\u00e9s stimulantes et adapt\u00e9es \u00e0 leurs besoins. Les activit\u00e9s de Bel [&hellip;]<\/p>\n","protected":false},"author":1,"featured_media":21990,"parent":184,"menu_order":0,"comment_status":"closed","ping_status":"closed","template":"","meta":{"_acf_changed":false,"footnotes":""},"class_list":["post-220","page","type-page","status-publish","has-post-thumbnail","hentry"],"acf":[],"yoast_head":"<!-- This site is optimized with the Yoast SEO plugin v27.1.1 - https:\/\/yoast.com\/product\/yoast-seo-wordpress\/ -->\n<title>Bel \u00e2ge - CSP Gen\u00e8ve<\/title>\n<meta name=\"description\" content=\"Les activit\u00e9s de Bel \u00e2ge sont propos\u00e9es dans le but d\u2019aider les personnes retrait\u00e9es \u00e0 conserver leur\u00a0autonomie\u00a0et \u00e0\u00a0\u00e9viter l\u2019isolement\u00a0et la monotonie.\" \/>\n<meta name=\"robots\" content=\"index, follow, max-snippet:-1, max-image-preview:large, max-video-preview:-1\" \/>\n<link rel=\"canonical\" href=\"https:\/\/csp.ch\/geneve\/services-aide\/activites-pour-seniors\/\" \/>\n<meta property=\"og:locale\" content=\"fr_FR\" \/>\n<meta property=\"og:type\" content=\"article\" \/>\n<meta property=\"og:title\" content=\"Bel \u00e2ge - CSP Gen\u00e8ve\" \/>\n<meta property=\"og:description\" content=\"Les activit\u00e9s de Bel \u00e2ge sont propos\u00e9es dans le but d\u2019aider les personnes retrait\u00e9es \u00e0 conserver leur\u00a0autonomie\u00a0et \u00e0\u00a0\u00e9viter l\u2019isolement\u00a0et la monotonie.\" \/>\n<meta property=\"og:url\" content=\"https:\/\/csp.ch\/geneve\/services-aide\/activites-pour-seniors\/\" \/>\n<meta property=\"og:site_name\" content=\"CSP Gen\u00e8ve\" \/>\n<meta property=\"article:modified_time\" content=\"2026-03-12T16:35:49+00:00\" \/>\n<meta property=\"og:image\" content=\"https:\/\/csp.ch\/wp-content\/uploads\/sites\/5\/2023\/10\/20151110\u00a9CSP-GE_RebeccaBowring9700-scaled.jpg\" \/>\n\t<meta property=\"og:image:width\" content=\"2560\" \/>\n\t<meta property=\"og:image:height\" content=\"1707\" \/>\n\t<meta property=\"og:image:type\" content=\"image\/jpeg\" \/>\n<meta name=\"twitter:card\" content=\"summary_large_image\" \/>\n<meta name=\"twitter:label1\" content=\"Dur\u00e9e de lecture estim\u00e9e\" \/>\n\t<meta name=\"twitter:data1\" content=\"5 minutes\" \/>\n<script type=\"application\/ld+json\" class=\"yoast-schema-graph\">{\"@context\":\"https:\/\/schema.org\",\"@graph\":[{\"@type\":\"WebPage\",\"@id\":\"https:\/\/csp.ch\/geneve\/services-aide\/activites-pour-seniors\/\",\"url\":\"https:\/\/csp.ch\/geneve\/services-aide\/activites-pour-seniors\/\",\"name\":\"Bel \u00e2ge - CSP Gen\u00e8ve\",\"isPartOf\":{\"@id\":\"https:\/\/csp.ch\/geneve\/#website\"},\"primaryImageOfPage\":{\"@id\":\"https:\/\/csp.ch\/geneve\/services-aide\/activites-pour-seniors\/#primaryimage\"},\"image\":{\"@id\":\"https:\/\/csp.ch\/geneve\/services-aide\/activites-pour-seniors\/#primaryimage\"},\"thumbnailUrl\":\"https:\/\/csp.ch\/wp-content\/uploads\/sites\/5\/2023\/10\/20151110\u00a9CSP-GE_RebeccaBowring9700-scaled.jpg\",\"datePublished\":\"2015-08-27T14:26:38+00:00\",\"dateModified\":\"2026-03-12T16:35:49+00:00\",\"description\":\"Les activit\u00e9s de Bel \u00e2ge sont propos\u00e9es dans le but d\u2019aider les personnes retrait\u00e9es \u00e0 conserver leur\u00a0autonomie\u00a0et \u00e0\u00a0\u00e9viter l\u2019isolement\u00a0et la monotonie.\",\"breadcrumb\":{\"@id\":\"https:\/\/csp.ch\/geneve\/services-aide\/activites-pour-seniors\/#breadcrumb\"},\"inLanguage\":\"fr-FR\",\"potentialAction\":[{\"@type\":\"ReadAction\",\"target\":[\"https:\/\/csp.ch\/geneve\/services-aide\/activites-pour-seniors\/\"]}]},{\"@type\":\"ImageObject\",\"inLanguage\":\"fr-FR\",\"@id\":\"https:\/\/csp.ch\/geneve\/services-aide\/activites-pour-seniors\/#primaryimage\",\"url\":\"https:\/\/csp.ch\/wp-content\/uploads\/sites\/5\/2023\/10\/20151110\u00a9CSP-GE_RebeccaBowring9700-scaled.jpg\",\"contentUrl\":\"https:\/\/csp.ch\/wp-content\/uploads\/sites\/5\/2023\/10\/20151110\u00a9CSP-GE_RebeccaBowring9700-scaled.jpg\",\"width\":2560,\"height\":1707,\"caption\":\"\u00a9RebeccaBowring\"},{\"@type\":\"BreadcrumbList\",\"@id\":\"https:\/\/csp.ch\/geneve\/services-aide\/activites-pour-seniors\/#breadcrumb\",\"itemListElement\":[{\"@type\":\"ListItem\",\"position\":1,\"name\":\"Accueil\",\"item\":\"https:\/\/csp.ch\/geneve\/\"},{\"@type\":\"ListItem\",\"position\":2,\"name\":\"Services d&rsquo;aide\",\"item\":\"https:\/\/csp.ch\/geneve\/services-aide\/\"},{\"@type\":\"ListItem\",\"position\":3,\"name\":\"Bel \u00e2ge\"}]},{\"@type\":\"WebSite\",\"@id\":\"https:\/\/csp.ch\/geneve\/#website\",\"url\":\"https:\/\/csp.ch\/geneve\/\",\"name\":\"CSP Gen\u00e8ve\",\"description\":\"\",\"potentialAction\":[{\"@type\":\"SearchAction\",\"target\":{\"@type\":\"EntryPoint\",\"urlTemplate\":\"https:\/\/csp.ch\/geneve\/?s={search_term_string}\"},\"query-input\":{\"@type\":\"PropertyValueSpecification\",\"valueRequired\":true,\"valueName\":\"search_term_string\"}}],\"inLanguage\":\"fr-FR\"}]}<\/script>\n<!-- \/ Yoast SEO plugin. -->","yoast_head_json":{"title":"Bel \u00e2ge - CSP Gen\u00e8ve","description":"Les activit\u00e9s de Bel \u00e2ge sont propos\u00e9es dans le but d\u2019aider les personnes retrait\u00e9es \u00e0 conserver leur\u00a0autonomie\u00a0et \u00e0\u00a0\u00e9viter l\u2019isolement\u00a0et la monotonie.","robots":{"index":"index","follow":"follow","max-snippet":"max-snippet:-1","max-image-preview":"max-image-preview:large","max-video-preview":"max-video-preview:-1"},"canonical":"https:\/\/csp.ch\/geneve\/services-aide\/activites-pour-seniors\/","og_locale":"fr_FR","og_type":"article","og_title":"Bel \u00e2ge - CSP Gen\u00e8ve","og_description":"Les activit\u00e9s de Bel \u00e2ge sont propos\u00e9es dans le but d\u2019aider les personnes retrait\u00e9es \u00e0 conserver leur\u00a0autonomie\u00a0et \u00e0\u00a0\u00e9viter l\u2019isolement\u00a0et la monotonie.","og_url":"https:\/\/csp.ch\/geneve\/services-aide\/activites-pour-seniors\/","og_site_name":"CSP Gen\u00e8ve","article_modified_time":"2026-03-12T16:35:49+00:00","og_image":[{"width":2560,"height":1707,"url":"https:\/\/csp.ch\/wp-content\/uploads\/sites\/5\/2023\/10\/20151110\u00a9CSP-GE_RebeccaBowring9700-scaled.jpg","type":"image\/jpeg"}],"twitter_card":"summary_large_image","twitter_misc":{"Dur\u00e9e de lecture estim\u00e9e":"5 minutes"},"schema":{"@context":"https:\/\/schema.org","@graph":[{"@type":"WebPage","@id":"https:\/\/csp.ch\/geneve\/services-aide\/activites-pour-seniors\/","url":"https:\/\/csp.ch\/geneve\/services-aide\/activites-pour-seniors\/","name":"Bel \u00e2ge - CSP Gen\u00e8ve","isPartOf":{"@id":"https:\/\/csp.ch\/geneve\/#website"},"primaryImageOfPage":{"@id":"https:\/\/csp.ch\/geneve\/services-aide\/activites-pour-seniors\/#primaryimage"},"image":{"@id":"https:\/\/csp.ch\/geneve\/services-aide\/activites-pour-seniors\/#primaryimage"},"thumbnailUrl":"https:\/\/csp.ch\/wp-content\/uploads\/sites\/5\/2023\/10\/20151110\u00a9CSP-GE_RebeccaBowring9700-scaled.jpg","datePublished":"2015-08-27T14:26:38+00:00","dateModified":"2026-03-12T16:35:49+00:00","description":"Les activit\u00e9s de Bel \u00e2ge sont propos\u00e9es dans le but d\u2019aider les personnes retrait\u00e9es \u00e0 conserver leur\u00a0autonomie\u00a0et \u00e0\u00a0\u00e9viter l\u2019isolement\u00a0et la monotonie.","breadcrumb":{"@id":"https:\/\/csp.ch\/geneve\/services-aide\/activites-pour-seniors\/#breadcrumb"},"inLanguage":"fr-FR","potentialAction":[{"@type":"ReadAction","target":["https:\/\/csp.ch\/geneve\/services-aide\/activites-pour-seniors\/"]}]},{"@type":"ImageObject","inLanguage":"fr-FR","@id":"https:\/\/csp.ch\/geneve\/services-aide\/activites-pour-seniors\/#primaryimage","url":"https:\/\/csp.ch\/wp-content\/uploads\/sites\/5\/2023\/10\/20151110\u00a9CSP-GE_RebeccaBowring9700-scaled.jpg","contentUrl":"https:\/\/csp.ch\/wp-content\/uploads\/sites\/5\/2023\/10\/20151110\u00a9CSP-GE_RebeccaBowring9700-scaled.jpg","width":2560,"height":1707,"caption":"\u00a9RebeccaBowring"},{"@type":"BreadcrumbList","@id":"https:\/\/csp.ch\/geneve\/services-aide\/activites-pour-seniors\/#breadcrumb","itemListElement":[{"@type":"ListItem","position":1,"name":"Accueil","item":"https:\/\/csp.ch\/geneve\/"},{"@type":"ListItem","position":2,"name":"Services d&rsquo;aide","item":"https:\/\/csp.ch\/geneve\/services-aide\/"},{"@type":"ListItem","position":3,"name":"Bel \u00e2ge"}]},{"@type":"WebSite","@id":"https:\/\/csp.ch\/geneve\/#website","url":"https:\/\/csp.ch\/geneve\/","name":"CSP Gen\u00e8ve","description":"","potentialAction":[{"@type":"SearchAction","target":{"@type":"EntryPoint","urlTemplate":"https:\/\/csp.ch\/geneve\/?s={search_term_string}"},"query-input":{"@type":"PropertyValueSpecification","valueRequired":true,"valueName":"search_term_string"}}],"inLanguage":"fr-FR"}]}},"_links":{"self":[{"href":"https:\/\/csp.ch\/geneve\/wp-json\/wp\/v2\/pages\/220","targetHints":{"allow":["GET"]}}],"collection":[{"href":"https:\/\/csp.ch\/geneve\/wp-json\/wp\/v2\/pages"}],"about":[{"href":"https:\/\/csp.ch\/geneve\/wp-json\/wp\/v2\/types\/page"}],"author":[{"embeddable":true,"href":"https:\/\/csp.ch\/geneve\/wp-json\/wp\/v2\/users\/1"}],"replies":[{"embeddable":true,"href":"https:\/\/csp.ch\/geneve\/wp-json\/wp\/v2\/comments?post=220"}],"version-history":[{"count":7,"href":"https:\/\/csp.ch\/geneve\/wp-json\/wp\/v2\/pages\/220\/revisions"}],"predecessor-version":[{"id":31135,"href":"https:\/\/csp.ch\/geneve\/wp-json\/wp\/v2\/pages\/220\/revisions\/31135"}],"up":[{"embeddable":true,"href":"https:\/\/csp.ch\/geneve\/wp-json\/wp\/v2\/pages\/184"}],"wp:featuredmedia":[{"embeddable":true,"href":"https:\/\/csp.ch\/geneve\/wp-json\/wp\/v2\/media\/21990"}],"wp:attachment":[{"href":"https:\/\/csp.ch\/geneve\/wp-json\/wp\/v2\/media?parent=220"}],"curies":[{"name":"wp","href":"https:\/\/api.w.org\/{rel}","templated":true}]}}