{"id":21660,"date":"2023-08-29T17:56:14","date_gmt":"2023-08-29T15:56:14","guid":{"rendered":"https:\/\/csp.ch\/geneve\/?page_id=21660"},"modified":"2026-03-24T18:31:28","modified_gmt":"2026-03-24T17:31:28","slug":"soiree-de-soutien","status":"publish","type":"page","link":"https:\/\/csp.ch\/geneve\/soiree-de-soutien\/","title":{"rendered":"Billetterie soir\u00e9e de soutien"},"content":{"rendered":"<div class=\"wpb-content-wrapper\"><p>[vc_row][vc_column][vc_column_text css=\u00a0\u00bb\u00a0\u00bb]<strong>Cr\u00e9er, r\u00e9v\u00e9ler, soutenir<\/strong><\/p>\n<p>Le 17 juin prochain d\u00e8s 18h, venez d\u00e9couvrir les cr\u00e9ations de six jeunes adultes, \u00e0 travers un d\u00e9fil\u00e9 riche en \u00e9motion.<\/p>\n<p><a href=\"https:\/\/csp.ch\/wp-content\/uploads\/sites\/5\/2026\/03\/Soiree-Soutien-CSP-FLYER2026.pdf\">Retrouvez le programme ici<\/a>[\/vc_column_text]<div class=\"woocommerce columns-4 \"><ul class=\"products columns-4\">\n<li class=\"post-21662 product type-product status-publish product_cat-don product_cat-soiree-de-soutien first instock virtual purchasable product-type-simple\">\n\n\t<div class=\"product-infos\">\n\t\t\t\t<div class=\"col-left\">\n            <h2 class=\"woocommerce-loop-product__title\">Je souhaite faire un don de<\/h2><p><em data-renderer-mark=\"true\">\u00c0 partir de CHF 100.-, votre don est d\u00e9ductible des imp\u00f4ts. Merci<\/em><\/p>\n\t\t<\/div>\n\n\t\t<div class=\"col-right\">\n\t\t\t\n\t<span class=\"price\"><span class=\"woocommerce-Price-amount amount\"><bdi><span class=\"woocommerce-Price-currencySymbol\">&#67;&#72;&#70;<\/span>&nbsp;1.00<\/bdi><\/span><\/span>\n\n\t\n\t<form class=\"cart\" action=\"https:\/\/csp.ch\/geneve\/location-de-salles\/je-fais-un-don-de\/\" method=\"post\" enctype='multipart\/form-data'>\n\t\t\n\t\t    <div class=\"quantity\">\n\t\t\n\t\t<label class=\"screen-reader-text\" for=\"quantity_69db7e5a62d92\">quantit\u00e9 de Je souhaite faire un don de<\/label>\n\t\t<input\n\t\t\t\ttype=\"number\"\n\t\t\t\t\t\t\tid=\"quantity_69db7e5a62d92\"\n\t\t\t\tclass=\"input-text qty text\"\n\t\t\t\tname=\"quantity\"\n\t\t\t\tvalue=\"1\"\n\t\t\t\taria-label=\"Quantit\u00e9 de produits\"\n\t\t\t\t\t\t\t\tmin=\"1\"\n\t\t\t\t\t\t\t\t\t\t\tstep=\"1\"\n\t\t\t\tplaceholder=\"\"\n\t\t\t\tinputmode=\"numeric\"\n\t\t\t\tautocomplete=\"off\"\n\t\t\t\t\t\/>\n\t\t<label class=\"donation-amount\">Entrez le montant de votre don<br><input type=\"number\" name=\"_donation_amount\" value=\"1\" \/><\/label>    <\/div>\n\n\t\t<button type=\"submit\" name=\"add-to-cart\" value=\"21662\" class=\"single_add_to_cart_button button alt\">Ajouter au panier<\/button>\n\n\t\t\t<\/form>\n\n\t\n<a href=\"\/geneve\/wp-json\/wp\/v2\/pages\/21660?add-to-cart=21662\" aria-describedby=\"woocommerce_loop_add_to_cart_link_describedby_21662\" data-quantity=\"1\" class=\"button product_type_simple add_to_cart_button ajax_add_to_cart\" data-product_id=\"21662\" data-product_sku=\"\" aria-label=\"Ajouter au panier\u00a0: &ldquo;Je souhaite faire un don de&rdquo;\" rel=\"nofollow\" data-success_message=\"\u00ab\u00a0Je souhaite faire un don de\u00a0\u00bb a \u00e9t\u00e9 ajout\u00e9 \u00e0 votre panier\" role=\"button\">Ajouter au panier<\/a>\t<span id=\"woocommerce_loop_add_to_cart_link_describedby_21662\" class=\"screen-reader-text\">\n\t\t\t<\/span>\n\t\t<\/div>\n\t<\/div>\n\n<\/li>\n<\/ul>\n<\/div><div class=\"woocommerce columns-4 \"><ul class=\"products columns-4\">\n<li class=\"accept_plus_one post-21666 product type-product status-publish product_cat-evenement product_cat-soiree-de-soutien first instock virtual purchasable product-type-simple\">\n\n\t<div class=\"product-infos\">\n\t\t\t\t<div class=\"col-left\">\n            <h2 class=\"woocommerce-loop-product__title\">Billet standard<\/h2>\t\t<\/div>\n\n\t\t<div class=\"col-right\">\n\t\t\t\n\t<span class=\"price\"><span class=\"woocommerce-Price-amount amount\"><bdi><span class=\"woocommerce-Price-currencySymbol\">&#67;&#72;&#70;<\/span>&nbsp;75.00<\/bdi><\/span><\/span>\n<a href=\"\/geneve\/wp-json\/wp\/v2\/pages\/21660?add-to-cart=21666\" aria-describedby=\"woocommerce_loop_add_to_cart_link_describedby_21666\" data-quantity=\"1\" class=\"button product_type_simple add_to_cart_button ajax_add_to_cart\" data-product_id=\"21666\" data-product_sku=\"\" aria-label=\"Ajouter au panier\u00a0: &ldquo;Billet standard&rdquo;\" rel=\"nofollow\" data-success_message=\"\u00ab\u00a0Billet standard\u00a0\u00bb a \u00e9t\u00e9 ajout\u00e9 \u00e0 votre panier\" role=\"button\">Ajouter au panier<\/a>\t<span id=\"woocommerce_loop_add_to_cart_link_describedby_21666\" class=\"screen-reader-text\">\n\t\t\t<\/span>\n\t\t<\/div>\n\t<\/div>\n\n<\/li>\n<li class=\"accept_plus_one post-21665 product type-product status-publish product_cat-evenement product_cat-soiree-de-soutien  instock virtual purchasable product-type-simple\">\n\n\t<div class=\"product-infos\">\n\t\t\t\t<div class=\"col-left\">\n            <h2 class=\"woocommerce-loop-product__title\">Billet de soutien<\/h2>\t\t<\/div>\n\n\t\t<div class=\"col-right\">\n\t\t\t\n\t<span class=\"price\"><span class=\"woocommerce-Price-amount amount\"><bdi><span class=\"woocommerce-Price-currencySymbol\">&#67;&#72;&#70;<\/span>&nbsp;125.00<\/bdi><\/span><\/span>\n<a href=\"\/geneve\/wp-json\/wp\/v2\/pages\/21660?add-to-cart=21665\" aria-describedby=\"woocommerce_loop_add_to_cart_link_describedby_21665\" data-quantity=\"1\" class=\"button product_type_simple add_to_cart_button ajax_add_to_cart\" data-product_id=\"21665\" data-product_sku=\"\" aria-label=\"Ajouter au panier\u00a0: &ldquo;Billet de soutien&rdquo;\" rel=\"nofollow\" data-success_message=\"\u00ab\u00a0Billet de soutien\u00a0\u00bb a \u00e9t\u00e9 ajout\u00e9 \u00e0 votre panier\" role=\"button\">Ajouter au panier<\/a>\t<span id=\"woocommerce_loop_add_to_cart_link_describedby_21665\" class=\"screen-reader-text\">\n\t\t\t<\/span>\n\t\t<\/div>\n\t<\/div>\n\n<\/li>\n<li class=\"accept_plus_one post-21663 product type-product status-publish product_cat-evenement product_cat-soiree-de-soutien  instock virtual purchasable product-type-simple\">\n\n\t<div class=\"product-infos\">\n\t\t\t\t<div class=\"col-left\">\n            <h2 class=\"woocommerce-loop-product__title\">Billet grand donateur<\/h2>\t\t<\/div>\n\n\t\t<div class=\"col-right\">\n\t\t\t\n\t<span class=\"price\"><span class=\"woocommerce-Price-amount amount\"><bdi><span class=\"woocommerce-Price-currencySymbol\">&#67;&#72;&#70;<\/span>&nbsp;250.00<\/bdi><\/span><\/span>\n<a href=\"\/geneve\/wp-json\/wp\/v2\/pages\/21660?add-to-cart=21663\" aria-describedby=\"woocommerce_loop_add_to_cart_link_describedby_21663\" data-quantity=\"1\" class=\"button product_type_simple add_to_cart_button ajax_add_to_cart\" data-product_id=\"21663\" data-product_sku=\"\" aria-label=\"Ajouter au panier\u00a0: &ldquo;Billet grand donateur&rdquo;\" rel=\"nofollow\" data-success_message=\"\u00ab\u00a0Billet grand donateur\u00a0\u00bb a \u00e9t\u00e9 ajout\u00e9 \u00e0 votre panier\" role=\"button\">Ajouter au panier<\/a>\t<span id=\"woocommerce_loop_add_to_cart_link_describedby_21663\" class=\"screen-reader-text\">\n\t\t\t<\/span>\n\t\t<\/div>\n\t<\/div>\n\n<\/li>\n<\/ul>\n<\/div>[vc_column_text css=\u00a0\u00bb\u00a0\u00bb]La soir\u00e9e du soutien permet de r\u00e9colter des fonds pour soutenir les activit\u00e9s quotidiennes du CSP. En soutenant les actions concr\u00e8tes du CSP, vous contribuez directement \u00e0 lutter contre la pr\u00e9carit\u00e9. Votre g\u00e9n\u00e9rosit\u00e9 joue un r\u00f4le essentiel dans la construction d\u2019un avenir meilleur pour toutes et tous.<\/p>\n<p><span style=\"color: #ff9e16\"><strong>MERCI !<\/strong><\/span>[\/vc_column_text][\/vc_column][\/vc_row][vc_row][vc_column][vc_column_text css=\u00a0\u00bb\u00a0\u00bb]<span style=\"color: #f4960f\"><strong>Vous avez une question ? Vous rencontrez un probl\u00e8me ?<\/strong><\/span><\/p>\n<p>N&rsquo;h\u00e9sitez pas \u00e0 nous contacter\u00a0 !<\/p>\n<p>c&#111;&#x6d;&#x6d;u&#110;&#x69;&#x63;a&#116;&#x69;&#x6f;n&#64;&#x63;&#x73;p&#45;&#x67;&#x65;&#46;&#99;&#104;<br \/>\n022 807 07 25 (lun-jeu)[\/vc_column_text][\/vc_column][\/vc_row][vc_row][vc_column][vc_column_text css=\u00a0\u00bb\u00a0\u00bb]<strong><span style=\"color: #f4960f\">ACC\u00c8S<\/span><\/strong><\/p>\n<p><strong>Tram<\/strong> 12 et 18, arr\u00eat \u00ab Ancienne \u00bb<\/p>\n<p><strong>Parkings<\/strong><br \/>\nCentre communal \u2013 \u00e0 7 min. \u00e0 pied &#8211; (acc\u00e8s rue Joseph-Girard 13)<br \/>\nSardaigne \u2013 \u00e0 4 min. \u00e0 pied[\/vc_column_text][vc_goo_maps location=\u00a0\u00bbSalle des F\u00eates de Carouge, rue ancienne 37, 1227 Carouge\u00a0\u00bb zoom=\u00a0\u00bb15&Prime; css=\u00a0\u00bb\u00a0\u00bb][\/vc_column][\/vc_row][vc_row][vc_column][\/vc_column][\/vc_row]<\/p>\n<\/div>","protected":false},"excerpt":{"rendered":"<p>[vc_row][vc_column][vc_column_text css=\u00a0\u00bb\u00a0\u00bb]Cr\u00e9er, r\u00e9v\u00e9ler, soutenir Le 17 juin prochain d\u00e8s 18h, venez d\u00e9couvrir les cr\u00e9ations de six jeunes adultes, \u00e0 travers un d\u00e9fil\u00e9 riche en \u00e9motion. Retrouvez le programme ici[\/vc_column_text][vc_column_text css=\u00a0\u00bb\u00a0\u00bb]La soir\u00e9e du soutien permet de r\u00e9colter des fonds pour soutenir les activit\u00e9s quotidiennes du CSP. En soutenant les actions concr\u00e8tes du CSP, vous contribuez directement [&hellip;]<\/p>\n","protected":false},"author":1,"featured_media":31230,"parent":0,"menu_order":0,"comment_status":"closed","ping_status":"closed","template":"template-ticket.php","meta":{"_acf_changed":false,"footnotes":""},"class_list":["post-21660","page","type-page","status-publish","has-post-thumbnail","hentry"],"acf":[],"yoast_head":"<!-- This site is optimized with the Yoast SEO plugin v27.1.1 - https:\/\/yoast.com\/product\/yoast-seo-wordpress\/ -->\n<title>Billetterie soir\u00e9e de soutien - CSP Gen\u00e8ve<\/title>\n<meta name=\"robots\" content=\"index, follow, max-snippet:-1, max-image-preview:large, max-video-preview:-1\" \/>\n<link rel=\"canonical\" href=\"https:\/\/csp.ch\/geneve\/soiree-de-soutien\/\" \/>\n<meta property=\"og:locale\" content=\"fr_FR\" \/>\n<meta property=\"og:type\" content=\"article\" \/>\n<meta property=\"og:title\" content=\"Billetterie soir\u00e9e de soutien - CSP Gen\u00e8ve\" \/>\n<meta property=\"og:description\" content=\"[vc_row][vc_column][vc_column_text css=\u00a0\u00bb\u00a0\u00bb]Cr\u00e9er, r\u00e9v\u00e9ler, soutenir Le 17 juin prochain d\u00e8s 18h, venez d\u00e9couvrir les cr\u00e9ations de six jeunes adultes, \u00e0 travers un d\u00e9fil\u00e9 riche en \u00e9motion. Retrouvez le programme ici[\/vc_column_text][vc_column_text css=\u00a0\u00bb\u00a0\u00bb]La soir\u00e9e du soutien permet de r\u00e9colter des fonds pour soutenir les activit\u00e9s quotidiennes du CSP. En soutenant les actions concr\u00e8tes du CSP, vous contribuez directement [&hellip;]\" \/>\n<meta property=\"og:url\" content=\"https:\/\/csp.ch\/geneve\/soiree-de-soutien\/\" \/>\n<meta property=\"og:site_name\" content=\"CSP Gen\u00e8ve\" \/>\n<meta property=\"article:modified_time\" content=\"2026-03-24T17:31:28+00:00\" \/>\n<meta property=\"og:image\" content=\"https:\/\/csp.ch\/wp-content\/uploads\/sites\/5\/2026\/03\/Soiree-de-soutien.png\" \/>\n\t<meta property=\"og:image:width\" content=\"740\" \/>\n\t<meta property=\"og:image:height\" content=\"360\" \/>\n\t<meta property=\"og:image:type\" content=\"image\/png\" \/>\n<meta name=\"twitter:card\" content=\"summary_large_image\" \/>\n<meta name=\"twitter:label1\" content=\"Dur\u00e9e de lecture estim\u00e9e\" \/>\n\t<meta name=\"twitter:data1\" content=\"1 minute\" \/>\n<script type=\"application\/ld+json\" class=\"yoast-schema-graph\">{\"@context\":\"https:\/\/schema.org\",\"@graph\":[{\"@type\":\"WebPage\",\"@id\":\"https:\/\/csp.ch\/geneve\/soiree-de-soutien\/\",\"url\":\"https:\/\/csp.ch\/geneve\/soiree-de-soutien\/\",\"name\":\"Billetterie soir\u00e9e de soutien - CSP Gen\u00e8ve\",\"isPartOf\":{\"@id\":\"https:\/\/csp.ch\/geneve\/#website\"},\"primaryImageOfPage\":{\"@id\":\"https:\/\/csp.ch\/geneve\/soiree-de-soutien\/#primaryimage\"},\"image\":{\"@id\":\"https:\/\/csp.ch\/geneve\/soiree-de-soutien\/#primaryimage\"},\"thumbnailUrl\":\"https:\/\/csp.ch\/wp-content\/uploads\/sites\/5\/2026\/03\/Soiree-de-soutien.png\",\"datePublished\":\"2023-08-29T15:56:14+00:00\",\"dateModified\":\"2026-03-24T17:31:28+00:00\",\"breadcrumb\":{\"@id\":\"https:\/\/csp.ch\/geneve\/soiree-de-soutien\/#breadcrumb\"},\"inLanguage\":\"fr-FR\",\"potentialAction\":[{\"@type\":\"ReadAction\",\"target\":[\"https:\/\/csp.ch\/geneve\/soiree-de-soutien\/\"]}]},{\"@type\":\"ImageObject\",\"inLanguage\":\"fr-FR\",\"@id\":\"https:\/\/csp.ch\/geneve\/soiree-de-soutien\/#primaryimage\",\"url\":\"https:\/\/csp.ch\/wp-content\/uploads\/sites\/5\/2026\/03\/Soiree-de-soutien.png\",\"contentUrl\":\"https:\/\/csp.ch\/wp-content\/uploads\/sites\/5\/2026\/03\/Soiree-de-soutien.png\",\"width\":740,\"height\":360},{\"@type\":\"BreadcrumbList\",\"@id\":\"https:\/\/csp.ch\/geneve\/soiree-de-soutien\/#breadcrumb\",\"itemListElement\":[{\"@type\":\"ListItem\",\"position\":1,\"name\":\"Accueil\",\"item\":\"https:\/\/csp.ch\/geneve\/\"},{\"@type\":\"ListItem\",\"position\":2,\"name\":\"Billetterie soir\u00e9e de soutien\"}]},{\"@type\":\"WebSite\",\"@id\":\"https:\/\/csp.ch\/geneve\/#website\",\"url\":\"https:\/\/csp.ch\/geneve\/\",\"name\":\"CSP Gen\u00e8ve\",\"description\":\"\",\"potentialAction\":[{\"@type\":\"SearchAction\",\"target\":{\"@type\":\"EntryPoint\",\"urlTemplate\":\"https:\/\/csp.ch\/geneve\/?s={search_term_string}\"},\"query-input\":{\"@type\":\"PropertyValueSpecification\",\"valueRequired\":true,\"valueName\":\"search_term_string\"}}],\"inLanguage\":\"fr-FR\"}]}<\/script>\n<!-- \/ Yoast SEO plugin. -->","yoast_head_json":{"title":"Billetterie soir\u00e9e de soutien - CSP Gen\u00e8ve","robots":{"index":"index","follow":"follow","max-snippet":"max-snippet:-1","max-image-preview":"max-image-preview:large","max-video-preview":"max-video-preview:-1"},"canonical":"https:\/\/csp.ch\/geneve\/soiree-de-soutien\/","og_locale":"fr_FR","og_type":"article","og_title":"Billetterie soir\u00e9e de soutien - CSP Gen\u00e8ve","og_description":"[vc_row][vc_column][vc_column_text css=\u00a0\u00bb\u00a0\u00bb]Cr\u00e9er, r\u00e9v\u00e9ler, soutenir Le 17 juin prochain d\u00e8s 18h, venez d\u00e9couvrir les cr\u00e9ations de six jeunes adultes, \u00e0 travers un d\u00e9fil\u00e9 riche en \u00e9motion. Retrouvez le programme ici[\/vc_column_text][vc_column_text css=\u00a0\u00bb\u00a0\u00bb]La soir\u00e9e du soutien permet de r\u00e9colter des fonds pour soutenir les activit\u00e9s quotidiennes du CSP. En soutenant les actions concr\u00e8tes du CSP, vous contribuez directement [&hellip;]","og_url":"https:\/\/csp.ch\/geneve\/soiree-de-soutien\/","og_site_name":"CSP Gen\u00e8ve","article_modified_time":"2026-03-24T17:31:28+00:00","og_image":[{"width":740,"height":360,"url":"https:\/\/csp.ch\/wp-content\/uploads\/sites\/5\/2026\/03\/Soiree-de-soutien.png","type":"image\/png"}],"twitter_card":"summary_large_image","twitter_misc":{"Dur\u00e9e de lecture estim\u00e9e":"1 minute"},"schema":{"@context":"https:\/\/schema.org","@graph":[{"@type":"WebPage","@id":"https:\/\/csp.ch\/geneve\/soiree-de-soutien\/","url":"https:\/\/csp.ch\/geneve\/soiree-de-soutien\/","name":"Billetterie soir\u00e9e de soutien - CSP Gen\u00e8ve","isPartOf":{"@id":"https:\/\/csp.ch\/geneve\/#website"},"primaryImageOfPage":{"@id":"https:\/\/csp.ch\/geneve\/soiree-de-soutien\/#primaryimage"},"image":{"@id":"https:\/\/csp.ch\/geneve\/soiree-de-soutien\/#primaryimage"},"thumbnailUrl":"https:\/\/csp.ch\/wp-content\/uploads\/sites\/5\/2026\/03\/Soiree-de-soutien.png","datePublished":"2023-08-29T15:56:14+00:00","dateModified":"2026-03-24T17:31:28+00:00","breadcrumb":{"@id":"https:\/\/csp.ch\/geneve\/soiree-de-soutien\/#breadcrumb"},"inLanguage":"fr-FR","potentialAction":[{"@type":"ReadAction","target":["https:\/\/csp.ch\/geneve\/soiree-de-soutien\/"]}]},{"@type":"ImageObject","inLanguage":"fr-FR","@id":"https:\/\/csp.ch\/geneve\/soiree-de-soutien\/#primaryimage","url":"https:\/\/csp.ch\/wp-content\/uploads\/sites\/5\/2026\/03\/Soiree-de-soutien.png","contentUrl":"https:\/\/csp.ch\/wp-content\/uploads\/sites\/5\/2026\/03\/Soiree-de-soutien.png","width":740,"height":360},{"@type":"BreadcrumbList","@id":"https:\/\/csp.ch\/geneve\/soiree-de-soutien\/#breadcrumb","itemListElement":[{"@type":"ListItem","position":1,"name":"Accueil","item":"https:\/\/csp.ch\/geneve\/"},{"@type":"ListItem","position":2,"name":"Billetterie soir\u00e9e de soutien"}]},{"@type":"WebSite","@id":"https:\/\/csp.ch\/geneve\/#website","url":"https:\/\/csp.ch\/geneve\/","name":"CSP Gen\u00e8ve","description":"","potentialAction":[{"@type":"SearchAction","target":{"@type":"EntryPoint","urlTemplate":"https:\/\/csp.ch\/geneve\/?s={search_term_string}"},"query-input":{"@type":"PropertyValueSpecification","valueRequired":true,"valueName":"search_term_string"}}],"inLanguage":"fr-FR"}]}},"_links":{"self":[{"href":"https:\/\/csp.ch\/geneve\/wp-json\/wp\/v2\/pages\/21660","targetHints":{"allow":["GET"]}}],"collection":[{"href":"https:\/\/csp.ch\/geneve\/wp-json\/wp\/v2\/pages"}],"about":[{"href":"https:\/\/csp.ch\/geneve\/wp-json\/wp\/v2\/types\/page"}],"author":[{"embeddable":true,"href":"https:\/\/csp.ch\/geneve\/wp-json\/wp\/v2\/users\/1"}],"replies":[{"embeddable":true,"href":"https:\/\/csp.ch\/geneve\/wp-json\/wp\/v2\/comments?post=21660"}],"version-history":[{"count":4,"href":"https:\/\/csp.ch\/geneve\/wp-json\/wp\/v2\/pages\/21660\/revisions"}],"predecessor-version":[{"id":24013,"href":"https:\/\/csp.ch\/geneve\/wp-json\/wp\/v2\/pages\/21660\/revisions\/24013"}],"wp:featuredmedia":[{"embeddable":true,"href":"https:\/\/csp.ch\/geneve\/wp-json\/wp\/v2\/media\/31230"}],"wp:attachment":[{"href":"https:\/\/csp.ch\/geneve\/wp-json\/wp\/v2\/media?parent=21660"}],"curies":[{"name":"wp","href":"https:\/\/api.w.org\/{rel}","templated":true}]}}