{"id":19104,"date":"2022-10-13T13:27:02","date_gmt":"2022-10-13T11:27:02","guid":{"rendered":"https:\/\/csp.ch\/geneve\/?page_id=19104"},"modified":"2025-10-16T18:13:52","modified_gmt":"2025-10-16T16:13:52","slug":"achats-en-ligne","status":"publish","type":"page","link":"https:\/\/csp.ch\/geneve\/achats-en-ligne\/","title":{"rendered":"<strong>Achats en ligne<\/strong>"},"content":{"rendered":"<div class=\"wpb-content-wrapper\"><p>[vc_row][vc_column width=\u00a0\u00bb1\/4&Prime;][vc_column_text css=\u00a0\u00bb\u00a0\u00bb]<\/p>\n<h2>Vente de vin<\/h2>\n<p><a href=\"https:\/\/csp.ch\/geneve\/achats-en-ligne\/vente-de-vin\/\"><img loading=\"lazy\" decoding=\"async\" class=\"alignnone size-large wp-image-28288\" src=\"https:\/\/csp.ch\/wp-content\/uploads\/sites\/5\/2025\/10\/Vin-2025-1024x692.jpg\" alt=\"\" width=\"1024\" height=\"692\" srcset=\"https:\/\/csp.ch\/wp-content\/uploads\/sites\/5\/2025\/10\/Vin-2025-1024x692.jpg 1024w, https:\/\/csp.ch\/wp-content\/uploads\/sites\/5\/2025\/10\/Vin-2025-300x203.jpg 300w, https:\/\/csp.ch\/wp-content\/uploads\/sites\/5\/2025\/10\/Vin-2025-768x519.jpg 768w, https:\/\/csp.ch\/wp-content\/uploads\/sites\/5\/2025\/10\/Vin-2025-1536x1038.jpg 1536w, https:\/\/csp.ch\/wp-content\/uploads\/sites\/5\/2025\/10\/Vin-2025-327x221.jpg 327w, https:\/\/csp.ch\/wp-content\/uploads\/sites\/5\/2025\/10\/Vin-2025-740x500.jpg 740w, https:\/\/csp.ch\/wp-content\/uploads\/sites\/5\/2025\/10\/Vin-2025.jpg 1792w\" sizes=\"auto, (max-width: 1024px) 100vw, 1024px\" \/><\/a><\/p>\n<p style=\"text-align: left\">Achetez nos vins solidaires et soutenez les actions du CSP Gen\u00e8ve en faveur des personnes en difficult\u00e9.<\/p>\n<p style=\"text-align: left\"><br data-start=\"225\" data-end=\"228\" \/>Plaisir du vin, go\u00fbt de la solidarit\u00e9.<\/p>\n<p>[\/vc_column_text][vc_btn title=\u00a0\u00bbAcheter du vin\u00a0\u00bb color=\u00a0\u00bbwarning\u00a0\u00bb align=\u00a0\u00bbcenter\u00a0\u00bb css=\u00a0\u00bb\u00a0\u00bb button_block=\u00a0\u00bbtrue\u00a0\u00bb link=\u00a0\u00bburl:https%3A%2F%2Fcsp.ch%2Fgeneve%2Fachats-en-ligne%2Fvente-de-vin%2F|title:Vente%20de%20vin\u00a0\u00bb][\/vc_column][vc_column width=\u00a0\u00bb1\/4&Prime;][vc_column_text css=\u00a0\u00bb\u00a0\u00bb]<\/p>\n<h2><em>Gen\u00e8ve, terre d&rsquo;asile ?<\/em><\/h2>\n<p><a href=\"https:\/\/csp.ch\/geneve\/achats-en-ligne\/livre-geneve-terre-dasile\/\"><img loading=\"lazy\" decoding=\"async\" class=\"alignnone wp-image-18865 size-large\" src=\"https:\/\/csp.ch\/geneve\/wp-content\/uploads\/sites\/5\/2022\/10\/Couveture_geneveterredasile-748x1024.jpg\" alt=\"\" width=\"748\" height=\"1024\" \/><\/a><\/p>\n<p>A l\u2019occasion du 50\u00e8me anniversaire du service d&rsquo;aide aux r\u00e9fugi\u00e9\u00b7e\u00b7s, le CSP Gen\u00e8ve a plong\u00e9 dans ses archives pour retracer l\u2019histoire de l\u2019asile en Suisse et \u00e0 Gen\u00e8ve. Il en ressort un livre humaniste et engag\u00e9, qui rend hommage aux personnes r\u00e9fugi\u00e9es comme aux professionnel\u00b7le\u00b7s et aux personnalit\u00e9s qui les soutiennent. Cet ouvrage permet tant de se rem\u00e9morer les diff\u00e9rentes vagues d\u2019arriv\u00e9es, que d\u2019\u00e9voquer les enjeux actuels.[\/vc_column_text][vc_btn title=\u00a0\u00bbAcheter le livre\u00a0\u00bb color=\u00a0\u00bbwarning\u00a0\u00bb link=\u00a0\u00bburl:https%3A%2F%2Fcsp.ch%2Fgeneve%2Flivre-geneve-terre-dasile%2F|title:Livre%20Gen%C3%A8ve%3A%20Terre%20d&rsquo;asile\u00a0\u00bb][\/vc_column][vc_column width=\u00a0\u00bb1\/4&Prime;][vc_column_text]<\/p>\n<h2>Editions du CSP<\/h2>\n<p><img loading=\"lazy\" decoding=\"async\" class=\"alignnone size-full wp-image-15813\" src=\"https:\/\/csp.ch\/geneve\/wp-content\/uploads\/sites\/5\/2021\/12\/CoverAutorisationsdesejour_CSPVaud.jpg\" alt=\"\" width=\"740\" height=\"330\" srcset=\"https:\/\/csp.ch\/wp-content\/uploads\/sites\/5\/2021\/12\/CoverAutorisationsdesejour_CSPVaud.jpg 740w, https:\/\/csp.ch\/wp-content\/uploads\/sites\/5\/2021\/12\/CoverAutorisationsdesejour_CSPVaud-300x134.jpg 300w, https:\/\/csp.ch\/wp-content\/uploads\/sites\/5\/2021\/12\/CoverAutorisationsdesejour_CSPVaud-495x221.jpg 495w\" sizes=\"auto, (max-width: 740px) 100vw, 740px\" \/><\/p>\n<p>Les publications du CSP s\u2019adressent \u00e0 toute personne qui a besoin de renseignements sur les sujets propos\u00e9s. R\u00e9dig\u00e9s dans un langage accessible \u00e0 tous, ils repr\u00e9sentent aussi une source d\u2019informations utiles pour les professionnel\u00b7le\u00b7s.<\/p>\n<p>[\/vc_column_text][vc_btn title=\u00a0\u00bbVoir les produits\u00a0\u00bb link=\u00a0\u00bburl:https%3A%2F%2Fcsp.ch%2Fgeneve%2Fpresse%2Feditions-la-passerelle%2F|title:Editions%20du%20CSP\u00a0\u00bb][\/vc_column][\/vc_row]<\/p>\n<\/div>","protected":false},"excerpt":{"rendered":"<p>[vc_row][vc_column width=\u00a0\u00bb1\/4&Prime;][vc_column_text css=\u00a0\u00bb\u00a0\u00bb] Vente de vin Achetez nos vins solidaires et soutenez les actions du CSP Gen\u00e8ve en faveur des personnes en difficult\u00e9. Plaisir du vin, go\u00fbt de la solidarit\u00e9. [\/vc_column_text][vc_btn title=\u00a0\u00bbAcheter du vin\u00a0\u00bb color=\u00a0\u00bbwarning\u00a0\u00bb align=\u00a0\u00bbcenter\u00a0\u00bb css=\u00a0\u00bb\u00a0\u00bb button_block=\u00a0\u00bbtrue\u00a0\u00bb link=\u00a0\u00bburl:https%3A%2F%2Fcsp.ch%2Fgeneve%2Fachats-en-ligne%2Fvente-de-vin%2F|title:Vente%20de%20vin\u00a0\u00bb][\/vc_column][vc_column width=\u00a0\u00bb1\/4&Prime;][vc_column_text css=\u00a0\u00bb\u00a0\u00bb] Gen\u00e8ve, terre d&rsquo;asile ? A l\u2019occasion du 50\u00e8me anniversaire du service d&rsquo;aide aux r\u00e9fugi\u00e9\u00b7e\u00b7s, [&hellip;]<\/p>\n","protected":false},"author":1,"featured_media":0,"parent":0,"menu_order":0,"comment_status":"closed","ping_status":"closed","template":"template-nosidebar.php","meta":{"_acf_changed":false,"footnotes":""},"class_list":["post-19104","page","type-page","status-publish","hentry"],"acf":[],"yoast_head":"<!-- This site is optimized with the Yoast SEO plugin v27.1.1 - https:\/\/yoast.com\/product\/yoast-seo-wordpress\/ -->\n<title>Achats en ligne - CSP Gen\u00e8ve<\/title>\n<meta name=\"robots\" content=\"index, follow, max-snippet:-1, max-image-preview:large, max-video-preview:-1\" \/>\n<link rel=\"canonical\" href=\"https:\/\/csp.ch\/geneve\/achats-en-ligne\/\" \/>\n<meta property=\"og:locale\" content=\"fr_FR\" \/>\n<meta property=\"og:type\" content=\"article\" \/>\n<meta property=\"og:title\" content=\"Achats en ligne - CSP Gen\u00e8ve\" \/>\n<meta property=\"og:description\" content=\"[vc_row][vc_column width=\u00a0\u00bb1\/4&Prime;][vc_column_text css=\u00a0\u00bb\u00a0\u00bb] Vente de vin Achetez nos vins solidaires et soutenez les actions du CSP Gen\u00e8ve en faveur des personnes en difficult\u00e9. Plaisir du vin, go\u00fbt de la solidarit\u00e9. [\/vc_column_text][vc_btn title=\u00a0\u00bbAcheter du vin\u00a0\u00bb color=\u00a0\u00bbwarning\u00a0\u00bb align=\u00a0\u00bbcenter\u00a0\u00bb css=\u00a0\u00bb\u00a0\u00bb button_block=\u00a0\u00bbtrue\u00a0\u00bb link=\u00a0\u00bburl:https%3A%2F%2Fcsp.ch%2Fgeneve%2Fachats-en-ligne%2Fvente-de-vin%2F|title:Vente%20de%20vin\u00a0\u00bb][\/vc_column][vc_column width=\u00a0\u00bb1\/4&Prime;][vc_column_text css=\u00a0\u00bb\u00a0\u00bb] Gen\u00e8ve, terre d&rsquo;asile ? A l\u2019occasion du 50\u00e8me anniversaire du service d&rsquo;aide aux r\u00e9fugi\u00e9\u00b7e\u00b7s, [&hellip;]\" \/>\n<meta property=\"og:url\" content=\"https:\/\/csp.ch\/geneve\/achats-en-ligne\/\" \/>\n<meta property=\"og:site_name\" content=\"CSP Gen\u00e8ve\" \/>\n<meta property=\"article:modified_time\" content=\"2025-10-16T16:13:52+00:00\" \/>\n<meta property=\"og:image\" content=\"https:\/\/csp.ch\/wp-content\/uploads\/sites\/5\/2025\/10\/Vin-2025.jpg\" \/>\n\t<meta property=\"og:image:width\" content=\"1792\" \/>\n\t<meta property=\"og:image:height\" content=\"1211\" \/>\n\t<meta property=\"og:image:type\" content=\"image\/jpeg\" \/>\n<meta name=\"twitter:card\" content=\"summary_large_image\" \/>\n<meta name=\"twitter:label1\" content=\"Dur\u00e9e de lecture estim\u00e9e\" \/>\n\t<meta name=\"twitter:data1\" content=\"2 minutes\" \/>\n<script type=\"application\/ld+json\" class=\"yoast-schema-graph\">{\"@context\":\"https:\/\/schema.org\",\"@graph\":[{\"@type\":\"WebPage\",\"@id\":\"https:\/\/csp.ch\/geneve\/achats-en-ligne\/\",\"url\":\"https:\/\/csp.ch\/geneve\/achats-en-ligne\/\",\"name\":\"Achats en ligne - CSP Gen\u00e8ve\",\"isPartOf\":{\"@id\":\"https:\/\/csp.ch\/geneve\/#website\"},\"primaryImageOfPage\":{\"@id\":\"https:\/\/csp.ch\/geneve\/achats-en-ligne\/#primaryimage\"},\"image\":{\"@id\":\"https:\/\/csp.ch\/geneve\/achats-en-ligne\/#primaryimage\"},\"thumbnailUrl\":\"https:\/\/csp.ch\/wp-content\/uploads\/sites\/5\/2025\/10\/Vin-2025-1024x692.jpg\",\"datePublished\":\"2022-10-13T11:27:02+00:00\",\"dateModified\":\"2025-10-16T16:13:52+00:00\",\"breadcrumb\":{\"@id\":\"https:\/\/csp.ch\/geneve\/achats-en-ligne\/#breadcrumb\"},\"inLanguage\":\"fr-FR\",\"potentialAction\":[{\"@type\":\"ReadAction\",\"target\":[\"https:\/\/csp.ch\/geneve\/achats-en-ligne\/\"]}]},{\"@type\":\"ImageObject\",\"inLanguage\":\"fr-FR\",\"@id\":\"https:\/\/csp.ch\/geneve\/achats-en-ligne\/#primaryimage\",\"url\":\"https:\/\/csp.ch\/wp-content\/uploads\/sites\/5\/2025\/10\/Vin-2025-1024x692.jpg\",\"contentUrl\":\"https:\/\/csp.ch\/wp-content\/uploads\/sites\/5\/2025\/10\/Vin-2025-1024x692.jpg\"},{\"@type\":\"BreadcrumbList\",\"@id\":\"https:\/\/csp.ch\/geneve\/achats-en-ligne\/#breadcrumb\",\"itemListElement\":[{\"@type\":\"ListItem\",\"position\":1,\"name\":\"Accueil\",\"item\":\"https:\/\/csp.ch\/geneve\/\"},{\"@type\":\"ListItem\",\"position\":2,\"name\":\"Achats en ligne\"}]},{\"@type\":\"WebSite\",\"@id\":\"https:\/\/csp.ch\/geneve\/#website\",\"url\":\"https:\/\/csp.ch\/geneve\/\",\"name\":\"CSP Gen\u00e8ve\",\"description\":\"\",\"potentialAction\":[{\"@type\":\"SearchAction\",\"target\":{\"@type\":\"EntryPoint\",\"urlTemplate\":\"https:\/\/csp.ch\/geneve\/?s={search_term_string}\"},\"query-input\":{\"@type\":\"PropertyValueSpecification\",\"valueRequired\":true,\"valueName\":\"search_term_string\"}}],\"inLanguage\":\"fr-FR\"}]}<\/script>\n<!-- \/ Yoast SEO plugin. -->","yoast_head_json":{"title":"Achats en ligne - CSP Gen\u00e8ve","robots":{"index":"index","follow":"follow","max-snippet":"max-snippet:-1","max-image-preview":"max-image-preview:large","max-video-preview":"max-video-preview:-1"},"canonical":"https:\/\/csp.ch\/geneve\/achats-en-ligne\/","og_locale":"fr_FR","og_type":"article","og_title":"Achats en ligne - CSP Gen\u00e8ve","og_description":"[vc_row][vc_column width=\u00a0\u00bb1\/4&Prime;][vc_column_text css=\u00a0\u00bb\u00a0\u00bb] Vente de vin Achetez nos vins solidaires et soutenez les actions du CSP Gen\u00e8ve en faveur des personnes en difficult\u00e9. Plaisir du vin, go\u00fbt de la solidarit\u00e9. [\/vc_column_text][vc_btn title=\u00a0\u00bbAcheter du vin\u00a0\u00bb color=\u00a0\u00bbwarning\u00a0\u00bb align=\u00a0\u00bbcenter\u00a0\u00bb css=\u00a0\u00bb\u00a0\u00bb button_block=\u00a0\u00bbtrue\u00a0\u00bb link=\u00a0\u00bburl:https%3A%2F%2Fcsp.ch%2Fgeneve%2Fachats-en-ligne%2Fvente-de-vin%2F|title:Vente%20de%20vin\u00a0\u00bb][\/vc_column][vc_column width=\u00a0\u00bb1\/4&Prime;][vc_column_text css=\u00a0\u00bb\u00a0\u00bb] Gen\u00e8ve, terre d&rsquo;asile ? A l\u2019occasion du 50\u00e8me anniversaire du service d&rsquo;aide aux r\u00e9fugi\u00e9\u00b7e\u00b7s, [&hellip;]","og_url":"https:\/\/csp.ch\/geneve\/achats-en-ligne\/","og_site_name":"CSP Gen\u00e8ve","article_modified_time":"2025-10-16T16:13:52+00:00","og_image":[{"width":1792,"height":1211,"url":"https:\/\/csp.ch\/wp-content\/uploads\/sites\/5\/2025\/10\/Vin-2025.jpg","type":"image\/jpeg"}],"twitter_card":"summary_large_image","twitter_misc":{"Dur\u00e9e de lecture estim\u00e9e":"2 minutes"},"schema":{"@context":"https:\/\/schema.org","@graph":[{"@type":"WebPage","@id":"https:\/\/csp.ch\/geneve\/achats-en-ligne\/","url":"https:\/\/csp.ch\/geneve\/achats-en-ligne\/","name":"Achats en ligne - CSP Gen\u00e8ve","isPartOf":{"@id":"https:\/\/csp.ch\/geneve\/#website"},"primaryImageOfPage":{"@id":"https:\/\/csp.ch\/geneve\/achats-en-ligne\/#primaryimage"},"image":{"@id":"https:\/\/csp.ch\/geneve\/achats-en-ligne\/#primaryimage"},"thumbnailUrl":"https:\/\/csp.ch\/wp-content\/uploads\/sites\/5\/2025\/10\/Vin-2025-1024x692.jpg","datePublished":"2022-10-13T11:27:02+00:00","dateModified":"2025-10-16T16:13:52+00:00","breadcrumb":{"@id":"https:\/\/csp.ch\/geneve\/achats-en-ligne\/#breadcrumb"},"inLanguage":"fr-FR","potentialAction":[{"@type":"ReadAction","target":["https:\/\/csp.ch\/geneve\/achats-en-ligne\/"]}]},{"@type":"ImageObject","inLanguage":"fr-FR","@id":"https:\/\/csp.ch\/geneve\/achats-en-ligne\/#primaryimage","url":"https:\/\/csp.ch\/wp-content\/uploads\/sites\/5\/2025\/10\/Vin-2025-1024x692.jpg","contentUrl":"https:\/\/csp.ch\/wp-content\/uploads\/sites\/5\/2025\/10\/Vin-2025-1024x692.jpg"},{"@type":"BreadcrumbList","@id":"https:\/\/csp.ch\/geneve\/achats-en-ligne\/#breadcrumb","itemListElement":[{"@type":"ListItem","position":1,"name":"Accueil","item":"https:\/\/csp.ch\/geneve\/"},{"@type":"ListItem","position":2,"name":"Achats en ligne"}]},{"@type":"WebSite","@id":"https:\/\/csp.ch\/geneve\/#website","url":"https:\/\/csp.ch\/geneve\/","name":"CSP Gen\u00e8ve","description":"","potentialAction":[{"@type":"SearchAction","target":{"@type":"EntryPoint","urlTemplate":"https:\/\/csp.ch\/geneve\/?s={search_term_string}"},"query-input":{"@type":"PropertyValueSpecification","valueRequired":true,"valueName":"search_term_string"}}],"inLanguage":"fr-FR"}]}},"_links":{"self":[{"href":"https:\/\/csp.ch\/geneve\/wp-json\/wp\/v2\/pages\/19104","targetHints":{"allow":["GET"]}}],"collection":[{"href":"https:\/\/csp.ch\/geneve\/wp-json\/wp\/v2\/pages"}],"about":[{"href":"https:\/\/csp.ch\/geneve\/wp-json\/wp\/v2\/types\/page"}],"author":[{"embeddable":true,"href":"https:\/\/csp.ch\/geneve\/wp-json\/wp\/v2\/users\/1"}],"replies":[{"embeddable":true,"href":"https:\/\/csp.ch\/geneve\/wp-json\/wp\/v2\/comments?post=19104"}],"version-history":[{"count":3,"href":"https:\/\/csp.ch\/geneve\/wp-json\/wp\/v2\/pages\/19104\/revisions"}],"predecessor-version":[{"id":28310,"href":"https:\/\/csp.ch\/geneve\/wp-json\/wp\/v2\/pages\/19104\/revisions\/28310"}],"wp:attachment":[{"href":"https:\/\/csp.ch\/geneve\/wp-json\/wp\/v2\/media?parent=19104"}],"curies":[{"name":"wp","href":"https:\/\/api.w.org\/{rel}","templated":true}]}}