{"id":19096,"date":"2022-10-13T12:38:32","date_gmt":"2022-10-13T10:38:32","guid":{"rendered":"https:\/\/csp.ch\/geneve\/?page_id=19096"},"modified":"2022-11-30T12:19:01","modified_gmt":"2022-11-30T11:19:01","slug":"livre-geneve-terre-dasile","status":"publish","type":"page","link":"https:\/\/csp.ch\/geneve\/achats-en-ligne\/livre-geneve-terre-dasile\/","title":{"rendered":"Gen\u00e8ve, terre d\u2019asile?"},"content":{"rendered":"<div class=\"wpb-content-wrapper\"><p>[vc_row][vc_column][vc_column_text]<img loading=\"lazy\" decoding=\"async\" class=\"aligncenter wp-image-19249\" src=\"https:\/\/csp.ch\/geneve\/wp-content\/uploads\/sites\/5\/2020\/10\/Couveture_geneveterredasile-219x300.jpg\" alt=\"\" width=\"300\" height=\"411\" srcset=\"https:\/\/csp.ch\/wp-content\/uploads\/sites\/5\/2020\/10\/Couveture_geneveterredasile-219x300.jpg 219w, https:\/\/csp.ch\/wp-content\/uploads\/sites\/5\/2020\/10\/Couveture_geneveterredasile-748x1024.jpg 748w, https:\/\/csp.ch\/wp-content\/uploads\/sites\/5\/2020\/10\/Couveture_geneveterredasile-768x1052.jpg 768w, https:\/\/csp.ch\/wp-content\/uploads\/sites\/5\/2020\/10\/Couveture_geneveterredasile-1122x1536.jpg 1122w, https:\/\/csp.ch\/wp-content\/uploads\/sites\/5\/2020\/10\/Couveture_geneveterredasile-1495x2048.jpg 1495w, https:\/\/csp.ch\/wp-content\/uploads\/sites\/5\/2020\/10\/Couveture_geneveterredasile-161x221.jpg 161w, https:\/\/csp.ch\/wp-content\/uploads\/sites\/5\/2020\/10\/Couveture_geneveterredasile-300x411.jpg 300w, https:\/\/csp.ch\/wp-content\/uploads\/sites\/5\/2020\/10\/Couveture_geneveterredasile-740x1013.jpg 740w, https:\/\/csp.ch\/wp-content\/uploads\/sites\/5\/2020\/10\/Couveture_geneveterredasile.jpg 1800w\" sizes=\"auto, (max-width: 300px) 100vw, 300px\" \/><\/p>\n<p>Le Centre social protestant (CSP) joue un r\u00f4le central dans la d\u00e9fense du droit d\u2019asile \u00e0 Gen\u00e8ve. \u00c0 l\u2019occasion du 50e anniversaire de la cr\u00e9ation de son Service d\u2019aide aux r\u00e9fugi\u00e9s, l\u2019association plonge dans ses archives pour retracer l\u2019histoire de l\u2019asile en Suisse et \u00e0 Gen\u00e8ve. En ressort un ouvrage humaniste et engag\u00e9, qui permet tant de se rem\u00e9morer les diff\u00e9rentes vagues migratoires et de solidarit\u00e9 que d\u2019\u00e9voquer les enjeux actuels.<\/p>\n<p>Dans <em>Gen\u00e8ve, terre d&rsquo;asile ?<\/em>, il est question avant tout de femmes, d\u2019hommes et d\u2019enfants qui cherchent une protection, mais aussi des durcissements incessants du droit qui conditionnent leur quotidien, d\u2019h\u00e9bergements pr\u00e9caires, de proc\u00e9dures qui se passeraient \u00e0 huis clos sans l\u2019insistance d\u2019une soci\u00e9t\u00e9 civile toujours mobilis\u00e9e, de politiques publiques si d\u00e9licates \u00e0 mettre en \u0153uvre qu\u2019elles font l\u2019objet d\u2019innombrables r\u00e9formes.<\/p>\n<p>Dans le tumulte du d\u00e9bat public sur l\u2019asile, le CSP s\u2019attache aussi \u00e0 redonner un visage aux r\u00e9fugi\u00e9s, pour qu\u2019ils ne soient pas seulement r\u00e9duits \u00e0 des statistiques. Alors, Gen\u00e8ve a-t-elle \u00e9t\u00e9 une terre d\u2019asile ? Et le reste-t-elle aujourd\u2019hui ?<\/p>\n<p>&nbsp;<\/p>\n<p>Auteur : Aldo Brina &#8211; charg\u00e9 d&rsquo;information au CSP Gen\u00e8ve, et al.<\/p>\n<p>Date de parution : novembre 2022<\/p>\n<p>Editeur : Labor et Fides[\/vc_column_text][\/vc_column][\/vc_row][vc_row][vc_column]<div class=\"woocommerce columns-4 \"><ul class=\"products columns-4\">\n<li class=\"post-19098 product type-product status-publish product_cat-livre first instock shipping-taxable purchasable product-type-simple\">\n\n\t<div class=\"product-infos\">\n\t\t\t\t<div class=\"col-left\">\n            <h2 class=\"woocommerce-loop-product__title\">Gen\u00e8ve, terre d&rsquo;asile ?<\/h2><p>Commandez votre livre au prix de soutien de CHF 50.- (TTC)<\/p>\n\t\t<\/div>\n\n\t\t<div class=\"col-right\">\n\t\t\t\n\t<span class=\"price\"><span class=\"woocommerce-Price-amount amount\"><bdi><span class=\"woocommerce-Price-currencySymbol\">&#67;&#72;&#70;<\/span>&nbsp;50.00<\/bdi><\/span><\/span>\n<a href=\"\/geneve\/wp-json\/wp\/v2\/pages\/19096?add-to-cart=19098\" aria-describedby=\"woocommerce_loop_add_to_cart_link_describedby_19098\" data-quantity=\"1\" class=\"button product_type_simple add_to_cart_button ajax_add_to_cart\" data-product_id=\"19098\" data-product_sku=\"\" aria-label=\"Ajouter au panier\u00a0: &ldquo;Gen\u00e8ve, terre d&#039;asile ?&rdquo;\" rel=\"nofollow\" data-success_message=\"\u00ab\u00a0Gen\u00e8ve, terre d&#039;asile ?\u00a0\u00bb a \u00e9t\u00e9 ajout\u00e9 \u00e0 votre panier\" role=\"button\">Ajouter au panier<\/a>\t<span id=\"woocommerce_loop_add_to_cart_link_describedby_19098\" class=\"screen-reader-text\">\n\t\t\t<\/span>\n\t\t<\/div>\n\t<\/div>\n\n<\/li>\n<li class=\"post-19848 product type-product status-publish product_cat-livre  instock shipping-taxable purchasable product-type-simple\">\n\n\t<div class=\"product-infos\">\n\t\t\t\t<div class=\"col-left\">\n            <h2 class=\"woocommerce-loop-product__title\">Gen\u00e8ve, terre d&rsquo;asile ?<\/h2><p>Achetez le livre au prix de vente de CHF 25.- (TTC)<\/p>\n\t\t<\/div>\n\n\t\t<div class=\"col-right\">\n\t\t\t\n\t<span class=\"price\"><span class=\"woocommerce-Price-amount amount\"><bdi><span class=\"woocommerce-Price-currencySymbol\">&#67;&#72;&#70;<\/span>&nbsp;25.00<\/bdi><\/span><\/span>\n<a href=\"\/geneve\/wp-json\/wp\/v2\/pages\/19096?add-to-cart=19848\" aria-describedby=\"woocommerce_loop_add_to_cart_link_describedby_19848\" data-quantity=\"1\" class=\"button product_type_simple add_to_cart_button ajax_add_to_cart\" data-product_id=\"19848\" data-product_sku=\"\" aria-label=\"Ajouter au panier\u00a0: &ldquo;Gen\u00e8ve, terre d&#039;asile ?&rdquo;\" rel=\"nofollow\" data-success_message=\"\u00ab\u00a0Gen\u00e8ve, terre d&#039;asile ?\u00a0\u00bb a \u00e9t\u00e9 ajout\u00e9 \u00e0 votre panier\" role=\"button\">Ajouter au panier<\/a>\t<span id=\"woocommerce_loop_add_to_cart_link_describedby_19848\" class=\"screen-reader-text\">\n\t\t\t<\/span>\n\t\t<\/div>\n\t<\/div>\n\n<\/li>\n<\/ul>\n<\/div>[\/vc_column][\/vc_row]<\/p>\n<\/div>","protected":false},"excerpt":{"rendered":"<p>[vc_row][vc_column][vc_column_text] Le Centre social protestant (CSP) joue un r\u00f4le central dans la d\u00e9fense du droit d\u2019asile \u00e0 Gen\u00e8ve. \u00c0 l\u2019occasion du 50e anniversaire de la cr\u00e9ation de son Service d\u2019aide aux r\u00e9fugi\u00e9s, l\u2019association plonge dans ses archives pour retracer l\u2019histoire de l\u2019asile en Suisse et \u00e0 Gen\u00e8ve. En ressort un ouvrage humaniste et engag\u00e9, qui [&hellip;]<\/p>\n","protected":false},"author":1,"featured_media":0,"parent":19104,"menu_order":0,"comment_status":"closed","ping_status":"closed","template":"","meta":{"_acf_changed":false,"footnotes":""},"class_list":["post-19096","page","type-page","status-publish","hentry"],"acf":[],"yoast_head":"<!-- This site is optimized with the Yoast SEO plugin v27.1.1 - https:\/\/yoast.com\/product\/yoast-seo-wordpress\/ -->\n<title>Gen\u00e8ve, terre d\u2019asile? - CSP Gen\u00e8ve<\/title>\n<meta name=\"robots\" content=\"index, follow, max-snippet:-1, max-image-preview:large, max-video-preview:-1\" \/>\n<link rel=\"canonical\" href=\"https:\/\/csp.ch\/geneve\/achats-en-ligne\/livre-geneve-terre-dasile\/\" \/>\n<meta property=\"og:locale\" content=\"fr_FR\" \/>\n<meta property=\"og:type\" content=\"article\" \/>\n<meta property=\"og:title\" content=\"Gen\u00e8ve, terre d\u2019asile? - CSP Gen\u00e8ve\" \/>\n<meta property=\"og:description\" content=\"[vc_row][vc_column][vc_column_text] Le Centre social protestant (CSP) joue un r\u00f4le central dans la d\u00e9fense du droit d\u2019asile \u00e0 Gen\u00e8ve. \u00c0 l\u2019occasion du 50e anniversaire de la cr\u00e9ation de son Service d\u2019aide aux r\u00e9fugi\u00e9s, l\u2019association plonge dans ses archives pour retracer l\u2019histoire de l\u2019asile en Suisse et \u00e0 Gen\u00e8ve. En ressort un ouvrage humaniste et engag\u00e9, qui [&hellip;]\" \/>\n<meta property=\"og:url\" content=\"https:\/\/csp.ch\/geneve\/achats-en-ligne\/livre-geneve-terre-dasile\/\" \/>\n<meta property=\"og:site_name\" content=\"CSP Gen\u00e8ve\" \/>\n<meta property=\"article:modified_time\" content=\"2022-11-30T11:19:01+00:00\" \/>\n<meta property=\"og:image\" content=\"https:\/\/csp.ch\/geneve\/wp-content\/uploads\/sites\/5\/2020\/10\/Couveture_geneveterredasile-219x300.jpg\" \/>\n<meta name=\"twitter:card\" content=\"summary_large_image\" \/>\n<meta name=\"twitter:label1\" content=\"Dur\u00e9e de lecture estim\u00e9e\" \/>\n\t<meta name=\"twitter:data1\" content=\"2 minutes\" \/>\n<script type=\"application\/ld+json\" class=\"yoast-schema-graph\">{\"@context\":\"https:\/\/schema.org\",\"@graph\":[{\"@type\":\"WebPage\",\"@id\":\"https:\/\/csp.ch\/geneve\/achats-en-ligne\/livre-geneve-terre-dasile\/\",\"url\":\"https:\/\/csp.ch\/geneve\/achats-en-ligne\/livre-geneve-terre-dasile\/\",\"name\":\"Gen\u00e8ve, terre d\u2019asile? - CSP Gen\u00e8ve\",\"isPartOf\":{\"@id\":\"https:\/\/csp.ch\/geneve\/#website\"},\"primaryImageOfPage\":{\"@id\":\"https:\/\/csp.ch\/geneve\/achats-en-ligne\/livre-geneve-terre-dasile\/#primaryimage\"},\"image\":{\"@id\":\"https:\/\/csp.ch\/geneve\/achats-en-ligne\/livre-geneve-terre-dasile\/#primaryimage\"},\"thumbnailUrl\":\"https:\/\/csp.ch\/geneve\/wp-content\/uploads\/sites\/5\/2020\/10\/Couveture_geneveterredasile-219x300.jpg\",\"datePublished\":\"2022-10-13T10:38:32+00:00\",\"dateModified\":\"2022-11-30T11:19:01+00:00\",\"breadcrumb\":{\"@id\":\"https:\/\/csp.ch\/geneve\/achats-en-ligne\/livre-geneve-terre-dasile\/#breadcrumb\"},\"inLanguage\":\"fr-FR\",\"potentialAction\":[{\"@type\":\"ReadAction\",\"target\":[\"https:\/\/csp.ch\/geneve\/achats-en-ligne\/livre-geneve-terre-dasile\/\"]}]},{\"@type\":\"ImageObject\",\"inLanguage\":\"fr-FR\",\"@id\":\"https:\/\/csp.ch\/geneve\/achats-en-ligne\/livre-geneve-terre-dasile\/#primaryimage\",\"url\":\"https:\/\/csp.ch\/geneve\/wp-content\/uploads\/sites\/5\/2020\/10\/Couveture_geneveterredasile-219x300.jpg\",\"contentUrl\":\"https:\/\/csp.ch\/geneve\/wp-content\/uploads\/sites\/5\/2020\/10\/Couveture_geneveterredasile-219x300.jpg\"},{\"@type\":\"BreadcrumbList\",\"@id\":\"https:\/\/csp.ch\/geneve\/achats-en-ligne\/livre-geneve-terre-dasile\/#breadcrumb\",\"itemListElement\":[{\"@type\":\"ListItem\",\"position\":1,\"name\":\"Accueil\",\"item\":\"https:\/\/csp.ch\/geneve\/\"},{\"@type\":\"ListItem\",\"position\":2,\"name\":\"Achats en ligne\",\"item\":\"https:\/\/csp.ch\/geneve\/achats-en-ligne\/\"},{\"@type\":\"ListItem\",\"position\":3,\"name\":\"Gen\u00e8ve, terre d\u2019asile?\"}]},{\"@type\":\"WebSite\",\"@id\":\"https:\/\/csp.ch\/geneve\/#website\",\"url\":\"https:\/\/csp.ch\/geneve\/\",\"name\":\"CSP Gen\u00e8ve\",\"description\":\"\",\"potentialAction\":[{\"@type\":\"SearchAction\",\"target\":{\"@type\":\"EntryPoint\",\"urlTemplate\":\"https:\/\/csp.ch\/geneve\/?s={search_term_string}\"},\"query-input\":{\"@type\":\"PropertyValueSpecification\",\"valueRequired\":true,\"valueName\":\"search_term_string\"}}],\"inLanguage\":\"fr-FR\"}]}<\/script>\n<!-- \/ Yoast SEO plugin. -->","yoast_head_json":{"title":"Gen\u00e8ve, terre d\u2019asile? - CSP Gen\u00e8ve","robots":{"index":"index","follow":"follow","max-snippet":"max-snippet:-1","max-image-preview":"max-image-preview:large","max-video-preview":"max-video-preview:-1"},"canonical":"https:\/\/csp.ch\/geneve\/achats-en-ligne\/livre-geneve-terre-dasile\/","og_locale":"fr_FR","og_type":"article","og_title":"Gen\u00e8ve, terre d\u2019asile? - CSP Gen\u00e8ve","og_description":"[vc_row][vc_column][vc_column_text] Le Centre social protestant (CSP) joue un r\u00f4le central dans la d\u00e9fense du droit d\u2019asile \u00e0 Gen\u00e8ve. \u00c0 l\u2019occasion du 50e anniversaire de la cr\u00e9ation de son Service d\u2019aide aux r\u00e9fugi\u00e9s, l\u2019association plonge dans ses archives pour retracer l\u2019histoire de l\u2019asile en Suisse et \u00e0 Gen\u00e8ve. En ressort un ouvrage humaniste et engag\u00e9, qui [&hellip;]","og_url":"https:\/\/csp.ch\/geneve\/achats-en-ligne\/livre-geneve-terre-dasile\/","og_site_name":"CSP Gen\u00e8ve","article_modified_time":"2022-11-30T11:19:01+00:00","og_image":[{"url":"https:\/\/csp.ch\/geneve\/wp-content\/uploads\/sites\/5\/2020\/10\/Couveture_geneveterredasile-219x300.jpg","type":"","width":"","height":""}],"twitter_card":"summary_large_image","twitter_misc":{"Dur\u00e9e de lecture estim\u00e9e":"2 minutes"},"schema":{"@context":"https:\/\/schema.org","@graph":[{"@type":"WebPage","@id":"https:\/\/csp.ch\/geneve\/achats-en-ligne\/livre-geneve-terre-dasile\/","url":"https:\/\/csp.ch\/geneve\/achats-en-ligne\/livre-geneve-terre-dasile\/","name":"Gen\u00e8ve, terre d\u2019asile? - CSP Gen\u00e8ve","isPartOf":{"@id":"https:\/\/csp.ch\/geneve\/#website"},"primaryImageOfPage":{"@id":"https:\/\/csp.ch\/geneve\/achats-en-ligne\/livre-geneve-terre-dasile\/#primaryimage"},"image":{"@id":"https:\/\/csp.ch\/geneve\/achats-en-ligne\/livre-geneve-terre-dasile\/#primaryimage"},"thumbnailUrl":"https:\/\/csp.ch\/geneve\/wp-content\/uploads\/sites\/5\/2020\/10\/Couveture_geneveterredasile-219x300.jpg","datePublished":"2022-10-13T10:38:32+00:00","dateModified":"2022-11-30T11:19:01+00:00","breadcrumb":{"@id":"https:\/\/csp.ch\/geneve\/achats-en-ligne\/livre-geneve-terre-dasile\/#breadcrumb"},"inLanguage":"fr-FR","potentialAction":[{"@type":"ReadAction","target":["https:\/\/csp.ch\/geneve\/achats-en-ligne\/livre-geneve-terre-dasile\/"]}]},{"@type":"ImageObject","inLanguage":"fr-FR","@id":"https:\/\/csp.ch\/geneve\/achats-en-ligne\/livre-geneve-terre-dasile\/#primaryimage","url":"https:\/\/csp.ch\/geneve\/wp-content\/uploads\/sites\/5\/2020\/10\/Couveture_geneveterredasile-219x300.jpg","contentUrl":"https:\/\/csp.ch\/geneve\/wp-content\/uploads\/sites\/5\/2020\/10\/Couveture_geneveterredasile-219x300.jpg"},{"@type":"BreadcrumbList","@id":"https:\/\/csp.ch\/geneve\/achats-en-ligne\/livre-geneve-terre-dasile\/#breadcrumb","itemListElement":[{"@type":"ListItem","position":1,"name":"Accueil","item":"https:\/\/csp.ch\/geneve\/"},{"@type":"ListItem","position":2,"name":"Achats en ligne","item":"https:\/\/csp.ch\/geneve\/achats-en-ligne\/"},{"@type":"ListItem","position":3,"name":"Gen\u00e8ve, terre d\u2019asile?"}]},{"@type":"WebSite","@id":"https:\/\/csp.ch\/geneve\/#website","url":"https:\/\/csp.ch\/geneve\/","name":"CSP Gen\u00e8ve","description":"","potentialAction":[{"@type":"SearchAction","target":{"@type":"EntryPoint","urlTemplate":"https:\/\/csp.ch\/geneve\/?s={search_term_string}"},"query-input":{"@type":"PropertyValueSpecification","valueRequired":true,"valueName":"search_term_string"}}],"inLanguage":"fr-FR"}]}},"_links":{"self":[{"href":"https:\/\/csp.ch\/geneve\/wp-json\/wp\/v2\/pages\/19096","targetHints":{"allow":["GET"]}}],"collection":[{"href":"https:\/\/csp.ch\/geneve\/wp-json\/wp\/v2\/pages"}],"about":[{"href":"https:\/\/csp.ch\/geneve\/wp-json\/wp\/v2\/types\/page"}],"author":[{"embeddable":true,"href":"https:\/\/csp.ch\/geneve\/wp-json\/wp\/v2\/users\/1"}],"replies":[{"embeddable":true,"href":"https:\/\/csp.ch\/geneve\/wp-json\/wp\/v2\/comments?post=19096"}],"version-history":[{"count":6,"href":"https:\/\/csp.ch\/geneve\/wp-json\/wp\/v2\/pages\/19096\/revisions"}],"predecessor-version":[{"id":19849,"href":"https:\/\/csp.ch\/geneve\/wp-json\/wp\/v2\/pages\/19096\/revisions\/19849"}],"up":[{"embeddable":true,"href":"https:\/\/csp.ch\/geneve\/wp-json\/wp\/v2\/pages\/19104"}],"wp:attachment":[{"href":"https:\/\/csp.ch\/geneve\/wp-json\/wp\/v2\/media?parent=19096"}],"curies":[{"name":"wp","href":"https:\/\/api.w.org\/{rel}","templated":true}]}}