{"id":184,"date":"2015-08-27T13:28:24","date_gmt":"2015-08-27T12:28:24","guid":{"rendered":"https:\/\/csp.ch\/vd\/?page_id=184"},"modified":"2015-12-07T14:42:01","modified_gmt":"2015-12-07T13:42:01","slug":"services-aide","status":"publish","type":"page","link":"https:\/\/csp.ch\/geneve\/services-aide\/","title":{"rendered":"Services <strong>d&rsquo;aide<\/strong>"},"content":{"rendered":"","protected":false},"excerpt":{"rendered":"","protected":false},"author":1,"featured_media":832,"parent":0,"menu_order":0,"comment_status":"closed","ping_status":"closed","template":"archive-services.php","meta":{"_acf_changed":false,"footnotes":""},"class_list":["post-184","page","type-page","status-publish","has-post-thumbnail","hentry"],"acf":[],"yoast_head":"<!-- This site is optimized with the Yoast SEO plugin v27.1.1 - https:\/\/yoast.com\/product\/yoast-seo-wordpress\/ -->\n<title>Services d&#039;aide - CSP Gen\u00e8ve<\/title>\n<meta name=\"description\" content=\"Des questions d&#039;argent, juridiques, \u00e0 propos de r\u00e9fugi\u00e9s ou de traite d&#039;\u00eatre humain? Le service d&#039;aide du CSP est l\u00e0 pour vous aider.\" \/>\n<meta name=\"robots\" content=\"index, follow, max-snippet:-1, max-image-preview:large, max-video-preview:-1\" \/>\n<link rel=\"canonical\" href=\"https:\/\/csp.ch\/geneve\/services-aide\/\" \/>\n<meta property=\"og:locale\" content=\"fr_FR\" \/>\n<meta property=\"og:type\" content=\"article\" \/>\n<meta property=\"og:title\" content=\"Services d&#039;aide - CSP Gen\u00e8ve\" \/>\n<meta property=\"og:description\" content=\"Des questions d&#039;argent, juridiques, \u00e0 propos de r\u00e9fugi\u00e9s ou de traite d&#039;\u00eatre humain? Le service d&#039;aide du CSP est l\u00e0 pour vous aider.\" \/>\n<meta property=\"og:url\" content=\"https:\/\/csp.ch\/geneve\/services-aide\/\" \/>\n<meta property=\"og:site_name\" content=\"CSP Gen\u00e8ve\" \/>\n<meta property=\"article:modified_time\" content=\"2015-12-07T13:42:01+00:00\" \/>\n<meta property=\"og:image\" content=\"https:\/\/csp.ch\/wp-content\/uploads\/sites\/5\/2015\/09\/20151201\u00a9RebeccaBowring_G7A5588-1.jpg\" \/>\n\t<meta property=\"og:image:width\" content=\"2000\" \/>\n\t<meta property=\"og:image:height\" content=\"1333\" \/>\n\t<meta property=\"og:image:type\" content=\"image\/jpeg\" \/>\n<meta name=\"twitter:card\" content=\"summary_large_image\" \/>\n<script type=\"application\/ld+json\" class=\"yoast-schema-graph\">{\"@context\":\"https:\/\/schema.org\",\"@graph\":[{\"@type\":\"WebPage\",\"@id\":\"https:\/\/csp.ch\/geneve\/services-aide\/\",\"url\":\"https:\/\/csp.ch\/geneve\/services-aide\/\",\"name\":\"Services d'aide - CSP Gen\u00e8ve\",\"isPartOf\":{\"@id\":\"https:\/\/csp.ch\/geneve\/#website\"},\"primaryImageOfPage\":{\"@id\":\"https:\/\/csp.ch\/geneve\/services-aide\/#primaryimage\"},\"image\":{\"@id\":\"https:\/\/csp.ch\/geneve\/services-aide\/#primaryimage\"},\"thumbnailUrl\":\"https:\/\/csp.ch\/wp-content\/uploads\/sites\/5\/2015\/09\/20151201\u00a9RebeccaBowring_G7A5588-1.jpg\",\"datePublished\":\"2015-08-27T12:28:24+00:00\",\"dateModified\":\"2015-12-07T13:42:01+00:00\",\"description\":\"Des questions d'argent, juridiques, \u00e0 propos de r\u00e9fugi\u00e9s ou de traite d'\u00eatre humain? Le service d'aide du CSP est l\u00e0 pour vous aider.\",\"breadcrumb\":{\"@id\":\"https:\/\/csp.ch\/geneve\/services-aide\/#breadcrumb\"},\"inLanguage\":\"fr-FR\",\"potentialAction\":[{\"@type\":\"ReadAction\",\"target\":[\"https:\/\/csp.ch\/geneve\/services-aide\/\"]}]},{\"@type\":\"ImageObject\",\"inLanguage\":\"fr-FR\",\"@id\":\"https:\/\/csp.ch\/geneve\/services-aide\/#primaryimage\",\"url\":\"https:\/\/csp.ch\/wp-content\/uploads\/sites\/5\/2015\/09\/20151201\u00a9RebeccaBowring_G7A5588-1.jpg\",\"contentUrl\":\"https:\/\/csp.ch\/wp-content\/uploads\/sites\/5\/2015\/09\/20151201\u00a9RebeccaBowring_G7A5588-1.jpg\",\"width\":2000,\"height\":1333},{\"@type\":\"BreadcrumbList\",\"@id\":\"https:\/\/csp.ch\/geneve\/services-aide\/#breadcrumb\",\"itemListElement\":[{\"@type\":\"ListItem\",\"position\":1,\"name\":\"Accueil\",\"item\":\"https:\/\/csp.ch\/geneve\/\"},{\"@type\":\"ListItem\",\"position\":2,\"name\":\"Services d&rsquo;aide\"}]},{\"@type\":\"WebSite\",\"@id\":\"https:\/\/csp.ch\/geneve\/#website\",\"url\":\"https:\/\/csp.ch\/geneve\/\",\"name\":\"CSP Gen\u00e8ve\",\"description\":\"\",\"potentialAction\":[{\"@type\":\"SearchAction\",\"target\":{\"@type\":\"EntryPoint\",\"urlTemplate\":\"https:\/\/csp.ch\/geneve\/?s={search_term_string}\"},\"query-input\":{\"@type\":\"PropertyValueSpecification\",\"valueRequired\":true,\"valueName\":\"search_term_string\"}}],\"inLanguage\":\"fr-FR\"}]}<\/script>\n<!-- \/ Yoast SEO plugin. -->","yoast_head_json":{"title":"Services d'aide - CSP Gen\u00e8ve","description":"Des questions d'argent, juridiques, \u00e0 propos de r\u00e9fugi\u00e9s ou de traite d'\u00eatre humain? Le service d'aide du CSP est l\u00e0 pour vous aider.","robots":{"index":"index","follow":"follow","max-snippet":"max-snippet:-1","max-image-preview":"max-image-preview:large","max-video-preview":"max-video-preview:-1"},"canonical":"https:\/\/csp.ch\/geneve\/services-aide\/","og_locale":"fr_FR","og_type":"article","og_title":"Services d'aide - CSP Gen\u00e8ve","og_description":"Des questions d'argent, juridiques, \u00e0 propos de r\u00e9fugi\u00e9s ou de traite d'\u00eatre humain? Le service d'aide du CSP est l\u00e0 pour vous aider.","og_url":"https:\/\/csp.ch\/geneve\/services-aide\/","og_site_name":"CSP Gen\u00e8ve","article_modified_time":"2015-12-07T13:42:01+00:00","og_image":[{"width":2000,"height":1333,"url":"https:\/\/csp.ch\/wp-content\/uploads\/sites\/5\/2015\/09\/20151201\u00a9RebeccaBowring_G7A5588-1.jpg","type":"image\/jpeg"}],"twitter_card":"summary_large_image","schema":{"@context":"https:\/\/schema.org","@graph":[{"@type":"WebPage","@id":"https:\/\/csp.ch\/geneve\/services-aide\/","url":"https:\/\/csp.ch\/geneve\/services-aide\/","name":"Services d'aide - CSP Gen\u00e8ve","isPartOf":{"@id":"https:\/\/csp.ch\/geneve\/#website"},"primaryImageOfPage":{"@id":"https:\/\/csp.ch\/geneve\/services-aide\/#primaryimage"},"image":{"@id":"https:\/\/csp.ch\/geneve\/services-aide\/#primaryimage"},"thumbnailUrl":"https:\/\/csp.ch\/wp-content\/uploads\/sites\/5\/2015\/09\/20151201\u00a9RebeccaBowring_G7A5588-1.jpg","datePublished":"2015-08-27T12:28:24+00:00","dateModified":"2015-12-07T13:42:01+00:00","description":"Des questions d'argent, juridiques, \u00e0 propos de r\u00e9fugi\u00e9s ou de traite d'\u00eatre humain? Le service d'aide du CSP est l\u00e0 pour vous aider.","breadcrumb":{"@id":"https:\/\/csp.ch\/geneve\/services-aide\/#breadcrumb"},"inLanguage":"fr-FR","potentialAction":[{"@type":"ReadAction","target":["https:\/\/csp.ch\/geneve\/services-aide\/"]}]},{"@type":"ImageObject","inLanguage":"fr-FR","@id":"https:\/\/csp.ch\/geneve\/services-aide\/#primaryimage","url":"https:\/\/csp.ch\/wp-content\/uploads\/sites\/5\/2015\/09\/20151201\u00a9RebeccaBowring_G7A5588-1.jpg","contentUrl":"https:\/\/csp.ch\/wp-content\/uploads\/sites\/5\/2015\/09\/20151201\u00a9RebeccaBowring_G7A5588-1.jpg","width":2000,"height":1333},{"@type":"BreadcrumbList","@id":"https:\/\/csp.ch\/geneve\/services-aide\/#breadcrumb","itemListElement":[{"@type":"ListItem","position":1,"name":"Accueil","item":"https:\/\/csp.ch\/geneve\/"},{"@type":"ListItem","position":2,"name":"Services d&rsquo;aide"}]},{"@type":"WebSite","@id":"https:\/\/csp.ch\/geneve\/#website","url":"https:\/\/csp.ch\/geneve\/","name":"CSP Gen\u00e8ve","description":"","potentialAction":[{"@type":"SearchAction","target":{"@type":"EntryPoint","urlTemplate":"https:\/\/csp.ch\/geneve\/?s={search_term_string}"},"query-input":{"@type":"PropertyValueSpecification","valueRequired":true,"valueName":"search_term_string"}}],"inLanguage":"fr-FR"}]}},"_links":{"self":[{"href":"https:\/\/csp.ch\/geneve\/wp-json\/wp\/v2\/pages\/184","targetHints":{"allow":["GET"]}}],"collection":[{"href":"https:\/\/csp.ch\/geneve\/wp-json\/wp\/v2\/pages"}],"about":[{"href":"https:\/\/csp.ch\/geneve\/wp-json\/wp\/v2\/types\/page"}],"author":[{"embeddable":true,"href":"https:\/\/csp.ch\/geneve\/wp-json\/wp\/v2\/users\/1"}],"replies":[{"embeddable":true,"href":"https:\/\/csp.ch\/geneve\/wp-json\/wp\/v2\/comments?post=184"}],"version-history":[{"count":1,"href":"https:\/\/csp.ch\/geneve\/wp-json\/wp\/v2\/pages\/184\/revisions"}],"predecessor-version":[{"id":770,"href":"https:\/\/csp.ch\/geneve\/wp-json\/wp\/v2\/pages\/184\/revisions\/770"}],"wp:featuredmedia":[{"embeddable":true,"href":"https:\/\/csp.ch\/geneve\/wp-json\/wp\/v2\/media\/832"}],"wp:attachment":[{"href":"https:\/\/csp.ch\/geneve\/wp-json\/wp\/v2\/media?parent=184"}],"curies":[{"name":"wp","href":"https:\/\/api.w.org\/{rel}","templated":true}]}}