{"id":16604,"date":"2022-03-12T17:58:54","date_gmt":"2022-03-12T16:58:54","guid":{"rendered":"https:\/\/csp.ch\/geneve\/?page_id=16604"},"modified":"2022-03-21T17:59:40","modified_gmt":"2022-03-21T16:59:40","slug":"vous-avez-besoin-daide","status":"publish","type":"page","link":"https:\/\/csp.ch\/geneve\/vous-avez-besoin-daide\/","title":{"rendered":"Vous avez besoin d&rsquo;aide"},"content":{"rendered":"<h3>Hotspot 24h\/24<\/h3>\n<p>Accueil, informations et orientation vers l&rsquo;h\u00e9bergement d&rsquo;urgence<\/p>\n<p>Arm\u00e9e du Salut<br \/>\nRue Verdaine 7<br \/>\n1204 Gen\u00e8ve<\/p>\n<p><a href=\"https:\/\/www.google.com\/maps\/search\/Arm%C3%A9e+du+Salut+Rue+Verdaine+7+1204+Gen%C3%A8ve\/@46.2012293,6.1480226,17z\/data=!3m1!4b1?shorturl=1\">Voir sur la carte<\/a><\/p>\n<p>Permanence t\u00e9l\u00e9phonique 24h\/24 : 077 924 51 60<\/p>\n<h3><\/h3>\n<p>&nbsp;<\/p>\n<h3>Distribution gratuite de v\u00eatements, aide alimentaire et produits d&rsquo;hygi\u00e8ne<\/h3>\n<p>Sur pr\u00e9sentation d&rsquo;un bon d\u00e9livr\u00e9 par un service social, vous pouvez b\u00e9n\u00e9ficier de distributions gratuites au Vestiaire social et aux Colis du coeur.<\/p>\n<p>T\u00e9l\u00e9charger le flyer de pr\u00e9sentation<\/p>\n<p>&gt; <a href=\"https:\/\/csp.ch\/geneve\/wp-content\/uploads\/sites\/5\/2022\/03\/flyer-bons-Ukraine.pdf\">en fran\u00e7ais<\/a><\/p>\n<p>&gt; <a href=\"https:\/\/csp.ch\/geneve\/wp-content\/uploads\/sites\/5\/2022\/03\/flyer-UA-002.pdf\">en ukrainien<\/a><\/p>\n<p>&nbsp;<\/p>\n<h3>Permis S<\/h3>\n<p>Le permis S conf\u00e8re aux personnes ayant fui l&rsquo;Ukraine depuis le d\u00e9but de la guerre un statut de protection d&rsquo;une dur\u00e9e d&rsquo;une ann\u00e9e, renouvelable.<\/p>\n<p>Il donne droit au regroupement familial, \u00e0 l&rsquo;h\u00e9bergement, \u00e0 l&rsquo;assistance et aux soins m\u00e9dicaux. Les enfants ont le droit d&rsquo;aller \u00e0 l&rsquo;\u00e9cole.<\/p>\n<p>Il vous permet de chercher du travail ou de b\u00e9n\u00e9ficier d&rsquo;une assistance en cas de besoin aupr\u00e8s de l&rsquo;Hospice g\u00e9n\u00e9ral.<\/p>\n<p>&gt;\u00a0<a href=\"https:\/\/csp.ch\/geneve\/wp-content\/uploads\/sites\/5\/2022\/03\/faktenblatt-schutzstatus-s-1.pdf\">Plus d&rsquo;informations sur le permis S<\/a><\/p>\n<p>&gt; Demandez un rendez-vous \u00e0 notre permanence r\u00e9fugi\u00e9s<br \/>\n\u260f 022 807 07 00<\/p>\n<p>Lundi, mercredi, jeudi vendredi de 9h \u00e0 12h et de 13h30 \u00e0 17h30<\/p>\n<p>Mardi: de 10h \u00e0 12h et de 13h30 \u00e0 17h30<\/p>\n<p>&nbsp;<\/p>\n<h3>Mobilier et \u00e9quipement<\/h3>\n<p>Les <a href=\"https:\/\/renfile.ch\/\">magasins de seconde main du CSP<\/a> et de nos partenaires (Caritas Gen\u00e8ve, Emma\u00fcs, Arm\u00e9e du Salut) proposent des meubles, des v\u00eatements, des jouets et des articles \u00e9lectro-m\u00e9nagers \u00e0 prix mod\u00e9r\u00e9.<\/p>\n<p>&nbsp;<\/p>\n<h3>Autres informations<\/h3>\n<p>Ligne gratuite <strong style=\"font-size: 16px\">0800 900 995<\/strong><\/p>\n<p><span style=\"font-size: 16px\">7j\/7, de 8h30 \u00e0 17h<\/span><\/p>\n<p>Des t\u00e9l\u00e9phonistes parlent ukrainien.<br \/>\n<a href=\"https:\/\/solidariteukraine.ch\/\">solidariteukraine.ch<\/a><\/p>\n","protected":false},"excerpt":{"rendered":"<p>Hotspot 24h\/24 Accueil, informations et orientation vers l&rsquo;h\u00e9bergement d&rsquo;urgence Arm\u00e9e du Salut Rue Verdaine 7 1204 Gen\u00e8ve Voir sur la carte Permanence t\u00e9l\u00e9phonique 24h\/24 : 077 924 51 60 &nbsp; Distribution gratuite de v\u00eatements, aide alimentaire et produits d&rsquo;hygi\u00e8ne Sur pr\u00e9sentation d&rsquo;un bon d\u00e9livr\u00e9 par un service social, vous pouvez b\u00e9n\u00e9ficier de distributions gratuites au [&hellip;]<\/p>\n","protected":false},"author":12,"featured_media":16608,"parent":0,"menu_order":0,"comment_status":"closed","ping_status":"closed","template":"","meta":{"_acf_changed":false,"footnotes":""},"class_list":["post-16604","page","type-page","status-publish","has-post-thumbnail","hentry"],"acf":[],"yoast_head":"<!-- This site is optimized with the Yoast SEO plugin v27.1.1 - https:\/\/yoast.com\/product\/yoast-seo-wordpress\/ -->\n<title>Vous avez besoin d&#039;aide - CSP Gen\u00e8ve<\/title>\n<meta name=\"description\" content=\"Aide pour les personnes et les familles en provenance d&#039;Ukraine\" \/>\n<meta name=\"robots\" content=\"index, follow, max-snippet:-1, max-image-preview:large, max-video-preview:-1\" \/>\n<link rel=\"canonical\" href=\"https:\/\/csp.ch\/geneve\/vous-avez-besoin-daide\/\" \/>\n<meta property=\"og:locale\" content=\"fr_FR\" \/>\n<meta property=\"og:type\" content=\"article\" \/>\n<meta property=\"og:title\" content=\"Vous avez besoin d&#039;aide - CSP Gen\u00e8ve\" \/>\n<meta property=\"og:description\" content=\"Aide pour les personnes et les familles en provenance d&#039;Ukraine\" \/>\n<meta property=\"og:url\" content=\"https:\/\/csp.ch\/geneve\/vous-avez-besoin-daide\/\" \/>\n<meta property=\"og:site_name\" content=\"CSP Gen\u00e8ve\" \/>\n<meta property=\"article:modified_time\" content=\"2022-03-21T16:59:40+00:00\" \/>\n<meta property=\"og:image\" content=\"https:\/\/csp.ch\/wp-content\/uploads\/sites\/5\/2022\/03\/war-953246_1920.jpg\" \/>\n\t<meta property=\"og:image:width\" content=\"1920\" \/>\n\t<meta property=\"og:image:height\" content=\"1363\" \/>\n\t<meta property=\"og:image:type\" content=\"image\/jpeg\" \/>\n<meta name=\"twitter:card\" content=\"summary_large_image\" \/>\n<meta name=\"twitter:label1\" content=\"Dur\u00e9e de lecture estim\u00e9e\" \/>\n\t<meta name=\"twitter:data1\" content=\"2 minutes\" \/>\n<script type=\"application\/ld+json\" class=\"yoast-schema-graph\">{\"@context\":\"https:\/\/schema.org\",\"@graph\":[{\"@type\":\"WebPage\",\"@id\":\"https:\/\/csp.ch\/geneve\/vous-avez-besoin-daide\/\",\"url\":\"https:\/\/csp.ch\/geneve\/vous-avez-besoin-daide\/\",\"name\":\"Vous avez besoin d'aide - CSP Gen\u00e8ve\",\"isPartOf\":{\"@id\":\"https:\/\/csp.ch\/geneve\/#website\"},\"primaryImageOfPage\":{\"@id\":\"https:\/\/csp.ch\/geneve\/vous-avez-besoin-daide\/#primaryimage\"},\"image\":{\"@id\":\"https:\/\/csp.ch\/geneve\/vous-avez-besoin-daide\/#primaryimage\"},\"thumbnailUrl\":\"https:\/\/csp.ch\/wp-content\/uploads\/sites\/5\/2022\/03\/war-953246_1920.jpg\",\"datePublished\":\"2022-03-12T16:58:54+00:00\",\"dateModified\":\"2022-03-21T16:59:40+00:00\",\"description\":\"Aide pour les personnes et les familles en provenance d'Ukraine\",\"breadcrumb\":{\"@id\":\"https:\/\/csp.ch\/geneve\/vous-avez-besoin-daide\/#breadcrumb\"},\"inLanguage\":\"fr-FR\",\"potentialAction\":[{\"@type\":\"ReadAction\",\"target\":[\"https:\/\/csp.ch\/geneve\/vous-avez-besoin-daide\/\"]}]},{\"@type\":\"ImageObject\",\"inLanguage\":\"fr-FR\",\"@id\":\"https:\/\/csp.ch\/geneve\/vous-avez-besoin-daide\/#primaryimage\",\"url\":\"https:\/\/csp.ch\/wp-content\/uploads\/sites\/5\/2022\/03\/war-953246_1920.jpg\",\"contentUrl\":\"https:\/\/csp.ch\/wp-content\/uploads\/sites\/5\/2022\/03\/war-953246_1920.jpg\",\"width\":1920,\"height\":1363},{\"@type\":\"BreadcrumbList\",\"@id\":\"https:\/\/csp.ch\/geneve\/vous-avez-besoin-daide\/#breadcrumb\",\"itemListElement\":[{\"@type\":\"ListItem\",\"position\":1,\"name\":\"Accueil\",\"item\":\"https:\/\/csp.ch\/geneve\/\"},{\"@type\":\"ListItem\",\"position\":2,\"name\":\"Vous avez besoin d&rsquo;aide\"}]},{\"@type\":\"WebSite\",\"@id\":\"https:\/\/csp.ch\/geneve\/#website\",\"url\":\"https:\/\/csp.ch\/geneve\/\",\"name\":\"CSP Gen\u00e8ve\",\"description\":\"\",\"potentialAction\":[{\"@type\":\"SearchAction\",\"target\":{\"@type\":\"EntryPoint\",\"urlTemplate\":\"https:\/\/csp.ch\/geneve\/?s={search_term_string}\"},\"query-input\":{\"@type\":\"PropertyValueSpecification\",\"valueRequired\":true,\"valueName\":\"search_term_string\"}}],\"inLanguage\":\"fr-FR\"}]}<\/script>\n<!-- \/ Yoast SEO plugin. -->","yoast_head_json":{"title":"Vous avez besoin d'aide - CSP Gen\u00e8ve","description":"Aide pour les personnes et les familles en provenance d'Ukraine","robots":{"index":"index","follow":"follow","max-snippet":"max-snippet:-1","max-image-preview":"max-image-preview:large","max-video-preview":"max-video-preview:-1"},"canonical":"https:\/\/csp.ch\/geneve\/vous-avez-besoin-daide\/","og_locale":"fr_FR","og_type":"article","og_title":"Vous avez besoin d'aide - CSP Gen\u00e8ve","og_description":"Aide pour les personnes et les familles en provenance d'Ukraine","og_url":"https:\/\/csp.ch\/geneve\/vous-avez-besoin-daide\/","og_site_name":"CSP Gen\u00e8ve","article_modified_time":"2022-03-21T16:59:40+00:00","og_image":[{"width":1920,"height":1363,"url":"https:\/\/csp.ch\/wp-content\/uploads\/sites\/5\/2022\/03\/war-953246_1920.jpg","type":"image\/jpeg"}],"twitter_card":"summary_large_image","twitter_misc":{"Dur\u00e9e de lecture estim\u00e9e":"2 minutes"},"schema":{"@context":"https:\/\/schema.org","@graph":[{"@type":"WebPage","@id":"https:\/\/csp.ch\/geneve\/vous-avez-besoin-daide\/","url":"https:\/\/csp.ch\/geneve\/vous-avez-besoin-daide\/","name":"Vous avez besoin d'aide - CSP Gen\u00e8ve","isPartOf":{"@id":"https:\/\/csp.ch\/geneve\/#website"},"primaryImageOfPage":{"@id":"https:\/\/csp.ch\/geneve\/vous-avez-besoin-daide\/#primaryimage"},"image":{"@id":"https:\/\/csp.ch\/geneve\/vous-avez-besoin-daide\/#primaryimage"},"thumbnailUrl":"https:\/\/csp.ch\/wp-content\/uploads\/sites\/5\/2022\/03\/war-953246_1920.jpg","datePublished":"2022-03-12T16:58:54+00:00","dateModified":"2022-03-21T16:59:40+00:00","description":"Aide pour les personnes et les familles en provenance d'Ukraine","breadcrumb":{"@id":"https:\/\/csp.ch\/geneve\/vous-avez-besoin-daide\/#breadcrumb"},"inLanguage":"fr-FR","potentialAction":[{"@type":"ReadAction","target":["https:\/\/csp.ch\/geneve\/vous-avez-besoin-daide\/"]}]},{"@type":"ImageObject","inLanguage":"fr-FR","@id":"https:\/\/csp.ch\/geneve\/vous-avez-besoin-daide\/#primaryimage","url":"https:\/\/csp.ch\/wp-content\/uploads\/sites\/5\/2022\/03\/war-953246_1920.jpg","contentUrl":"https:\/\/csp.ch\/wp-content\/uploads\/sites\/5\/2022\/03\/war-953246_1920.jpg","width":1920,"height":1363},{"@type":"BreadcrumbList","@id":"https:\/\/csp.ch\/geneve\/vous-avez-besoin-daide\/#breadcrumb","itemListElement":[{"@type":"ListItem","position":1,"name":"Accueil","item":"https:\/\/csp.ch\/geneve\/"},{"@type":"ListItem","position":2,"name":"Vous avez besoin d&rsquo;aide"}]},{"@type":"WebSite","@id":"https:\/\/csp.ch\/geneve\/#website","url":"https:\/\/csp.ch\/geneve\/","name":"CSP Gen\u00e8ve","description":"","potentialAction":[{"@type":"SearchAction","target":{"@type":"EntryPoint","urlTemplate":"https:\/\/csp.ch\/geneve\/?s={search_term_string}"},"query-input":{"@type":"PropertyValueSpecification","valueRequired":true,"valueName":"search_term_string"}}],"inLanguage":"fr-FR"}]}},"_links":{"self":[{"href":"https:\/\/csp.ch\/geneve\/wp-json\/wp\/v2\/pages\/16604","targetHints":{"allow":["GET"]}}],"collection":[{"href":"https:\/\/csp.ch\/geneve\/wp-json\/wp\/v2\/pages"}],"about":[{"href":"https:\/\/csp.ch\/geneve\/wp-json\/wp\/v2\/types\/page"}],"author":[{"embeddable":true,"href":"https:\/\/csp.ch\/geneve\/wp-json\/wp\/v2\/users\/12"}],"replies":[{"embeddable":true,"href":"https:\/\/csp.ch\/geneve\/wp-json\/wp\/v2\/comments?post=16604"}],"version-history":[{"count":21,"href":"https:\/\/csp.ch\/geneve\/wp-json\/wp\/v2\/pages\/16604\/revisions"}],"predecessor-version":[{"id":16780,"href":"https:\/\/csp.ch\/geneve\/wp-json\/wp\/v2\/pages\/16604\/revisions\/16780"}],"wp:featuredmedia":[{"embeddable":true,"href":"https:\/\/csp.ch\/geneve\/wp-json\/wp\/v2\/media\/16608"}],"wp:attachment":[{"href":"https:\/\/csp.ch\/geneve\/wp-json\/wp\/v2\/media?parent=16604"}],"curies":[{"name":"wp","href":"https:\/\/api.w.org\/{rel}","templated":true}]}}