{"id":16562,"date":"2022-03-10T13:34:02","date_gmt":"2022-03-10T12:34:02","guid":{"rendered":"https:\/\/csp.ch\/geneve\/?page_id=16562"},"modified":"2022-03-16T15:37:42","modified_gmt":"2022-03-16T14:37:42","slug":"ukraine","status":"publish","type":"page","link":"https:\/\/csp.ch\/geneve\/ukraine\/","title":{"rendered":"Ukraine"},"content":{"rendered":"<h2>Solidarit\u00e9 avec l&rsquo;Ukraine et les r\u00e9fugi\u00e9s<\/h2>\n<h3>-&gt; <a href=\"https:\/\/csp.ch\/geneve\/vous-avez-besoin-daide\/\">Trouver de l&rsquo;aide<\/a><\/h3>\n<h3>-&gt; <a href=\"https:\/\/csp.ch\/geneve\/vous-voulez-aider\/\">Aider<\/a><\/h3>\n<p>Le CSP s&rsquo;engage depuis ses d\u00e9buts aupr\u00e8s des populations qui fuient la violence \u00e9tatique, les conflits et la guerre.<\/p>\n<p>En cette ann\u00e9e 2022 o\u00f9 le Service r\u00e9fugi\u00e9s du CSP f\u00eate ses 50 ans &#8211; \u00e0 un moment o\u00f9 le Conseil des Etats refuse d&rsquo;autoriser les jeunes d\u00e9bout\u00e9s \u00e0 poursuivre ou \u00e0 acc\u00e9der \u00e0 un apprentissage (session parlementaire de mars), nous nous appr\u00eatons \u00e0 accueillir \u00e0 Gen\u00e8ve des milliers de r\u00e9fugi\u00e9s ukrainiens.<\/p>\n<p>Sachons les accueillir dignement, et exprimons notre solidarit\u00e9 envers toutes les personnes r\u00e9fugi\u00e9es.<\/p>\n<p><a href=\"https:\/\/csp.ch\/geneve\/category\/migration\/\">Voir nos actualit\u00e9s et nos prises de position<\/a><\/p>\n<h3>Faire un don<\/h3>\n<p><strong>CCP<\/strong>\u00a012-761-4<br \/>\n<strong>IBAN<\/strong>\u00a0CH41 0900 0000 1200 0761 4<br \/>\n<strong>Mention<\/strong> Ukraine<\/p>\n<h3><\/h3>\n<h3><\/h3>\n<p>&nbsp;<\/p>\n<h3><\/h3>\n<p>&nbsp;<\/p>\n","protected":false},"excerpt":{"rendered":"<p>Solidarit\u00e9 avec l&rsquo;Ukraine et les r\u00e9fugi\u00e9s -&gt; Trouver de l&rsquo;aide -&gt; Aider Le CSP s&rsquo;engage depuis ses d\u00e9buts aupr\u00e8s des populations qui fuient la violence \u00e9tatique, les conflits et la guerre. En cette ann\u00e9e 2022 o\u00f9 le Service r\u00e9fugi\u00e9s du CSP f\u00eate ses 50 ans &#8211; \u00e0 un moment o\u00f9 le Conseil des Etats refuse [&hellip;]<\/p>\n","protected":false},"author":12,"featured_media":16543,"parent":0,"menu_order":0,"comment_status":"closed","ping_status":"closed","template":"","meta":{"_acf_changed":false,"footnotes":""},"class_list":["post-16562","page","type-page","status-publish","has-post-thumbnail","hentry"],"acf":[],"yoast_head":"<!-- This site is optimized with the Yoast SEO plugin v27.1.1 - https:\/\/yoast.com\/product\/yoast-seo-wordpress\/ -->\n<title>Ukraine - CSP Gen\u00e8ve<\/title>\n<meta name=\"description\" content=\"Le CSP s&#039;engage depuis ses d\u00e9buts aupr\u00e8s des populations qui fuient la violence \u00e9tatique, les conflits et la guerre. Nos informations pour trouver de l&#039;aide et soutenir les r\u00e9fugi\u00e9s d&#039;Ukraine.\" \/>\n<meta name=\"robots\" content=\"index, follow, max-snippet:-1, max-image-preview:large, max-video-preview:-1\" \/>\n<link rel=\"canonical\" href=\"https:\/\/csp.ch\/geneve\/ukraine\/\" \/>\n<meta property=\"og:locale\" content=\"fr_FR\" \/>\n<meta property=\"og:type\" content=\"article\" \/>\n<meta property=\"og:title\" content=\"Ukraine - CSP Gen\u00e8ve\" \/>\n<meta property=\"og:description\" content=\"Le CSP s&#039;engage depuis ses d\u00e9buts aupr\u00e8s des populations qui fuient la violence \u00e9tatique, les conflits et la guerre. Nos informations pour trouver de l&#039;aide et soutenir les r\u00e9fugi\u00e9s d&#039;Ukraine.\" \/>\n<meta property=\"og:url\" content=\"https:\/\/csp.ch\/geneve\/ukraine\/\" \/>\n<meta property=\"og:site_name\" content=\"CSP Gen\u00e8ve\" \/>\n<meta property=\"article:modified_time\" content=\"2022-03-16T14:37:42+00:00\" \/>\n<meta property=\"og:image\" content=\"https:\/\/csp.ch\/wp-content\/uploads\/sites\/5\/2022\/03\/ukraine-g750a1d9c1_1920-1.png\" \/>\n\t<meta property=\"og:image:width\" content=\"1920\" \/>\n\t<meta property=\"og:image:height\" content=\"1280\" \/>\n\t<meta property=\"og:image:type\" content=\"image\/png\" \/>\n<meta name=\"twitter:card\" content=\"summary_large_image\" \/>\n<meta name=\"twitter:label1\" content=\"Dur\u00e9e de lecture estim\u00e9e\" \/>\n\t<meta name=\"twitter:data1\" content=\"1 minute\" \/>\n<script type=\"application\/ld+json\" class=\"yoast-schema-graph\">{\"@context\":\"https:\/\/schema.org\",\"@graph\":[{\"@type\":\"WebPage\",\"@id\":\"https:\/\/csp.ch\/geneve\/ukraine\/\",\"url\":\"https:\/\/csp.ch\/geneve\/ukraine\/\",\"name\":\"Ukraine - CSP Gen\u00e8ve\",\"isPartOf\":{\"@id\":\"https:\/\/csp.ch\/geneve\/#website\"},\"primaryImageOfPage\":{\"@id\":\"https:\/\/csp.ch\/geneve\/ukraine\/#primaryimage\"},\"image\":{\"@id\":\"https:\/\/csp.ch\/geneve\/ukraine\/#primaryimage\"},\"thumbnailUrl\":\"https:\/\/csp.ch\/wp-content\/uploads\/sites\/5\/2022\/03\/ukraine-g750a1d9c1_1920-1.png\",\"datePublished\":\"2022-03-10T12:34:02+00:00\",\"dateModified\":\"2022-03-16T14:37:42+00:00\",\"description\":\"Le CSP s'engage depuis ses d\u00e9buts aupr\u00e8s des populations qui fuient la violence \u00e9tatique, les conflits et la guerre. Nos informations pour trouver de l'aide et soutenir les r\u00e9fugi\u00e9s d'Ukraine.\",\"breadcrumb\":{\"@id\":\"https:\/\/csp.ch\/geneve\/ukraine\/#breadcrumb\"},\"inLanguage\":\"fr-FR\",\"potentialAction\":[{\"@type\":\"ReadAction\",\"target\":[\"https:\/\/csp.ch\/geneve\/ukraine\/\"]}]},{\"@type\":\"ImageObject\",\"inLanguage\":\"fr-FR\",\"@id\":\"https:\/\/csp.ch\/geneve\/ukraine\/#primaryimage\",\"url\":\"https:\/\/csp.ch\/wp-content\/uploads\/sites\/5\/2022\/03\/ukraine-g750a1d9c1_1920-1.png\",\"contentUrl\":\"https:\/\/csp.ch\/wp-content\/uploads\/sites\/5\/2022\/03\/ukraine-g750a1d9c1_1920-1.png\",\"width\":1920,\"height\":1280},{\"@type\":\"BreadcrumbList\",\"@id\":\"https:\/\/csp.ch\/geneve\/ukraine\/#breadcrumb\",\"itemListElement\":[{\"@type\":\"ListItem\",\"position\":1,\"name\":\"Accueil\",\"item\":\"https:\/\/csp.ch\/geneve\/\"},{\"@type\":\"ListItem\",\"position\":2,\"name\":\"Ukraine\"}]},{\"@type\":\"WebSite\",\"@id\":\"https:\/\/csp.ch\/geneve\/#website\",\"url\":\"https:\/\/csp.ch\/geneve\/\",\"name\":\"CSP Gen\u00e8ve\",\"description\":\"\",\"potentialAction\":[{\"@type\":\"SearchAction\",\"target\":{\"@type\":\"EntryPoint\",\"urlTemplate\":\"https:\/\/csp.ch\/geneve\/?s={search_term_string}\"},\"query-input\":{\"@type\":\"PropertyValueSpecification\",\"valueRequired\":true,\"valueName\":\"search_term_string\"}}],\"inLanguage\":\"fr-FR\"}]}<\/script>\n<!-- \/ Yoast SEO plugin. -->","yoast_head_json":{"title":"Ukraine - CSP Gen\u00e8ve","description":"Le CSP s'engage depuis ses d\u00e9buts aupr\u00e8s des populations qui fuient la violence \u00e9tatique, les conflits et la guerre. Nos informations pour trouver de l'aide et soutenir les r\u00e9fugi\u00e9s d'Ukraine.","robots":{"index":"index","follow":"follow","max-snippet":"max-snippet:-1","max-image-preview":"max-image-preview:large","max-video-preview":"max-video-preview:-1"},"canonical":"https:\/\/csp.ch\/geneve\/ukraine\/","og_locale":"fr_FR","og_type":"article","og_title":"Ukraine - CSP Gen\u00e8ve","og_description":"Le CSP s'engage depuis ses d\u00e9buts aupr\u00e8s des populations qui fuient la violence \u00e9tatique, les conflits et la guerre. Nos informations pour trouver de l'aide et soutenir les r\u00e9fugi\u00e9s d'Ukraine.","og_url":"https:\/\/csp.ch\/geneve\/ukraine\/","og_site_name":"CSP Gen\u00e8ve","article_modified_time":"2022-03-16T14:37:42+00:00","og_image":[{"width":1920,"height":1280,"url":"https:\/\/csp.ch\/wp-content\/uploads\/sites\/5\/2022\/03\/ukraine-g750a1d9c1_1920-1.png","type":"image\/png"}],"twitter_card":"summary_large_image","twitter_misc":{"Dur\u00e9e de lecture estim\u00e9e":"1 minute"},"schema":{"@context":"https:\/\/schema.org","@graph":[{"@type":"WebPage","@id":"https:\/\/csp.ch\/geneve\/ukraine\/","url":"https:\/\/csp.ch\/geneve\/ukraine\/","name":"Ukraine - CSP Gen\u00e8ve","isPartOf":{"@id":"https:\/\/csp.ch\/geneve\/#website"},"primaryImageOfPage":{"@id":"https:\/\/csp.ch\/geneve\/ukraine\/#primaryimage"},"image":{"@id":"https:\/\/csp.ch\/geneve\/ukraine\/#primaryimage"},"thumbnailUrl":"https:\/\/csp.ch\/wp-content\/uploads\/sites\/5\/2022\/03\/ukraine-g750a1d9c1_1920-1.png","datePublished":"2022-03-10T12:34:02+00:00","dateModified":"2022-03-16T14:37:42+00:00","description":"Le CSP s'engage depuis ses d\u00e9buts aupr\u00e8s des populations qui fuient la violence \u00e9tatique, les conflits et la guerre. Nos informations pour trouver de l'aide et soutenir les r\u00e9fugi\u00e9s d'Ukraine.","breadcrumb":{"@id":"https:\/\/csp.ch\/geneve\/ukraine\/#breadcrumb"},"inLanguage":"fr-FR","potentialAction":[{"@type":"ReadAction","target":["https:\/\/csp.ch\/geneve\/ukraine\/"]}]},{"@type":"ImageObject","inLanguage":"fr-FR","@id":"https:\/\/csp.ch\/geneve\/ukraine\/#primaryimage","url":"https:\/\/csp.ch\/wp-content\/uploads\/sites\/5\/2022\/03\/ukraine-g750a1d9c1_1920-1.png","contentUrl":"https:\/\/csp.ch\/wp-content\/uploads\/sites\/5\/2022\/03\/ukraine-g750a1d9c1_1920-1.png","width":1920,"height":1280},{"@type":"BreadcrumbList","@id":"https:\/\/csp.ch\/geneve\/ukraine\/#breadcrumb","itemListElement":[{"@type":"ListItem","position":1,"name":"Accueil","item":"https:\/\/csp.ch\/geneve\/"},{"@type":"ListItem","position":2,"name":"Ukraine"}]},{"@type":"WebSite","@id":"https:\/\/csp.ch\/geneve\/#website","url":"https:\/\/csp.ch\/geneve\/","name":"CSP Gen\u00e8ve","description":"","potentialAction":[{"@type":"SearchAction","target":{"@type":"EntryPoint","urlTemplate":"https:\/\/csp.ch\/geneve\/?s={search_term_string}"},"query-input":{"@type":"PropertyValueSpecification","valueRequired":true,"valueName":"search_term_string"}}],"inLanguage":"fr-FR"}]}},"_links":{"self":[{"href":"https:\/\/csp.ch\/geneve\/wp-json\/wp\/v2\/pages\/16562","targetHints":{"allow":["GET"]}}],"collection":[{"href":"https:\/\/csp.ch\/geneve\/wp-json\/wp\/v2\/pages"}],"about":[{"href":"https:\/\/csp.ch\/geneve\/wp-json\/wp\/v2\/types\/page"}],"author":[{"embeddable":true,"href":"https:\/\/csp.ch\/geneve\/wp-json\/wp\/v2\/users\/12"}],"replies":[{"embeddable":true,"href":"https:\/\/csp.ch\/geneve\/wp-json\/wp\/v2\/comments?post=16562"}],"version-history":[{"count":21,"href":"https:\/\/csp.ch\/geneve\/wp-json\/wp\/v2\/pages\/16562\/revisions"}],"predecessor-version":[{"id":16575,"href":"https:\/\/csp.ch\/geneve\/wp-json\/wp\/v2\/pages\/16562\/revisions\/16575"}],"wp:featuredmedia":[{"embeddable":true,"href":"https:\/\/csp.ch\/geneve\/wp-json\/wp\/v2\/media\/16543"}],"wp:attachment":[{"href":"https:\/\/csp.ch\/geneve\/wp-json\/wp\/v2\/media?parent=16562"}],"curies":[{"name":"wp","href":"https:\/\/api.w.org\/{rel}","templated":true}]}}