{"id":15114,"date":"2021-09-28T09:32:01","date_gmt":"2021-09-28T08:32:01","guid":{"rendered":"https:\/\/csp.ch\/geneve\/?page_id=15114"},"modified":"2025-03-18T11:21:04","modified_gmt":"2025-03-18T10:21:04","slug":"tourbillon","status":"publish","type":"page","link":"https:\/\/csp.ch\/geneve\/tourbillon\/","title":{"rendered":"<strong>Tourbillon<\/strong>"},"content":{"rendered":"<h3>Le projet<\/h3>\n<p><strong>Orchestr\u00e9 par la fondation FIDES et neuf entreprises sociales*, Tourbillon est fond\u00e9 sur une dynamique de synergies et de partage de comp\u00e9tences. Ce projet in\u00e9dit s\u2019articule autour de trois piliers : innovation sociale, insertion socioprofessionnelle et d\u00e9veloppement durable. \u00a0<\/strong><\/p>\n<p>Plus qu\u2019une cohabitation qui, d\u00e8s le d\u00e9but 2022, regroupera tout ou partie des services de dix organisations sur 33&rsquo;000 m<sup>2<\/sup>, Tourbillon constitue une exp\u00e9rience pilote visant \u00e0 favoriser l\u2019innovation sociale \u00e0 travers des collaborations in\u00e9dites. Inaugur\u00e9es le 24 ao\u00fbt 2021, la nouvelle Renfile et la Blanchisserie de Tourbillon en sont la premi\u00e8re illustration.<\/p>\n<p><em>* 022Familles, Centre social protestant, Clair Bois, Croix-Rouge genevoise, FIDES, Fondation Ensemble, Partage, PRO, Trajets, Gen\u00e8veRoule<\/em><\/p>\n<p><a href=\"https:\/\/csp.ch\/geneve\/wp-content\/uploads\/sites\/5\/2021\/10\/Inauguration-Tourbillon_Dossier-Presse_24-aout-2021.pdf\">Voir notre dossier de presse du 24 ao\u00fbt 2021<\/a><\/p>\n<p>&nbsp;<\/p>\n<h3>La brocante<\/h3>\n<p><strong>Plus qu&rsquo;un magasin, la nouvelle Renfile de Tourbillon se veut un lieu de convivialit\u00e9 et d&rsquo;insertion. Sa grande nouveaut\u00e9 est de d\u00e9velopper des espaces de r\u00e9paration et de r\u00e9novation d&rsquo;objets. Trois ateliers viennent soutenir notre engagement pour l&rsquo;environnement.<\/strong><\/p>\n<ul>\n<li><strong>Atelier de d\u00e9coration<\/strong>: hyper-cr\u00e9atif, l&rsquo;atelier r\u00e9nove et transforme du mobilier impropre \u00e0 la vente, par des combinaisons d&rsquo;objets belles et insolites.\u00a0 Il est \u00e0 l&rsquo;origine de la marque \u00ab\u00a0Renfile Cr\u00e9ations\u00a0\u00bb.<\/li>\n<li><strong>Atelier de couture<\/strong>: ouvert au public, cet atelier propose des services de retouche. C&rsquo;est aussi un lieu de cr\u00e9ation de v\u00eatements uniques.<\/li>\n<li><strong>Atelier d&rsquo;\u00e9lectronique<\/strong>: d\u00e9monter et trier pour mieux recycler, telle est la vocation de cet atelier, qui se charge aussi de r\u00e9parer les appareils \u00e9lectroniques qui nous sont donn\u00e9s.<\/li>\n<\/ul>\n<p>&nbsp;<\/p>\n<h3>Insertion socioprofessionnelle<\/h3>\n<p>Plus d&rsquo;une trentaine de personnes exclues du march\u00e9 du travail ordinaire sont form\u00e9es et accompagn\u00e9es \u00e0 la Renfile de Tourbillon. De nouveaux partenariats permettront \u00e0 l&rsquo;avenir de former en outre de jeunes apprentis et d&rsquo;autres types de population.<\/p>\n<p>&nbsp;<\/p>\n<h3>Espace donateurs<\/h3>\n<p>Un espace donateurs est r\u00e9serv\u00e9 au parking du 1er sous-sol pour recevoir vos dons d&rsquo;objets, de 10h \u00e0 17h. La premi\u00e8re heure de parking est gratuite.<\/p>\n<p>Merci!<\/p>\n<p>&nbsp;<\/p>\n<h3>Nous trouver<\/h3>\n<p><img loading=\"lazy\" decoding=\"async\" class=\"alignnone wp-image-15119 size-large\" src=\"https:\/\/csp.ch\/geneve\/wp-content\/uploads\/sites\/5\/2021\/09\/Plan-Tourbillon-1024x724.jpg\" alt=\"\" width=\"1024\" height=\"724\" srcset=\"https:\/\/csp.ch\/wp-content\/uploads\/sites\/5\/2021\/09\/Plan-Tourbillon-1024x724.jpg 1024w, https:\/\/csp.ch\/wp-content\/uploads\/sites\/5\/2021\/09\/Plan-Tourbillon-300x212.jpg 300w, https:\/\/csp.ch\/wp-content\/uploads\/sites\/5\/2021\/09\/Plan-Tourbillon-70x50.jpg 70w, https:\/\/csp.ch\/wp-content\/uploads\/sites\/5\/2021\/09\/Plan-Tourbillon-768x543.jpg 768w, https:\/\/csp.ch\/wp-content\/uploads\/sites\/5\/2021\/09\/Plan-Tourbillon-240x170.jpg 240w, https:\/\/csp.ch\/wp-content\/uploads\/sites\/5\/2021\/09\/Plan-Tourbillon-740x523.jpg 740w, https:\/\/csp.ch\/wp-content\/uploads\/sites\/5\/2021\/09\/Plan-Tourbillon.jpg 1127w\" sizes=\"auto, (max-width: 1024px) 100vw, 1024px\" \/><\/p>\n","protected":false},"excerpt":{"rendered":"<p>Le projet Orchestr\u00e9 par la fondation FIDES et neuf entreprises sociales*, Tourbillon est fond\u00e9 sur une dynamique de synergies et de partage de comp\u00e9tences. Ce projet in\u00e9dit s\u2019articule autour de trois piliers : innovation sociale, insertion socioprofessionnelle et d\u00e9veloppement durable. \u00a0 Plus qu\u2019une cohabitation qui, d\u00e8s le d\u00e9but 2022, regroupera tout ou partie des services [&hellip;]<\/p>\n","protected":false},"author":12,"featured_media":15118,"parent":0,"menu_order":0,"comment_status":"closed","ping_status":"closed","template":"","meta":{"_acf_changed":false,"footnotes":""},"class_list":["post-15114","page","type-page","status-publish","has-post-thumbnail","hentry"],"acf":[],"yoast_head":"<!-- This site is optimized with the Yoast SEO plugin v27.1.1 - https:\/\/yoast.com\/product\/yoast-seo-wordpress\/ -->\n<title>Tourbillon - CSP Gen\u00e8ve<\/title>\n<meta name=\"description\" content=\"Plus qu&#039;un magasin, la nouvelle Renfile de Tourbillon se veut un lieu de convivialit\u00e9 et d&#039;insertion.\" \/>\n<meta name=\"robots\" content=\"index, follow, max-snippet:-1, max-image-preview:large, max-video-preview:-1\" \/>\n<link rel=\"canonical\" href=\"https:\/\/csp.ch\/geneve\/tourbillon\/\" \/>\n<meta property=\"og:locale\" content=\"fr_FR\" \/>\n<meta property=\"og:type\" content=\"article\" \/>\n<meta property=\"og:title\" content=\"Tourbillon - CSP Gen\u00e8ve\" \/>\n<meta property=\"og:description\" content=\"Plus qu&#039;un magasin, la nouvelle Renfile de Tourbillon se veut un lieu de convivialit\u00e9 et d&#039;insertion.\" \/>\n<meta property=\"og:url\" content=\"https:\/\/csp.ch\/geneve\/tourbillon\/\" \/>\n<meta property=\"og:site_name\" content=\"CSP Gen\u00e8ve\" \/>\n<meta property=\"article:modified_time\" content=\"2025-03-18T10:21:04+00:00\" \/>\n<meta property=\"og:image\" content=\"https:\/\/csp.ch\/wp-content\/uploads\/sites\/5\/2021\/09\/photo-Olivier-Carrard-2-scaled.jpg\" \/>\n\t<meta property=\"og:image:width\" content=\"2560\" \/>\n\t<meta property=\"og:image:height\" content=\"1709\" \/>\n\t<meta property=\"og:image:type\" content=\"image\/jpeg\" \/>\n<meta name=\"twitter:card\" content=\"summary_large_image\" \/>\n<meta name=\"twitter:label1\" content=\"Dur\u00e9e de lecture estim\u00e9e\" \/>\n\t<meta name=\"twitter:data1\" content=\"2 minutes\" \/>\n<script type=\"application\/ld+json\" class=\"yoast-schema-graph\">{\"@context\":\"https:\/\/schema.org\",\"@graph\":[{\"@type\":\"WebPage\",\"@id\":\"https:\/\/csp.ch\/geneve\/tourbillon\/\",\"url\":\"https:\/\/csp.ch\/geneve\/tourbillon\/\",\"name\":\"Tourbillon - CSP Gen\u00e8ve\",\"isPartOf\":{\"@id\":\"https:\/\/csp.ch\/geneve\/#website\"},\"primaryImageOfPage\":{\"@id\":\"https:\/\/csp.ch\/geneve\/tourbillon\/#primaryimage\"},\"image\":{\"@id\":\"https:\/\/csp.ch\/geneve\/tourbillon\/#primaryimage\"},\"thumbnailUrl\":\"https:\/\/csp.ch\/wp-content\/uploads\/sites\/5\/2021\/09\/photo-Olivier-Carrard-2-scaled.jpg\",\"datePublished\":\"2021-09-28T08:32:01+00:00\",\"dateModified\":\"2025-03-18T10:21:04+00:00\",\"description\":\"Plus qu'un magasin, la nouvelle Renfile de Tourbillon se veut un lieu de convivialit\u00e9 et d'insertion.\",\"breadcrumb\":{\"@id\":\"https:\/\/csp.ch\/geneve\/tourbillon\/#breadcrumb\"},\"inLanguage\":\"fr-FR\",\"potentialAction\":[{\"@type\":\"ReadAction\",\"target\":[\"https:\/\/csp.ch\/geneve\/tourbillon\/\"]}]},{\"@type\":\"ImageObject\",\"inLanguage\":\"fr-FR\",\"@id\":\"https:\/\/csp.ch\/geneve\/tourbillon\/#primaryimage\",\"url\":\"https:\/\/csp.ch\/wp-content\/uploads\/sites\/5\/2021\/09\/photo-Olivier-Carrard-2-scaled.jpg\",\"contentUrl\":\"https:\/\/csp.ch\/wp-content\/uploads\/sites\/5\/2021\/09\/photo-Olivier-Carrard-2-scaled.jpg\",\"width\":2560,\"height\":1709},{\"@type\":\"BreadcrumbList\",\"@id\":\"https:\/\/csp.ch\/geneve\/tourbillon\/#breadcrumb\",\"itemListElement\":[{\"@type\":\"ListItem\",\"position\":1,\"name\":\"Accueil\",\"item\":\"https:\/\/csp.ch\/geneve\/\"},{\"@type\":\"ListItem\",\"position\":2,\"name\":\"Tourbillon\"}]},{\"@type\":\"WebSite\",\"@id\":\"https:\/\/csp.ch\/geneve\/#website\",\"url\":\"https:\/\/csp.ch\/geneve\/\",\"name\":\"CSP Gen\u00e8ve\",\"description\":\"\",\"potentialAction\":[{\"@type\":\"SearchAction\",\"target\":{\"@type\":\"EntryPoint\",\"urlTemplate\":\"https:\/\/csp.ch\/geneve\/?s={search_term_string}\"},\"query-input\":{\"@type\":\"PropertyValueSpecification\",\"valueRequired\":true,\"valueName\":\"search_term_string\"}}],\"inLanguage\":\"fr-FR\"}]}<\/script>\n<!-- \/ Yoast SEO plugin. -->","yoast_head_json":{"title":"Tourbillon - CSP Gen\u00e8ve","description":"Plus qu'un magasin, la nouvelle Renfile de Tourbillon se veut un lieu de convivialit\u00e9 et d'insertion.","robots":{"index":"index","follow":"follow","max-snippet":"max-snippet:-1","max-image-preview":"max-image-preview:large","max-video-preview":"max-video-preview:-1"},"canonical":"https:\/\/csp.ch\/geneve\/tourbillon\/","og_locale":"fr_FR","og_type":"article","og_title":"Tourbillon - CSP Gen\u00e8ve","og_description":"Plus qu'un magasin, la nouvelle Renfile de Tourbillon se veut un lieu de convivialit\u00e9 et d'insertion.","og_url":"https:\/\/csp.ch\/geneve\/tourbillon\/","og_site_name":"CSP Gen\u00e8ve","article_modified_time":"2025-03-18T10:21:04+00:00","og_image":[{"width":2560,"height":1709,"url":"https:\/\/csp.ch\/wp-content\/uploads\/sites\/5\/2021\/09\/photo-Olivier-Carrard-2-scaled.jpg","type":"image\/jpeg"}],"twitter_card":"summary_large_image","twitter_misc":{"Dur\u00e9e de lecture estim\u00e9e":"2 minutes"},"schema":{"@context":"https:\/\/schema.org","@graph":[{"@type":"WebPage","@id":"https:\/\/csp.ch\/geneve\/tourbillon\/","url":"https:\/\/csp.ch\/geneve\/tourbillon\/","name":"Tourbillon - CSP Gen\u00e8ve","isPartOf":{"@id":"https:\/\/csp.ch\/geneve\/#website"},"primaryImageOfPage":{"@id":"https:\/\/csp.ch\/geneve\/tourbillon\/#primaryimage"},"image":{"@id":"https:\/\/csp.ch\/geneve\/tourbillon\/#primaryimage"},"thumbnailUrl":"https:\/\/csp.ch\/wp-content\/uploads\/sites\/5\/2021\/09\/photo-Olivier-Carrard-2-scaled.jpg","datePublished":"2021-09-28T08:32:01+00:00","dateModified":"2025-03-18T10:21:04+00:00","description":"Plus qu'un magasin, la nouvelle Renfile de Tourbillon se veut un lieu de convivialit\u00e9 et d'insertion.","breadcrumb":{"@id":"https:\/\/csp.ch\/geneve\/tourbillon\/#breadcrumb"},"inLanguage":"fr-FR","potentialAction":[{"@type":"ReadAction","target":["https:\/\/csp.ch\/geneve\/tourbillon\/"]}]},{"@type":"ImageObject","inLanguage":"fr-FR","@id":"https:\/\/csp.ch\/geneve\/tourbillon\/#primaryimage","url":"https:\/\/csp.ch\/wp-content\/uploads\/sites\/5\/2021\/09\/photo-Olivier-Carrard-2-scaled.jpg","contentUrl":"https:\/\/csp.ch\/wp-content\/uploads\/sites\/5\/2021\/09\/photo-Olivier-Carrard-2-scaled.jpg","width":2560,"height":1709},{"@type":"BreadcrumbList","@id":"https:\/\/csp.ch\/geneve\/tourbillon\/#breadcrumb","itemListElement":[{"@type":"ListItem","position":1,"name":"Accueil","item":"https:\/\/csp.ch\/geneve\/"},{"@type":"ListItem","position":2,"name":"Tourbillon"}]},{"@type":"WebSite","@id":"https:\/\/csp.ch\/geneve\/#website","url":"https:\/\/csp.ch\/geneve\/","name":"CSP Gen\u00e8ve","description":"","potentialAction":[{"@type":"SearchAction","target":{"@type":"EntryPoint","urlTemplate":"https:\/\/csp.ch\/geneve\/?s={search_term_string}"},"query-input":{"@type":"PropertyValueSpecification","valueRequired":true,"valueName":"search_term_string"}}],"inLanguage":"fr-FR"}]}},"_links":{"self":[{"href":"https:\/\/csp.ch\/geneve\/wp-json\/wp\/v2\/pages\/15114","targetHints":{"allow":["GET"]}}],"collection":[{"href":"https:\/\/csp.ch\/geneve\/wp-json\/wp\/v2\/pages"}],"about":[{"href":"https:\/\/csp.ch\/geneve\/wp-json\/wp\/v2\/types\/page"}],"author":[{"embeddable":true,"href":"https:\/\/csp.ch\/geneve\/wp-json\/wp\/v2\/users\/12"}],"replies":[{"embeddable":true,"href":"https:\/\/csp.ch\/geneve\/wp-json\/wp\/v2\/comments?post=15114"}],"version-history":[{"count":3,"href":"https:\/\/csp.ch\/geneve\/wp-json\/wp\/v2\/pages\/15114\/revisions"}],"predecessor-version":[{"id":25321,"href":"https:\/\/csp.ch\/geneve\/wp-json\/wp\/v2\/pages\/15114\/revisions\/25321"}],"wp:featuredmedia":[{"embeddable":true,"href":"https:\/\/csp.ch\/geneve\/wp-json\/wp\/v2\/media\/15118"}],"wp:attachment":[{"href":"https:\/\/csp.ch\/geneve\/wp-json\/wp\/v2\/media?parent=15114"}],"curies":[{"name":"wp","href":"https:\/\/api.w.org\/{rel}","templated":true}]}}