{"id":14746,"date":"2021-08-26T13:56:58","date_gmt":"2021-08-26T12:56:58","guid":{"rendered":"https:\/\/csp.ch\/geneve\/?page_id=14746"},"modified":"2021-09-08T10:35:56","modified_gmt":"2021-09-08T09:35:56","slug":"afghanistan","status":"publish","type":"page","link":"https:\/\/csp.ch\/geneve\/afghanistan\/","title":{"rendered":"Informations pour les Afghans souhaitant venir en Suisse"},"content":{"rendered":"<div class=\"wpb-content-wrapper\"><p>[vc_row][vc_column][vc_column_text]<em>(mises \u00e0 jour le 2 septembre 2021)<\/em><\/p>\n<p><a href=\"https:\/\/csp.ch\/geneve\/wp-content\/uploads\/sites\/5\/2020\/03\/CSP_Fiche-Afghanistan-dari_8.9.2021.pdf\">\u0627\u0637\u0644\u0627\u0639\u0627\u062a \u0644\u0627\u0632\u0645 \u0628\u0631\u0627\u06cc\u00a0\u0627\u0641\u063a\u0627\u0646\u200c\u0647\u0627\u06cc\u06cc\u00a0\u06a9\u0647\u00a0\u0645\u0627\u06cc\u0644\u200c \u0627\u0646\u062f\u00a0\u0628\u0647 \u06a9\u0634\u0648\u0631 \u0633\u0648\u0626\u06cc\u0633 \u0628\u06cc\u0627\u06cc\u0646\u062f<\/a><\/p>\n<h2><strong>1. Personnes pouvant pr\u00e9tendre \u00e0 un regroupement familial <\/strong>(au sens du droit suisse)<\/h2>\n<p>Les personnes au b\u00e9n\u00e9fice d\u2019un statut stable en Suisse (de nationalit\u00e9 suisse, avec permis B ou C, ou permis F depuis plus de 3 ans et ind\u00e9pendantes de l\u2019aide sociale) et disposant d\u2019un logement ad\u00e9quat peuvent faire <u>une demande de regroupement familial <\/u>pour leur \u00e9pouse, leur mari et leurs enfants n\u2019ayant pas encore 18 ans qui se trouvent hors de Suisse.<\/p>\n<p>\u00c0 noter que pour les Europ\u00e9ens ou \u00e9poux d\u2019Europ\u00e9ens en Suisse, les m\u00e8re et p\u00e8re ainsi que les enfants jusqu\u2019\u00e0 21 ans \u00e0 charge peuvent aussi faire l\u2019objet d\u2019une demande de regroupement familial, si les conditions de logement sont remplies.<\/p>\n<p>\u00c0 ce stade, pour les proches r\u00e9pondant \u00e0 ces conditions qui se trouvent encore en Afghanistan, il importe cependant qu\u2019une date de sortie du pays puisse \u00eatre approximativement pr\u00e9vue.<\/p>\n<p><u>Ces personnes peuvent <a href=\"https:\/\/csp.ch\/geneve\/services\/refugies\/\">s\u2019adresser au CSP pour des conseils relatifs aux d\u00e9marches \u00e0 entreprendre<\/a>.\u00a0 <\/u><\/p>\n<h2><strong>2. Autres personnes (hors regroupement familial) <\/strong><\/h2>\n<h3><strong><em>2.1. Personnes encore en Afghanistan <\/em><\/strong><\/h3>\n<p>La Suisse n\u2019a aucuns moyens pour faciliter la sortie du pays.<\/p>\n<p>Elle n\u2019a pas de repr\u00e9sentation diplomatique (ambassade) sur place qui pourrait d\u00e9livrer de visas d\u2019entr\u00e9e en Suisse.<\/p>\n<p>Les demandes de visa humanitaire pour personnes fuyant des pers\u00e9cutions doivent \u00eatre d\u00e9pos\u00e9es personnellement dans une ambassade suisse en dehors d\u2019Afghanistan. Il faut donc d\u2019abord quitter le pays par ses propres moyens.<\/p>\n<p>Aucune d\u00e9marche administrative ou juridique aupr\u00e8s des autorit\u00e9s suisses pour l\u2019obtention d\u2019un tel visa n\u2019a de chances de succ\u00e8s tant que les personnes n\u2019ont pas quitt\u00e9 le pays.<\/p>\n<p><u>Le CSP ne peut donc fournir aucune aide juridique pour aider ces personnes \u00e0 quitter l\u2019Afghanistan et venir se r\u00e9fugier en Suisse. <\/u><\/p>\n<p>Le CSP n\u2019est pas non plus en mesure d\u2019\u00e9valuer les risques que repr\u00e9sente cette fuite. Les personnes sur place sont les mieux plac\u00e9es pour \u00e9valuer la situation et se prot\u00e9ger du danger le plus imminent.<\/p>\n<h3><strong><em>2.2. Personnes hors d\u2019Afghanistan\u00a0 <\/em><\/strong><\/h3>\n<h4><strong><em>Principe<\/em><\/strong><\/h4>\n<p>Le seul moyen l\u00e9gal pour entrer en Suisse est d\u2019obtenir un <u>visa humanitaire. <\/u><\/p>\n<p>Les ambassades suisses peuvent d\u00e9livrer des visas humanitaires pour entrer en Suisse \u00e0 des personnes <em>dont la vie ou l\u2019int\u00e9grit\u00e9 physique sont directement, s\u00e9rieusement et concr\u00e8tement menac\u00e9e dans leur pays de provenance<\/em>.<\/p>\n<h4><strong><em>Avertissement<\/em><\/strong><\/h4>\n<p>Il faut savoir que cette proc\u00e9dure de visa humanitaire prend beaucoup de temps. Il faut sans doute plusieurs mois aujourd\u2019hui avant d\u2019obtenir un rendez-vous dans une ambassade suisse, puis une fois la demande d\u00e9pos\u00e9e il faut de tr\u00e8s longs mois, voire plus d\u2019une ann\u00e9e, avant d\u2019obtenir une r\u00e9ponse.<\/p>\n<p>De plus, tr\u00e8s peu de demandes sont accept\u00e9es. La Suisse part du principe que les personnes qui ne sont plus dans leur pays et se trouvent maintenant dans un pays tiers ne courent plus les menaces qui donnent droit au visa humanitaire.<\/p>\n<h4><strong><em>Proc\u00e9dure \u00e0 suivre<\/em><\/strong><\/h4>\n<ul>\n<li>Un rendez-vous doit \u00eatre pris pr\u00e9alablement avec l\u2019ambassade suisse du pays o\u00f9 se trouve la personne concern\u00e9e. La demande de rendez-vous doit \u00eatre faite par e-mail.<\/li>\n<li>La demande compl\u00e8te doit \u00eatre d\u00e9pos\u00e9e personnellement par la personne concern\u00e9e \u00e0 l\u2019ambassade. C\u2019est donc elle qui doit aller au rendez-vous.<\/li>\n<\/ul>\n<h4><strong><em>Conditions \u00e0 remplir <\/em><\/strong><\/h4>\n<ul>\n<li>\n<h5><em><u>Pour la prise de rendez-vous \u00e0 l\u2019ambassade suisse <\/u>(e-mail)<\/em><\/h5>\n<\/li>\n<\/ul>\n<ul>\n<li style=\"list-style-type: none\">\n<ul>\n<li>Pr\u00e9ciser express\u00e9ment qu\u2019il s\u2019agit d\u2019une demande de <u>visa humanitaire<\/u>.<\/li>\n<\/ul>\n<\/li>\n<\/ul>\n<ul>\n<li style=\"list-style-type: none\">\n<ul>\n<li>D\u00e9montrer un lien avec la Suisse (en g\u00e9n\u00e9ral y avoir de la famille). <em>Indication du nom, pr\u00e9nom, date de naissance et adresse de la personne habitant en Suisse, avec copie de son titre de s\u00e9jour. <\/em><\/li>\n<\/ul>\n<\/li>\n<\/ul>\n<ul>\n<li style=\"list-style-type: none\">\n<ul>\n<li>Fournir les noms, pr\u00e9noms et dates de naissance de toutes les personnes inclues dans la demande de visa humanitaire. <em>Photocopies de tous les documents d\u2019identit\u00e9 (passeports, taskiras), avec traduction de ceux qui sont uniquement en dari. <\/em><\/li>\n<\/ul>\n<\/li>\n<\/ul>\n<ul>\n<li style=\"list-style-type: none\">\n<ul>\n<li>Joindre une lettre de motivation <em>(en fran\u00e7ais, anglais, allemand ou italien)<\/em>. Cette lettre doit contenir les informations suivantes :<\/li>\n<\/ul>\n<\/li>\n<\/ul>\n<ul>\n<li style=\"list-style-type: none\">\n<ul>\n<li style=\"list-style-type: none\">\n<ul>\n<li>Raisons ayant entra\u00een\u00e9 la fuite d\u2019Afghanistan. <em>Il faut faire valoir une menace de pers\u00e9cution grave visant individuellement la personne elle-m\u00eame. Mentionner que l\u2019Afghanistan est en guerre et que les nouvelles autorit\u00e9s afghanes ne respectent pas les droits humains ne suffit pas, il faut montrer que l\u2019on est personnellement cibl\u00e9. Il faut donc expliquer avec le plus de pr\u00e9cisions possible les pers\u00e9cutions subies et les menaces existantes (mentionner par exemple un attentat perp\u00e9tr\u00e9 contre la personne ou des proches, des actions concr\u00e8tes men\u00e9es contre elle (lettres de menaces, condamnations <\/em><em>publiques\u2026), ses liens avec l\u2019ancienne administration afghane ou des organismes occidentaux (gouvernements \u00e9trangers, ONG, \u00a0etc), ses activit\u00e9s en leur faveur, etc). Joindre des copies des moyens de preuve si possible. <\/em><\/li>\n<\/ul>\n<\/li>\n<\/ul>\n<\/li>\n<\/ul>\n<ul>\n<li style=\"list-style-type: none\">\n<ul>\n<li style=\"list-style-type: none\">\n<ul>\n<li>Mention que la fuite d\u2019Afghanistan est uniquement due aux menaces de pers\u00e9cution et \u00e0 la volont\u00e9 de demander la protection de la Suisse.<\/li>\n<li>Explication que les conditions de vie dans le pays o\u00f9 la personne se trouve (soit le pays o\u00f9 elle a fui ; l\u2019Iran, le Pakistan, etc) la mettent aussi en danger et qu\u2019elle ne peut pas y rester. <em>Mentionner le lieu o\u00f9 la personne se trouve et dans quelles conditions elle vit concr\u00e8tement (dans un camp de r\u00e9fugi\u00e9s, chez des proches, etc, en fournissant l\u2019adresse). Il faut insister en particulier sur la situation de d\u00e9nuement (absence de revenu et de moyens de subsistance, absence de r\u00e9seau social et familial, \u00e9ventuels probl\u00e8mes de sant\u00e9 et le non-acc\u00e8s aux soins n\u00e9cessaires) et sur les probl\u00e8mes s\u00e9curitaires (risque de pers\u00e9cutions par des Afghans proches du nouveau r\u00e9gime, absence de statut et\u00a0 risque d\u2019expulsion et de renvoi forc\u00e9 en Afghanistan, voire risque d\u2019\u00eatre victime de criminels en l\u2019absence de toute protection). Joindre des moyens de preuve s\u2019il y en a.<\/em><\/li>\n<\/ul>\n<\/li>\n<\/ul>\n<\/li>\n<\/ul>\n<ul>\n<li style=\"list-style-type: none\">\n<ul>\n<li style=\"list-style-type: none\">\n<ul>\n<li>Si la personne n\u2019est pas dans un camp de r\u00e9fugi\u00e9s, explication de la raison pour laquelle elle n\u2019a pas cherch\u00e9 la protection d\u2019une telle structure et notamment du HCR.<\/li>\n<\/ul>\n<\/li>\n<\/ul>\n<\/li>\n<\/ul>\n<ul>\n<li>\n<h5><em><u>Pour le rendez-vous \u00e0 l\u2019ambassade suisse<\/u><\/em><\/h5>\n<ul>\n<li>Pr\u00e9senter une copie de l\u2019e-mail de l\u2019ambassade suisse fixant le rendez-vous.<\/li>\n<\/ul>\n<\/li>\n<\/ul>\n<ul>\n<li style=\"list-style-type: none\">\n<ul>\n<li>Pr\u00e9senter un formulaire de demande de visa par personne. <em>Le formulaire (intitul\u00e9 : Demande pour visa de long s\u00e9jour (visa D)) doit \u00eatre rempli en anglais, fran\u00e7ais, allemand ou italien, et \u00e0 la machine ou \u00e0 la main en lettres majuscules. <\/em><em>On le trouve sous le lien :<\/em> <a href=\"https:\/\/www.sem.admin.ch\/dam\/sem\/en\/data\/einreise\/visumantragsformulare\/visumantrag-visumd-fr-en.pdf.download.pdf\/visumantrag-visumd-fr-en.pdf\">https:\/\/www.sem.admin.ch\/dam\/sem\/en\/data\/einreise\/visumantragsformulare\/visumantrag-visumd-fr-en.pdf.download.pdf\/visumantrag-visumd-fr-en.pdf<\/a>\u00a0 <em>Il est possible voire probable qu\u2019une version en dari soit disponible aupr\u00e8s des ambassades suisses des pays voisins de l\u2019Afghanistan.<\/em><\/li>\n<\/ul>\n<\/li>\n<\/ul>\n<ul>\n<li style=\"list-style-type: none\">\n<ul>\n<li>Pr\u00e9senter tous les documents d\u2019identit\u00e9 (passeports, taskiras, voire actes naissance et livret famille si disponibles).<\/li>\n<\/ul>\n<\/li>\n<\/ul>\n<ul>\n<li style=\"list-style-type: none\">\n<ul>\n<li>Pr\u00e9senter 2 photos passeport par personne (identiques, actuelles et biom\u00e9triques).<\/li>\n<\/ul>\n<\/li>\n<\/ul>\n<ul>\n<li style=\"list-style-type: none\">\n<ul>\n<li>Se pr\u00e9parer \u00e0 une audition assez courte dans laquelle il faudra r\u00e9sumer oralement les motifs de la demande de visa humanitaire tels qu\u2019ils sont expos\u00e9s dans la lettre de motivation.<\/li>\n<\/ul>\n<\/li>\n<\/ul>\n<h4><strong><em>Informations compl\u00e9mentaires <\/em><\/strong><\/h4>\n<p>Adresses e-mail des ambassades suisses en Iran et au Pakistan\u00a0:<\/p>\n<p><em><a href=\"&#109;a&#x69;l&#x74;o&#x3a;i&#x73;&#108;&#x61;&#109;&#x61;&#98;&#x61;&#100;&#46;&#118;i&#x73;a&#x40;e&#x64;&#97;&#x2e;&#97;&#x64;&#109;&#x69;&#110;&#x2e;&#99;h\">&#x69;s&#x6c;&#97;&#x6d;&#97;b&#x61;d&#x2e;&#118;&#x69;&#115;a&#x40;&#101;&#x64;&#97;&#46;&#x61;d&#x6d;&#105;&#x6e;&#46;c&#x68;<\/a><\/em><\/p>\n<p><em><a href=\"&#109;&#x61;i&#x6c;&#x74;&#111;&#x3a;t&#101;&#x68;&#114;&#x61;n&#46;&#x76;i&#x73;a&#64;&#x65;d&#x61;&#x2e;&#97;&#x64;m&#105;&#x6e;&#46;&#x63;h\">t&#101;&#x68;&#x72;a&#110;&#46;&#x76;&#x69;s&#97;&#64;&#x65;&#x64;a&#46;&#x61;&#x64;&#x6d;i&#110;&#x2e;&#x63;h<\/a><\/em><\/p>\n<p>Parall\u00e8lement \u00e0 une \u00e9ventuelle demande de visa humanitaire, il est vivement conseill\u00e9 de s\u2019adresser au bureau de l\u2019Agence de Nations-Unies pour les r\u00e9fugi\u00e9s (UNHCR) du pays o\u00f9 se trouve la personne concern\u00e9e pour y recevoir des informations sur les possibilit\u00e9s d\u2019assistance et sur les programmes de relocations dans un pays tiers. A noter qu\u2019il n\u2019y a pas de tel programme \u00e0 ce jour pour la Suisse.<\/p>\n<p>&nbsp;<\/p>\n<p>&nbsp;<\/p>\n<p>[\/vc_column_text][vc_column_text]<\/p>\n<h3>Action politique<\/h3>\n<p>Le Conseil f\u00e9d\u00e9ral se d\u00e9clare pour le moment totalement ferm\u00e9 \u00e0 l&rsquo;accueil de r\u00e9fugi\u00e9s afghans. Il faut faire entendre nos voix pour demander l&rsquo;octroi de visas humanitaires et l&rsquo;examen bienveillant des demandes de regroupement familial, afin que les proches vuln\u00e9rables des ressortissants afghans d\u00e9j\u00e0 en Suisse puissent se mettre en s\u00e9curit\u00e9. Le CSP, avec d&rsquo;autres associations, oeuvre dans ce sens. Votre voix compte, faites vous entendre en diffusant des informations sur les r\u00e9seaux sociaux ou par courrier \u00e9lectronique, en interpelant des responsables politiques, en participant aux rassemblements et aux manifestations, en signant les appels existants.<\/p>\n<p><a href=\"https:\/\/www.rts.ch\/play\/tv\/12h45\/video\/aldo-brina-du-centre-social-protestant-reagit-a-la-crise-migratoire-qui-menace-a-cause-de-la-situation-en-afghanistan?urn=urn:rts:video:12423938&amp;\">La position du CSP \u00e0 la t\u00e9l\u00e9<\/a><\/p>\n<p><a href=\"https:\/\/asile.ch\/2021\/08\/25\/opinion-accueil-des-refugies-afghans-le-courageometre-a-0\/\">La position du CSP dans le Temps<\/a><\/p>\n<p><a href=\"https:\/\/www.amnesty.ch\/fr\/pays\/asie-pacifique\/afghanistan\/docs\/2021\/petition\/agir-en-ligne\">La p\u00e9tition \u00e9lectronique d&rsquo;Amnesty international<\/a><\/p>\n<p><a href=\"https:\/\/appel-pour-afghanistan.ch\/\">L&rsquo;appel du parti socialiste<\/a><\/p>\n<p>Le CSP soutient la manifestation qui se tiendra (s&rsquo;est tenu) le 4 septembre 2021 \u00e0 Gen\u00e8ve.<\/p>\n<p><a href=\"https:\/\/csp.ch\/geneve\/wp-content\/uploads\/sites\/5\/2021\/09\/manifestation-de-soutien-Afghanistan-4.9.21-flyer.jpg\"><img loading=\"lazy\" decoding=\"async\" class=\"size-medium wp-image-14849 aligncenter\" src=\"https:\/\/csp.ch\/geneve\/wp-content\/uploads\/sites\/5\/2021\/09\/manifestation-de-soutien-Afghanistan-4.9.21-flyer-213x300.jpg\" alt=\"\" width=\"213\" height=\"300\" srcset=\"https:\/\/csp.ch\/wp-content\/uploads\/sites\/5\/2021\/09\/manifestation-de-soutien-Afghanistan-4.9.21-flyer-213x300.jpg 213w, https:\/\/csp.ch\/wp-content\/uploads\/sites\/5\/2021\/09\/manifestation-de-soutien-Afghanistan-4.9.21-flyer-726x1024.jpg 726w, https:\/\/csp.ch\/wp-content\/uploads\/sites\/5\/2021\/09\/manifestation-de-soutien-Afghanistan-4.9.21-flyer-768x1084.jpg 768w, https:\/\/csp.ch\/wp-content\/uploads\/sites\/5\/2021\/09\/manifestation-de-soutien-Afghanistan-4.9.21-flyer-1088x1536.jpg 1088w, https:\/\/csp.ch\/wp-content\/uploads\/sites\/5\/2021\/09\/manifestation-de-soutien-Afghanistan-4.9.21-flyer-240x339.jpg 240w, https:\/\/csp.ch\/wp-content\/uploads\/sites\/5\/2021\/09\/manifestation-de-soutien-Afghanistan-4.9.21-flyer-300x423.jpg 300w, https:\/\/csp.ch\/wp-content\/uploads\/sites\/5\/2021\/09\/manifestation-de-soutien-Afghanistan-4.9.21-flyer-740x1044.jpg 740w, https:\/\/csp.ch\/wp-content\/uploads\/sites\/5\/2021\/09\/manifestation-de-soutien-Afghanistan-4.9.21-flyer.jpg 1242w\" sizes=\"auto, (max-width: 213px) 100vw, 213px\" \/><\/a><\/p>\n<p>&nbsp;<\/p>\n<p>&nbsp;<\/p>\n<p>[\/vc_column_text][vc_single_image image=\u00a0\u00bb14748&Prime; img_size=\u00a0\u00bbmedium\u00a0\u00bb add_caption=\u00a0\u00bbyes\u00a0\u00bb alignment=\u00a0\u00bbcenter\u00a0\u00bb][\/vc_column][\/vc_row]<\/p>\n<\/div>","protected":false},"excerpt":{"rendered":"<p>[vc_row][vc_column][vc_column_text](mises \u00e0 jour le 2 septembre 2021) \u0627\u0637\u0644\u0627\u0639\u0627\u062a \u0644\u0627\u0632\u0645 \u0628\u0631\u0627\u06cc\u00a0\u0627\u0641\u063a\u0627\u0646\u200c\u0647\u0627\u06cc\u06cc\u00a0\u06a9\u0647\u00a0\u0645\u0627\u06cc\u0644\u200c \u0627\u0646\u062f\u00a0\u0628\u0647 \u06a9\u0634\u0648\u0631 \u0633\u0648\u0626\u06cc\u0633 \u0628\u06cc\u0627\u06cc\u0646\u062f 1. Personnes pouvant pr\u00e9tendre \u00e0 un regroupement familial (au sens du droit suisse) Les personnes au b\u00e9n\u00e9fice d\u2019un statut stable en Suisse (de nationalit\u00e9 suisse, avec permis B ou C, ou permis F depuis plus de 3 ans et ind\u00e9pendantes de [&hellip;]<\/p>\n","protected":false},"author":11,"featured_media":0,"parent":0,"menu_order":0,"comment_status":"closed","ping_status":"closed","template":"","meta":{"_acf_changed":false,"footnotes":""},"class_list":["post-14746","page","type-page","status-publish","hentry"],"acf":[],"yoast_head":"<!-- This site is optimized with the Yoast SEO plugin v27.1.1 - https:\/\/yoast.com\/product\/yoast-seo-wordpress\/ -->\n<title>Informations pour les Afghans souhaitant venir en Suisse - CSP Gen\u00e8ve<\/title>\n<meta name=\"description\" content=\"Informations sur les possibilit\u00e9s (tr\u00e8s minces) que les ressortissants afghans ont de faire venir des proches en Suisse.\" \/>\n<meta name=\"robots\" content=\"index, follow, max-snippet:-1, max-image-preview:large, max-video-preview:-1\" \/>\n<link rel=\"canonical\" href=\"https:\/\/csp.ch\/geneve\/afghanistan\/\" \/>\n<meta property=\"og:locale\" content=\"fr_FR\" \/>\n<meta property=\"og:type\" content=\"article\" \/>\n<meta property=\"og:title\" content=\"Informations pour les Afghans de Suisse\" \/>\n<meta property=\"og:description\" content=\"Informations sur les possibilit\u00e9s (tr\u00e8s minces) que les ressortissants afghans ont de faire venir des proches en Suisse.\" \/>\n<meta property=\"og:url\" content=\"https:\/\/csp.ch\/geneve\/afghanistan\/\" \/>\n<meta property=\"og:site_name\" content=\"CSP Gen\u00e8ve\" \/>\n<meta property=\"article:modified_time\" content=\"2021-09-08T09:35:56+00:00\" \/>\n<meta property=\"og:image\" content=\"https:\/\/csp.ch\/wp-content\/uploads\/sites\/5\/2021\/08\/Afghanistan.jpg\" \/>\n\t<meta property=\"og:image:width\" content=\"1890\" \/>\n\t<meta property=\"og:image:height\" content=\"1260\" \/>\n\t<meta property=\"og:image:type\" content=\"image\/jpeg\" \/>\n<meta name=\"twitter:card\" content=\"summary_large_image\" \/>\n<meta name=\"twitter:title\" content=\"Informations pour les Afghans de Suisse\" \/>\n<meta name=\"twitter:description\" content=\"Informations sur les possibilit\u00e9s (tr\u00e8s minces) que les ressortissants afghans ont de faire venir des proches en Suisse.\" \/>\n<meta name=\"twitter:image\" content=\"https:\/\/csp.ch\/wp-content\/uploads\/sites\/5\/2021\/08\/Afghanistan.jpg\" \/>\n<meta name=\"twitter:label1\" content=\"Dur\u00e9e de lecture estim\u00e9e\" \/>\n\t<meta name=\"twitter:data1\" content=\"6 minutes\" \/>\n<script type=\"application\/ld+json\" class=\"yoast-schema-graph\">{\"@context\":\"https:\/\/schema.org\",\"@graph\":[{\"@type\":\"WebPage\",\"@id\":\"https:\/\/csp.ch\/geneve\/afghanistan\/\",\"url\":\"https:\/\/csp.ch\/geneve\/afghanistan\/\",\"name\":\"Informations pour les Afghans souhaitant venir en Suisse - CSP Gen\u00e8ve\",\"isPartOf\":{\"@id\":\"https:\/\/csp.ch\/geneve\/#website\"},\"primaryImageOfPage\":{\"@id\":\"https:\/\/csp.ch\/geneve\/afghanistan\/#primaryimage\"},\"image\":{\"@id\":\"https:\/\/csp.ch\/geneve\/afghanistan\/#primaryimage\"},\"thumbnailUrl\":\"https:\/\/csp.ch\/geneve\/wp-content\/uploads\/sites\/5\/2021\/09\/manifestation-de-soutien-Afghanistan-4.9.21-flyer-213x300.jpg\",\"datePublished\":\"2021-08-26T12:56:58+00:00\",\"dateModified\":\"2021-09-08T09:35:56+00:00\",\"description\":\"Informations sur les possibilit\u00e9s (tr\u00e8s minces) que les ressortissants afghans ont de faire venir des proches en Suisse.\",\"breadcrumb\":{\"@id\":\"https:\/\/csp.ch\/geneve\/afghanistan\/#breadcrumb\"},\"inLanguage\":\"fr-FR\",\"potentialAction\":[{\"@type\":\"ReadAction\",\"target\":[\"https:\/\/csp.ch\/geneve\/afghanistan\/\"]}]},{\"@type\":\"ImageObject\",\"inLanguage\":\"fr-FR\",\"@id\":\"https:\/\/csp.ch\/geneve\/afghanistan\/#primaryimage\",\"url\":\"https:\/\/csp.ch\/geneve\/wp-content\/uploads\/sites\/5\/2021\/09\/manifestation-de-soutien-Afghanistan-4.9.21-flyer-213x300.jpg\",\"contentUrl\":\"https:\/\/csp.ch\/geneve\/wp-content\/uploads\/sites\/5\/2021\/09\/manifestation-de-soutien-Afghanistan-4.9.21-flyer-213x300.jpg\"},{\"@type\":\"BreadcrumbList\",\"@id\":\"https:\/\/csp.ch\/geneve\/afghanistan\/#breadcrumb\",\"itemListElement\":[{\"@type\":\"ListItem\",\"position\":1,\"name\":\"Accueil\",\"item\":\"https:\/\/csp.ch\/geneve\/\"},{\"@type\":\"ListItem\",\"position\":2,\"name\":\"Informations pour les Afghans souhaitant venir en Suisse\"}]},{\"@type\":\"WebSite\",\"@id\":\"https:\/\/csp.ch\/geneve\/#website\",\"url\":\"https:\/\/csp.ch\/geneve\/\",\"name\":\"CSP Gen\u00e8ve\",\"description\":\"\",\"potentialAction\":[{\"@type\":\"SearchAction\",\"target\":{\"@type\":\"EntryPoint\",\"urlTemplate\":\"https:\/\/csp.ch\/geneve\/?s={search_term_string}\"},\"query-input\":{\"@type\":\"PropertyValueSpecification\",\"valueRequired\":true,\"valueName\":\"search_term_string\"}}],\"inLanguage\":\"fr-FR\"}]}<\/script>\n<!-- \/ Yoast SEO plugin. -->","yoast_head_json":{"title":"Informations pour les Afghans souhaitant venir en Suisse - CSP Gen\u00e8ve","description":"Informations sur les possibilit\u00e9s (tr\u00e8s minces) que les ressortissants afghans ont de faire venir des proches en Suisse.","robots":{"index":"index","follow":"follow","max-snippet":"max-snippet:-1","max-image-preview":"max-image-preview:large","max-video-preview":"max-video-preview:-1"},"canonical":"https:\/\/csp.ch\/geneve\/afghanistan\/","og_locale":"fr_FR","og_type":"article","og_title":"Informations pour les Afghans de Suisse","og_description":"Informations sur les possibilit\u00e9s (tr\u00e8s minces) que les ressortissants afghans ont de faire venir des proches en Suisse.","og_url":"https:\/\/csp.ch\/geneve\/afghanistan\/","og_site_name":"CSP Gen\u00e8ve","article_modified_time":"2021-09-08T09:35:56+00:00","og_image":[{"width":1890,"height":1260,"url":"https:\/\/csp.ch\/wp-content\/uploads\/sites\/5\/2021\/08\/Afghanistan.jpg","type":"image\/jpeg"}],"twitter_card":"summary_large_image","twitter_title":"Informations pour les Afghans de Suisse","twitter_description":"Informations sur les possibilit\u00e9s (tr\u00e8s minces) que les ressortissants afghans ont de faire venir des proches en Suisse.","twitter_image":"https:\/\/csp.ch\/wp-content\/uploads\/sites\/5\/2021\/08\/Afghanistan.jpg","twitter_misc":{"Dur\u00e9e de lecture estim\u00e9e":"6 minutes"},"schema":{"@context":"https:\/\/schema.org","@graph":[{"@type":"WebPage","@id":"https:\/\/csp.ch\/geneve\/afghanistan\/","url":"https:\/\/csp.ch\/geneve\/afghanistan\/","name":"Informations pour les Afghans souhaitant venir en Suisse - CSP Gen\u00e8ve","isPartOf":{"@id":"https:\/\/csp.ch\/geneve\/#website"},"primaryImageOfPage":{"@id":"https:\/\/csp.ch\/geneve\/afghanistan\/#primaryimage"},"image":{"@id":"https:\/\/csp.ch\/geneve\/afghanistan\/#primaryimage"},"thumbnailUrl":"https:\/\/csp.ch\/geneve\/wp-content\/uploads\/sites\/5\/2021\/09\/manifestation-de-soutien-Afghanistan-4.9.21-flyer-213x300.jpg","datePublished":"2021-08-26T12:56:58+00:00","dateModified":"2021-09-08T09:35:56+00:00","description":"Informations sur les possibilit\u00e9s (tr\u00e8s minces) que les ressortissants afghans ont de faire venir des proches en Suisse.","breadcrumb":{"@id":"https:\/\/csp.ch\/geneve\/afghanistan\/#breadcrumb"},"inLanguage":"fr-FR","potentialAction":[{"@type":"ReadAction","target":["https:\/\/csp.ch\/geneve\/afghanistan\/"]}]},{"@type":"ImageObject","inLanguage":"fr-FR","@id":"https:\/\/csp.ch\/geneve\/afghanistan\/#primaryimage","url":"https:\/\/csp.ch\/geneve\/wp-content\/uploads\/sites\/5\/2021\/09\/manifestation-de-soutien-Afghanistan-4.9.21-flyer-213x300.jpg","contentUrl":"https:\/\/csp.ch\/geneve\/wp-content\/uploads\/sites\/5\/2021\/09\/manifestation-de-soutien-Afghanistan-4.9.21-flyer-213x300.jpg"},{"@type":"BreadcrumbList","@id":"https:\/\/csp.ch\/geneve\/afghanistan\/#breadcrumb","itemListElement":[{"@type":"ListItem","position":1,"name":"Accueil","item":"https:\/\/csp.ch\/geneve\/"},{"@type":"ListItem","position":2,"name":"Informations pour les Afghans souhaitant venir en Suisse"}]},{"@type":"WebSite","@id":"https:\/\/csp.ch\/geneve\/#website","url":"https:\/\/csp.ch\/geneve\/","name":"CSP Gen\u00e8ve","description":"","potentialAction":[{"@type":"SearchAction","target":{"@type":"EntryPoint","urlTemplate":"https:\/\/csp.ch\/geneve\/?s={search_term_string}"},"query-input":{"@type":"PropertyValueSpecification","valueRequired":true,"valueName":"search_term_string"}}],"inLanguage":"fr-FR"}]}},"_links":{"self":[{"href":"https:\/\/csp.ch\/geneve\/wp-json\/wp\/v2\/pages\/14746","targetHints":{"allow":["GET"]}}],"collection":[{"href":"https:\/\/csp.ch\/geneve\/wp-json\/wp\/v2\/pages"}],"about":[{"href":"https:\/\/csp.ch\/geneve\/wp-json\/wp\/v2\/types\/page"}],"author":[{"embeddable":true,"href":"https:\/\/csp.ch\/geneve\/wp-json\/wp\/v2\/users\/11"}],"replies":[{"embeddable":true,"href":"https:\/\/csp.ch\/geneve\/wp-json\/wp\/v2\/comments?post=14746"}],"version-history":[{"count":21,"href":"https:\/\/csp.ch\/geneve\/wp-json\/wp\/v2\/pages\/14746\/revisions"}],"predecessor-version":[{"id":14935,"href":"https:\/\/csp.ch\/geneve\/wp-json\/wp\/v2\/pages\/14746\/revisions\/14935"}],"wp:attachment":[{"href":"https:\/\/csp.ch\/geneve\/wp-json\/wp\/v2\/media?parent=14746"}],"curies":[{"name":"wp","href":"https:\/\/api.w.org\/{rel}","templated":true}]}}