{"id":124,"date":"2015-08-11T15:30:43","date_gmt":"2015-08-11T14:30:43","guid":{"rendered":"https:\/\/csp.ch\/vd\/?page_id=124"},"modified":"2025-10-28T14:22:28","modified_gmt":"2025-10-28T13:22:28","slug":"entreprises-et-fondations","status":"publish","type":"page","link":"https:\/\/csp.ch\/geneve\/don\/entreprises-et-fondations\/","title":{"rendered":"<strong>Entreprises<\/strong> et fondations"},"content":{"rendered":"<div class=\"wpb-content-wrapper\"><p>[vc_row][vc_column][vc_column_text]<\/p>\n<blockquote><p>Contribuez \u00e0 cr\u00e9er un meilleur avenir pour tous! En soutenant l&rsquo;action du CSP, vous affirmez votre responsabilit\u00e9 sociale et votre engagement de proximit\u00e9.<\/p><\/blockquote>\n<p>Le soutien des entreprises et des fondations est indispensable \u00e0 notre action de pr\u00e9vention et de lutte contre la pr\u00e9carit\u00e9.<\/p>\n<p>Plus de 10&rsquo;000 personnes \u00e0 Gen\u00e8ve sollicitent chaque ann\u00e9e l&rsquo;aide du CSP. Nombre d&rsquo;entre elles sont des familles confront\u00e9es \u00e0 la pr\u00e9carit\u00e9.<\/p>\n<p>[\/vc_column_text][vc_tta_accordion active_section=\u00a0\u00bb0&Prime; no_fill=\u00a0\u00bbtrue\u00a0\u00bb collapsible_all=\u00a0\u00bbtrue\u00a0\u00bb][vc_tta_section title=\u00a0\u00bbContactez notre service de recherche de fonds\u00a0\u00bb tab_id=\u00a0\u00bb1443611261253-cb681735-aebc\u00a0\u00bb][vc_column_text css=\u00a0\u00bb\u00a0\u00bb]Alexis Krikorian<\/p>\n<p>Responsable recherche de fonds<\/p>\n<p><a href=\"mai&#108;&#116;&#111;&#x3a;&#x61;&#x6c;&#x65;&#x78;&#x69;s&#46;k&#114;&#105;&#107;&#111;&#x72;&#x69;&#x61;&#x6e;&#x40;&#x63;sp-&#103;&#101;&#46;&#x63;&#x68;\">&#97;&#x6c;e&#120;&#x69;s&#46;&#x6b;r&#105;&#x6b;o&#114;&#x69;a&#110;&#x40;c&#115;&#x70;-&#103;&#x65;&#46;&#99;&#x68;<\/a><\/p>\n<p>T\u00e9l. 022 807 07 43[\/vc_column_text][\/vc_tta_section][\/vc_tta_accordion][vc_column_text]<strong>Merci pour l\u2019int\u00e9r\u00eat que vous portez \u00e0 notre activit\u00e9!<\/strong>[\/vc_column_text][\/vc_column][\/vc_row]<\/p>\n<\/div>","protected":false},"excerpt":{"rendered":"<p>[vc_row][vc_column][vc_column_text] Contribuez \u00e0 cr\u00e9er un meilleur avenir pour tous! En soutenant l&rsquo;action du CSP, vous affirmez votre responsabilit\u00e9 sociale et votre engagement de proximit\u00e9. Le soutien des entreprises et des fondations est indispensable \u00e0 notre action de pr\u00e9vention et de lutte contre la pr\u00e9carit\u00e9. Plus de 10&rsquo;000 personnes \u00e0 Gen\u00e8ve sollicitent chaque ann\u00e9e l&rsquo;aide du [&hellip;]<\/p>\n","protected":false},"author":1,"featured_media":815,"parent":69,"menu_order":0,"comment_status":"closed","ping_status":"closed","template":"","meta":{"_acf_changed":false,"footnotes":""},"class_list":["post-124","page","type-page","status-publish","has-post-thumbnail","hentry"],"acf":[],"yoast_head":"<!-- This site is optimized with the Yoast SEO plugin v27.1.1 - https:\/\/yoast.com\/product\/yoast-seo-wordpress\/ -->\n<title>Entreprises et fondations - CSP Gen\u00e8ve<\/title>\n<meta name=\"description\" content=\"Les entreprises qui d\u00e9sirent exercer leur responsabilit\u00e9 sociale ont la possibilit\u00e9 de le manifester par un engagement de proximit\u00e9, en soutenant le CSP.\" \/>\n<meta name=\"robots\" content=\"index, follow, max-snippet:-1, max-image-preview:large, max-video-preview:-1\" \/>\n<link rel=\"canonical\" href=\"https:\/\/csp.ch\/geneve\/don\/entreprises-et-fondations\/\" \/>\n<meta property=\"og:locale\" content=\"fr_FR\" \/>\n<meta property=\"og:type\" content=\"article\" \/>\n<meta property=\"og:title\" content=\"Entreprises et fondations - CSP Gen\u00e8ve\" \/>\n<meta property=\"og:description\" content=\"Les entreprises qui d\u00e9sirent exercer leur responsabilit\u00e9 sociale ont la possibilit\u00e9 de le manifester par un engagement de proximit\u00e9, en soutenant le CSP.\" \/>\n<meta property=\"og:url\" content=\"https:\/\/csp.ch\/geneve\/don\/entreprises-et-fondations\/\" \/>\n<meta property=\"og:site_name\" content=\"CSP Gen\u00e8ve\" \/>\n<meta property=\"article:modified_time\" content=\"2025-10-28T13:22:28+00:00\" \/>\n<meta property=\"og:image\" content=\"https:\/\/csp.ch\/wp-content\/uploads\/sites\/5\/2015\/08\/20151201\u00a9RebeccaBowring_G7A5493.jpg\" \/>\n\t<meta property=\"og:image:width\" content=\"2000\" \/>\n\t<meta property=\"og:image:height\" content=\"1333\" \/>\n\t<meta property=\"og:image:type\" content=\"image\/jpeg\" \/>\n<meta name=\"twitter:card\" content=\"summary_large_image\" \/>\n<meta name=\"twitter:label1\" content=\"Dur\u00e9e de lecture estim\u00e9e\" \/>\n\t<meta name=\"twitter:data1\" content=\"1 minute\" \/>\n<script type=\"application\/ld+json\" class=\"yoast-schema-graph\">{\"@context\":\"https:\/\/schema.org\",\"@graph\":[{\"@type\":\"WebPage\",\"@id\":\"https:\/\/csp.ch\/geneve\/don\/entreprises-et-fondations\/\",\"url\":\"https:\/\/csp.ch\/geneve\/don\/entreprises-et-fondations\/\",\"name\":\"Entreprises et fondations - CSP Gen\u00e8ve\",\"isPartOf\":{\"@id\":\"https:\/\/csp.ch\/geneve\/#website\"},\"primaryImageOfPage\":{\"@id\":\"https:\/\/csp.ch\/geneve\/don\/entreprises-et-fondations\/#primaryimage\"},\"image\":{\"@id\":\"https:\/\/csp.ch\/geneve\/don\/entreprises-et-fondations\/#primaryimage\"},\"thumbnailUrl\":\"https:\/\/csp.ch\/wp-content\/uploads\/sites\/5\/2015\/08\/20151201\u00a9RebeccaBowring_G7A5493.jpg\",\"datePublished\":\"2015-08-11T14:30:43+00:00\",\"dateModified\":\"2025-10-28T13:22:28+00:00\",\"description\":\"Les entreprises qui d\u00e9sirent exercer leur responsabilit\u00e9 sociale ont la possibilit\u00e9 de le manifester par un engagement de proximit\u00e9, en soutenant le CSP.\",\"breadcrumb\":{\"@id\":\"https:\/\/csp.ch\/geneve\/don\/entreprises-et-fondations\/#breadcrumb\"},\"inLanguage\":\"fr-FR\",\"potentialAction\":[{\"@type\":\"ReadAction\",\"target\":[\"https:\/\/csp.ch\/geneve\/don\/entreprises-et-fondations\/\"]}]},{\"@type\":\"ImageObject\",\"inLanguage\":\"fr-FR\",\"@id\":\"https:\/\/csp.ch\/geneve\/don\/entreprises-et-fondations\/#primaryimage\",\"url\":\"https:\/\/csp.ch\/wp-content\/uploads\/sites\/5\/2015\/08\/20151201\u00a9RebeccaBowring_G7A5493.jpg\",\"contentUrl\":\"https:\/\/csp.ch\/wp-content\/uploads\/sites\/5\/2015\/08\/20151201\u00a9RebeccaBowring_G7A5493.jpg\",\"width\":2000,\"height\":1333},{\"@type\":\"BreadcrumbList\",\"@id\":\"https:\/\/csp.ch\/geneve\/don\/entreprises-et-fondations\/#breadcrumb\",\"itemListElement\":[{\"@type\":\"ListItem\",\"position\":1,\"name\":\"Accueil\",\"item\":\"https:\/\/csp.ch\/geneve\/\"},{\"@type\":\"ListItem\",\"position\":2,\"name\":\"Faire un Don\",\"item\":\"https:\/\/csp.ch\/geneve\/don\/\"},{\"@type\":\"ListItem\",\"position\":3,\"name\":\"Entreprises et fondations\"}]},{\"@type\":\"WebSite\",\"@id\":\"https:\/\/csp.ch\/geneve\/#website\",\"url\":\"https:\/\/csp.ch\/geneve\/\",\"name\":\"CSP Gen\u00e8ve\",\"description\":\"\",\"potentialAction\":[{\"@type\":\"SearchAction\",\"target\":{\"@type\":\"EntryPoint\",\"urlTemplate\":\"https:\/\/csp.ch\/geneve\/?s={search_term_string}\"},\"query-input\":{\"@type\":\"PropertyValueSpecification\",\"valueRequired\":true,\"valueName\":\"search_term_string\"}}],\"inLanguage\":\"fr-FR\"}]}<\/script>\n<!-- \/ Yoast SEO plugin. -->","yoast_head_json":{"title":"Entreprises et fondations - CSP Gen\u00e8ve","description":"Les entreprises qui d\u00e9sirent exercer leur responsabilit\u00e9 sociale ont la possibilit\u00e9 de le manifester par un engagement de proximit\u00e9, en soutenant le CSP.","robots":{"index":"index","follow":"follow","max-snippet":"max-snippet:-1","max-image-preview":"max-image-preview:large","max-video-preview":"max-video-preview:-1"},"canonical":"https:\/\/csp.ch\/geneve\/don\/entreprises-et-fondations\/","og_locale":"fr_FR","og_type":"article","og_title":"Entreprises et fondations - CSP Gen\u00e8ve","og_description":"Les entreprises qui d\u00e9sirent exercer leur responsabilit\u00e9 sociale ont la possibilit\u00e9 de le manifester par un engagement de proximit\u00e9, en soutenant le CSP.","og_url":"https:\/\/csp.ch\/geneve\/don\/entreprises-et-fondations\/","og_site_name":"CSP Gen\u00e8ve","article_modified_time":"2025-10-28T13:22:28+00:00","og_image":[{"width":2000,"height":1333,"url":"https:\/\/csp.ch\/wp-content\/uploads\/sites\/5\/2015\/08\/20151201\u00a9RebeccaBowring_G7A5493.jpg","type":"image\/jpeg"}],"twitter_card":"summary_large_image","twitter_misc":{"Dur\u00e9e de lecture estim\u00e9e":"1 minute"},"schema":{"@context":"https:\/\/schema.org","@graph":[{"@type":"WebPage","@id":"https:\/\/csp.ch\/geneve\/don\/entreprises-et-fondations\/","url":"https:\/\/csp.ch\/geneve\/don\/entreprises-et-fondations\/","name":"Entreprises et fondations - CSP Gen\u00e8ve","isPartOf":{"@id":"https:\/\/csp.ch\/geneve\/#website"},"primaryImageOfPage":{"@id":"https:\/\/csp.ch\/geneve\/don\/entreprises-et-fondations\/#primaryimage"},"image":{"@id":"https:\/\/csp.ch\/geneve\/don\/entreprises-et-fondations\/#primaryimage"},"thumbnailUrl":"https:\/\/csp.ch\/wp-content\/uploads\/sites\/5\/2015\/08\/20151201\u00a9RebeccaBowring_G7A5493.jpg","datePublished":"2015-08-11T14:30:43+00:00","dateModified":"2025-10-28T13:22:28+00:00","description":"Les entreprises qui d\u00e9sirent exercer leur responsabilit\u00e9 sociale ont la possibilit\u00e9 de le manifester par un engagement de proximit\u00e9, en soutenant le CSP.","breadcrumb":{"@id":"https:\/\/csp.ch\/geneve\/don\/entreprises-et-fondations\/#breadcrumb"},"inLanguage":"fr-FR","potentialAction":[{"@type":"ReadAction","target":["https:\/\/csp.ch\/geneve\/don\/entreprises-et-fondations\/"]}]},{"@type":"ImageObject","inLanguage":"fr-FR","@id":"https:\/\/csp.ch\/geneve\/don\/entreprises-et-fondations\/#primaryimage","url":"https:\/\/csp.ch\/wp-content\/uploads\/sites\/5\/2015\/08\/20151201\u00a9RebeccaBowring_G7A5493.jpg","contentUrl":"https:\/\/csp.ch\/wp-content\/uploads\/sites\/5\/2015\/08\/20151201\u00a9RebeccaBowring_G7A5493.jpg","width":2000,"height":1333},{"@type":"BreadcrumbList","@id":"https:\/\/csp.ch\/geneve\/don\/entreprises-et-fondations\/#breadcrumb","itemListElement":[{"@type":"ListItem","position":1,"name":"Accueil","item":"https:\/\/csp.ch\/geneve\/"},{"@type":"ListItem","position":2,"name":"Faire un Don","item":"https:\/\/csp.ch\/geneve\/don\/"},{"@type":"ListItem","position":3,"name":"Entreprises et fondations"}]},{"@type":"WebSite","@id":"https:\/\/csp.ch\/geneve\/#website","url":"https:\/\/csp.ch\/geneve\/","name":"CSP Gen\u00e8ve","description":"","potentialAction":[{"@type":"SearchAction","target":{"@type":"EntryPoint","urlTemplate":"https:\/\/csp.ch\/geneve\/?s={search_term_string}"},"query-input":{"@type":"PropertyValueSpecification","valueRequired":true,"valueName":"search_term_string"}}],"inLanguage":"fr-FR"}]}},"_links":{"self":[{"href":"https:\/\/csp.ch\/geneve\/wp-json\/wp\/v2\/pages\/124","targetHints":{"allow":["GET"]}}],"collection":[{"href":"https:\/\/csp.ch\/geneve\/wp-json\/wp\/v2\/pages"}],"about":[{"href":"https:\/\/csp.ch\/geneve\/wp-json\/wp\/v2\/types\/page"}],"author":[{"embeddable":true,"href":"https:\/\/csp.ch\/geneve\/wp-json\/wp\/v2\/users\/1"}],"replies":[{"embeddable":true,"href":"https:\/\/csp.ch\/geneve\/wp-json\/wp\/v2\/comments?post=124"}],"version-history":[{"count":5,"href":"https:\/\/csp.ch\/geneve\/wp-json\/wp\/v2\/pages\/124\/revisions"}],"predecessor-version":[{"id":28639,"href":"https:\/\/csp.ch\/geneve\/wp-json\/wp\/v2\/pages\/124\/revisions\/28639"}],"up":[{"embeddable":true,"href":"https:\/\/csp.ch\/geneve\/wp-json\/wp\/v2\/pages\/69"}],"wp:featuredmedia":[{"embeddable":true,"href":"https:\/\/csp.ch\/geneve\/wp-json\/wp\/v2\/media\/815"}],"wp:attachment":[{"href":"https:\/\/csp.ch\/geneve\/wp-json\/wp\/v2\/media?parent=124"}],"curies":[{"name":"wp","href":"https:\/\/api.w.org\/{rel}","templated":true}]}}