{"id":122,"date":"2015-08-11T15:28:44","date_gmt":"2015-08-11T14:28:44","guid":{"rendered":"https:\/\/csp.ch\/vd\/?page_id=122"},"modified":"2019-02-15T15:24:22","modified_gmt":"2019-02-15T14:24:22","slug":"legs","status":"publish","type":"page","link":"https:\/\/csp.ch\/geneve\/don\/legs\/","title":{"rendered":"<strong>Legs<\/strong>"},"content":{"rendered":"<div class=\"wpb-content-wrapper\"><p>[vc_row][vc_column][vc_column_text]<\/p>\n<blockquote>\n<p style=\"text-align: center;\">Solidaires aujourd&rsquo;hui avec les g\u00e9n\u00e9rations de demain<\/p>\n<\/blockquote>\n<p>[\/vc_column_text][\/vc_column][\/vc_row][vc_row][vc_column][vc_column_text]<strong>Faites un legs au CSP et exprimez votre volont\u00e9 de combattre la pr\u00e9carit\u00e9.<\/strong><\/p>\n<p>Rester solidaire apr\u00e8s votre mort, c&rsquo;est pr\u00e9server et encourager notre travail, dont le principal objectif est d&rsquo;aider les plus d\u00e9munis \u00e0 retrouver le chemin de l&rsquo;autonomie.[\/vc_column_text][\/vc_column][\/vc_row][vc_row][vc_column][vc_column_text]<strong>Exon\u00e9ration fiscale<\/strong><\/p>\n<p>Le CSP est une institution priv\u00e9e et ind\u00e9pendante, reconnue d&rsquo;utilit\u00e9 publique. A ce titre, elle b\u00e9n\u00e9ficie d&rsquo;une exon\u00e9ration fiscale totale sur les successions.\u00a0<strong>Votre legs sera directement affect\u00e9 aux activit\u00e9s sociales.<\/strong>[\/vc_column_text][\/vc_column][\/vc_row][vc_row][vc_column][vc_column_text]<strong>Pourquoi faire un testament?<\/strong><\/p>\n<p>Un testament garantit l&rsquo;ex\u00e9cution de vos derni\u00e8res volont\u00e9s. Ce geste vous permet d&rsquo;inscrire ou de prolonger dans la dur\u00e9e votre engagement pour une cause qui vous tient \u00e0 coeur.\u00a0<strong>Un testament n&rsquo;est pas d\u00e9finitif. Vous disposez, \u00e0 tout moment, de la libert\u00e9 de le modifier.<\/strong>[\/vc_column_text][\/vc_column][\/vc_row][vc_row][vc_column][vc_column_text]<strong>Comment faire un testament?<\/strong><\/p>\n<p>En Suisse, un texte \u00e9crit de votre main et qui comporte la date, le lieu et votre signature est consid\u00e9r\u00e9 comme un testament valable.<\/p>\n<p>Cependant, nous vous conseillons de consulter un professionnel (notaire, avocat, banquier ou agent fiduciaire) ou un de nos juristes qui vous informera sur la proc\u00e9dure \u00e0 suivre afin d&rsquo;\u00e9tablir un testament conforme \u00e0 la loi et \u00e0 vos souhaits.[\/vc_column_text][vc_btn title=\u00a0\u00bbConsultez la brochure explicative du CSP et de Caritas Gen\u00e8ve\u00a0\u00bb i_icon_fontawesome=\u00a0\u00bbfa fa-file-pdf-o\u00a0\u00bb add_icon=\u00a0\u00bbtrue\u00a0\u00bb link=\u00a0\u00bburl:https%3A%2F%2Fcsp.ch%2Fgeneve%2Ffiles%2F2019%2F02%2Fde%CC%81pliant-legs.pdf||target:%20_blank|\u00a0\u00bb][\/vc_column][\/vc_row]<\/p>\n<\/div>","protected":false},"excerpt":{"rendered":"<p>[vc_row][vc_column][vc_column_text] Solidaires aujourd&rsquo;hui avec les g\u00e9n\u00e9rations de demain [\/vc_column_text][\/vc_column][\/vc_row][vc_row][vc_column][vc_column_text]Faites un legs au CSP et exprimez votre volont\u00e9 de combattre la pr\u00e9carit\u00e9. Rester solidaire apr\u00e8s votre mort, c&rsquo;est pr\u00e9server et encourager notre travail, dont le principal objectif est d&rsquo;aider les plus d\u00e9munis \u00e0 retrouver le chemin de l&rsquo;autonomie.[\/vc_column_text][\/vc_column][\/vc_row][vc_row][vc_column][vc_column_text]Exon\u00e9ration fiscale Le CSP est une institution priv\u00e9e et [&hellip;]<\/p>\n","protected":false},"author":1,"featured_media":813,"parent":69,"menu_order":0,"comment_status":"closed","ping_status":"closed","template":"","meta":{"_acf_changed":false,"footnotes":""},"class_list":["post-122","page","type-page","status-publish","has-post-thumbnail","hentry"],"acf":[],"yoast_head":"<!-- This site is optimized with the Yoast SEO plugin v27.1.1 - https:\/\/yoast.com\/product\/yoast-seo-wordpress\/ -->\n<title>Legs - CSP Gen\u00e8ve<\/title>\n<meta name=\"description\" content=\"Faites un legs au CSP genevois pour rester solidaire, pr\u00e9server et encourager notre travail et pour aider les plus d\u00e9munis.\" \/>\n<meta name=\"robots\" content=\"index, follow, max-snippet:-1, max-image-preview:large, max-video-preview:-1\" \/>\n<link rel=\"canonical\" href=\"https:\/\/csp.ch\/geneve\/don\/legs\/\" \/>\n<meta property=\"og:locale\" content=\"fr_FR\" \/>\n<meta property=\"og:type\" content=\"article\" \/>\n<meta property=\"og:title\" content=\"Legs - CSP Gen\u00e8ve\" \/>\n<meta property=\"og:description\" content=\"Faites un legs au CSP genevois pour rester solidaire, pr\u00e9server et encourager notre travail et pour aider les plus d\u00e9munis.\" \/>\n<meta property=\"og:url\" content=\"https:\/\/csp.ch\/geneve\/don\/legs\/\" \/>\n<meta property=\"og:site_name\" content=\"CSP Gen\u00e8ve\" \/>\n<meta property=\"article:modified_time\" content=\"2019-02-15T14:24:22+00:00\" \/>\n<meta property=\"og:image\" content=\"https:\/\/csp.ch\/wp-content\/uploads\/sites\/5\/2015\/08\/20151201\u00a9RebeccaBowring_G7A5637-1.jpg\" \/>\n\t<meta property=\"og:image:width\" content=\"2000\" \/>\n\t<meta property=\"og:image:height\" content=\"1333\" \/>\n\t<meta property=\"og:image:type\" content=\"image\/jpeg\" \/>\n<meta name=\"twitter:card\" content=\"summary_large_image\" \/>\n<meta name=\"twitter:label1\" content=\"Dur\u00e9e de lecture estim\u00e9e\" \/>\n\t<meta name=\"twitter:data1\" content=\"2 minutes\" \/>\n<script type=\"application\/ld+json\" class=\"yoast-schema-graph\">{\"@context\":\"https:\/\/schema.org\",\"@graph\":[{\"@type\":\"WebPage\",\"@id\":\"https:\/\/csp.ch\/geneve\/don\/legs\/\",\"url\":\"https:\/\/csp.ch\/geneve\/don\/legs\/\",\"name\":\"Legs - CSP Gen\u00e8ve\",\"isPartOf\":{\"@id\":\"https:\/\/csp.ch\/geneve\/#website\"},\"primaryImageOfPage\":{\"@id\":\"https:\/\/csp.ch\/geneve\/don\/legs\/#primaryimage\"},\"image\":{\"@id\":\"https:\/\/csp.ch\/geneve\/don\/legs\/#primaryimage\"},\"thumbnailUrl\":\"https:\/\/csp.ch\/wp-content\/uploads\/sites\/5\/2015\/08\/20151201\u00a9RebeccaBowring_G7A5637-1.jpg\",\"datePublished\":\"2015-08-11T14:28:44+00:00\",\"dateModified\":\"2019-02-15T14:24:22+00:00\",\"description\":\"Faites un legs au CSP genevois pour rester solidaire, pr\u00e9server et encourager notre travail et pour aider les plus d\u00e9munis.\",\"breadcrumb\":{\"@id\":\"https:\/\/csp.ch\/geneve\/don\/legs\/#breadcrumb\"},\"inLanguage\":\"fr-FR\",\"potentialAction\":[{\"@type\":\"ReadAction\",\"target\":[\"https:\/\/csp.ch\/geneve\/don\/legs\/\"]}]},{\"@type\":\"ImageObject\",\"inLanguage\":\"fr-FR\",\"@id\":\"https:\/\/csp.ch\/geneve\/don\/legs\/#primaryimage\",\"url\":\"https:\/\/csp.ch\/wp-content\/uploads\/sites\/5\/2015\/08\/20151201\u00a9RebeccaBowring_G7A5637-1.jpg\",\"contentUrl\":\"https:\/\/csp.ch\/wp-content\/uploads\/sites\/5\/2015\/08\/20151201\u00a9RebeccaBowring_G7A5637-1.jpg\",\"width\":2000,\"height\":1333},{\"@type\":\"BreadcrumbList\",\"@id\":\"https:\/\/csp.ch\/geneve\/don\/legs\/#breadcrumb\",\"itemListElement\":[{\"@type\":\"ListItem\",\"position\":1,\"name\":\"Accueil\",\"item\":\"https:\/\/csp.ch\/geneve\/\"},{\"@type\":\"ListItem\",\"position\":2,\"name\":\"Faire un Don\",\"item\":\"https:\/\/csp.ch\/geneve\/don\/\"},{\"@type\":\"ListItem\",\"position\":3,\"name\":\"Legs\"}]},{\"@type\":\"WebSite\",\"@id\":\"https:\/\/csp.ch\/geneve\/#website\",\"url\":\"https:\/\/csp.ch\/geneve\/\",\"name\":\"CSP Gen\u00e8ve\",\"description\":\"\",\"potentialAction\":[{\"@type\":\"SearchAction\",\"target\":{\"@type\":\"EntryPoint\",\"urlTemplate\":\"https:\/\/csp.ch\/geneve\/?s={search_term_string}\"},\"query-input\":{\"@type\":\"PropertyValueSpecification\",\"valueRequired\":true,\"valueName\":\"search_term_string\"}}],\"inLanguage\":\"fr-FR\"}]}<\/script>\n<!-- \/ Yoast SEO plugin. -->","yoast_head_json":{"title":"Legs - CSP Gen\u00e8ve","description":"Faites un legs au CSP genevois pour rester solidaire, pr\u00e9server et encourager notre travail et pour aider les plus d\u00e9munis.","robots":{"index":"index","follow":"follow","max-snippet":"max-snippet:-1","max-image-preview":"max-image-preview:large","max-video-preview":"max-video-preview:-1"},"canonical":"https:\/\/csp.ch\/geneve\/don\/legs\/","og_locale":"fr_FR","og_type":"article","og_title":"Legs - CSP Gen\u00e8ve","og_description":"Faites un legs au CSP genevois pour rester solidaire, pr\u00e9server et encourager notre travail et pour aider les plus d\u00e9munis.","og_url":"https:\/\/csp.ch\/geneve\/don\/legs\/","og_site_name":"CSP Gen\u00e8ve","article_modified_time":"2019-02-15T14:24:22+00:00","og_image":[{"width":2000,"height":1333,"url":"https:\/\/csp.ch\/wp-content\/uploads\/sites\/5\/2015\/08\/20151201\u00a9RebeccaBowring_G7A5637-1.jpg","type":"image\/jpeg"}],"twitter_card":"summary_large_image","twitter_misc":{"Dur\u00e9e de lecture estim\u00e9e":"2 minutes"},"schema":{"@context":"https:\/\/schema.org","@graph":[{"@type":"WebPage","@id":"https:\/\/csp.ch\/geneve\/don\/legs\/","url":"https:\/\/csp.ch\/geneve\/don\/legs\/","name":"Legs - CSP Gen\u00e8ve","isPartOf":{"@id":"https:\/\/csp.ch\/geneve\/#website"},"primaryImageOfPage":{"@id":"https:\/\/csp.ch\/geneve\/don\/legs\/#primaryimage"},"image":{"@id":"https:\/\/csp.ch\/geneve\/don\/legs\/#primaryimage"},"thumbnailUrl":"https:\/\/csp.ch\/wp-content\/uploads\/sites\/5\/2015\/08\/20151201\u00a9RebeccaBowring_G7A5637-1.jpg","datePublished":"2015-08-11T14:28:44+00:00","dateModified":"2019-02-15T14:24:22+00:00","description":"Faites un legs au CSP genevois pour rester solidaire, pr\u00e9server et encourager notre travail et pour aider les plus d\u00e9munis.","breadcrumb":{"@id":"https:\/\/csp.ch\/geneve\/don\/legs\/#breadcrumb"},"inLanguage":"fr-FR","potentialAction":[{"@type":"ReadAction","target":["https:\/\/csp.ch\/geneve\/don\/legs\/"]}]},{"@type":"ImageObject","inLanguage":"fr-FR","@id":"https:\/\/csp.ch\/geneve\/don\/legs\/#primaryimage","url":"https:\/\/csp.ch\/wp-content\/uploads\/sites\/5\/2015\/08\/20151201\u00a9RebeccaBowring_G7A5637-1.jpg","contentUrl":"https:\/\/csp.ch\/wp-content\/uploads\/sites\/5\/2015\/08\/20151201\u00a9RebeccaBowring_G7A5637-1.jpg","width":2000,"height":1333},{"@type":"BreadcrumbList","@id":"https:\/\/csp.ch\/geneve\/don\/legs\/#breadcrumb","itemListElement":[{"@type":"ListItem","position":1,"name":"Accueil","item":"https:\/\/csp.ch\/geneve\/"},{"@type":"ListItem","position":2,"name":"Faire un Don","item":"https:\/\/csp.ch\/geneve\/don\/"},{"@type":"ListItem","position":3,"name":"Legs"}]},{"@type":"WebSite","@id":"https:\/\/csp.ch\/geneve\/#website","url":"https:\/\/csp.ch\/geneve\/","name":"CSP Gen\u00e8ve","description":"","potentialAction":[{"@type":"SearchAction","target":{"@type":"EntryPoint","urlTemplate":"https:\/\/csp.ch\/geneve\/?s={search_term_string}"},"query-input":{"@type":"PropertyValueSpecification","valueRequired":true,"valueName":"search_term_string"}}],"inLanguage":"fr-FR"}]}},"_links":{"self":[{"href":"https:\/\/csp.ch\/geneve\/wp-json\/wp\/v2\/pages\/122","targetHints":{"allow":["GET"]}}],"collection":[{"href":"https:\/\/csp.ch\/geneve\/wp-json\/wp\/v2\/pages"}],"about":[{"href":"https:\/\/csp.ch\/geneve\/wp-json\/wp\/v2\/types\/page"}],"author":[{"embeddable":true,"href":"https:\/\/csp.ch\/geneve\/wp-json\/wp\/v2\/users\/1"}],"replies":[{"embeddable":true,"href":"https:\/\/csp.ch\/geneve\/wp-json\/wp\/v2\/comments?post=122"}],"version-history":[{"count":17,"href":"https:\/\/csp.ch\/geneve\/wp-json\/wp\/v2\/pages\/122\/revisions"}],"predecessor-version":[{"id":4401,"href":"https:\/\/csp.ch\/geneve\/wp-json\/wp\/v2\/pages\/122\/revisions\/4401"}],"up":[{"embeddable":true,"href":"https:\/\/csp.ch\/geneve\/wp-json\/wp\/v2\/pages\/69"}],"wp:featuredmedia":[{"embeddable":true,"href":"https:\/\/csp.ch\/geneve\/wp-json\/wp\/v2\/media\/813"}],"wp:attachment":[{"href":"https:\/\/csp.ch\/geneve\/wp-json\/wp\/v2\/media?parent=122"}],"curies":[{"name":"wp","href":"https:\/\/api.w.org\/{rel}","templated":true}]}}