{"id":7742,"date":"2023-03-28T13:31:59","date_gmt":"2023-03-28T11:31:59","guid":{"rendered":"https:\/\/csp.ch\/berne-jura\/?page_id=7742"},"modified":"2025-01-25T22:24:52","modified_gmt":"2025-01-25T21:24:52","slug":"aide-memoires","status":"publish","type":"page","link":"https:\/\/csp.ch\/berne-jura\/aide-memoires\/","title":{"rendered":"Aide-<strong>m\u00e9moires<\/strong>"},"content":{"rendered":"<blockquote><p>le CSP Berne-Jura, en collaboration avec les autres CSP de Suisse romande, publie des aide-m\u00e9moires \u00e9manant de l&rsquo;exp\u00e9rience de ses professionnel\u00b7le\u00b7s.<\/p><\/blockquote>\n<h2 class=\"p1\"><span class=\"s1\"><b>Nouveaut\u00e9s de mars 2023<\/b><\/span><\/h2>\n<h4 class=\"p2\"><span class=\"s1\"><b>&gt;Aide-m\u00e9moire sur les questions d&rsquo;argent : Budget, dettes, et poursuites par le Secteur social et dettes (Nouveau &#8211; mars 2023)<\/b><\/span><\/h4>\n<p class=\"p3\"><span class=\"s1\">Ces aide-m\u00e9moire ont \u00e9t\u00e9 enti\u00e8rement revus. Ils sont destin\u00e9s \u00e0 informer le grand public et les professionnel\u00b7le\u00b7s. Ils sont disponibles gratuitement en version num\u00e9rique ci-dessous.<\/span><\/p>\n<p class=\"p3\"><span class=\"s1\"><b>Cliquez sur l\u2019image pour en prendre connaissance et les t\u00e9l\u00e9charger au format pdf<\/b> !<\/span><\/p>\n<p><a href=\"https:\/\/csp.ch\/wp-content\/uploads\/sites\/6\/2024\/10\/BE-JU-Gerer-budget-WEB.pdf\"><img loading=\"lazy\" decoding=\"async\" class=\"alignnone wp-image-9866 size-medium\" src=\"https:\/\/csp.ch\/wp-content\/uploads\/sites\/6\/2024\/10\/BE-JU-Gerer-budget-212x300.jpg\" alt=\"\" width=\"212\" height=\"300\" srcset=\"https:\/\/csp.ch\/wp-content\/uploads\/sites\/6\/2024\/10\/BE-JU-Gerer-budget-212x300.jpg 212w, https:\/\/csp.ch\/wp-content\/uploads\/sites\/6\/2024\/10\/BE-JU-Gerer-budget-156x221.jpg 156w, https:\/\/csp.ch\/wp-content\/uploads\/sites\/6\/2024\/10\/BE-JU-Gerer-budget-300x425.jpg 300w, https:\/\/csp.ch\/wp-content\/uploads\/sites\/6\/2024\/10\/BE-JU-Gerer-budget.jpg 595w\" sizes=\"auto, (max-width: 212px) 100vw, 212px\" \/><\/a>\u00a0 <a href=\"https:\/\/csp.ch\/wp-content\/uploads\/sites\/6\/2023\/03\/BE-JU-Comprendre-les-poursuites-WEB.pdf\"><img loading=\"lazy\" decoding=\"async\" class=\"alignnone size-medium wp-image-7738\" src=\"https:\/\/csp.ch\/wp-content\/uploads\/sites\/6\/2023\/03\/BE-JU-Comprendre-les-poursuites-212x300.jpg\" alt=\"Comprendre les poursuites - Aide-m\u00e9moire - conseils et informations par les CSP\" width=\"212\" height=\"300\" srcset=\"https:\/\/csp.ch\/wp-content\/uploads\/sites\/6\/2023\/03\/BE-JU-Comprendre-les-poursuites-212x300.jpg 212w, https:\/\/csp.ch\/wp-content\/uploads\/sites\/6\/2023\/03\/BE-JU-Comprendre-les-poursuites-156x221.jpg 156w, https:\/\/csp.ch\/wp-content\/uploads\/sites\/6\/2023\/03\/BE-JU-Comprendre-les-poursuites-300x425.jpg 300w, https:\/\/csp.ch\/wp-content\/uploads\/sites\/6\/2023\/03\/BE-JU-Comprendre-les-poursuites.jpg 600w\" sizes=\"auto, (max-width: 212px) 100vw, 212px\" \/><\/a>\u00a0 <a href=\"https:\/\/csp.ch\/wp-content\/uploads\/sites\/6\/2023\/03\/BE-JU-Se-desendetter-WEB.pdf\"><img loading=\"lazy\" decoding=\"async\" class=\"alignnone size-medium wp-image-7735\" src=\"https:\/\/csp.ch\/wp-content\/uploads\/sites\/6\/2023\/03\/BE-JU-Se-desendetter-212x300.jpg\" alt=\"\" width=\"212\" height=\"300\" srcset=\"https:\/\/csp.ch\/wp-content\/uploads\/sites\/6\/2023\/03\/BE-JU-Se-desendetter-212x300.jpg 212w, https:\/\/csp.ch\/wp-content\/uploads\/sites\/6\/2023\/03\/BE-JU-Se-desendetter-156x221.jpg 156w, https:\/\/csp.ch\/wp-content\/uploads\/sites\/6\/2023\/03\/BE-JU-Se-desendetter-300x424.jpg 300w, https:\/\/csp.ch\/wp-content\/uploads\/sites\/6\/2023\/03\/BE-JU-Se-desendetter.jpg 600w\" sizes=\"auto, (max-width: 212px) 100vw, 212px\" \/><\/a><a href=\"https:\/\/csp.ch\/wp-content\/uploads\/sites\/6\/2023\/03\/BE-JU-Vivre-avec-ses-dettes-WEB.pdf\"><img loading=\"lazy\" decoding=\"async\" class=\"alignnone size-medium wp-image-7734\" src=\"https:\/\/csp.ch\/wp-content\/uploads\/sites\/6\/2023\/03\/BE-JU-Vivre-avec-ses-dettes-212x300.jpg\" alt=\"\" width=\"212\" height=\"300\" srcset=\"https:\/\/csp.ch\/wp-content\/uploads\/sites\/6\/2023\/03\/BE-JU-Vivre-avec-ses-dettes-212x300.jpg 212w, https:\/\/csp.ch\/wp-content\/uploads\/sites\/6\/2023\/03\/BE-JU-Vivre-avec-ses-dettes-156x221.jpg 156w, https:\/\/csp.ch\/wp-content\/uploads\/sites\/6\/2023\/03\/BE-JU-Vivre-avec-ses-dettes-300x425.jpg 300w, https:\/\/csp.ch\/wp-content\/uploads\/sites\/6\/2023\/03\/BE-JU-Vivre-avec-ses-dettes.jpg 600w\" sizes=\"auto, (max-width: 212px) 100vw, 212px\" \/><\/a><\/p>\n<p>&nbsp;<\/p>\n<p>&nbsp;<\/p>\n","protected":false},"excerpt":{"rendered":"<p>le CSP Berne-Jura, en collaboration avec les autres CSP de Suisse romande, publie des aide-m\u00e9moires \u00e9manant de l&rsquo;exp\u00e9rience de ses professionnel\u00b7le\u00b7s. Nouveaut\u00e9s de mars 2023 &gt;Aide-m\u00e9moire sur les questions d&rsquo;argent : Budget, dettes, et poursuites par le Secteur social et dettes (Nouveau &#8211; mars 2023) Ces aide-m\u00e9moire ont \u00e9t\u00e9 enti\u00e8rement revus. Ils sont destin\u00e9s \u00e0 [&hellip;]<\/p>\n","protected":false},"author":2,"featured_media":7750,"parent":0,"menu_order":0,"comment_status":"closed","ping_status":"closed","template":"","meta":{"_acf_changed":false,"footnotes":""},"class_list":["post-7742","page","type-page","status-publish","has-post-thumbnail","hentry"],"acf":[],"yoast_head":"<!-- This site is optimized with the Yoast SEO plugin v27.1.1 - https:\/\/yoast.com\/product\/yoast-seo-wordpress\/ -->\n<title>Aide-m\u00e9moires - CSP Berne-Jura<\/title>\n<meta name=\"description\" content=\"Le CSP Berne-Jura publie une nouvelle \u00e9dition de : G\u00e9rer son budget, comprendre les poursuites, se d\u00e9sendetter, vivre avec ses dettes.\" \/>\n<meta name=\"robots\" content=\"index, follow, max-snippet:-1, max-image-preview:large, max-video-preview:-1\" \/>\n<link rel=\"canonical\" href=\"https:\/\/csp.ch\/berne-jura\/aide-memoires\/\" \/>\n<meta property=\"og:locale\" content=\"fr_FR\" \/>\n<meta property=\"og:type\" content=\"article\" \/>\n<meta property=\"og:title\" content=\"Aide-m\u00e9moires - CSP Berne-Jura\" \/>\n<meta property=\"og:description\" content=\"Le CSP Berne-Jura publie une nouvelle \u00e9dition de : G\u00e9rer son budget, comprendre les poursuites, se d\u00e9sendetter, vivre avec ses dettes.\" \/>\n<meta property=\"og:url\" content=\"https:\/\/csp.ch\/berne-jura\/aide-memoires\/\" \/>\n<meta property=\"og:site_name\" content=\"CSP Berne-Jura\" \/>\n<meta property=\"article:modified_time\" content=\"2025-01-25T21:24:52+00:00\" \/>\n<meta property=\"og:image\" content=\"https:\/\/csp.ch\/wp-content\/uploads\/sites\/6\/2023\/03\/AdobeStock_321864732-couvGerersonbudget.jpg\" \/>\n\t<meta property=\"og:image:width\" content=\"745\" \/>\n\t<meta property=\"og:image:height\" content=\"361\" \/>\n\t<meta property=\"og:image:type\" content=\"image\/jpeg\" \/>\n<meta name=\"twitter:card\" content=\"summary_large_image\" \/>\n<meta name=\"twitter:label1\" content=\"Dur\u00e9e de lecture estim\u00e9e\" \/>\n\t<meta name=\"twitter:data1\" content=\"2 minutes\" \/>\n<script type=\"application\/ld+json\" class=\"yoast-schema-graph\">{\"@context\":\"https:\/\/schema.org\",\"@graph\":[{\"@type\":\"WebPage\",\"@id\":\"https:\/\/csp.ch\/berne-jura\/aide-memoires\/\",\"url\":\"https:\/\/csp.ch\/berne-jura\/aide-memoires\/\",\"name\":\"Aide-m\u00e9moires - CSP Berne-Jura\",\"isPartOf\":{\"@id\":\"https:\/\/csp.ch\/berne-jura\/#website\"},\"primaryImageOfPage\":{\"@id\":\"https:\/\/csp.ch\/berne-jura\/aide-memoires\/#primaryimage\"},\"image\":{\"@id\":\"https:\/\/csp.ch\/berne-jura\/aide-memoires\/#primaryimage\"},\"thumbnailUrl\":\"https:\/\/csp.ch\/wp-content\/uploads\/sites\/6\/2023\/03\/AdobeStock_321864732-couvGerersonbudget.jpg\",\"datePublished\":\"2023-03-28T11:31:59+00:00\",\"dateModified\":\"2025-01-25T21:24:52+00:00\",\"description\":\"Le CSP Berne-Jura publie une nouvelle \u00e9dition de : G\u00e9rer son budget, comprendre les poursuites, se d\u00e9sendetter, vivre avec ses dettes.\",\"breadcrumb\":{\"@id\":\"https:\/\/csp.ch\/berne-jura\/aide-memoires\/#breadcrumb\"},\"inLanguage\":\"fr-FR\",\"potentialAction\":[{\"@type\":\"ReadAction\",\"target\":[\"https:\/\/csp.ch\/berne-jura\/aide-memoires\/\"]}]},{\"@type\":\"ImageObject\",\"inLanguage\":\"fr-FR\",\"@id\":\"https:\/\/csp.ch\/berne-jura\/aide-memoires\/#primaryimage\",\"url\":\"https:\/\/csp.ch\/wp-content\/uploads\/sites\/6\/2023\/03\/AdobeStock_321864732-couvGerersonbudget.jpg\",\"contentUrl\":\"https:\/\/csp.ch\/wp-content\/uploads\/sites\/6\/2023\/03\/AdobeStock_321864732-couvGerersonbudget.jpg\",\"width\":745,\"height\":361},{\"@type\":\"BreadcrumbList\",\"@id\":\"https:\/\/csp.ch\/berne-jura\/aide-memoires\/#breadcrumb\",\"itemListElement\":[{\"@type\":\"ListItem\",\"position\":1,\"name\":\"Accueil\",\"item\":\"https:\/\/csp.ch\/berne-jura\/\"},{\"@type\":\"ListItem\",\"position\":2,\"name\":\"Aide-m\u00e9moires\"}]},{\"@type\":\"WebSite\",\"@id\":\"https:\/\/csp.ch\/berne-jura\/#website\",\"url\":\"https:\/\/csp.ch\/berne-jura\/\",\"name\":\"CSP Berne-Jura\",\"description\":\"\",\"publisher\":{\"@id\":\"https:\/\/csp.ch\/berne-jura\/#organization\"},\"potentialAction\":[{\"@type\":\"SearchAction\",\"target\":{\"@type\":\"EntryPoint\",\"urlTemplate\":\"https:\/\/csp.ch\/berne-jura\/?s={search_term_string}\"},\"query-input\":{\"@type\":\"PropertyValueSpecification\",\"valueRequired\":true,\"valueName\":\"search_term_string\"}}],\"inLanguage\":\"fr-FR\"},{\"@type\":\"Organization\",\"@id\":\"https:\/\/csp.ch\/berne-jura\/#organization\",\"name\":\"CSP Berne-Jura\",\"url\":\"https:\/\/csp.ch\/berne-jura\/\",\"logo\":{\"@type\":\"ImageObject\",\"inLanguage\":\"fr-FR\",\"@id\":\"https:\/\/csp.ch\/berne-jura\/#\/schema\/logo\/image\/\",\"url\":\"https:\/\/csp.ch\/wp-content\/uploads\/sites\/6\/2024\/10\/v1.3_V_logo_CMJN_BERNE-JURA_CSP14.jpg\",\"contentUrl\":\"https:\/\/csp.ch\/wp-content\/uploads\/sites\/6\/2024\/10\/v1.3_V_logo_CMJN_BERNE-JURA_CSP14.jpg\",\"width\":1747,\"height\":1235,\"caption\":\"CSP Berne-Jura\"},\"image\":{\"@id\":\"https:\/\/csp.ch\/berne-jura\/#\/schema\/logo\/image\/\"},\"sameAs\":[\"https:\/\/www.linkedin.com\/company\/13005641\/admin\/dashboard\/\"]}]}<\/script>\n<!-- \/ Yoast SEO plugin. -->","yoast_head_json":{"title":"Aide-m\u00e9moires - CSP Berne-Jura","description":"Le CSP Berne-Jura publie une nouvelle \u00e9dition de : G\u00e9rer son budget, comprendre les poursuites, se d\u00e9sendetter, vivre avec ses dettes.","robots":{"index":"index","follow":"follow","max-snippet":"max-snippet:-1","max-image-preview":"max-image-preview:large","max-video-preview":"max-video-preview:-1"},"canonical":"https:\/\/csp.ch\/berne-jura\/aide-memoires\/","og_locale":"fr_FR","og_type":"article","og_title":"Aide-m\u00e9moires - CSP Berne-Jura","og_description":"Le CSP Berne-Jura publie une nouvelle \u00e9dition de : G\u00e9rer son budget, comprendre les poursuites, se d\u00e9sendetter, vivre avec ses dettes.","og_url":"https:\/\/csp.ch\/berne-jura\/aide-memoires\/","og_site_name":"CSP Berne-Jura","article_modified_time":"2025-01-25T21:24:52+00:00","og_image":[{"width":745,"height":361,"url":"https:\/\/csp.ch\/wp-content\/uploads\/sites\/6\/2023\/03\/AdobeStock_321864732-couvGerersonbudget.jpg","type":"image\/jpeg"}],"twitter_card":"summary_large_image","twitter_misc":{"Dur\u00e9e de lecture estim\u00e9e":"2 minutes"},"schema":{"@context":"https:\/\/schema.org","@graph":[{"@type":"WebPage","@id":"https:\/\/csp.ch\/berne-jura\/aide-memoires\/","url":"https:\/\/csp.ch\/berne-jura\/aide-memoires\/","name":"Aide-m\u00e9moires - CSP Berne-Jura","isPartOf":{"@id":"https:\/\/csp.ch\/berne-jura\/#website"},"primaryImageOfPage":{"@id":"https:\/\/csp.ch\/berne-jura\/aide-memoires\/#primaryimage"},"image":{"@id":"https:\/\/csp.ch\/berne-jura\/aide-memoires\/#primaryimage"},"thumbnailUrl":"https:\/\/csp.ch\/wp-content\/uploads\/sites\/6\/2023\/03\/AdobeStock_321864732-couvGerersonbudget.jpg","datePublished":"2023-03-28T11:31:59+00:00","dateModified":"2025-01-25T21:24:52+00:00","description":"Le CSP Berne-Jura publie une nouvelle \u00e9dition de : G\u00e9rer son budget, comprendre les poursuites, se d\u00e9sendetter, vivre avec ses dettes.","breadcrumb":{"@id":"https:\/\/csp.ch\/berne-jura\/aide-memoires\/#breadcrumb"},"inLanguage":"fr-FR","potentialAction":[{"@type":"ReadAction","target":["https:\/\/csp.ch\/berne-jura\/aide-memoires\/"]}]},{"@type":"ImageObject","inLanguage":"fr-FR","@id":"https:\/\/csp.ch\/berne-jura\/aide-memoires\/#primaryimage","url":"https:\/\/csp.ch\/wp-content\/uploads\/sites\/6\/2023\/03\/AdobeStock_321864732-couvGerersonbudget.jpg","contentUrl":"https:\/\/csp.ch\/wp-content\/uploads\/sites\/6\/2023\/03\/AdobeStock_321864732-couvGerersonbudget.jpg","width":745,"height":361},{"@type":"BreadcrumbList","@id":"https:\/\/csp.ch\/berne-jura\/aide-memoires\/#breadcrumb","itemListElement":[{"@type":"ListItem","position":1,"name":"Accueil","item":"https:\/\/csp.ch\/berne-jura\/"},{"@type":"ListItem","position":2,"name":"Aide-m\u00e9moires"}]},{"@type":"WebSite","@id":"https:\/\/csp.ch\/berne-jura\/#website","url":"https:\/\/csp.ch\/berne-jura\/","name":"CSP Berne-Jura","description":"","publisher":{"@id":"https:\/\/csp.ch\/berne-jura\/#organization"},"potentialAction":[{"@type":"SearchAction","target":{"@type":"EntryPoint","urlTemplate":"https:\/\/csp.ch\/berne-jura\/?s={search_term_string}"},"query-input":{"@type":"PropertyValueSpecification","valueRequired":true,"valueName":"search_term_string"}}],"inLanguage":"fr-FR"},{"@type":"Organization","@id":"https:\/\/csp.ch\/berne-jura\/#organization","name":"CSP Berne-Jura","url":"https:\/\/csp.ch\/berne-jura\/","logo":{"@type":"ImageObject","inLanguage":"fr-FR","@id":"https:\/\/csp.ch\/berne-jura\/#\/schema\/logo\/image\/","url":"https:\/\/csp.ch\/wp-content\/uploads\/sites\/6\/2024\/10\/v1.3_V_logo_CMJN_BERNE-JURA_CSP14.jpg","contentUrl":"https:\/\/csp.ch\/wp-content\/uploads\/sites\/6\/2024\/10\/v1.3_V_logo_CMJN_BERNE-JURA_CSP14.jpg","width":1747,"height":1235,"caption":"CSP Berne-Jura"},"image":{"@id":"https:\/\/csp.ch\/berne-jura\/#\/schema\/logo\/image\/"},"sameAs":["https:\/\/www.linkedin.com\/company\/13005641\/admin\/dashboard\/"]}]}},"_links":{"self":[{"href":"https:\/\/csp.ch\/berne-jura\/wp-json\/wp\/v2\/pages\/7742","targetHints":{"allow":["GET"]}}],"collection":[{"href":"https:\/\/csp.ch\/berne-jura\/wp-json\/wp\/v2\/pages"}],"about":[{"href":"https:\/\/csp.ch\/berne-jura\/wp-json\/wp\/v2\/types\/page"}],"author":[{"embeddable":true,"href":"https:\/\/csp.ch\/berne-jura\/wp-json\/wp\/v2\/users\/2"}],"replies":[{"embeddable":true,"href":"https:\/\/csp.ch\/berne-jura\/wp-json\/wp\/v2\/comments?post=7742"}],"version-history":[{"count":5,"href":"https:\/\/csp.ch\/berne-jura\/wp-json\/wp\/v2\/pages\/7742\/revisions"}],"predecessor-version":[{"id":10872,"href":"https:\/\/csp.ch\/berne-jura\/wp-json\/wp\/v2\/pages\/7742\/revisions\/10872"}],"wp:featuredmedia":[{"embeddable":true,"href":"https:\/\/csp.ch\/berne-jura\/wp-json\/wp\/v2\/media\/7750"}],"wp:attachment":[{"href":"https:\/\/csp.ch\/berne-jura\/wp-json\/wp\/v2\/media?parent=7742"}],"curies":[{"name":"wp","href":"https:\/\/api.w.org\/{rel}","templated":true}]}}