{"id":728,"date":"2015-11-02T17:18:34","date_gmt":"2015-11-02T16:18:34","guid":{"rendered":"https:\/\/csp.ch\/beju\/?page_id=728"},"modified":"2026-01-08T15:28:31","modified_gmt":"2026-01-08T14:28:31","slug":"mesures-actives-de-marche-du-travail-mmt-proposees-dans-le-cadre-de-lassurance-chomage","status":"publish","type":"page","link":"https:\/\/csp.ch\/berne-jura\/mesures-actives-de-marche-du-travail-mmt-proposees-dans-le-cadre-de-lassurance-chomage\/","title":{"rendered":"Int\u00e9gration <strong>professionnelle et sociale <\/strong>"},"content":{"rendered":"<div class=\"wpb-content-wrapper\"><p>[vc_row el_class=\u00a0\u00bbmultiLanguage\u00a0\u00bb][vc_column el_class=\u00a0\u00bbfr\u00a0\u00bb][vc_column_text]<\/p>\n<h2><strong>Mesures actives de march\u00e9 du travail (MMT) propos\u00e9es dans le cadre de l&rsquo;assurance ch\u00f4mage<\/strong><\/h2>\n<p>&nbsp;<\/p>\n<p><strong>Les programmes suivants sont disponibles :<\/strong>[\/vc_column_text][vc_tta_accordion style=\u00a0\u00bbflat\u00a0\u00bb active_section=\u00a0\u00bb\u00a0\u00bb no_fill=\u00a0\u00bbtrue\u00a0\u00bb collapsible_all=\u00a0\u00bbtrue\u00a0\u00bb][vc_tta_section title=\u00a0\u00bbCoaching de stabilisation (CS) &#8211; Stabilisierungscoaching (SC)\u00a0\u00bb tab_id=\u00a0\u00bb1544619225943-3d6154b3-5504&Prime;][vc_column_text css=\u00a0\u00bb\u00a0\u00bb]<a href=\"https:\/\/csp.ch\/wp-content\/uploads\/sites\/6\/2025\/01\/Flyer-MMT-CS.pdf\" target=\"_blank\" rel=\"noopener\">Flyer MMT CS<\/a><\/p>\n<p><a href=\"https:\/\/csp.ch\/wp-content\/uploads\/sites\/6\/2025\/01\/Flyer-AMM-SC.pdf\" target=\"_blank\" rel=\"noopener\">Flyer AMM SC<\/a>[\/vc_column_text][\/vc_tta_section][vc_tta_section title=\u00a0\u00bbInt\u00e9gration professionnelle (IP)\u00a0\u00bb tab_id=\u00a0\u00bb1544620048121-50fb2e7a-d9c7&Prime;][vc_column_text css=\u00a0\u00bb\u00a0\u00bb]<a href=\"https:\/\/csp.ch\/wp-content\/uploads\/sites\/6\/2024\/03\/Flyer-MMT-IP.pdf\" target=\"_blank\" rel=\"noopener\">Flyer MMT IP<\/a><\/p>\n<p><a href=\"https:\/\/csp.ch\/berne-jura\/wp-content\/uploads\/sites\/6\/2022\/10\/Video-Presentation-IP-2022.mp4\">Pr\u00e9sentation MMT IP<\/a><\/p>\n<p><a href=\"http:\/\/csp-ip.ch\" target=\"_blank\" rel=\"noopener\">http:\/\/csp-ip.ch<\/a>[\/vc_column_text][\/vc_tta_section][vc_tta_section title=\u00a0\u00bbBerufliche Integration (BIN)\u00a0\u00bb tab_id=\u00a0\u00bb1633361258128-848ff9e7-39ca\u00a0\u00bb][vc_column_text css=\u00a0\u00bb\u00a0\u00bb]<a href=\"https:\/\/csp.ch\/wp-content\/uploads\/sites\/6\/2024\/03\/Flyer-AMM-BIN.pdf\" target=\"_blank\" rel=\"noopener\">Flyer AMM BIN<\/a><\/p>\n<p><a href=\"https:\/\/csp-ip.ch\/de\/startseite-administratives\/\" target=\"_blank\" rel=\"noopener\">http:\/\/csp-bin-ip.ch<\/a>[\/vc_column_text][\/vc_tta_section][vc_tta_section title=\u00a0\u00bbInt\u00e9gration professionnelle plus (IPplus)\u00a0\u00bb tab_id=\u00a0\u00bb1544620077076-11b50535-daf1&Prime;][vc_column_text css=\u00a0\u00bb\u00a0\u00bb]<a href=\"https:\/\/csp.ch\/wp-content\/uploads\/sites\/6\/2024\/03\/Flyer-MMT-IPplus.pdf\" target=\"_blank\" rel=\"noopener\">Flyer MMT IPplus<\/a><\/p>\n<p><a href=\"http:\/\/csp-ipplus.ch\" target=\"_blank\" rel=\"noopener\">http:\/\/csp-ipplus.ch<\/a>[\/vc_column_text][\/vc_tta_section][vc_tta_section title=\u00a0\u00bbBerufliche Integration plus (BINplus)\u00a0\u00bb tab_id=\u00a0\u00bb1544619225965-3d2d5fa8-669f\u00a0\u00bb][vc_column_text]<a href=\"https:\/\/csp.ch\/wp-content\/uploads\/sites\/6\/2024\/03\/Flyer-AMM-BINplus.pdf\" target=\"_blank\" rel=\"noopener\">Flyer AMM BINplus<\/a><\/p>\n<p><a href=\"http:\/\/csp-binplus.ch\" target=\"_blank\" rel=\"noopener\">http:\/\/csp-binplus.ch<\/a>[\/vc_column_text][\/vc_tta_section][vc_tta_section title=\u00a0\u00bbTransfert (TRF) &#8211; Transfer (TRF)\u00a0\u00bb tab_id=\u00a0\u00bb1544620130259-dcf7da5a-4579&Prime;][vc_column_text]<a href=\"https:\/\/csp.ch\/wp-content\/uploads\/sites\/6\/2024\/06\/Flyer-MMT-TRF.pdf\" target=\"_blank\" rel=\"noopener\">Flyer MMT TRF<\/a><\/p>\n<p><a href=\"https:\/\/csp.ch\/wp-content\/uploads\/sites\/6\/2024\/06\/Flyer-AMM-TRF.pdf\" target=\"_blank\" rel=\"noopener\">Flyer AMM TRF<\/a><\/p>\n<p><a href=\"http:\/\/csp-trf.ch\" target=\"_blank\" rel=\"noopener\">http:\/\/csp-trf.ch<\/a>[\/vc_column_text][\/vc_tta_section][\/vc_tta_accordion][vc_column_text][\/vc_column_text][vc_column_text css=\u00a0\u00bb\u00a0\u00bb]Les MMT CS, BIN, BINplus et TRF se trouvent au Chemin du Long-Champ 135 \u00e0 Biel\/Bienne. Les MMT IP et IPplus se trouvent \u00e0 la Rue de la Promenade 14 \u00e0 Tramelan.[\/vc_column_text][\/vc_column][\/vc_row][vc_row][vc_column el_class=\u00a0\u00bbde\u00a0\u00bb][vc_column_text]<\/p>\n<h2><strong>Arbeitsmarktliche Massnahmen im Rahmen der Arbeitslosenversicherung<\/strong><\/h2>\n<p>&nbsp;<\/p>\n<p><strong>Folgende Programme sind im Angebot :<\/strong>[\/vc_column_text][vc_btn title=\u00a0\u00bbRetour \u00e0 la page int\u00e9gration professionnelle et social\u00a0\u00bb i_icon_fontawesome=\u00a0\u00bbfa fa-refresh\u00a0\u00bb add_icon=\u00a0\u00bbtrue\u00a0\u00bb link=\u00a0\u00bburl:https%3A%2F%2Fcsp.ch%2Fberne-jura%2Fservices%2Fintegration-professionnelle-et-sociale%2F|||\u00a0\u00bb el_class=\u00a0\u00bbspecButton\u00a0\u00bb][vc_tta_accordion style=\u00a0\u00bbflat\u00a0\u00bb active_section=\u00a0\u00bb\u00a0\u00bb no_fill=\u00a0\u00bbtrue\u00a0\u00bb collapsible_all=\u00a0\u00bbtrue\u00a0\u00bb][vc_tta_section title=\u00a0\u00bbStabilisierungscoaching (SC) &#8211; Coaching de stabilisation (CS)\u00a0\u00bb tab_id=\u00a0\u00bb1548683065551-e3f8c043-daab\u00a0\u00bb][vc_column_text css=\u00a0\u00bb\u00a0\u00bb]<a href=\"https:\/\/csp.ch\/wp-content\/uploads\/sites\/6\/2025\/01\/Flyer-AMM-SC.pdf\" target=\"_blank\" rel=\"noopener\">Flyer AMM SC<\/a><\/p>\n<p><a href=\"https:\/\/csp.ch\/wp-content\/uploads\/sites\/6\/2025\/01\/Flyer-MMT-CS.pdf\" target=\"_blank\" rel=\"noopener\">Flyer MMT CS<\/a>[\/vc_column_text][\/vc_tta_section][vc_tta_section title=\u00a0\u00bbInt\u00e9gration professionnelle (IP)\u00a0\u00bb tab_id=\u00a0\u00bb1548683119562-0c553dd4-5abc\u00a0\u00bb][vc_column_text css=\u00a0\u00bb\u00a0\u00bb]<a href=\"https:\/\/csp.ch\/wp-content\/uploads\/sites\/6\/2024\/03\/Flyer-MMT-IP.pdf\" target=\"_blank\" rel=\"noopener\">Flyer MMT IP<\/a><\/p>\n<p><a href=\"https:\/\/csp-ip.ch\/\" target=\"_blank\" rel=\"noopener\">https:\/\/csp-ip.ch\/<\/a>[\/vc_column_text][\/vc_tta_section][vc_tta_section title=\u00a0\u00bbBerufliche Integration (BIN)\u00a0\u00bb tab_id=\u00a0\u00bb1633360774295-cd6392e0-b43f\u00a0\u00bb][vc_column_text css=\u00a0\u00bb\u00a0\u00bb]<a href=\"https:\/\/csp.ch\/wp-content\/uploads\/sites\/6\/2024\/03\/Flyer-AMM-BIN.pdf\" target=\"_blank\" rel=\"noopener\">Flyer AMM BIN<\/a><\/p>\n<p><a href=\"https:\/\/csp-ip.ch\/de\/startseite-administratives\/\" target=\"_blank\" rel=\"noopener\">http:\/\/csp-bin-ip.ch<\/a>[\/vc_column_text][\/vc_tta_section][vc_tta_section title=\u00a0\u00bbInt\u00e9gration professionnelle plus (IPplus)\u00a0\u00bb tab_id=\u00a0\u00bb1548683147356-59aeeeb3-0784&Prime;][vc_column_text css=\u00a0\u00bb\u00a0\u00bb]<a href=\"https:\/\/csp.ch\/wp-content\/uploads\/sites\/6\/2024\/03\/Flyer-MMT-IPplus.pdf\" target=\"_blank\" rel=\"noopener\">Flyer MMT IPplus<\/a><\/p>\n<p><a href=\"http:\/\/csp-ipplus.ch\" target=\"_blank\" rel=\"noopener\">http:\/\/csp-ipplus.ch<\/a>[\/vc_column_text][\/vc_tta_section][vc_tta_section title=\u00a0\u00bbBerufliche Integration plus (BINplus)\u00a0\u00bb tab_id=\u00a0\u00bb1548683169490-79fb6178-5e2c\u00a0\u00bb][vc_column_text css=\u00a0\u00bb\u00a0\u00bb]<a href=\"https:\/\/csp.ch\/wp-content\/uploads\/sites\/6\/2024\/03\/Flyer-AMM-BINplus.pdf\" target=\"_blank\" rel=\"noopener\">Flyer AMM BINplus<\/a><\/p>\n<p><a href=\"http:\/\/csp-binplus.ch\" target=\"_blank\" rel=\"noopener\">http:\/\/csp-binplus.ch<\/a>[\/vc_column_text][\/vc_tta_section][vc_tta_section title=\u00a0\u00bbTransfer (TRF) &#8211; Transfert (TRF)\u00a0\u00bb tab_id=\u00a0\u00bb1548683204368-744f6fdc-a502&Prime;][vc_column_text css=\u00a0\u00bb\u00a0\u00bb]<a href=\"https:\/\/csp.ch\/wp-content\/uploads\/sites\/6\/2024\/06\/Flyer-AMM-TRF.pdf\" target=\"_blank\" rel=\"noopener\">Flyer AMM TRF<\/a><\/p>\n<p><a href=\"https:\/\/csp.ch\/wp-content\/uploads\/sites\/6\/2024\/06\/Flyer-MMT-TRF.pdf\" target=\"_blank\" rel=\"noopener\">Flyer MMT TRF<\/a><\/p>\n<p><a href=\"http:\/\/csp-trf.ch\">http:\/\/csp-trf.ch<\/a>[\/vc_column_text][\/vc_tta_section][\/vc_tta_accordion][vc_column_text css=\u00a0\u00bb\u00a0\u00bb]Die AMM SC, BIN, BINplus und TRF befinden sich am L\u00e4ngfeldweg 135 in Biel\/Bienne. Die AMM IP und IPplus befinden sich an der Rue de la Promenade 14 in Tramelan.[\/vc_column_text][\/vc_column][\/vc_row][vc_row][vc_column][vc_btn title=\u00a0\u00bbDeutsch\u00a0\u00bb link=\u00a0\u00bb||\u00a0\u00bb el_class=\u00a0\u00bblanguage\u00a0\u00bb][\/vc_column][\/vc_row]<\/p>\n<\/div>","protected":false},"excerpt":{"rendered":"<p>[vc_row el_class=\u00a0\u00bbmultiLanguage\u00a0\u00bb][vc_column el_class=\u00a0\u00bbfr\u00a0\u00bb][vc_column_text] Mesures actives de march\u00e9 du travail (MMT) propos\u00e9es dans le cadre de l&rsquo;assurance ch\u00f4mage &nbsp; Les programmes suivants sont disponibles :[\/vc_column_text][vc_tta_accordion style=\u00a0\u00bbflat\u00a0\u00bb active_section=\u00a0\u00bb\u00a0\u00bb no_fill=\u00a0\u00bbtrue\u00a0\u00bb collapsible_all=\u00a0\u00bbtrue\u00a0\u00bb][vc_tta_section title=\u00a0\u00bbCoaching de stabilisation (CS) &#8211; Stabilisierungscoaching (SC)\u00a0\u00bb tab_id=\u00a0\u00bb1544619225943-3d6154b3-5504&Prime;][vc_column_text css=\u00a0\u00bb\u00a0\u00bb]Flyer MMT CS Flyer AMM SC[\/vc_column_text][\/vc_tta_section][vc_tta_section title=\u00a0\u00bbInt\u00e9gration professionnelle (IP)\u00a0\u00bb tab_id=\u00a0\u00bb1544620048121-50fb2e7a-d9c7&Prime;][vc_column_text css=\u00a0\u00bb\u00a0\u00bb]Flyer MMT IP Pr\u00e9sentation MMT IP http:\/\/csp-ip.ch[\/vc_column_text][\/vc_tta_section][vc_tta_section title=\u00a0\u00bbBerufliche Integration [&hellip;]<\/p>\n","protected":false},"author":1,"featured_media":707,"parent":0,"menu_order":0,"comment_status":"closed","ping_status":"closed","template":"","meta":{"_acf_changed":false,"footnotes":""},"class_list":["post-728","page","type-page","status-publish","has-post-thumbnail","hentry"],"acf":[],"yoast_head":"<!-- This site is optimized with the Yoast SEO plugin v27.1.1 - https:\/\/yoast.com\/product\/yoast-seo-wordpress\/ -->\n<title>Int\u00e9gration professionnelle - CSP Berne-Jura<\/title>\n<meta name=\"description\" content=\"Mesures actives de March\u00e9 du Travail (MMT) Propos\u00e9es dans le cadre de l&#039;assurance ch\u00f4mage.\" \/>\n<meta name=\"robots\" content=\"index, follow, max-snippet:-1, max-image-preview:large, max-video-preview:-1\" \/>\n<link rel=\"canonical\" href=\"https:\/\/csp.ch\/berne-jura\/mesures-actives-de-marche-du-travail-mmt-proposees-dans-le-cadre-de-lassurance-chomage\/\" \/>\n<meta property=\"og:locale\" content=\"fr_FR\" \/>\n<meta property=\"og:type\" content=\"article\" \/>\n<meta property=\"og:title\" content=\"Int\u00e9gration professionnelle - CSP Berne-Jura\" \/>\n<meta property=\"og:description\" content=\"Mesures actives de March\u00e9 du Travail (MMT) Propos\u00e9es dans le cadre de l&#039;assurance ch\u00f4mage.\" \/>\n<meta property=\"og:url\" content=\"https:\/\/csp.ch\/berne-jura\/mesures-actives-de-marche-du-travail-mmt-proposees-dans-le-cadre-de-lassurance-chomage\/\" \/>\n<meta property=\"og:site_name\" content=\"CSP Berne-Jura\" \/>\n<meta property=\"article:modified_time\" content=\"2026-01-08T14:28:31+00:00\" \/>\n<meta property=\"og:image\" content=\"https:\/\/csp.ch\/wp-content\/uploads\/sites\/6\/2015\/10\/20150921\u00a9CSP-BE-JU_RebeccaBowring4501.jpg\" \/>\n\t<meta property=\"og:image:width\" content=\"2200\" \/>\n\t<meta property=\"og:image:height\" content=\"1467\" \/>\n\t<meta property=\"og:image:type\" content=\"image\/jpeg\" \/>\n<meta name=\"twitter:card\" content=\"summary_large_image\" \/>\n<meta name=\"twitter:label1\" content=\"Dur\u00e9e de lecture estim\u00e9e\" \/>\n\t<meta name=\"twitter:data1\" content=\"2 minutes\" \/>\n<script type=\"application\/ld+json\" class=\"yoast-schema-graph\">{\"@context\":\"https:\/\/schema.org\",\"@graph\":[{\"@type\":\"WebPage\",\"@id\":\"https:\/\/csp.ch\/berne-jura\/mesures-actives-de-marche-du-travail-mmt-proposees-dans-le-cadre-de-lassurance-chomage\/\",\"url\":\"https:\/\/csp.ch\/berne-jura\/mesures-actives-de-marche-du-travail-mmt-proposees-dans-le-cadre-de-lassurance-chomage\/\",\"name\":\"Int\u00e9gration professionnelle - CSP Berne-Jura\",\"isPartOf\":{\"@id\":\"https:\/\/csp.ch\/berne-jura\/#website\"},\"primaryImageOfPage\":{\"@id\":\"https:\/\/csp.ch\/berne-jura\/mesures-actives-de-marche-du-travail-mmt-proposees-dans-le-cadre-de-lassurance-chomage\/#primaryimage\"},\"image\":{\"@id\":\"https:\/\/csp.ch\/berne-jura\/mesures-actives-de-marche-du-travail-mmt-proposees-dans-le-cadre-de-lassurance-chomage\/#primaryimage\"},\"thumbnailUrl\":\"https:\/\/csp.ch\/wp-content\/uploads\/sites\/6\/2015\/10\/20150921\u00a9CSP-BE-JU_RebeccaBowring4501.jpg\",\"datePublished\":\"2015-11-02T16:18:34+00:00\",\"dateModified\":\"2026-01-08T14:28:31+00:00\",\"description\":\"Mesures actives de March\u00e9 du Travail (MMT) Propos\u00e9es dans le cadre de l'assurance ch\u00f4mage.\",\"breadcrumb\":{\"@id\":\"https:\/\/csp.ch\/berne-jura\/mesures-actives-de-marche-du-travail-mmt-proposees-dans-le-cadre-de-lassurance-chomage\/#breadcrumb\"},\"inLanguage\":\"fr-FR\",\"potentialAction\":[{\"@type\":\"ReadAction\",\"target\":[\"https:\/\/csp.ch\/berne-jura\/mesures-actives-de-marche-du-travail-mmt-proposees-dans-le-cadre-de-lassurance-chomage\/\"]}]},{\"@type\":\"ImageObject\",\"inLanguage\":\"fr-FR\",\"@id\":\"https:\/\/csp.ch\/berne-jura\/mesures-actives-de-marche-du-travail-mmt-proposees-dans-le-cadre-de-lassurance-chomage\/#primaryimage\",\"url\":\"https:\/\/csp.ch\/wp-content\/uploads\/sites\/6\/2015\/10\/20150921\u00a9CSP-BE-JU_RebeccaBowring4501.jpg\",\"contentUrl\":\"https:\/\/csp.ch\/wp-content\/uploads\/sites\/6\/2015\/10\/20150921\u00a9CSP-BE-JU_RebeccaBowring4501.jpg\",\"width\":2200,\"height\":1467},{\"@type\":\"BreadcrumbList\",\"@id\":\"https:\/\/csp.ch\/berne-jura\/mesures-actives-de-marche-du-travail-mmt-proposees-dans-le-cadre-de-lassurance-chomage\/#breadcrumb\",\"itemListElement\":[{\"@type\":\"ListItem\",\"position\":1,\"name\":\"Accueil\",\"item\":\"https:\/\/csp.ch\/berne-jura\/\"},{\"@type\":\"ListItem\",\"position\":2,\"name\":\"Int\u00e9gration professionnelle et sociale\"}]},{\"@type\":\"WebSite\",\"@id\":\"https:\/\/csp.ch\/berne-jura\/#website\",\"url\":\"https:\/\/csp.ch\/berne-jura\/\",\"name\":\"CSP Berne-Jura\",\"description\":\"\",\"publisher\":{\"@id\":\"https:\/\/csp.ch\/berne-jura\/#organization\"},\"potentialAction\":[{\"@type\":\"SearchAction\",\"target\":{\"@type\":\"EntryPoint\",\"urlTemplate\":\"https:\/\/csp.ch\/berne-jura\/?s={search_term_string}\"},\"query-input\":{\"@type\":\"PropertyValueSpecification\",\"valueRequired\":true,\"valueName\":\"search_term_string\"}}],\"inLanguage\":\"fr-FR\"},{\"@type\":\"Organization\",\"@id\":\"https:\/\/csp.ch\/berne-jura\/#organization\",\"name\":\"CSP Berne-Jura\",\"url\":\"https:\/\/csp.ch\/berne-jura\/\",\"logo\":{\"@type\":\"ImageObject\",\"inLanguage\":\"fr-FR\",\"@id\":\"https:\/\/csp.ch\/berne-jura\/#\/schema\/logo\/image\/\",\"url\":\"https:\/\/csp.ch\/wp-content\/uploads\/sites\/6\/2024\/10\/v1.3_V_logo_CMJN_BERNE-JURA_CSP14.jpg\",\"contentUrl\":\"https:\/\/csp.ch\/wp-content\/uploads\/sites\/6\/2024\/10\/v1.3_V_logo_CMJN_BERNE-JURA_CSP14.jpg\",\"width\":1747,\"height\":1235,\"caption\":\"CSP Berne-Jura\"},\"image\":{\"@id\":\"https:\/\/csp.ch\/berne-jura\/#\/schema\/logo\/image\/\"},\"sameAs\":[\"https:\/\/www.linkedin.com\/company\/13005641\/admin\/dashboard\/\"]}]}<\/script>\n<!-- \/ Yoast SEO plugin. -->","yoast_head_json":{"title":"Int\u00e9gration professionnelle - CSP Berne-Jura","description":"Mesures actives de March\u00e9 du Travail (MMT) Propos\u00e9es dans le cadre de l'assurance ch\u00f4mage.","robots":{"index":"index","follow":"follow","max-snippet":"max-snippet:-1","max-image-preview":"max-image-preview:large","max-video-preview":"max-video-preview:-1"},"canonical":"https:\/\/csp.ch\/berne-jura\/mesures-actives-de-marche-du-travail-mmt-proposees-dans-le-cadre-de-lassurance-chomage\/","og_locale":"fr_FR","og_type":"article","og_title":"Int\u00e9gration professionnelle - CSP Berne-Jura","og_description":"Mesures actives de March\u00e9 du Travail (MMT) Propos\u00e9es dans le cadre de l'assurance ch\u00f4mage.","og_url":"https:\/\/csp.ch\/berne-jura\/mesures-actives-de-marche-du-travail-mmt-proposees-dans-le-cadre-de-lassurance-chomage\/","og_site_name":"CSP Berne-Jura","article_modified_time":"2026-01-08T14:28:31+00:00","og_image":[{"width":2200,"height":1467,"url":"https:\/\/csp.ch\/wp-content\/uploads\/sites\/6\/2015\/10\/20150921\u00a9CSP-BE-JU_RebeccaBowring4501.jpg","type":"image\/jpeg"}],"twitter_card":"summary_large_image","twitter_misc":{"Dur\u00e9e de lecture estim\u00e9e":"2 minutes"},"schema":{"@context":"https:\/\/schema.org","@graph":[{"@type":"WebPage","@id":"https:\/\/csp.ch\/berne-jura\/mesures-actives-de-marche-du-travail-mmt-proposees-dans-le-cadre-de-lassurance-chomage\/","url":"https:\/\/csp.ch\/berne-jura\/mesures-actives-de-marche-du-travail-mmt-proposees-dans-le-cadre-de-lassurance-chomage\/","name":"Int\u00e9gration professionnelle - CSP Berne-Jura","isPartOf":{"@id":"https:\/\/csp.ch\/berne-jura\/#website"},"primaryImageOfPage":{"@id":"https:\/\/csp.ch\/berne-jura\/mesures-actives-de-marche-du-travail-mmt-proposees-dans-le-cadre-de-lassurance-chomage\/#primaryimage"},"image":{"@id":"https:\/\/csp.ch\/berne-jura\/mesures-actives-de-marche-du-travail-mmt-proposees-dans-le-cadre-de-lassurance-chomage\/#primaryimage"},"thumbnailUrl":"https:\/\/csp.ch\/wp-content\/uploads\/sites\/6\/2015\/10\/20150921\u00a9CSP-BE-JU_RebeccaBowring4501.jpg","datePublished":"2015-11-02T16:18:34+00:00","dateModified":"2026-01-08T14:28:31+00:00","description":"Mesures actives de March\u00e9 du Travail (MMT) Propos\u00e9es dans le cadre de l'assurance ch\u00f4mage.","breadcrumb":{"@id":"https:\/\/csp.ch\/berne-jura\/mesures-actives-de-marche-du-travail-mmt-proposees-dans-le-cadre-de-lassurance-chomage\/#breadcrumb"},"inLanguage":"fr-FR","potentialAction":[{"@type":"ReadAction","target":["https:\/\/csp.ch\/berne-jura\/mesures-actives-de-marche-du-travail-mmt-proposees-dans-le-cadre-de-lassurance-chomage\/"]}]},{"@type":"ImageObject","inLanguage":"fr-FR","@id":"https:\/\/csp.ch\/berne-jura\/mesures-actives-de-marche-du-travail-mmt-proposees-dans-le-cadre-de-lassurance-chomage\/#primaryimage","url":"https:\/\/csp.ch\/wp-content\/uploads\/sites\/6\/2015\/10\/20150921\u00a9CSP-BE-JU_RebeccaBowring4501.jpg","contentUrl":"https:\/\/csp.ch\/wp-content\/uploads\/sites\/6\/2015\/10\/20150921\u00a9CSP-BE-JU_RebeccaBowring4501.jpg","width":2200,"height":1467},{"@type":"BreadcrumbList","@id":"https:\/\/csp.ch\/berne-jura\/mesures-actives-de-marche-du-travail-mmt-proposees-dans-le-cadre-de-lassurance-chomage\/#breadcrumb","itemListElement":[{"@type":"ListItem","position":1,"name":"Accueil","item":"https:\/\/csp.ch\/berne-jura\/"},{"@type":"ListItem","position":2,"name":"Int\u00e9gration professionnelle et sociale"}]},{"@type":"WebSite","@id":"https:\/\/csp.ch\/berne-jura\/#website","url":"https:\/\/csp.ch\/berne-jura\/","name":"CSP Berne-Jura","description":"","publisher":{"@id":"https:\/\/csp.ch\/berne-jura\/#organization"},"potentialAction":[{"@type":"SearchAction","target":{"@type":"EntryPoint","urlTemplate":"https:\/\/csp.ch\/berne-jura\/?s={search_term_string}"},"query-input":{"@type":"PropertyValueSpecification","valueRequired":true,"valueName":"search_term_string"}}],"inLanguage":"fr-FR"},{"@type":"Organization","@id":"https:\/\/csp.ch\/berne-jura\/#organization","name":"CSP Berne-Jura","url":"https:\/\/csp.ch\/berne-jura\/","logo":{"@type":"ImageObject","inLanguage":"fr-FR","@id":"https:\/\/csp.ch\/berne-jura\/#\/schema\/logo\/image\/","url":"https:\/\/csp.ch\/wp-content\/uploads\/sites\/6\/2024\/10\/v1.3_V_logo_CMJN_BERNE-JURA_CSP14.jpg","contentUrl":"https:\/\/csp.ch\/wp-content\/uploads\/sites\/6\/2024\/10\/v1.3_V_logo_CMJN_BERNE-JURA_CSP14.jpg","width":1747,"height":1235,"caption":"CSP Berne-Jura"},"image":{"@id":"https:\/\/csp.ch\/berne-jura\/#\/schema\/logo\/image\/"},"sameAs":["https:\/\/www.linkedin.com\/company\/13005641\/admin\/dashboard\/"]}]}},"_links":{"self":[{"href":"https:\/\/csp.ch\/berne-jura\/wp-json\/wp\/v2\/pages\/728","targetHints":{"allow":["GET"]}}],"collection":[{"href":"https:\/\/csp.ch\/berne-jura\/wp-json\/wp\/v2\/pages"}],"about":[{"href":"https:\/\/csp.ch\/berne-jura\/wp-json\/wp\/v2\/types\/page"}],"author":[{"embeddable":true,"href":"https:\/\/csp.ch\/berne-jura\/wp-json\/wp\/v2\/users\/1"}],"replies":[{"embeddable":true,"href":"https:\/\/csp.ch\/berne-jura\/wp-json\/wp\/v2\/comments?post=728"}],"version-history":[{"count":3,"href":"https:\/\/csp.ch\/berne-jura\/wp-json\/wp\/v2\/pages\/728\/revisions"}],"predecessor-version":[{"id":12971,"href":"https:\/\/csp.ch\/berne-jura\/wp-json\/wp\/v2\/pages\/728\/revisions\/12971"}],"wp:featuredmedia":[{"embeddable":true,"href":"https:\/\/csp.ch\/berne-jura\/wp-json\/wp\/v2\/media\/707"}],"wp:attachment":[{"href":"https:\/\/csp.ch\/berne-jura\/wp-json\/wp\/v2\/media?parent=728"}],"curies":[{"name":"wp","href":"https:\/\/api.w.org\/{rel}","templated":true}]}}