{"id":69,"date":"2015-08-11T13:05:39","date_gmt":"2015-08-11T12:05:39","guid":{"rendered":"https:\/\/csp.ch\/vd\/?page_id=69"},"modified":"2023-12-01T13:10:20","modified_gmt":"2023-12-01T12:10:20","slug":"don","status":"publish","type":"page","link":"https:\/\/csp.ch\/berne-jura\/don\/","title":{"rendered":"<strong>Faire face ensemble<\/strong>"},"content":{"rendered":"<p>Votre don est essentiel pour que le CSP puisse continuer \u00e0 aider toutes les personnes en difficult\u00e9 qui font appel \u00e0 lui.<\/p>\n<p>Un accident de la vie est si vite arriv\u00e9, et les personnes qui plongent dans les dettes ont besoin d\u2019aide professionnelle pour sortir la t\u00eate de l\u2019eau.<\/p>\n<p>Ne pas \u00eatre expuls\u00e9 de son appartement, retrouver la possibilit\u00e9 de postuler \u00e0 un travail, pouvoir reprendre le paiement de son assurance-maladie : les professionne-le-s du CSP rendent cela possible.<\/p>\n<p>Avec votre aide ! Merci.<\/p>\n<hr \/>\n<p><strong>Par virement (via application bancaire ou postale):<\/strong><\/p>\n<p>IBAN : CH44 0900 0000 2500 6651 8 (mention \u00ab don \u00bb)<\/p>\n<p><img loading=\"lazy\" decoding=\"async\" class=\"alignnone wp-image-8305 \" src=\"https:\/\/csp.ch\/wp-content\/uploads\/sites\/6\/2023\/09\/don-berne-jura.jpg\" alt=\"QR facture pour effectuer un don au CSP Berne-Jura\" width=\"184\" height=\"183\" srcset=\"https:\/\/csp.ch\/wp-content\/uploads\/sites\/6\/2023\/09\/don-berne-jura.jpg 365w, https:\/\/csp.ch\/wp-content\/uploads\/sites\/6\/2023\/09\/don-berne-jura-300x298.jpg 300w, https:\/\/csp.ch\/wp-content\/uploads\/sites\/6\/2023\/09\/don-berne-jura-222x221.jpg 222w, https:\/\/csp.ch\/wp-content\/uploads\/sites\/6\/2023\/09\/don-berne-jura-100x100.jpg 100w\" sizes=\"auto, (max-width: 184px) 100vw, 184px\" \/><\/p>\n","protected":false},"excerpt":{"rendered":"<p>Votre don est essentiel pour que le CSP puisse continuer \u00e0 aider toutes les personnes en difficult\u00e9 qui font appel \u00e0 lui. Un accident de la vie est si vite arriv\u00e9, et les personnes qui plongent dans les dettes ont besoin d\u2019aide professionnelle pour sortir la t\u00eate de l\u2019eau. Ne pas \u00eatre expuls\u00e9 de son [&hellip;]<\/p>\n","protected":false},"author":1,"featured_media":0,"parent":0,"menu_order":0,"comment_status":"closed","ping_status":"closed","template":"template-don-raisenow.php","meta":{"_acf_changed":false,"footnotes":""},"class_list":["post-69","page","type-page","status-publish","hentry"],"acf":[],"yoast_head":"<!-- This site is optimized with the Yoast SEO plugin v27.1.1 - https:\/\/yoast.com\/product\/yoast-seo-wordpress\/ -->\n<title>Faire face ensemble - CSP Berne-Jura<\/title>\n<meta name=\"description\" content=\"Vos dons contribuent au maintien des prestations de conseils gratuites fournies par nos professionnels dans les secteurs Social et dettes, couple et famille et juridique.\" \/>\n<meta name=\"robots\" content=\"index, follow, max-snippet:-1, max-image-preview:large, max-video-preview:-1\" \/>\n<link rel=\"canonical\" href=\"https:\/\/csp.ch\/berne-jura\/don\/\" \/>\n<meta property=\"og:locale\" content=\"fr_FR\" \/>\n<meta property=\"og:type\" content=\"article\" \/>\n<meta property=\"og:title\" content=\"Faire face ensemble - CSP Berne-Jura\" \/>\n<meta property=\"og:description\" content=\"Vos dons contribuent au maintien des prestations de conseils gratuites fournies par nos professionnels dans les secteurs Social et dettes, couple et famille et juridique.\" \/>\n<meta property=\"og:url\" content=\"https:\/\/csp.ch\/berne-jura\/don\/\" \/>\n<meta property=\"og:site_name\" content=\"CSP Berne-Jura\" \/>\n<meta property=\"article:modified_time\" content=\"2023-12-01T12:10:20+00:00\" \/>\n<meta property=\"og:image\" content=\"https:\/\/csp.ch\/wp-content\/uploads\/sites\/6\/2015\/08\/20150921\u00a9CSP-BE-JU_RebeccaBowring4408.jpg\" \/>\n\t<meta property=\"og:image:width\" content=\"2200\" \/>\n\t<meta property=\"og:image:height\" content=\"1467\" \/>\n\t<meta property=\"og:image:type\" content=\"image\/jpeg\" \/>\n<meta name=\"twitter:card\" content=\"summary_large_image\" \/>\n<meta name=\"twitter:label1\" content=\"Dur\u00e9e de lecture estim\u00e9e\" \/>\n\t<meta name=\"twitter:data1\" content=\"1 minute\" \/>\n<script type=\"application\/ld+json\" class=\"yoast-schema-graph\">{\"@context\":\"https:\/\/schema.org\",\"@graph\":[{\"@type\":\"WebPage\",\"@id\":\"https:\/\/csp.ch\/berne-jura\/don\/\",\"url\":\"https:\/\/csp.ch\/berne-jura\/don\/\",\"name\":\"Faire face ensemble - CSP Berne-Jura\",\"isPartOf\":{\"@id\":\"https:\/\/csp.ch\/berne-jura\/#website\"},\"primaryImageOfPage\":{\"@id\":\"https:\/\/csp.ch\/berne-jura\/don\/#primaryimage\"},\"image\":{\"@id\":\"https:\/\/csp.ch\/berne-jura\/don\/#primaryimage\"},\"thumbnailUrl\":\"https:\/\/csp.ch\/wp-content\/uploads\/sites\/6\/2023\/09\/don-berne-jura.jpg\",\"datePublished\":\"2015-08-11T12:05:39+00:00\",\"dateModified\":\"2023-12-01T12:10:20+00:00\",\"description\":\"Vos dons contribuent au maintien des prestations de conseils gratuites fournies par nos professionnels dans les secteurs Social et dettes, couple et famille et juridique.\",\"breadcrumb\":{\"@id\":\"https:\/\/csp.ch\/berne-jura\/don\/#breadcrumb\"},\"inLanguage\":\"fr-FR\",\"potentialAction\":[{\"@type\":\"ReadAction\",\"target\":[\"https:\/\/csp.ch\/berne-jura\/don\/\"]}]},{\"@type\":\"ImageObject\",\"inLanguage\":\"fr-FR\",\"@id\":\"https:\/\/csp.ch\/berne-jura\/don\/#primaryimage\",\"url\":\"https:\/\/csp.ch\/wp-content\/uploads\/sites\/6\/2023\/09\/don-berne-jura.jpg\",\"contentUrl\":\"https:\/\/csp.ch\/wp-content\/uploads\/sites\/6\/2023\/09\/don-berne-jura.jpg\"},{\"@type\":\"BreadcrumbList\",\"@id\":\"https:\/\/csp.ch\/berne-jura\/don\/#breadcrumb\",\"itemListElement\":[{\"@type\":\"ListItem\",\"position\":1,\"name\":\"Accueil\",\"item\":\"https:\/\/csp.ch\/berne-jura\/\"},{\"@type\":\"ListItem\",\"position\":2,\"name\":\"Faire face ensemble\"}]},{\"@type\":\"WebSite\",\"@id\":\"https:\/\/csp.ch\/berne-jura\/#website\",\"url\":\"https:\/\/csp.ch\/berne-jura\/\",\"name\":\"CSP Berne-Jura\",\"description\":\"\",\"publisher\":{\"@id\":\"https:\/\/csp.ch\/berne-jura\/#organization\"},\"potentialAction\":[{\"@type\":\"SearchAction\",\"target\":{\"@type\":\"EntryPoint\",\"urlTemplate\":\"https:\/\/csp.ch\/berne-jura\/?s={search_term_string}\"},\"query-input\":{\"@type\":\"PropertyValueSpecification\",\"valueRequired\":true,\"valueName\":\"search_term_string\"}}],\"inLanguage\":\"fr-FR\"},{\"@type\":\"Organization\",\"@id\":\"https:\/\/csp.ch\/berne-jura\/#organization\",\"name\":\"CSP Berne-Jura\",\"url\":\"https:\/\/csp.ch\/berne-jura\/\",\"logo\":{\"@type\":\"ImageObject\",\"inLanguage\":\"fr-FR\",\"@id\":\"https:\/\/csp.ch\/berne-jura\/#\/schema\/logo\/image\/\",\"url\":\"https:\/\/csp.ch\/wp-content\/uploads\/sites\/6\/2024\/10\/v1.3_V_logo_CMJN_BERNE-JURA_CSP14.jpg\",\"contentUrl\":\"https:\/\/csp.ch\/wp-content\/uploads\/sites\/6\/2024\/10\/v1.3_V_logo_CMJN_BERNE-JURA_CSP14.jpg\",\"width\":1747,\"height\":1235,\"caption\":\"CSP Berne-Jura\"},\"image\":{\"@id\":\"https:\/\/csp.ch\/berne-jura\/#\/schema\/logo\/image\/\"},\"sameAs\":[\"https:\/\/www.linkedin.com\/company\/13005641\/admin\/dashboard\/\"]}]}<\/script>\n<!-- \/ Yoast SEO plugin. -->","yoast_head_json":{"title":"Faire face ensemble - CSP Berne-Jura","description":"Vos dons contribuent au maintien des prestations de conseils gratuites fournies par nos professionnels dans les secteurs Social et dettes, couple et famille et juridique.","robots":{"index":"index","follow":"follow","max-snippet":"max-snippet:-1","max-image-preview":"max-image-preview:large","max-video-preview":"max-video-preview:-1"},"canonical":"https:\/\/csp.ch\/berne-jura\/don\/","og_locale":"fr_FR","og_type":"article","og_title":"Faire face ensemble - CSP Berne-Jura","og_description":"Vos dons contribuent au maintien des prestations de conseils gratuites fournies par nos professionnels dans les secteurs Social et dettes, couple et famille et juridique.","og_url":"https:\/\/csp.ch\/berne-jura\/don\/","og_site_name":"CSP Berne-Jura","article_modified_time":"2023-12-01T12:10:20+00:00","og_image":[{"width":2200,"height":1467,"url":"https:\/\/csp.ch\/wp-content\/uploads\/sites\/6\/2015\/08\/20150921\u00a9CSP-BE-JU_RebeccaBowring4408.jpg","type":"image\/jpeg"}],"twitter_card":"summary_large_image","twitter_misc":{"Dur\u00e9e de lecture estim\u00e9e":"1 minute"},"schema":{"@context":"https:\/\/schema.org","@graph":[{"@type":"WebPage","@id":"https:\/\/csp.ch\/berne-jura\/don\/","url":"https:\/\/csp.ch\/berne-jura\/don\/","name":"Faire face ensemble - CSP Berne-Jura","isPartOf":{"@id":"https:\/\/csp.ch\/berne-jura\/#website"},"primaryImageOfPage":{"@id":"https:\/\/csp.ch\/berne-jura\/don\/#primaryimage"},"image":{"@id":"https:\/\/csp.ch\/berne-jura\/don\/#primaryimage"},"thumbnailUrl":"https:\/\/csp.ch\/wp-content\/uploads\/sites\/6\/2023\/09\/don-berne-jura.jpg","datePublished":"2015-08-11T12:05:39+00:00","dateModified":"2023-12-01T12:10:20+00:00","description":"Vos dons contribuent au maintien des prestations de conseils gratuites fournies par nos professionnels dans les secteurs Social et dettes, couple et famille et juridique.","breadcrumb":{"@id":"https:\/\/csp.ch\/berne-jura\/don\/#breadcrumb"},"inLanguage":"fr-FR","potentialAction":[{"@type":"ReadAction","target":["https:\/\/csp.ch\/berne-jura\/don\/"]}]},{"@type":"ImageObject","inLanguage":"fr-FR","@id":"https:\/\/csp.ch\/berne-jura\/don\/#primaryimage","url":"https:\/\/csp.ch\/wp-content\/uploads\/sites\/6\/2023\/09\/don-berne-jura.jpg","contentUrl":"https:\/\/csp.ch\/wp-content\/uploads\/sites\/6\/2023\/09\/don-berne-jura.jpg"},{"@type":"BreadcrumbList","@id":"https:\/\/csp.ch\/berne-jura\/don\/#breadcrumb","itemListElement":[{"@type":"ListItem","position":1,"name":"Accueil","item":"https:\/\/csp.ch\/berne-jura\/"},{"@type":"ListItem","position":2,"name":"Faire face ensemble"}]},{"@type":"WebSite","@id":"https:\/\/csp.ch\/berne-jura\/#website","url":"https:\/\/csp.ch\/berne-jura\/","name":"CSP Berne-Jura","description":"","publisher":{"@id":"https:\/\/csp.ch\/berne-jura\/#organization"},"potentialAction":[{"@type":"SearchAction","target":{"@type":"EntryPoint","urlTemplate":"https:\/\/csp.ch\/berne-jura\/?s={search_term_string}"},"query-input":{"@type":"PropertyValueSpecification","valueRequired":true,"valueName":"search_term_string"}}],"inLanguage":"fr-FR"},{"@type":"Organization","@id":"https:\/\/csp.ch\/berne-jura\/#organization","name":"CSP Berne-Jura","url":"https:\/\/csp.ch\/berne-jura\/","logo":{"@type":"ImageObject","inLanguage":"fr-FR","@id":"https:\/\/csp.ch\/berne-jura\/#\/schema\/logo\/image\/","url":"https:\/\/csp.ch\/wp-content\/uploads\/sites\/6\/2024\/10\/v1.3_V_logo_CMJN_BERNE-JURA_CSP14.jpg","contentUrl":"https:\/\/csp.ch\/wp-content\/uploads\/sites\/6\/2024\/10\/v1.3_V_logo_CMJN_BERNE-JURA_CSP14.jpg","width":1747,"height":1235,"caption":"CSP Berne-Jura"},"image":{"@id":"https:\/\/csp.ch\/berne-jura\/#\/schema\/logo\/image\/"},"sameAs":["https:\/\/www.linkedin.com\/company\/13005641\/admin\/dashboard\/"]}]}},"_links":{"self":[{"href":"https:\/\/csp.ch\/berne-jura\/wp-json\/wp\/v2\/pages\/69","targetHints":{"allow":["GET"]}}],"collection":[{"href":"https:\/\/csp.ch\/berne-jura\/wp-json\/wp\/v2\/pages"}],"about":[{"href":"https:\/\/csp.ch\/berne-jura\/wp-json\/wp\/v2\/types\/page"}],"author":[{"embeddable":true,"href":"https:\/\/csp.ch\/berne-jura\/wp-json\/wp\/v2\/users\/1"}],"replies":[{"embeddable":true,"href":"https:\/\/csp.ch\/berne-jura\/wp-json\/wp\/v2\/comments?post=69"}],"version-history":[{"count":3,"href":"https:\/\/csp.ch\/berne-jura\/wp-json\/wp\/v2\/pages\/69\/revisions"}],"predecessor-version":[{"id":8312,"href":"https:\/\/csp.ch\/berne-jura\/wp-json\/wp\/v2\/pages\/69\/revisions\/8312"}],"wp:attachment":[{"href":"https:\/\/csp.ch\/berne-jura\/wp-json\/wp\/v2\/media?parent=69"}],"curies":[{"name":"wp","href":"https:\/\/api.w.org\/{rel}","templated":true}]}}