{"id":540,"date":"2015-10-13T13:55:16","date_gmt":"2015-10-13T12:55:16","guid":{"rendered":"https:\/\/csp.ch\/beju\/?page_id=540"},"modified":"2025-07-09T08:10:11","modified_gmt":"2025-07-09T06:10:11","slug":"rapport-de-gestion","status":"publish","type":"page","link":"https:\/\/csp.ch\/berne-jura\/rapport-de-gestion\/","title":{"rendered":"Rapport de <strong>gestion<\/strong>"},"content":{"rendered":"<div class=\"wpb-content-wrapper\"><p>[vc_row][vc_column][vc_column_text]Les rapports d&rsquo;activit\u00e9s du CSP Berne-Jura relatent bri\u00e8vement le travail r\u00e9alis\u00e9 dans ses diff\u00e9rents secteurs d&rsquo;activit\u00e9.\u00a0Le CSP Berne-Jura reste \u00e0 votre enti\u00e8re disposition pour tout renseignement compl\u00e9mentaire que vous pourriez d\u00e9sirer. Nous vous souhaitons une agr\u00e9able lecture ![\/vc_column_text][vc_tta_accordion style=\u00a0\u00bbflat\u00a0\u00bb active_section=\u00a0\u00bb\u00a0\u00bb no_fill=\u00a0\u00bbtrue\u00a0\u00bb collapsible_all=\u00a0\u00bbtrue\u00a0\u00bb][vc_tta_section title=\u00a0\u00bbInformations &amp; Contact\u00a0\u00bb tab_id=\u00a0\u00bb1445431090191-5c62ac7c-1eb2&Prime;][vc_column_text]t\u00e9l: 032 493 32 21<br \/>\n<a href=\"m&#97;&#105;&#x6c;&#x74;&#x6f;:&#105;&#110;&#x66;&#x6f;&#x40;cs&#112;&#x2d;&#x62;&#x65;ju&#46;&#99;&#x68;\">Contactez-nous par email<\/a>[\/vc_column_text][\/vc_tta_section][\/vc_tta_accordion][vc_separator][vc_column_text]<\/p>\n<h3 style=\"text-align: center\"><span style=\"color: #ff9e16\">D\u00e9couvrez nos <strong>rapports de gestion<\/strong><\/span><\/h3>\n<p>[\/vc_column_text][vc_separator][vc_column_text css=\u00a0\u00bb\u00a0\u00bb]<\/p>\n<ul>\n<li><a href=\"https:\/\/csp.ch\/wp-content\/uploads\/sites\/6\/2025\/06\/Geschaftsbericht-2024.pdf\" target=\"_blank\" rel=\"noopener\">Gesch\u00e4ftsbericht 2024<\/a><\/li>\n<li><a href=\"https:\/\/csp.ch\/wp-content\/uploads\/sites\/6\/2025\/07\/Rapport-de-gestion-2024.pdf\" target=\"_blank\" rel=\"noopener\">Rapport de gestion 2024<\/a><\/li>\n<li><a href=\"https:\/\/csp.ch\/wp-content\/uploads\/sites\/6\/2024\/05\/Geschaftsbericht-2023.pdf\" target=\"_blank\" rel=\"noopener\">Gesch\u00e4ftsbericht 2023<\/a><\/li>\n<li><a href=\"https:\/\/csp.ch\/wp-content\/uploads\/sites\/6\/2024\/05\/Rapport-de-gestion-2023.pdf\" target=\"_blank\" rel=\"noopener\">Rapport de gestion 2023<\/a><\/li>\n<\/ul>\n<p>[\/vc_column_text][\/vc_column][\/vc_row]<\/p>\n<\/div>","protected":false},"excerpt":{"rendered":"<p>[vc_row][vc_column][vc_column_text]Les rapports d&rsquo;activit\u00e9s du CSP Berne-Jura relatent bri\u00e8vement le travail r\u00e9alis\u00e9 dans ses diff\u00e9rents secteurs d&rsquo;activit\u00e9.\u00a0Le CSP Berne-Jura reste \u00e0 votre enti\u00e8re disposition pour tout renseignement compl\u00e9mentaire que vous pourriez d\u00e9sirer. Nous vous souhaitons une agr\u00e9able lecture ![\/vc_column_text][vc_tta_accordion style=\u00a0\u00bbflat\u00a0\u00bb active_section=\u00a0\u00bb\u00a0\u00bb no_fill=\u00a0\u00bbtrue\u00a0\u00bb collapsible_all=\u00a0\u00bbtrue\u00a0\u00bb][vc_tta_section title=\u00a0\u00bbInformations &amp; Contact\u00a0\u00bb tab_id=\u00a0\u00bb1445431090191-5c62ac7c-1eb2&Prime;][vc_column_text]t\u00e9l: 032 493 32 21 Contactez-nous par email[\/vc_column_text][\/vc_tta_section][\/vc_tta_accordion][vc_separator][vc_column_text] D\u00e9couvrez nos [&hellip;]<\/p>\n","protected":false},"author":1,"featured_media":11884,"parent":0,"menu_order":0,"comment_status":"closed","ping_status":"closed","template":"","meta":{"_acf_changed":false,"footnotes":""},"class_list":["post-540","page","type-page","status-publish","has-post-thumbnail","hentry"],"acf":[],"yoast_head":"<!-- This site is optimized with the Yoast SEO plugin v27.1.1 - https:\/\/yoast.com\/product\/yoast-seo-wordpress\/ -->\n<title>Rapport de gestion - CSP Berne-Jura<\/title>\n<meta name=\"robots\" content=\"index, follow, max-snippet:-1, max-image-preview:large, max-video-preview:-1\" \/>\n<link rel=\"canonical\" href=\"https:\/\/csp.ch\/berne-jura\/rapport-de-gestion\/\" \/>\n<meta property=\"og:locale\" content=\"fr_FR\" \/>\n<meta property=\"og:type\" content=\"article\" \/>\n<meta property=\"og:title\" content=\"Rapport de gestion - CSP Berne-Jura\" \/>\n<meta property=\"og:description\" content=\"[vc_row][vc_column][vc_column_text]Les rapports d&rsquo;activit\u00e9s du CSP Berne-Jura relatent bri\u00e8vement le travail r\u00e9alis\u00e9 dans ses diff\u00e9rents secteurs d&rsquo;activit\u00e9.\u00a0Le CSP Berne-Jura reste \u00e0 votre enti\u00e8re disposition pour tout renseignement compl\u00e9mentaire que vous pourriez d\u00e9sirer. Nous vous souhaitons une agr\u00e9able lecture ![\/vc_column_text][vc_tta_accordion style=\u00a0\u00bbflat\u00a0\u00bb active_section=\u00a0\u00bb\u00a0\u00bb no_fill=\u00a0\u00bbtrue\u00a0\u00bb collapsible_all=\u00a0\u00bbtrue\u00a0\u00bb][vc_tta_section title=\u00a0\u00bbInformations &amp; Contact\u00a0\u00bb tab_id=\u00a0\u00bb1445431090191-5c62ac7c-1eb2&Prime;][vc_column_text]t\u00e9l: 032 493 32 21 Contactez-nous par email[\/vc_column_text][\/vc_tta_section][\/vc_tta_accordion][vc_separator][vc_column_text] D\u00e9couvrez nos [&hellip;]\" \/>\n<meta property=\"og:url\" content=\"https:\/\/csp.ch\/berne-jura\/rapport-de-gestion\/\" \/>\n<meta property=\"og:site_name\" content=\"CSP Berne-Jura\" \/>\n<meta property=\"article:modified_time\" content=\"2025-07-09T06:10:11+00:00\" \/>\n<meta property=\"og:image\" content=\"https:\/\/csp.ch\/wp-content\/uploads\/sites\/6\/2025\/06\/Atelier-de-surcyclage-et-de-creation-textile.jpg\" \/>\n\t<meta property=\"og:image:width\" content=\"1039\" \/>\n\t<meta property=\"og:image:height\" content=\"642\" \/>\n\t<meta property=\"og:image:type\" content=\"image\/jpeg\" \/>\n<meta name=\"twitter:card\" content=\"summary_large_image\" \/>\n<meta name=\"twitter:label1\" content=\"Dur\u00e9e de lecture estim\u00e9e\" \/>\n\t<meta name=\"twitter:data1\" content=\"1 minute\" \/>\n<script type=\"application\/ld+json\" class=\"yoast-schema-graph\">{\"@context\":\"https:\/\/schema.org\",\"@graph\":[{\"@type\":\"WebPage\",\"@id\":\"https:\/\/csp.ch\/berne-jura\/rapport-de-gestion\/\",\"url\":\"https:\/\/csp.ch\/berne-jura\/rapport-de-gestion\/\",\"name\":\"Rapport de gestion - CSP Berne-Jura\",\"isPartOf\":{\"@id\":\"https:\/\/csp.ch\/berne-jura\/#website\"},\"primaryImageOfPage\":{\"@id\":\"https:\/\/csp.ch\/berne-jura\/rapport-de-gestion\/#primaryimage\"},\"image\":{\"@id\":\"https:\/\/csp.ch\/berne-jura\/rapport-de-gestion\/#primaryimage\"},\"thumbnailUrl\":\"https:\/\/csp.ch\/wp-content\/uploads\/sites\/6\/2025\/06\/Atelier-de-surcyclage-et-de-creation-textile.jpg\",\"datePublished\":\"2015-10-13T12:55:16+00:00\",\"dateModified\":\"2025-07-09T06:10:11+00:00\",\"breadcrumb\":{\"@id\":\"https:\/\/csp.ch\/berne-jura\/rapport-de-gestion\/#breadcrumb\"},\"inLanguage\":\"fr-FR\",\"potentialAction\":[{\"@type\":\"ReadAction\",\"target\":[\"https:\/\/csp.ch\/berne-jura\/rapport-de-gestion\/\"]}]},{\"@type\":\"ImageObject\",\"inLanguage\":\"fr-FR\",\"@id\":\"https:\/\/csp.ch\/berne-jura\/rapport-de-gestion\/#primaryimage\",\"url\":\"https:\/\/csp.ch\/wp-content\/uploads\/sites\/6\/2025\/06\/Atelier-de-surcyclage-et-de-creation-textile.jpg\",\"contentUrl\":\"https:\/\/csp.ch\/wp-content\/uploads\/sites\/6\/2025\/06\/Atelier-de-surcyclage-et-de-creation-textile.jpg\",\"width\":1039,\"height\":642},{\"@type\":\"BreadcrumbList\",\"@id\":\"https:\/\/csp.ch\/berne-jura\/rapport-de-gestion\/#breadcrumb\",\"itemListElement\":[{\"@type\":\"ListItem\",\"position\":1,\"name\":\"Accueil\",\"item\":\"https:\/\/csp.ch\/berne-jura\/\"},{\"@type\":\"ListItem\",\"position\":2,\"name\":\"Rapport de gestion\"}]},{\"@type\":\"WebSite\",\"@id\":\"https:\/\/csp.ch\/berne-jura\/#website\",\"url\":\"https:\/\/csp.ch\/berne-jura\/\",\"name\":\"CSP Berne-Jura\",\"description\":\"\",\"publisher\":{\"@id\":\"https:\/\/csp.ch\/berne-jura\/#organization\"},\"potentialAction\":[{\"@type\":\"SearchAction\",\"target\":{\"@type\":\"EntryPoint\",\"urlTemplate\":\"https:\/\/csp.ch\/berne-jura\/?s={search_term_string}\"},\"query-input\":{\"@type\":\"PropertyValueSpecification\",\"valueRequired\":true,\"valueName\":\"search_term_string\"}}],\"inLanguage\":\"fr-FR\"},{\"@type\":\"Organization\",\"@id\":\"https:\/\/csp.ch\/berne-jura\/#organization\",\"name\":\"CSP Berne-Jura\",\"url\":\"https:\/\/csp.ch\/berne-jura\/\",\"logo\":{\"@type\":\"ImageObject\",\"inLanguage\":\"fr-FR\",\"@id\":\"https:\/\/csp.ch\/berne-jura\/#\/schema\/logo\/image\/\",\"url\":\"https:\/\/csp.ch\/wp-content\/uploads\/sites\/6\/2024\/10\/v1.3_V_logo_CMJN_BERNE-JURA_CSP14.jpg\",\"contentUrl\":\"https:\/\/csp.ch\/wp-content\/uploads\/sites\/6\/2024\/10\/v1.3_V_logo_CMJN_BERNE-JURA_CSP14.jpg\",\"width\":1747,\"height\":1235,\"caption\":\"CSP Berne-Jura\"},\"image\":{\"@id\":\"https:\/\/csp.ch\/berne-jura\/#\/schema\/logo\/image\/\"},\"sameAs\":[\"https:\/\/www.linkedin.com\/company\/13005641\/admin\/dashboard\/\"]}]}<\/script>\n<!-- \/ Yoast SEO plugin. -->","yoast_head_json":{"title":"Rapport de gestion - CSP Berne-Jura","robots":{"index":"index","follow":"follow","max-snippet":"max-snippet:-1","max-image-preview":"max-image-preview:large","max-video-preview":"max-video-preview:-1"},"canonical":"https:\/\/csp.ch\/berne-jura\/rapport-de-gestion\/","og_locale":"fr_FR","og_type":"article","og_title":"Rapport de gestion - CSP Berne-Jura","og_description":"[vc_row][vc_column][vc_column_text]Les rapports d&rsquo;activit\u00e9s du CSP Berne-Jura relatent bri\u00e8vement le travail r\u00e9alis\u00e9 dans ses diff\u00e9rents secteurs d&rsquo;activit\u00e9.\u00a0Le CSP Berne-Jura reste \u00e0 votre enti\u00e8re disposition pour tout renseignement compl\u00e9mentaire que vous pourriez d\u00e9sirer. Nous vous souhaitons une agr\u00e9able lecture ![\/vc_column_text][vc_tta_accordion style=\u00a0\u00bbflat\u00a0\u00bb active_section=\u00a0\u00bb\u00a0\u00bb no_fill=\u00a0\u00bbtrue\u00a0\u00bb collapsible_all=\u00a0\u00bbtrue\u00a0\u00bb][vc_tta_section title=\u00a0\u00bbInformations &amp; Contact\u00a0\u00bb tab_id=\u00a0\u00bb1445431090191-5c62ac7c-1eb2&Prime;][vc_column_text]t\u00e9l: 032 493 32 21 Contactez-nous par email[\/vc_column_text][\/vc_tta_section][\/vc_tta_accordion][vc_separator][vc_column_text] D\u00e9couvrez nos [&hellip;]","og_url":"https:\/\/csp.ch\/berne-jura\/rapport-de-gestion\/","og_site_name":"CSP Berne-Jura","article_modified_time":"2025-07-09T06:10:11+00:00","og_image":[{"width":1039,"height":642,"url":"https:\/\/csp.ch\/wp-content\/uploads\/sites\/6\/2025\/06\/Atelier-de-surcyclage-et-de-creation-textile.jpg","type":"image\/jpeg"}],"twitter_card":"summary_large_image","twitter_misc":{"Dur\u00e9e de lecture estim\u00e9e":"1 minute"},"schema":{"@context":"https:\/\/schema.org","@graph":[{"@type":"WebPage","@id":"https:\/\/csp.ch\/berne-jura\/rapport-de-gestion\/","url":"https:\/\/csp.ch\/berne-jura\/rapport-de-gestion\/","name":"Rapport de gestion - CSP Berne-Jura","isPartOf":{"@id":"https:\/\/csp.ch\/berne-jura\/#website"},"primaryImageOfPage":{"@id":"https:\/\/csp.ch\/berne-jura\/rapport-de-gestion\/#primaryimage"},"image":{"@id":"https:\/\/csp.ch\/berne-jura\/rapport-de-gestion\/#primaryimage"},"thumbnailUrl":"https:\/\/csp.ch\/wp-content\/uploads\/sites\/6\/2025\/06\/Atelier-de-surcyclage-et-de-creation-textile.jpg","datePublished":"2015-10-13T12:55:16+00:00","dateModified":"2025-07-09T06:10:11+00:00","breadcrumb":{"@id":"https:\/\/csp.ch\/berne-jura\/rapport-de-gestion\/#breadcrumb"},"inLanguage":"fr-FR","potentialAction":[{"@type":"ReadAction","target":["https:\/\/csp.ch\/berne-jura\/rapport-de-gestion\/"]}]},{"@type":"ImageObject","inLanguage":"fr-FR","@id":"https:\/\/csp.ch\/berne-jura\/rapport-de-gestion\/#primaryimage","url":"https:\/\/csp.ch\/wp-content\/uploads\/sites\/6\/2025\/06\/Atelier-de-surcyclage-et-de-creation-textile.jpg","contentUrl":"https:\/\/csp.ch\/wp-content\/uploads\/sites\/6\/2025\/06\/Atelier-de-surcyclage-et-de-creation-textile.jpg","width":1039,"height":642},{"@type":"BreadcrumbList","@id":"https:\/\/csp.ch\/berne-jura\/rapport-de-gestion\/#breadcrumb","itemListElement":[{"@type":"ListItem","position":1,"name":"Accueil","item":"https:\/\/csp.ch\/berne-jura\/"},{"@type":"ListItem","position":2,"name":"Rapport de gestion"}]},{"@type":"WebSite","@id":"https:\/\/csp.ch\/berne-jura\/#website","url":"https:\/\/csp.ch\/berne-jura\/","name":"CSP Berne-Jura","description":"","publisher":{"@id":"https:\/\/csp.ch\/berne-jura\/#organization"},"potentialAction":[{"@type":"SearchAction","target":{"@type":"EntryPoint","urlTemplate":"https:\/\/csp.ch\/berne-jura\/?s={search_term_string}"},"query-input":{"@type":"PropertyValueSpecification","valueRequired":true,"valueName":"search_term_string"}}],"inLanguage":"fr-FR"},{"@type":"Organization","@id":"https:\/\/csp.ch\/berne-jura\/#organization","name":"CSP Berne-Jura","url":"https:\/\/csp.ch\/berne-jura\/","logo":{"@type":"ImageObject","inLanguage":"fr-FR","@id":"https:\/\/csp.ch\/berne-jura\/#\/schema\/logo\/image\/","url":"https:\/\/csp.ch\/wp-content\/uploads\/sites\/6\/2024\/10\/v1.3_V_logo_CMJN_BERNE-JURA_CSP14.jpg","contentUrl":"https:\/\/csp.ch\/wp-content\/uploads\/sites\/6\/2024\/10\/v1.3_V_logo_CMJN_BERNE-JURA_CSP14.jpg","width":1747,"height":1235,"caption":"CSP Berne-Jura"},"image":{"@id":"https:\/\/csp.ch\/berne-jura\/#\/schema\/logo\/image\/"},"sameAs":["https:\/\/www.linkedin.com\/company\/13005641\/admin\/dashboard\/"]}]}},"_links":{"self":[{"href":"https:\/\/csp.ch\/berne-jura\/wp-json\/wp\/v2\/pages\/540","targetHints":{"allow":["GET"]}}],"collection":[{"href":"https:\/\/csp.ch\/berne-jura\/wp-json\/wp\/v2\/pages"}],"about":[{"href":"https:\/\/csp.ch\/berne-jura\/wp-json\/wp\/v2\/types\/page"}],"author":[{"embeddable":true,"href":"https:\/\/csp.ch\/berne-jura\/wp-json\/wp\/v2\/users\/1"}],"replies":[{"embeddable":true,"href":"https:\/\/csp.ch\/berne-jura\/wp-json\/wp\/v2\/comments?post=540"}],"version-history":[{"count":4,"href":"https:\/\/csp.ch\/berne-jura\/wp-json\/wp\/v2\/pages\/540\/revisions"}],"predecessor-version":[{"id":12018,"href":"https:\/\/csp.ch\/berne-jura\/wp-json\/wp\/v2\/pages\/540\/revisions\/12018"}],"wp:featuredmedia":[{"embeddable":true,"href":"https:\/\/csp.ch\/berne-jura\/wp-json\/wp\/v2\/media\/11884"}],"wp:attachment":[{"href":"https:\/\/csp.ch\/berne-jura\/wp-json\/wp\/v2\/media?parent=540"}],"curies":[{"name":"wp","href":"https:\/\/api.w.org\/{rel}","templated":true}]}}