{"id":506,"date":"2015-10-13T08:12:53","date_gmt":"2015-10-13T07:12:53","guid":{"rendered":"https:\/\/csp.ch\/beju\/?page_id=506"},"modified":"2025-10-03T10:04:03","modified_gmt":"2025-10-03T08:04:03","slug":"personnel-benevole","status":"publish","type":"page","link":"https:\/\/csp.ch\/berne-jura\/personnel-benevole\/","title":{"rendered":"Personnel <strong>b\u00e9n\u00e9vole<\/strong>"},"content":{"rendered":"<div class=\"wpb-content-wrapper\"><p>[vc_row][vc_column][vc_column_text]Environ 15 personnes volontaires travaillent dans notre service de ramassage.[\/vc_column_text][vc_tta_accordion style=\u00a0\u00bbflat\u00a0\u00bb active_section=\u00a0\u00bb\u00a0\u00bb no_fill=\u00a0\u00bbtrue\u00a0\u00bb collapsible_all=\u00a0\u00bbtrue\u00a0\u00bb][vc_tta_section title=\u00a0\u00bbDevenir b\u00e9n\u00e9vole\u00a0\u00bb tab_id=\u00a0\u00bb1444720250595-34090748-df41&Prime;][vc_column_text css=\u00a0\u00bb\u00a0\u00bb]Si vous avez du temps \u00e0 offrir, n\u2019h\u00e9sitez pas \u00e0 nous contacter :<\/p>\n<p>&nbsp;<\/p>\n<p>t\u00e9l. 032 493 32 21<br \/>\n<a href=\"&#x6d;&#x61;&#105;&#108;to&#x3a;&#x69;&#x6e;&#102;o&#64;&#x63;&#x73;&#x70;&#45;&#98;e&#x6a;&#x75;&#x2e;&#99;&#104;\" target=\"_blank\" rel=\"noopener noreferrer\">&#x69;n&#x66;&#111;&#x40;&#99;&#x73;&#x70;-&#x62;&#101;&#x6a;&#117;&#x2e;&#99;h<\/a>[\/vc_column_text][\/vc_tta_section][\/vc_tta_accordion][\/vc_column][\/vc_row]<\/p>\n<\/div>","protected":false},"excerpt":{"rendered":"<p>[vc_row][vc_column][vc_column_text]Environ 15 personnes volontaires travaillent dans notre service de ramassage.[\/vc_column_text][vc_tta_accordion style=\u00a0\u00bbflat\u00a0\u00bb active_section=\u00a0\u00bb\u00a0\u00bb no_fill=\u00a0\u00bbtrue\u00a0\u00bb collapsible_all=\u00a0\u00bbtrue\u00a0\u00bb][vc_tta_section title=\u00a0\u00bbDevenir b\u00e9n\u00e9vole\u00a0\u00bb tab_id=\u00a0\u00bb1444720250595-34090748-df41&Prime;][vc_column_text css=\u00a0\u00bb\u00a0\u00bb]Si vous avez du temps \u00e0 offrir, n\u2019h\u00e9sitez pas \u00e0 nous contacter : &nbsp; t\u00e9l. 032 493 32 21 inf&#111;&#64;&#99;&#x73;&#x70;&#x2d;&#x62;&#x65;&#x6a;u&#46;c&#104;[\/vc_column_text][\/vc_tta_section][\/vc_tta_accordion][\/vc_column][\/vc_row]<\/p>\n","protected":false},"author":1,"featured_media":787,"parent":0,"menu_order":0,"comment_status":"closed","ping_status":"closed","template":"","meta":{"_acf_changed":false,"footnotes":""},"class_list":["post-506","page","type-page","status-publish","has-post-thumbnail","hentry"],"acf":[],"yoast_head":"<!-- This site is optimized with the Yoast SEO plugin v27.1.1 - https:\/\/yoast.com\/product\/yoast-seo-wordpress\/ -->\n<title>Personnel b\u00e9n\u00e9vole - CSP Berne-Jura<\/title>\n<meta name=\"description\" content=\"Si vous avez du temps \u00e0 offrir, \u00a0n\u2019h\u00e9sitez pas \u00e0 contacter pour devenir b\u00e9n\u00e9vole. Toute aide est la bienvenue!\" \/>\n<meta name=\"robots\" content=\"index, follow, max-snippet:-1, max-image-preview:large, max-video-preview:-1\" \/>\n<link rel=\"canonical\" href=\"https:\/\/csp.ch\/berne-jura\/personnel-benevole\/\" \/>\n<meta property=\"og:locale\" content=\"fr_FR\" \/>\n<meta property=\"og:type\" content=\"article\" \/>\n<meta property=\"og:title\" content=\"Personnel b\u00e9n\u00e9vole - CSP Berne-Jura\" \/>\n<meta property=\"og:description\" content=\"Si vous avez du temps \u00e0 offrir, \u00a0n\u2019h\u00e9sitez pas \u00e0 contacter pour devenir b\u00e9n\u00e9vole. Toute aide est la bienvenue!\" \/>\n<meta property=\"og:url\" content=\"https:\/\/csp.ch\/berne-jura\/personnel-benevole\/\" \/>\n<meta property=\"og:site_name\" content=\"CSP Berne-Jura\" \/>\n<meta property=\"article:modified_time\" content=\"2025-10-03T08:04:03+00:00\" \/>\n<meta property=\"og:image\" content=\"https:\/\/csp.ch\/wp-content\/uploads\/sites\/6\/2015\/10\/20151105\u00a9CSP-BE-JU_RebeccaBowring7578.jpg\" \/>\n\t<meta property=\"og:image:width\" content=\"1626\" \/>\n\t<meta property=\"og:image:height\" content=\"1084\" \/>\n\t<meta property=\"og:image:type\" content=\"image\/jpeg\" \/>\n<meta name=\"twitter:card\" content=\"summary_large_image\" \/>\n<meta name=\"twitter:label1\" content=\"Dur\u00e9e de lecture estim\u00e9e\" \/>\n\t<meta name=\"twitter:data1\" content=\"1 minute\" \/>\n<script type=\"application\/ld+json\" class=\"yoast-schema-graph\">{\"@context\":\"https:\/\/schema.org\",\"@graph\":[{\"@type\":\"WebPage\",\"@id\":\"https:\/\/csp.ch\/berne-jura\/personnel-benevole\/\",\"url\":\"https:\/\/csp.ch\/berne-jura\/personnel-benevole\/\",\"name\":\"Personnel b\u00e9n\u00e9vole - CSP Berne-Jura\",\"isPartOf\":{\"@id\":\"https:\/\/csp.ch\/berne-jura\/#website\"},\"primaryImageOfPage\":{\"@id\":\"https:\/\/csp.ch\/berne-jura\/personnel-benevole\/#primaryimage\"},\"image\":{\"@id\":\"https:\/\/csp.ch\/berne-jura\/personnel-benevole\/#primaryimage\"},\"thumbnailUrl\":\"https:\/\/csp.ch\/wp-content\/uploads\/sites\/6\/2015\/10\/20151105\u00a9CSP-BE-JU_RebeccaBowring7578.jpg\",\"datePublished\":\"2015-10-13T07:12:53+00:00\",\"dateModified\":\"2025-10-03T08:04:03+00:00\",\"description\":\"Si vous avez du temps \u00e0 offrir, \u00a0n\u2019h\u00e9sitez pas \u00e0 contacter pour devenir b\u00e9n\u00e9vole. Toute aide est la bienvenue!\",\"breadcrumb\":{\"@id\":\"https:\/\/csp.ch\/berne-jura\/personnel-benevole\/#breadcrumb\"},\"inLanguage\":\"fr-FR\",\"potentialAction\":[{\"@type\":\"ReadAction\",\"target\":[\"https:\/\/csp.ch\/berne-jura\/personnel-benevole\/\"]}]},{\"@type\":\"ImageObject\",\"inLanguage\":\"fr-FR\",\"@id\":\"https:\/\/csp.ch\/berne-jura\/personnel-benevole\/#primaryimage\",\"url\":\"https:\/\/csp.ch\/wp-content\/uploads\/sites\/6\/2015\/10\/20151105\u00a9CSP-BE-JU_RebeccaBowring7578.jpg\",\"contentUrl\":\"https:\/\/csp.ch\/wp-content\/uploads\/sites\/6\/2015\/10\/20151105\u00a9CSP-BE-JU_RebeccaBowring7578.jpg\",\"width\":1626,\"height\":1084,\"caption\":\"CSP Berne-Jura b\u00e9n\u00e9volat\"},{\"@type\":\"BreadcrumbList\",\"@id\":\"https:\/\/csp.ch\/berne-jura\/personnel-benevole\/#breadcrumb\",\"itemListElement\":[{\"@type\":\"ListItem\",\"position\":1,\"name\":\"Accueil\",\"item\":\"https:\/\/csp.ch\/berne-jura\/\"},{\"@type\":\"ListItem\",\"position\":2,\"name\":\"Personnel b\u00e9n\u00e9vole\"}]},{\"@type\":\"WebSite\",\"@id\":\"https:\/\/csp.ch\/berne-jura\/#website\",\"url\":\"https:\/\/csp.ch\/berne-jura\/\",\"name\":\"CSP Berne-Jura\",\"description\":\"\",\"publisher\":{\"@id\":\"https:\/\/csp.ch\/berne-jura\/#organization\"},\"potentialAction\":[{\"@type\":\"SearchAction\",\"target\":{\"@type\":\"EntryPoint\",\"urlTemplate\":\"https:\/\/csp.ch\/berne-jura\/?s={search_term_string}\"},\"query-input\":{\"@type\":\"PropertyValueSpecification\",\"valueRequired\":true,\"valueName\":\"search_term_string\"}}],\"inLanguage\":\"fr-FR\"},{\"@type\":\"Organization\",\"@id\":\"https:\/\/csp.ch\/berne-jura\/#organization\",\"name\":\"CSP Berne-Jura\",\"url\":\"https:\/\/csp.ch\/berne-jura\/\",\"logo\":{\"@type\":\"ImageObject\",\"inLanguage\":\"fr-FR\",\"@id\":\"https:\/\/csp.ch\/berne-jura\/#\/schema\/logo\/image\/\",\"url\":\"https:\/\/csp.ch\/wp-content\/uploads\/sites\/6\/2024\/10\/v1.3_V_logo_CMJN_BERNE-JURA_CSP14.jpg\",\"contentUrl\":\"https:\/\/csp.ch\/wp-content\/uploads\/sites\/6\/2024\/10\/v1.3_V_logo_CMJN_BERNE-JURA_CSP14.jpg\",\"width\":1747,\"height\":1235,\"caption\":\"CSP Berne-Jura\"},\"image\":{\"@id\":\"https:\/\/csp.ch\/berne-jura\/#\/schema\/logo\/image\/\"},\"sameAs\":[\"https:\/\/www.linkedin.com\/company\/13005641\/admin\/dashboard\/\"]}]}<\/script>\n<!-- \/ Yoast SEO plugin. -->","yoast_head_json":{"title":"Personnel b\u00e9n\u00e9vole - CSP Berne-Jura","description":"Si vous avez du temps \u00e0 offrir, \u00a0n\u2019h\u00e9sitez pas \u00e0 contacter pour devenir b\u00e9n\u00e9vole. Toute aide est la bienvenue!","robots":{"index":"index","follow":"follow","max-snippet":"max-snippet:-1","max-image-preview":"max-image-preview:large","max-video-preview":"max-video-preview:-1"},"canonical":"https:\/\/csp.ch\/berne-jura\/personnel-benevole\/","og_locale":"fr_FR","og_type":"article","og_title":"Personnel b\u00e9n\u00e9vole - CSP Berne-Jura","og_description":"Si vous avez du temps \u00e0 offrir, \u00a0n\u2019h\u00e9sitez pas \u00e0 contacter pour devenir b\u00e9n\u00e9vole. Toute aide est la bienvenue!","og_url":"https:\/\/csp.ch\/berne-jura\/personnel-benevole\/","og_site_name":"CSP Berne-Jura","article_modified_time":"2025-10-03T08:04:03+00:00","og_image":[{"width":1626,"height":1084,"url":"https:\/\/csp.ch\/wp-content\/uploads\/sites\/6\/2015\/10\/20151105\u00a9CSP-BE-JU_RebeccaBowring7578.jpg","type":"image\/jpeg"}],"twitter_card":"summary_large_image","twitter_misc":{"Dur\u00e9e de lecture estim\u00e9e":"1 minute"},"schema":{"@context":"https:\/\/schema.org","@graph":[{"@type":"WebPage","@id":"https:\/\/csp.ch\/berne-jura\/personnel-benevole\/","url":"https:\/\/csp.ch\/berne-jura\/personnel-benevole\/","name":"Personnel b\u00e9n\u00e9vole - CSP Berne-Jura","isPartOf":{"@id":"https:\/\/csp.ch\/berne-jura\/#website"},"primaryImageOfPage":{"@id":"https:\/\/csp.ch\/berne-jura\/personnel-benevole\/#primaryimage"},"image":{"@id":"https:\/\/csp.ch\/berne-jura\/personnel-benevole\/#primaryimage"},"thumbnailUrl":"https:\/\/csp.ch\/wp-content\/uploads\/sites\/6\/2015\/10\/20151105\u00a9CSP-BE-JU_RebeccaBowring7578.jpg","datePublished":"2015-10-13T07:12:53+00:00","dateModified":"2025-10-03T08:04:03+00:00","description":"Si vous avez du temps \u00e0 offrir, \u00a0n\u2019h\u00e9sitez pas \u00e0 contacter pour devenir b\u00e9n\u00e9vole. Toute aide est la bienvenue!","breadcrumb":{"@id":"https:\/\/csp.ch\/berne-jura\/personnel-benevole\/#breadcrumb"},"inLanguage":"fr-FR","potentialAction":[{"@type":"ReadAction","target":["https:\/\/csp.ch\/berne-jura\/personnel-benevole\/"]}]},{"@type":"ImageObject","inLanguage":"fr-FR","@id":"https:\/\/csp.ch\/berne-jura\/personnel-benevole\/#primaryimage","url":"https:\/\/csp.ch\/wp-content\/uploads\/sites\/6\/2015\/10\/20151105\u00a9CSP-BE-JU_RebeccaBowring7578.jpg","contentUrl":"https:\/\/csp.ch\/wp-content\/uploads\/sites\/6\/2015\/10\/20151105\u00a9CSP-BE-JU_RebeccaBowring7578.jpg","width":1626,"height":1084,"caption":"CSP Berne-Jura b\u00e9n\u00e9volat"},{"@type":"BreadcrumbList","@id":"https:\/\/csp.ch\/berne-jura\/personnel-benevole\/#breadcrumb","itemListElement":[{"@type":"ListItem","position":1,"name":"Accueil","item":"https:\/\/csp.ch\/berne-jura\/"},{"@type":"ListItem","position":2,"name":"Personnel b\u00e9n\u00e9vole"}]},{"@type":"WebSite","@id":"https:\/\/csp.ch\/berne-jura\/#website","url":"https:\/\/csp.ch\/berne-jura\/","name":"CSP Berne-Jura","description":"","publisher":{"@id":"https:\/\/csp.ch\/berne-jura\/#organization"},"potentialAction":[{"@type":"SearchAction","target":{"@type":"EntryPoint","urlTemplate":"https:\/\/csp.ch\/berne-jura\/?s={search_term_string}"},"query-input":{"@type":"PropertyValueSpecification","valueRequired":true,"valueName":"search_term_string"}}],"inLanguage":"fr-FR"},{"@type":"Organization","@id":"https:\/\/csp.ch\/berne-jura\/#organization","name":"CSP Berne-Jura","url":"https:\/\/csp.ch\/berne-jura\/","logo":{"@type":"ImageObject","inLanguage":"fr-FR","@id":"https:\/\/csp.ch\/berne-jura\/#\/schema\/logo\/image\/","url":"https:\/\/csp.ch\/wp-content\/uploads\/sites\/6\/2024\/10\/v1.3_V_logo_CMJN_BERNE-JURA_CSP14.jpg","contentUrl":"https:\/\/csp.ch\/wp-content\/uploads\/sites\/6\/2024\/10\/v1.3_V_logo_CMJN_BERNE-JURA_CSP14.jpg","width":1747,"height":1235,"caption":"CSP Berne-Jura"},"image":{"@id":"https:\/\/csp.ch\/berne-jura\/#\/schema\/logo\/image\/"},"sameAs":["https:\/\/www.linkedin.com\/company\/13005641\/admin\/dashboard\/"]}]}},"_links":{"self":[{"href":"https:\/\/csp.ch\/berne-jura\/wp-json\/wp\/v2\/pages\/506","targetHints":{"allow":["GET"]}}],"collection":[{"href":"https:\/\/csp.ch\/berne-jura\/wp-json\/wp\/v2\/pages"}],"about":[{"href":"https:\/\/csp.ch\/berne-jura\/wp-json\/wp\/v2\/types\/page"}],"author":[{"embeddable":true,"href":"https:\/\/csp.ch\/berne-jura\/wp-json\/wp\/v2\/users\/1"}],"replies":[{"embeddable":true,"href":"https:\/\/csp.ch\/berne-jura\/wp-json\/wp\/v2\/comments?post=506"}],"version-history":[{"count":4,"href":"https:\/\/csp.ch\/berne-jura\/wp-json\/wp\/v2\/pages\/506\/revisions"}],"predecessor-version":[{"id":12522,"href":"https:\/\/csp.ch\/berne-jura\/wp-json\/wp\/v2\/pages\/506\/revisions\/12522"}],"wp:featuredmedia":[{"embeddable":true,"href":"https:\/\/csp.ch\/berne-jura\/wp-json\/wp\/v2\/media\/787"}],"wp:attachment":[{"href":"https:\/\/csp.ch\/berne-jura\/wp-json\/wp\/v2\/media?parent=506"}],"curies":[{"name":"wp","href":"https:\/\/api.w.org\/{rel}","templated":true}]}}