{"id":2189,"date":"2020-01-10T14:27:56","date_gmt":"2020-01-10T13:27:56","guid":{"rendered":"https:\/\/csp.ch\/berne-jura\/?page_id=2189"},"modified":"2026-04-30T12:04:33","modified_gmt":"2026-04-30T10:04:33","slug":"qualite","status":"publish","type":"page","link":"https:\/\/csp.ch\/berne-jura\/qualite\/","title":{"rendered":"<strong>Qualit\u00e9<\/strong>"},"content":{"rendered":"<div class=\"wpb-content-wrapper\"><p>[vc_section][vc_row][vc_column][vc_column_text css=\u00a0\u00bb\u00a0\u00bb]Le CSP Berne-Jura est certifi\u00e9 eduQua:2021 depuis 2005, ISO 9001:2015 depuis 2020 et IN-Qualis:2024 depuis 2026 ainsi que labellis\u00e9 fide pour les cours de langue dans les mesures de march\u00e9 du travail Int\u00e9gration professionnelle plus (MMT IPplus) et Berufliche Integration plus (MMT BINplus) depuis 2019.[\/vc_column_text][\/vc_column][\/vc_row][vc_row][vc_column width=\u00a0\u00bb1\/2&Prime;][vc_column_text css=\u00a0\u00bb\u00a0\u00bb]<img loading=\"lazy\" decoding=\"async\" class=\"alignnone wp-image-2434\" src=\"https:\/\/csp.ch\/berne-jura\/wp-content\/uploads\/sites\/6\/2020\/06\/eduQua_gm_fr-300x300.jpg\" alt=\"\" width=\"150\" height=\"150\" srcset=\"https:\/\/csp.ch\/wp-content\/uploads\/sites\/6\/2020\/06\/eduQua_gm_fr-300x300.jpg 300w, https:\/\/csp.ch\/wp-content\/uploads\/sites\/6\/2020\/06\/eduQua_gm_fr-768x768.jpg 768w, https:\/\/csp.ch\/wp-content\/uploads\/sites\/6\/2020\/06\/eduQua_gm_fr-640x640.jpg 640w, https:\/\/csp.ch\/wp-content\/uploads\/sites\/6\/2020\/06\/eduQua_gm_fr-240x240.jpg 240w, https:\/\/csp.ch\/wp-content\/uploads\/sites\/6\/2020\/06\/eduQua_gm_fr-740x740.jpg 740w, https:\/\/csp.ch\/wp-content\/uploads\/sites\/6\/2020\/06\/eduQua_gm_fr-100x100.jpg 100w, https:\/\/csp.ch\/wp-content\/uploads\/sites\/6\/2020\/06\/eduQua_gm_fr.jpg 794w\" sizes=\"auto, (max-width: 150px) 100vw, 150px\" \/>[\/vc_column_text][vc_column_text css=\u00a0\u00bb\u00a0\u00bb]<img loading=\"lazy\" decoding=\"async\" class=\"alignnone wp-image-2433\" src=\"https:\/\/csp.ch\/berne-jura\/wp-content\/uploads\/sites\/6\/2020\/06\/9001_gm_fr-300x300.jpg\" alt=\"\" width=\"150\" height=\"150\" srcset=\"https:\/\/csp.ch\/wp-content\/uploads\/sites\/6\/2020\/06\/9001_gm_fr-300x300.jpg 300w, https:\/\/csp.ch\/wp-content\/uploads\/sites\/6\/2020\/06\/9001_gm_fr-768x768.jpg 768w, https:\/\/csp.ch\/wp-content\/uploads\/sites\/6\/2020\/06\/9001_gm_fr-640x640.jpg 640w, https:\/\/csp.ch\/wp-content\/uploads\/sites\/6\/2020\/06\/9001_gm_fr-240x240.jpg 240w, https:\/\/csp.ch\/wp-content\/uploads\/sites\/6\/2020\/06\/9001_gm_fr-740x740.jpg 740w, https:\/\/csp.ch\/wp-content\/uploads\/sites\/6\/2020\/06\/9001_gm_fr-100x100.jpg 100w, https:\/\/csp.ch\/wp-content\/uploads\/sites\/6\/2020\/06\/9001_gm_fr.jpg 794w\" sizes=\"auto, (max-width: 150px) 100vw, 150px\" \/>[\/vc_column_text][vc_column_text css=\u00a0\u00bb\u00a0\u00bb]<img loading=\"lazy\" decoding=\"async\" class=\"alignnone wp-image-13330\" src=\"https:\/\/csp.ch\/wp-content\/uploads\/sites\/6\/2026\/04\/IN-Qualis_gm_fr-300x300.jpg\" alt=\"\" width=\"150\" height=\"150\" srcset=\"https:\/\/csp.ch\/wp-content\/uploads\/sites\/6\/2026\/04\/IN-Qualis_gm_fr-300x300.jpg 300w, https:\/\/csp.ch\/wp-content\/uploads\/sites\/6\/2026\/04\/IN-Qualis_gm_fr-768x768.jpg 768w, https:\/\/csp.ch\/wp-content\/uploads\/sites\/6\/2026\/04\/IN-Qualis_gm_fr-640x640.jpg 640w, https:\/\/csp.ch\/wp-content\/uploads\/sites\/6\/2026\/04\/IN-Qualis_gm_fr-221x221.jpg 221w, https:\/\/csp.ch\/wp-content\/uploads\/sites\/6\/2026\/04\/IN-Qualis_gm_fr-740x740.jpg 740w, https:\/\/csp.ch\/wp-content\/uploads\/sites\/6\/2026\/04\/IN-Qualis_gm_fr-100x100.jpg 100w, https:\/\/csp.ch\/wp-content\/uploads\/sites\/6\/2026\/04\/IN-Qualis_gm_fr.jpg 795w\" sizes=\"auto, (max-width: 150px) 100vw, 150px\" \/>[\/vc_column_text][\/vc_column][vc_column width=\u00a0\u00bb1\/2&Prime;][vc_column_text css=\u00a0\u00bb\u00a0\u00bb]<img loading=\"lazy\" decoding=\"async\" class=\"alignnone wp-image-2452\" src=\"https:\/\/csp.ch\/wp-content\/uploads\/sites\/6\/2020\/06\/eduQua_gm_de-300x300.jpg\" alt=\"\" width=\"150\" height=\"150\" srcset=\"https:\/\/csp.ch\/wp-content\/uploads\/sites\/6\/2020\/06\/eduQua_gm_de-300x300.jpg 300w, https:\/\/csp.ch\/wp-content\/uploads\/sites\/6\/2020\/06\/eduQua_gm_de-768x768.jpg 768w, https:\/\/csp.ch\/wp-content\/uploads\/sites\/6\/2020\/06\/eduQua_gm_de-640x640.jpg 640w, https:\/\/csp.ch\/wp-content\/uploads\/sites\/6\/2020\/06\/eduQua_gm_de-240x240.jpg 240w, https:\/\/csp.ch\/wp-content\/uploads\/sites\/6\/2020\/06\/eduQua_gm_de-740x740.jpg 740w, https:\/\/csp.ch\/wp-content\/uploads\/sites\/6\/2020\/06\/eduQua_gm_de-100x100.jpg 100w, https:\/\/csp.ch\/wp-content\/uploads\/sites\/6\/2020\/06\/eduQua_gm_de.jpg 794w\" sizes=\"auto, (max-width: 150px) 100vw, 150px\" \/>[\/vc_column_text][vc_column_text css=\u00a0\u00bb\u00a0\u00bb]<img loading=\"lazy\" decoding=\"async\" class=\"alignnone wp-image-2432\" src=\"https:\/\/csp.ch\/wp-content\/uploads\/sites\/6\/2020\/06\/9001_gm_de-300x300.jpg\" alt=\"\" width=\"150\" height=\"150\" srcset=\"https:\/\/csp.ch\/wp-content\/uploads\/sites\/6\/2020\/06\/9001_gm_de-300x300.jpg 300w, https:\/\/csp.ch\/wp-content\/uploads\/sites\/6\/2020\/06\/9001_gm_de-768x768.jpg 768w, https:\/\/csp.ch\/wp-content\/uploads\/sites\/6\/2020\/06\/9001_gm_de-640x640.jpg 640w, https:\/\/csp.ch\/wp-content\/uploads\/sites\/6\/2020\/06\/9001_gm_de-240x240.jpg 240w, https:\/\/csp.ch\/wp-content\/uploads\/sites\/6\/2020\/06\/9001_gm_de-740x740.jpg 740w, https:\/\/csp.ch\/wp-content\/uploads\/sites\/6\/2020\/06\/9001_gm_de-100x100.jpg 100w, https:\/\/csp.ch\/wp-content\/uploads\/sites\/6\/2020\/06\/9001_gm_de.jpg 794w\" sizes=\"auto, (max-width: 150px) 100vw, 150px\" \/>[\/vc_column_text][vc_column_text css=\u00a0\u00bb\u00a0\u00bb]<img loading=\"lazy\" decoding=\"async\" class=\"alignnone wp-image-13331\" src=\"https:\/\/csp.ch\/wp-content\/uploads\/sites\/6\/2026\/04\/IN-Qualis_gm_de-300x300.jpg\" alt=\"\" width=\"150\" height=\"150\" srcset=\"https:\/\/csp.ch\/wp-content\/uploads\/sites\/6\/2026\/04\/IN-Qualis_gm_de-300x300.jpg 300w, https:\/\/csp.ch\/wp-content\/uploads\/sites\/6\/2026\/04\/IN-Qualis_gm_de-768x768.jpg 768w, https:\/\/csp.ch\/wp-content\/uploads\/sites\/6\/2026\/04\/IN-Qualis_gm_de-640x640.jpg 640w, https:\/\/csp.ch\/wp-content\/uploads\/sites\/6\/2026\/04\/IN-Qualis_gm_de-221x221.jpg 221w, https:\/\/csp.ch\/wp-content\/uploads\/sites\/6\/2026\/04\/IN-Qualis_gm_de-740x740.jpg 740w, https:\/\/csp.ch\/wp-content\/uploads\/sites\/6\/2026\/04\/IN-Qualis_gm_de-100x100.jpg 100w, https:\/\/csp.ch\/wp-content\/uploads\/sites\/6\/2026\/04\/IN-Qualis_gm_de.jpg 795w\" sizes=\"auto, (max-width: 150px) 100vw, 150px\" \/>[\/vc_column_text][\/vc_column][\/vc_row][vc_row][vc_column width=\u00a0\u00bb1\/2&Prime;][vc_column_text]<img loading=\"lazy\" decoding=\"async\" class=\"alignnone wp-image-8219 size-medium\" src=\"https:\/\/csp.ch\/wp-content\/uploads\/sites\/6\/2023\/08\/fideLogo_label_F_I_rgb-300x196.png\" alt=\"\" width=\"300\" height=\"196\" srcset=\"https:\/\/csp.ch\/wp-content\/uploads\/sites\/6\/2023\/08\/fideLogo_label_F_I_rgb-300x196.png 300w, https:\/\/csp.ch\/wp-content\/uploads\/sites\/6\/2023\/08\/fideLogo_label_F_I_rgb-768x501.png 768w, https:\/\/csp.ch\/wp-content\/uploads\/sites\/6\/2023\/08\/fideLogo_label_F_I_rgb-338x221.png 338w, https:\/\/csp.ch\/wp-content\/uploads\/sites\/6\/2023\/08\/fideLogo_label_F_I_rgb-740x483.png 740w, https:\/\/csp.ch\/wp-content\/uploads\/sites\/6\/2023\/08\/fideLogo_label_F_I_rgb.png 827w\" sizes=\"auto, (max-width: 300px) 100vw, 300px\" \/><\/p>\n<p>[\/vc_column_text][\/vc_column][vc_column width=\u00a0\u00bb1\/2&Prime;][vc_column_text]<img loading=\"lazy\" decoding=\"async\" class=\"alignnone wp-image-8220 size-medium\" src=\"https:\/\/csp.ch\/wp-content\/uploads\/sites\/6\/2023\/08\/fideLogo_Label_D_rgb-300x196.png\" alt=\"\" width=\"300\" height=\"196\" srcset=\"https:\/\/csp.ch\/wp-content\/uploads\/sites\/6\/2023\/08\/fideLogo_Label_D_rgb-300x196.png 300w, https:\/\/csp.ch\/wp-content\/uploads\/sites\/6\/2023\/08\/fideLogo_Label_D_rgb-768x501.png 768w, https:\/\/csp.ch\/wp-content\/uploads\/sites\/6\/2023\/08\/fideLogo_Label_D_rgb-338x221.png 338w, https:\/\/csp.ch\/wp-content\/uploads\/sites\/6\/2023\/08\/fideLogo_Label_D_rgb-740x483.png 740w, https:\/\/csp.ch\/wp-content\/uploads\/sites\/6\/2023\/08\/fideLogo_Label_D_rgb.png 827w\" sizes=\"auto, (max-width: 300px) 100vw, 300px\" \/><\/p>\n<p>[\/vc_column_text][\/vc_column][\/vc_row][\/vc_section]<\/p>\n<\/div>","protected":false},"excerpt":{"rendered":"<p>[vc_section][vc_row][vc_column][vc_column_text css=\u00a0\u00bb\u00a0\u00bb]Le CSP Berne-Jura est certifi\u00e9 eduQua:2021 depuis 2005, ISO 9001:2015 depuis 2020 et IN-Qualis:2024 depuis 2026 ainsi que labellis\u00e9 fide pour les cours de langue dans les mesures de march\u00e9 du travail Int\u00e9gration professionnelle plus (MMT IPplus) et Berufliche Integration plus (MMT BINplus) depuis 2019.[\/vc_column_text][\/vc_column][\/vc_row][vc_row][vc_column width=\u00a0\u00bb1\/2&Prime;][vc_column_text css=\u00a0\u00bb\u00a0\u00bb][\/vc_column_text][vc_column_text css=\u00a0\u00bb\u00a0\u00bb][\/vc_column_text][vc_column_text css=\u00a0\u00bb\u00a0\u00bb][\/vc_column_text][\/vc_column][vc_column width=\u00a0\u00bb1\/2&Prime;][vc_column_text css=\u00a0\u00bb\u00a0\u00bb][\/vc_column_text][vc_column_text css=\u00a0\u00bb\u00a0\u00bb][\/vc_column_text][vc_column_text css=\u00a0\u00bb\u00a0\u00bb][\/vc_column_text][\/vc_column][\/vc_row][vc_row][vc_column width=\u00a0\u00bb1\/2&Prime;][vc_column_text] [&hellip;]<\/p>\n","protected":false},"author":9,"featured_media":0,"parent":0,"menu_order":0,"comment_status":"closed","ping_status":"closed","template":"","meta":{"_acf_changed":false,"footnotes":""},"class_list":["post-2189","page","type-page","status-publish","hentry"],"acf":[],"yoast_head":"<!-- This site is optimized with the Yoast SEO plugin v27.1.1 - https:\/\/yoast.com\/product\/yoast-seo-wordpress\/ -->\n<title>Qualit\u00e9 - CSP Berne-Jura<\/title>\n<meta name=\"robots\" content=\"index, follow, max-snippet:-1, max-image-preview:large, max-video-preview:-1\" \/>\n<link rel=\"canonical\" href=\"https:\/\/csp.ch\/berne-jura\/qualite\/\" \/>\n<meta property=\"og:locale\" content=\"fr_FR\" \/>\n<meta property=\"og:type\" content=\"article\" \/>\n<meta property=\"og:title\" content=\"Qualit\u00e9 - CSP Berne-Jura\" \/>\n<meta property=\"og:description\" content=\"[vc_section][vc_row][vc_column][vc_column_text css=\u00a0\u00bb\u00a0\u00bb]Le CSP Berne-Jura est certifi\u00e9 eduQua:2021 depuis 2005, ISO 9001:2015 depuis 2020 et IN-Qualis:2024 depuis 2026 ainsi que labellis\u00e9 fide pour les cours de langue dans les mesures de march\u00e9 du travail Int\u00e9gration professionnelle plus (MMT IPplus) et Berufliche Integration plus (MMT BINplus) depuis 2019.[\/vc_column_text][\/vc_column][\/vc_row][vc_row][vc_column width=\u00a0\u00bb1\/2&Prime;][vc_column_text css=\u00a0\u00bb\u00a0\u00bb][\/vc_column_text][vc_column_text css=\u00a0\u00bb\u00a0\u00bb][\/vc_column_text][vc_column_text css=\u00a0\u00bb\u00a0\u00bb][\/vc_column_text][\/vc_column][vc_column width=\u00a0\u00bb1\/2&Prime;][vc_column_text css=\u00a0\u00bb\u00a0\u00bb][\/vc_column_text][vc_column_text css=\u00a0\u00bb\u00a0\u00bb][\/vc_column_text][vc_column_text css=\u00a0\u00bb\u00a0\u00bb][\/vc_column_text][\/vc_column][\/vc_row][vc_row][vc_column width=\u00a0\u00bb1\/2&Prime;][vc_column_text] [&hellip;]\" \/>\n<meta property=\"og:url\" content=\"https:\/\/csp.ch\/berne-jura\/qualite\/\" \/>\n<meta property=\"og:site_name\" content=\"CSP Berne-Jura\" \/>\n<meta property=\"article:modified_time\" content=\"2026-04-30T10:04:33+00:00\" \/>\n<meta property=\"og:image\" content=\"https:\/\/csp.ch\/wp-content\/uploads\/sites\/6\/2020\/06\/eduQua_gm_fr.jpg\" \/>\n\t<meta property=\"og:image:width\" content=\"794\" \/>\n\t<meta property=\"og:image:height\" content=\"794\" \/>\n\t<meta property=\"og:image:type\" content=\"image\/jpeg\" \/>\n<meta name=\"twitter:card\" content=\"summary_large_image\" \/>\n<meta name=\"twitter:label1\" content=\"Dur\u00e9e de lecture estim\u00e9e\" \/>\n\t<meta name=\"twitter:data1\" content=\"2 minutes\" \/>\n<script type=\"application\/ld+json\" class=\"yoast-schema-graph\">{\"@context\":\"https:\/\/schema.org\",\"@graph\":[{\"@type\":\"WebPage\",\"@id\":\"https:\/\/csp.ch\/berne-jura\/qualite\/\",\"url\":\"https:\/\/csp.ch\/berne-jura\/qualite\/\",\"name\":\"Qualit\u00e9 - CSP Berne-Jura\",\"isPartOf\":{\"@id\":\"https:\/\/csp.ch\/berne-jura\/#website\"},\"primaryImageOfPage\":{\"@id\":\"https:\/\/csp.ch\/berne-jura\/qualite\/#primaryimage\"},\"image\":{\"@id\":\"https:\/\/csp.ch\/berne-jura\/qualite\/#primaryimage\"},\"thumbnailUrl\":\"https:\/\/csp.ch\/berne-jura\/wp-content\/uploads\/sites\/6\/2020\/06\/eduQua_gm_fr-300x300.jpg\",\"datePublished\":\"2020-01-10T13:27:56+00:00\",\"dateModified\":\"2026-04-30T10:04:33+00:00\",\"breadcrumb\":{\"@id\":\"https:\/\/csp.ch\/berne-jura\/qualite\/#breadcrumb\"},\"inLanguage\":\"fr-FR\",\"potentialAction\":[{\"@type\":\"ReadAction\",\"target\":[\"https:\/\/csp.ch\/berne-jura\/qualite\/\"]}]},{\"@type\":\"ImageObject\",\"inLanguage\":\"fr-FR\",\"@id\":\"https:\/\/csp.ch\/berne-jura\/qualite\/#primaryimage\",\"url\":\"https:\/\/csp.ch\/berne-jura\/wp-content\/uploads\/sites\/6\/2020\/06\/eduQua_gm_fr-300x300.jpg\",\"contentUrl\":\"https:\/\/csp.ch\/berne-jura\/wp-content\/uploads\/sites\/6\/2020\/06\/eduQua_gm_fr-300x300.jpg\"},{\"@type\":\"BreadcrumbList\",\"@id\":\"https:\/\/csp.ch\/berne-jura\/qualite\/#breadcrumb\",\"itemListElement\":[{\"@type\":\"ListItem\",\"position\":1,\"name\":\"Accueil\",\"item\":\"https:\/\/csp.ch\/berne-jura\/\"},{\"@type\":\"ListItem\",\"position\":2,\"name\":\"Qualit\u00e9\"}]},{\"@type\":\"WebSite\",\"@id\":\"https:\/\/csp.ch\/berne-jura\/#website\",\"url\":\"https:\/\/csp.ch\/berne-jura\/\",\"name\":\"CSP Berne-Jura\",\"description\":\"\",\"publisher\":{\"@id\":\"https:\/\/csp.ch\/berne-jura\/#organization\"},\"potentialAction\":[{\"@type\":\"SearchAction\",\"target\":{\"@type\":\"EntryPoint\",\"urlTemplate\":\"https:\/\/csp.ch\/berne-jura\/?s={search_term_string}\"},\"query-input\":{\"@type\":\"PropertyValueSpecification\",\"valueRequired\":true,\"valueName\":\"search_term_string\"}}],\"inLanguage\":\"fr-FR\"},{\"@type\":\"Organization\",\"@id\":\"https:\/\/csp.ch\/berne-jura\/#organization\",\"name\":\"CSP Berne-Jura\",\"url\":\"https:\/\/csp.ch\/berne-jura\/\",\"logo\":{\"@type\":\"ImageObject\",\"inLanguage\":\"fr-FR\",\"@id\":\"https:\/\/csp.ch\/berne-jura\/#\/schema\/logo\/image\/\",\"url\":\"https:\/\/csp.ch\/wp-content\/uploads\/sites\/6\/2024\/10\/v1.3_V_logo_CMJN_BERNE-JURA_CSP14.jpg\",\"contentUrl\":\"https:\/\/csp.ch\/wp-content\/uploads\/sites\/6\/2024\/10\/v1.3_V_logo_CMJN_BERNE-JURA_CSP14.jpg\",\"width\":1747,\"height\":1235,\"caption\":\"CSP Berne-Jura\"},\"image\":{\"@id\":\"https:\/\/csp.ch\/berne-jura\/#\/schema\/logo\/image\/\"},\"sameAs\":[\"https:\/\/www.linkedin.com\/company\/13005641\/admin\/dashboard\/\"]}]}<\/script>\n<!-- \/ Yoast SEO plugin. -->","yoast_head_json":{"title":"Qualit\u00e9 - CSP Berne-Jura","robots":{"index":"index","follow":"follow","max-snippet":"max-snippet:-1","max-image-preview":"max-image-preview:large","max-video-preview":"max-video-preview:-1"},"canonical":"https:\/\/csp.ch\/berne-jura\/qualite\/","og_locale":"fr_FR","og_type":"article","og_title":"Qualit\u00e9 - CSP Berne-Jura","og_description":"[vc_section][vc_row][vc_column][vc_column_text css=\u00a0\u00bb\u00a0\u00bb]Le CSP Berne-Jura est certifi\u00e9 eduQua:2021 depuis 2005, ISO 9001:2015 depuis 2020 et IN-Qualis:2024 depuis 2026 ainsi que labellis\u00e9 fide pour les cours de langue dans les mesures de march\u00e9 du travail Int\u00e9gration professionnelle plus (MMT IPplus) et Berufliche Integration plus (MMT BINplus) depuis 2019.[\/vc_column_text][\/vc_column][\/vc_row][vc_row][vc_column width=\u00a0\u00bb1\/2&Prime;][vc_column_text css=\u00a0\u00bb\u00a0\u00bb][\/vc_column_text][vc_column_text css=\u00a0\u00bb\u00a0\u00bb][\/vc_column_text][vc_column_text css=\u00a0\u00bb\u00a0\u00bb][\/vc_column_text][\/vc_column][vc_column width=\u00a0\u00bb1\/2&Prime;][vc_column_text css=\u00a0\u00bb\u00a0\u00bb][\/vc_column_text][vc_column_text css=\u00a0\u00bb\u00a0\u00bb][\/vc_column_text][vc_column_text css=\u00a0\u00bb\u00a0\u00bb][\/vc_column_text][\/vc_column][\/vc_row][vc_row][vc_column width=\u00a0\u00bb1\/2&Prime;][vc_column_text] [&hellip;]","og_url":"https:\/\/csp.ch\/berne-jura\/qualite\/","og_site_name":"CSP Berne-Jura","article_modified_time":"2026-04-30T10:04:33+00:00","og_image":[{"width":794,"height":794,"url":"https:\/\/csp.ch\/wp-content\/uploads\/sites\/6\/2020\/06\/eduQua_gm_fr.jpg","type":"image\/jpeg"}],"twitter_card":"summary_large_image","twitter_misc":{"Dur\u00e9e de lecture estim\u00e9e":"2 minutes"},"schema":{"@context":"https:\/\/schema.org","@graph":[{"@type":"WebPage","@id":"https:\/\/csp.ch\/berne-jura\/qualite\/","url":"https:\/\/csp.ch\/berne-jura\/qualite\/","name":"Qualit\u00e9 - CSP Berne-Jura","isPartOf":{"@id":"https:\/\/csp.ch\/berne-jura\/#website"},"primaryImageOfPage":{"@id":"https:\/\/csp.ch\/berne-jura\/qualite\/#primaryimage"},"image":{"@id":"https:\/\/csp.ch\/berne-jura\/qualite\/#primaryimage"},"thumbnailUrl":"https:\/\/csp.ch\/berne-jura\/wp-content\/uploads\/sites\/6\/2020\/06\/eduQua_gm_fr-300x300.jpg","datePublished":"2020-01-10T13:27:56+00:00","dateModified":"2026-04-30T10:04:33+00:00","breadcrumb":{"@id":"https:\/\/csp.ch\/berne-jura\/qualite\/#breadcrumb"},"inLanguage":"fr-FR","potentialAction":[{"@type":"ReadAction","target":["https:\/\/csp.ch\/berne-jura\/qualite\/"]}]},{"@type":"ImageObject","inLanguage":"fr-FR","@id":"https:\/\/csp.ch\/berne-jura\/qualite\/#primaryimage","url":"https:\/\/csp.ch\/berne-jura\/wp-content\/uploads\/sites\/6\/2020\/06\/eduQua_gm_fr-300x300.jpg","contentUrl":"https:\/\/csp.ch\/berne-jura\/wp-content\/uploads\/sites\/6\/2020\/06\/eduQua_gm_fr-300x300.jpg"},{"@type":"BreadcrumbList","@id":"https:\/\/csp.ch\/berne-jura\/qualite\/#breadcrumb","itemListElement":[{"@type":"ListItem","position":1,"name":"Accueil","item":"https:\/\/csp.ch\/berne-jura\/"},{"@type":"ListItem","position":2,"name":"Qualit\u00e9"}]},{"@type":"WebSite","@id":"https:\/\/csp.ch\/berne-jura\/#website","url":"https:\/\/csp.ch\/berne-jura\/","name":"CSP Berne-Jura","description":"","publisher":{"@id":"https:\/\/csp.ch\/berne-jura\/#organization"},"potentialAction":[{"@type":"SearchAction","target":{"@type":"EntryPoint","urlTemplate":"https:\/\/csp.ch\/berne-jura\/?s={search_term_string}"},"query-input":{"@type":"PropertyValueSpecification","valueRequired":true,"valueName":"search_term_string"}}],"inLanguage":"fr-FR"},{"@type":"Organization","@id":"https:\/\/csp.ch\/berne-jura\/#organization","name":"CSP Berne-Jura","url":"https:\/\/csp.ch\/berne-jura\/","logo":{"@type":"ImageObject","inLanguage":"fr-FR","@id":"https:\/\/csp.ch\/berne-jura\/#\/schema\/logo\/image\/","url":"https:\/\/csp.ch\/wp-content\/uploads\/sites\/6\/2024\/10\/v1.3_V_logo_CMJN_BERNE-JURA_CSP14.jpg","contentUrl":"https:\/\/csp.ch\/wp-content\/uploads\/sites\/6\/2024\/10\/v1.3_V_logo_CMJN_BERNE-JURA_CSP14.jpg","width":1747,"height":1235,"caption":"CSP Berne-Jura"},"image":{"@id":"https:\/\/csp.ch\/berne-jura\/#\/schema\/logo\/image\/"},"sameAs":["https:\/\/www.linkedin.com\/company\/13005641\/admin\/dashboard\/"]}]}},"_links":{"self":[{"href":"https:\/\/csp.ch\/berne-jura\/wp-json\/wp\/v2\/pages\/2189","targetHints":{"allow":["GET"]}}],"collection":[{"href":"https:\/\/csp.ch\/berne-jura\/wp-json\/wp\/v2\/pages"}],"about":[{"href":"https:\/\/csp.ch\/berne-jura\/wp-json\/wp\/v2\/types\/page"}],"author":[{"embeddable":true,"href":"https:\/\/csp.ch\/berne-jura\/wp-json\/wp\/v2\/users\/9"}],"replies":[{"embeddable":true,"href":"https:\/\/csp.ch\/berne-jura\/wp-json\/wp\/v2\/comments?post=2189"}],"version-history":[{"count":3,"href":"https:\/\/csp.ch\/berne-jura\/wp-json\/wp\/v2\/pages\/2189\/revisions"}],"predecessor-version":[{"id":13343,"href":"https:\/\/csp.ch\/berne-jura\/wp-json\/wp\/v2\/pages\/2189\/revisions\/13343"}],"wp:attachment":[{"href":"https:\/\/csp.ch\/berne-jura\/wp-json\/wp\/v2\/media?parent=2189"}],"curies":[{"name":"wp","href":"https:\/\/api.w.org\/{rel}","templated":true}]}}