{"id":148,"date":"2015-07-31T13:17:47","date_gmt":"2015-07-31T12:17:47","guid":{"rendered":"https:\/\/csp.ch\/vd\/?page_id=32"},"modified":"2025-06-20T16:42:48","modified_gmt":"2025-06-20T14:42:48","slug":"accueil","status":"publish","type":"page","link":"https:\/\/csp.ch\/berne-jura\/","title":{"rendered":"Accueil"},"content":{"rendered":"","protected":false},"excerpt":{"rendered":"","protected":false},"author":1,"featured_media":0,"parent":0,"menu_order":0,"comment_status":"closed","ping_status":"closed","template":"","meta":{"_acf_changed":false,"footnotes":""},"class_list":["post-148","page","type-page","status-publish","hentry"],"acf":[],"yoast_head":"<!-- This site is optimized with the Yoast SEO plugin v27.1.1 - https:\/\/yoast.com\/product\/yoast-seo-wordpress\/ -->\n<title>Centre social protestant - Berne-Jura<\/title>\n<meta name=\"description\" content=\"Le Centre Social Protestant de Berne-Jura est une institution qui propose des soutiens professionnels aux personnes en difficult\u00e9 sans aucune distinction. probl\u00e8me de couple - th\u00e9rapie de couple - Bienne - Jura bernois - Jura\" \/>\n<meta name=\"robots\" content=\"index, follow, max-snippet:-1, max-image-preview:large, max-video-preview:-1\" \/>\n<link rel=\"canonical\" href=\"https:\/\/csp.ch\/berne-jura\/\" \/>\n<meta property=\"og:locale\" content=\"fr_FR\" \/>\n<meta property=\"og:type\" content=\"article\" \/>\n<meta property=\"og:title\" content=\"Centre social protestant - Berne-Jura\" \/>\n<meta property=\"og:description\" content=\"Le Centre Social Protestant de Berne-Jura est une institution qui propose des soutiens professionnels aux personnes en difficult\u00e9 sans aucune distinction. probl\u00e8me de couple - th\u00e9rapie de couple - Bienne - Jura bernois - Jura\" \/>\n<meta property=\"og:url\" content=\"https:\/\/csp.ch\/berne-jura\/\" \/>\n<meta property=\"og:site_name\" content=\"CSP Berne-Jura\" \/>\n<meta property=\"article:modified_time\" content=\"2025-06-20T14:42:48+00:00\" \/>\n<meta name=\"twitter:card\" content=\"summary_large_image\" \/>\n<script type=\"application\/ld+json\" class=\"yoast-schema-graph\">{\"@context\":\"https:\/\/schema.org\",\"@graph\":[{\"@type\":\"WebPage\",\"@id\":\"https:\/\/csp.ch\/berne-jura\/\",\"url\":\"https:\/\/csp.ch\/berne-jura\/\",\"name\":\"Centre social protestant - Berne-Jura\",\"isPartOf\":{\"@id\":\"https:\/\/csp.ch\/berne-jura\/#website\"},\"datePublished\":\"2015-07-31T12:17:47+00:00\",\"dateModified\":\"2025-06-20T14:42:48+00:00\",\"description\":\"Le Centre Social Protestant de Berne-Jura est une institution qui propose des soutiens professionnels aux personnes en difficult\u00e9 sans aucune distinction. probl\u00e8me de couple - th\u00e9rapie de couple - Bienne - Jura bernois - Jura\",\"breadcrumb\":{\"@id\":\"https:\/\/csp.ch\/berne-jura\/#breadcrumb\"},\"inLanguage\":\"fr-FR\",\"potentialAction\":[{\"@type\":\"ReadAction\",\"target\":[\"https:\/\/csp.ch\/berne-jura\/\"]}]},{\"@type\":\"BreadcrumbList\",\"@id\":\"https:\/\/csp.ch\/berne-jura\/#breadcrumb\",\"itemListElement\":[{\"@type\":\"ListItem\",\"position\":1,\"name\":\"Accueil\",\"item\":\"https:\/\/csp.ch\/berne-jura\/\"},{\"@type\":\"ListItem\",\"position\":2,\"name\":\"Accueil\"}]},{\"@type\":\"WebSite\",\"@id\":\"https:\/\/csp.ch\/berne-jura\/#website\",\"url\":\"https:\/\/csp.ch\/berne-jura\/\",\"name\":\"CSP Berne-Jura\",\"description\":\"\",\"publisher\":{\"@id\":\"https:\/\/csp.ch\/berne-jura\/#organization\"},\"potentialAction\":[{\"@type\":\"SearchAction\",\"target\":{\"@type\":\"EntryPoint\",\"urlTemplate\":\"https:\/\/csp.ch\/berne-jura\/?s={search_term_string}\"},\"query-input\":{\"@type\":\"PropertyValueSpecification\",\"valueRequired\":true,\"valueName\":\"search_term_string\"}}],\"inLanguage\":\"fr-FR\"},{\"@type\":\"Organization\",\"@id\":\"https:\/\/csp.ch\/berne-jura\/#organization\",\"name\":\"CSP Berne-Jura\",\"url\":\"https:\/\/csp.ch\/berne-jura\/\",\"logo\":{\"@type\":\"ImageObject\",\"inLanguage\":\"fr-FR\",\"@id\":\"https:\/\/csp.ch\/berne-jura\/#\/schema\/logo\/image\/\",\"url\":\"https:\/\/csp.ch\/wp-content\/uploads\/sites\/6\/2024\/10\/v1.3_V_logo_CMJN_BERNE-JURA_CSP14.jpg\",\"contentUrl\":\"https:\/\/csp.ch\/wp-content\/uploads\/sites\/6\/2024\/10\/v1.3_V_logo_CMJN_BERNE-JURA_CSP14.jpg\",\"width\":1747,\"height\":1235,\"caption\":\"CSP Berne-Jura\"},\"image\":{\"@id\":\"https:\/\/csp.ch\/berne-jura\/#\/schema\/logo\/image\/\"},\"sameAs\":[\"https:\/\/www.linkedin.com\/company\/13005641\/admin\/dashboard\/\"]}]}<\/script>\n<!-- \/ Yoast SEO plugin. -->","yoast_head_json":{"title":"Centre social protestant - Berne-Jura","description":"Le Centre Social Protestant de Berne-Jura est une institution qui propose des soutiens professionnels aux personnes en difficult\u00e9 sans aucune distinction. probl\u00e8me de couple - th\u00e9rapie de couple - Bienne - Jura bernois - Jura","robots":{"index":"index","follow":"follow","max-snippet":"max-snippet:-1","max-image-preview":"max-image-preview:large","max-video-preview":"max-video-preview:-1"},"canonical":"https:\/\/csp.ch\/berne-jura\/","og_locale":"fr_FR","og_type":"article","og_title":"Centre social protestant - Berne-Jura","og_description":"Le Centre Social Protestant de Berne-Jura est une institution qui propose des soutiens professionnels aux personnes en difficult\u00e9 sans aucune distinction. probl\u00e8me de couple - th\u00e9rapie de couple - Bienne - Jura bernois - Jura","og_url":"https:\/\/csp.ch\/berne-jura\/","og_site_name":"CSP Berne-Jura","article_modified_time":"2025-06-20T14:42:48+00:00","twitter_card":"summary_large_image","schema":{"@context":"https:\/\/schema.org","@graph":[{"@type":"WebPage","@id":"https:\/\/csp.ch\/berne-jura\/","url":"https:\/\/csp.ch\/berne-jura\/","name":"Centre social protestant - Berne-Jura","isPartOf":{"@id":"https:\/\/csp.ch\/berne-jura\/#website"},"datePublished":"2015-07-31T12:17:47+00:00","dateModified":"2025-06-20T14:42:48+00:00","description":"Le Centre Social Protestant de Berne-Jura est une institution qui propose des soutiens professionnels aux personnes en difficult\u00e9 sans aucune distinction. probl\u00e8me de couple - th\u00e9rapie de couple - Bienne - Jura bernois - Jura","breadcrumb":{"@id":"https:\/\/csp.ch\/berne-jura\/#breadcrumb"},"inLanguage":"fr-FR","potentialAction":[{"@type":"ReadAction","target":["https:\/\/csp.ch\/berne-jura\/"]}]},{"@type":"BreadcrumbList","@id":"https:\/\/csp.ch\/berne-jura\/#breadcrumb","itemListElement":[{"@type":"ListItem","position":1,"name":"Accueil","item":"https:\/\/csp.ch\/berne-jura\/"},{"@type":"ListItem","position":2,"name":"Accueil"}]},{"@type":"WebSite","@id":"https:\/\/csp.ch\/berne-jura\/#website","url":"https:\/\/csp.ch\/berne-jura\/","name":"CSP Berne-Jura","description":"","publisher":{"@id":"https:\/\/csp.ch\/berne-jura\/#organization"},"potentialAction":[{"@type":"SearchAction","target":{"@type":"EntryPoint","urlTemplate":"https:\/\/csp.ch\/berne-jura\/?s={search_term_string}"},"query-input":{"@type":"PropertyValueSpecification","valueRequired":true,"valueName":"search_term_string"}}],"inLanguage":"fr-FR"},{"@type":"Organization","@id":"https:\/\/csp.ch\/berne-jura\/#organization","name":"CSP Berne-Jura","url":"https:\/\/csp.ch\/berne-jura\/","logo":{"@type":"ImageObject","inLanguage":"fr-FR","@id":"https:\/\/csp.ch\/berne-jura\/#\/schema\/logo\/image\/","url":"https:\/\/csp.ch\/wp-content\/uploads\/sites\/6\/2024\/10\/v1.3_V_logo_CMJN_BERNE-JURA_CSP14.jpg","contentUrl":"https:\/\/csp.ch\/wp-content\/uploads\/sites\/6\/2024\/10\/v1.3_V_logo_CMJN_BERNE-JURA_CSP14.jpg","width":1747,"height":1235,"caption":"CSP Berne-Jura"},"image":{"@id":"https:\/\/csp.ch\/berne-jura\/#\/schema\/logo\/image\/"},"sameAs":["https:\/\/www.linkedin.com\/company\/13005641\/admin\/dashboard\/"]}]}},"_links":{"self":[{"href":"https:\/\/csp.ch\/berne-jura\/wp-json\/wp\/v2\/pages\/148","targetHints":{"allow":["GET"]}}],"collection":[{"href":"https:\/\/csp.ch\/berne-jura\/wp-json\/wp\/v2\/pages"}],"about":[{"href":"https:\/\/csp.ch\/berne-jura\/wp-json\/wp\/v2\/types\/page"}],"author":[{"embeddable":true,"href":"https:\/\/csp.ch\/berne-jura\/wp-json\/wp\/v2\/users\/1"}],"replies":[{"embeddable":true,"href":"https:\/\/csp.ch\/berne-jura\/wp-json\/wp\/v2\/comments?post=148"}],"version-history":[{"count":1,"href":"https:\/\/csp.ch\/berne-jura\/wp-json\/wp\/v2\/pages\/148\/revisions"}],"predecessor-version":[{"id":808,"href":"https:\/\/csp.ch\/berne-jura\/wp-json\/wp\/v2\/pages\/148\/revisions\/808"}],"wp:attachment":[{"href":"https:\/\/csp.ch\/berne-jura\/wp-json\/wp\/v2\/media?parent=148"}],"curies":[{"name":"wp","href":"https:\/\/api.w.org\/{rel}","templated":true}]}}