{"id":124,"date":"2015-08-11T15:30:43","date_gmt":"2015-08-11T14:30:43","guid":{"rendered":"https:\/\/csp.ch\/vd\/?page_id=124"},"modified":"2025-01-25T22:30:40","modified_gmt":"2025-01-25T21:30:40","slug":"entreprises-et-fondations","status":"publish","type":"page","link":"https:\/\/csp.ch\/berne-jura\/don\/entreprises-et-fondations\/","title":{"rendered":"Entreprises et <strong>fondations<\/strong>"},"content":{"rendered":"<div class=\"wpb-content-wrapper\"><p>[vc_row][vc_column][vc_column_text]Les entreprises et les fondations peuvent apporter leur soutien de diverses mani\u00e8res \u00e0 notre association.<\/p>\n<p>Un v\u00e9hicule a ainsi \u00e9t\u00e9 mis \u00e0 la disposition de notre institution. Un grand merci \u00e0 eux :<\/p>\n<p><a href=\"https:\/\/p-h-s-druck.eu\/12_1413\/\" target=\"_blank\" rel=\"noopener\"><img loading=\"lazy\" decoding=\"async\" class=\"alignnone size-medium wp-image-9151\" src=\"https:\/\/csp.ch\/wp-content\/uploads\/sites\/6\/2024\/04\/btn_12_1413-300x255.png\" alt=\"\" width=\"300\" height=\"255\" srcset=\"https:\/\/csp.ch\/wp-content\/uploads\/sites\/6\/2024\/04\/btn_12_1413-300x255.png 300w, https:\/\/csp.ch\/wp-content\/uploads\/sites\/6\/2024\/04\/btn_12_1413-260x221.png 260w, https:\/\/csp.ch\/wp-content\/uploads\/sites\/6\/2024\/04\/btn_12_1413.png 495w\" sizes=\"auto, (max-width: 300px) 100vw, 300px\" \/><\/a><\/p>\n<p>[\/vc_column_text][vc_tta_accordion style=\u00a0\u00bbflat\u00a0\u00bb active_section=\u00a0\u00bb0&Prime; no_fill=\u00a0\u00bbtrue\u00a0\u00bb collapsible_all=\u00a0\u00bbtrue\u00a0\u00bb][vc_tta_section title=\u00a0\u00bbContactez notre direction\u00a0\u00bb tab_id=\u00a0\u00bb1441892798219-92a4e1df-3029&Prime;][vc_column_text]M. Pierre Ammann<br \/>\nRue Centrale 59<\/p>\n<p>2740 Moutier<br \/>\n<a href=\"&#x6d;&#x61;&#105;lt&#x6f;&#x3a;&#112;&#105;e&#x72;&#x72;&#101;&#46;a&#x6d;&#x6d;&#x61;&#110;n&#64;&#x63;&#x73;&#112;&#45;b&#x65;&#x6a;&#117;&#46;c&#x68;\" target=\"_blank\" rel=\"noopener\">Contactez-nous par mail<\/a>[\/vc_column_text][\/vc_tta_section][\/vc_tta_accordion][\/vc_column][\/vc_row]<\/p>\n<\/div>","protected":false},"excerpt":{"rendered":"<p>[vc_row][vc_column][vc_column_text]Les entreprises et les fondations peuvent apporter leur soutien de diverses mani\u00e8res \u00e0 notre association. Un v\u00e9hicule a ainsi \u00e9t\u00e9 mis \u00e0 la disposition de notre institution. Un grand merci \u00e0 eux : [\/vc_column_text][vc_tta_accordion style=\u00a0\u00bbflat\u00a0\u00bb active_section=\u00a0\u00bb0&Prime; no_fill=\u00a0\u00bbtrue\u00a0\u00bb collapsible_all=\u00a0\u00bbtrue\u00a0\u00bb][vc_tta_section title=\u00a0\u00bbContactez notre direction\u00a0\u00bb tab_id=\u00a0\u00bb1441892798219-92a4e1df-3029&Prime;][vc_column_text]M. Pierre Ammann Rue Centrale 59 2740 Moutier Contactez-nous par mail[\/vc_column_text][\/vc_tta_section][\/vc_tta_accordion][\/vc_column][\/vc_row]<\/p>\n","protected":false},"author":1,"featured_media":371,"parent":69,"menu_order":0,"comment_status":"closed","ping_status":"closed","template":"","meta":{"_acf_changed":false,"footnotes":""},"class_list":["post-124","page","type-page","status-publish","has-post-thumbnail","hentry"],"acf":[],"yoast_head":"<!-- This site is optimized with the Yoast SEO plugin v27.1.1 - https:\/\/yoast.com\/product\/yoast-seo-wordpress\/ -->\n<title>Entreprises et fondations - CSP Berne-Jura<\/title>\n<meta name=\"description\" content=\"Les entreprises qui d\u00e9sirent exercer leur responsabilit\u00e9 sociale ont la possibilit\u00e9 de le manifester par un engagement de proximit\u00e9, en soutenant le CSP.\" \/>\n<meta name=\"robots\" content=\"index, follow, max-snippet:-1, max-image-preview:large, max-video-preview:-1\" \/>\n<link rel=\"canonical\" href=\"https:\/\/csp.ch\/berne-jura\/don\/entreprises-et-fondations\/\" \/>\n<meta property=\"og:locale\" content=\"fr_FR\" \/>\n<meta property=\"og:type\" content=\"article\" \/>\n<meta property=\"og:title\" content=\"Entreprises et fondations - CSP Berne-Jura\" \/>\n<meta property=\"og:description\" content=\"Les entreprises qui d\u00e9sirent exercer leur responsabilit\u00e9 sociale ont la possibilit\u00e9 de le manifester par un engagement de proximit\u00e9, en soutenant le CSP.\" \/>\n<meta property=\"og:url\" content=\"https:\/\/csp.ch\/berne-jura\/don\/entreprises-et-fondations\/\" \/>\n<meta property=\"og:site_name\" content=\"CSP Berne-Jura\" \/>\n<meta property=\"article:modified_time\" content=\"2025-01-25T21:30:40+00:00\" \/>\n<meta name=\"twitter:card\" content=\"summary_large_image\" \/>\n<meta name=\"twitter:label1\" content=\"Dur\u00e9e de lecture estim\u00e9e\" \/>\n\t<meta name=\"twitter:data1\" content=\"1 minute\" \/>\n<script type=\"application\/ld+json\" class=\"yoast-schema-graph\">{\"@context\":\"https:\/\/schema.org\",\"@graph\":[{\"@type\":\"WebPage\",\"@id\":\"https:\/\/csp.ch\/berne-jura\/don\/entreprises-et-fondations\/\",\"url\":\"https:\/\/csp.ch\/berne-jura\/don\/entreprises-et-fondations\/\",\"name\":\"Entreprises et fondations - CSP Berne-Jura\",\"isPartOf\":{\"@id\":\"https:\/\/csp.ch\/berne-jura\/#website\"},\"primaryImageOfPage\":{\"@id\":\"https:\/\/csp.ch\/berne-jura\/don\/entreprises-et-fondations\/#primaryimage\"},\"image\":{\"@id\":\"https:\/\/csp.ch\/berne-jura\/don\/entreprises-et-fondations\/#primaryimage\"},\"thumbnailUrl\":\"\",\"datePublished\":\"2015-08-11T14:30:43+00:00\",\"dateModified\":\"2025-01-25T21:30:40+00:00\",\"description\":\"Les entreprises qui d\u00e9sirent exercer leur responsabilit\u00e9 sociale ont la possibilit\u00e9 de le manifester par un engagement de proximit\u00e9, en soutenant le CSP.\",\"breadcrumb\":{\"@id\":\"https:\/\/csp.ch\/berne-jura\/don\/entreprises-et-fondations\/#breadcrumb\"},\"inLanguage\":\"fr-FR\",\"potentialAction\":[{\"@type\":\"ReadAction\",\"target\":[\"https:\/\/csp.ch\/berne-jura\/don\/entreprises-et-fondations\/\"]}]},{\"@type\":\"ImageObject\",\"inLanguage\":\"fr-FR\",\"@id\":\"https:\/\/csp.ch\/berne-jura\/don\/entreprises-et-fondations\/#primaryimage\",\"url\":\"\",\"contentUrl\":\"\"},{\"@type\":\"BreadcrumbList\",\"@id\":\"https:\/\/csp.ch\/berne-jura\/don\/entreprises-et-fondations\/#breadcrumb\",\"itemListElement\":[{\"@type\":\"ListItem\",\"position\":1,\"name\":\"Accueil\",\"item\":\"https:\/\/csp.ch\/berne-jura\/\"},{\"@type\":\"ListItem\",\"position\":2,\"name\":\"Faire face ensemble\",\"item\":\"https:\/\/csp.ch\/berne-jura\/don\/\"},{\"@type\":\"ListItem\",\"position\":3,\"name\":\"Entreprises et fondations\"}]},{\"@type\":\"WebSite\",\"@id\":\"https:\/\/csp.ch\/berne-jura\/#website\",\"url\":\"https:\/\/csp.ch\/berne-jura\/\",\"name\":\"CSP Berne-Jura\",\"description\":\"\",\"publisher\":{\"@id\":\"https:\/\/csp.ch\/berne-jura\/#organization\"},\"potentialAction\":[{\"@type\":\"SearchAction\",\"target\":{\"@type\":\"EntryPoint\",\"urlTemplate\":\"https:\/\/csp.ch\/berne-jura\/?s={search_term_string}\"},\"query-input\":{\"@type\":\"PropertyValueSpecification\",\"valueRequired\":true,\"valueName\":\"search_term_string\"}}],\"inLanguage\":\"fr-FR\"},{\"@type\":\"Organization\",\"@id\":\"https:\/\/csp.ch\/berne-jura\/#organization\",\"name\":\"CSP Berne-Jura\",\"url\":\"https:\/\/csp.ch\/berne-jura\/\",\"logo\":{\"@type\":\"ImageObject\",\"inLanguage\":\"fr-FR\",\"@id\":\"https:\/\/csp.ch\/berne-jura\/#\/schema\/logo\/image\/\",\"url\":\"https:\/\/csp.ch\/wp-content\/uploads\/sites\/6\/2024\/10\/v1.3_V_logo_CMJN_BERNE-JURA_CSP14.jpg\",\"contentUrl\":\"https:\/\/csp.ch\/wp-content\/uploads\/sites\/6\/2024\/10\/v1.3_V_logo_CMJN_BERNE-JURA_CSP14.jpg\",\"width\":1747,\"height\":1235,\"caption\":\"CSP Berne-Jura\"},\"image\":{\"@id\":\"https:\/\/csp.ch\/berne-jura\/#\/schema\/logo\/image\/\"},\"sameAs\":[\"https:\/\/www.linkedin.com\/company\/13005641\/admin\/dashboard\/\"]}]}<\/script>\n<!-- \/ Yoast SEO plugin. -->","yoast_head_json":{"title":"Entreprises et fondations - CSP Berne-Jura","description":"Les entreprises qui d\u00e9sirent exercer leur responsabilit\u00e9 sociale ont la possibilit\u00e9 de le manifester par un engagement de proximit\u00e9, en soutenant le CSP.","robots":{"index":"index","follow":"follow","max-snippet":"max-snippet:-1","max-image-preview":"max-image-preview:large","max-video-preview":"max-video-preview:-1"},"canonical":"https:\/\/csp.ch\/berne-jura\/don\/entreprises-et-fondations\/","og_locale":"fr_FR","og_type":"article","og_title":"Entreprises et fondations - CSP Berne-Jura","og_description":"Les entreprises qui d\u00e9sirent exercer leur responsabilit\u00e9 sociale ont la possibilit\u00e9 de le manifester par un engagement de proximit\u00e9, en soutenant le CSP.","og_url":"https:\/\/csp.ch\/berne-jura\/don\/entreprises-et-fondations\/","og_site_name":"CSP Berne-Jura","article_modified_time":"2025-01-25T21:30:40+00:00","twitter_card":"summary_large_image","twitter_misc":{"Dur\u00e9e de lecture estim\u00e9e":"1 minute"},"schema":{"@context":"https:\/\/schema.org","@graph":[{"@type":"WebPage","@id":"https:\/\/csp.ch\/berne-jura\/don\/entreprises-et-fondations\/","url":"https:\/\/csp.ch\/berne-jura\/don\/entreprises-et-fondations\/","name":"Entreprises et fondations - CSP Berne-Jura","isPartOf":{"@id":"https:\/\/csp.ch\/berne-jura\/#website"},"primaryImageOfPage":{"@id":"https:\/\/csp.ch\/berne-jura\/don\/entreprises-et-fondations\/#primaryimage"},"image":{"@id":"https:\/\/csp.ch\/berne-jura\/don\/entreprises-et-fondations\/#primaryimage"},"thumbnailUrl":"","datePublished":"2015-08-11T14:30:43+00:00","dateModified":"2025-01-25T21:30:40+00:00","description":"Les entreprises qui d\u00e9sirent exercer leur responsabilit\u00e9 sociale ont la possibilit\u00e9 de le manifester par un engagement de proximit\u00e9, en soutenant le CSP.","breadcrumb":{"@id":"https:\/\/csp.ch\/berne-jura\/don\/entreprises-et-fondations\/#breadcrumb"},"inLanguage":"fr-FR","potentialAction":[{"@type":"ReadAction","target":["https:\/\/csp.ch\/berne-jura\/don\/entreprises-et-fondations\/"]}]},{"@type":"ImageObject","inLanguage":"fr-FR","@id":"https:\/\/csp.ch\/berne-jura\/don\/entreprises-et-fondations\/#primaryimage","url":"","contentUrl":""},{"@type":"BreadcrumbList","@id":"https:\/\/csp.ch\/berne-jura\/don\/entreprises-et-fondations\/#breadcrumb","itemListElement":[{"@type":"ListItem","position":1,"name":"Accueil","item":"https:\/\/csp.ch\/berne-jura\/"},{"@type":"ListItem","position":2,"name":"Faire face ensemble","item":"https:\/\/csp.ch\/berne-jura\/don\/"},{"@type":"ListItem","position":3,"name":"Entreprises et fondations"}]},{"@type":"WebSite","@id":"https:\/\/csp.ch\/berne-jura\/#website","url":"https:\/\/csp.ch\/berne-jura\/","name":"CSP Berne-Jura","description":"","publisher":{"@id":"https:\/\/csp.ch\/berne-jura\/#organization"},"potentialAction":[{"@type":"SearchAction","target":{"@type":"EntryPoint","urlTemplate":"https:\/\/csp.ch\/berne-jura\/?s={search_term_string}"},"query-input":{"@type":"PropertyValueSpecification","valueRequired":true,"valueName":"search_term_string"}}],"inLanguage":"fr-FR"},{"@type":"Organization","@id":"https:\/\/csp.ch\/berne-jura\/#organization","name":"CSP Berne-Jura","url":"https:\/\/csp.ch\/berne-jura\/","logo":{"@type":"ImageObject","inLanguage":"fr-FR","@id":"https:\/\/csp.ch\/berne-jura\/#\/schema\/logo\/image\/","url":"https:\/\/csp.ch\/wp-content\/uploads\/sites\/6\/2024\/10\/v1.3_V_logo_CMJN_BERNE-JURA_CSP14.jpg","contentUrl":"https:\/\/csp.ch\/wp-content\/uploads\/sites\/6\/2024\/10\/v1.3_V_logo_CMJN_BERNE-JURA_CSP14.jpg","width":1747,"height":1235,"caption":"CSP Berne-Jura"},"image":{"@id":"https:\/\/csp.ch\/berne-jura\/#\/schema\/logo\/image\/"},"sameAs":["https:\/\/www.linkedin.com\/company\/13005641\/admin\/dashboard\/"]}]}},"_links":{"self":[{"href":"https:\/\/csp.ch\/berne-jura\/wp-json\/wp\/v2\/pages\/124","targetHints":{"allow":["GET"]}}],"collection":[{"href":"https:\/\/csp.ch\/berne-jura\/wp-json\/wp\/v2\/pages"}],"about":[{"href":"https:\/\/csp.ch\/berne-jura\/wp-json\/wp\/v2\/types\/page"}],"author":[{"embeddable":true,"href":"https:\/\/csp.ch\/berne-jura\/wp-json\/wp\/v2\/users\/1"}],"replies":[{"embeddable":true,"href":"https:\/\/csp.ch\/berne-jura\/wp-json\/wp\/v2\/comments?post=124"}],"version-history":[{"count":4,"href":"https:\/\/csp.ch\/berne-jura\/wp-json\/wp\/v2\/pages\/124\/revisions"}],"predecessor-version":[{"id":10877,"href":"https:\/\/csp.ch\/berne-jura\/wp-json\/wp\/v2\/pages\/124\/revisions\/10877"}],"up":[{"embeddable":true,"href":"https:\/\/csp.ch\/berne-jura\/wp-json\/wp\/v2\/pages\/69"}],"wp:featuredmedia":[{"embeddable":true,"href":"https:\/\/csp.ch\/berne-jura\/wp-json\/"}],"wp:attachment":[{"href":"https:\/\/csp.ch\/berne-jura\/wp-json\/wp\/v2\/media?parent=124"}],"curies":[{"name":"wp","href":"https:\/\/api.w.org\/{rel}","templated":true}]}}