{"id":122,"date":"2015-08-11T15:28:44","date_gmt":"2015-08-11T14:28:44","guid":{"rendered":"https:\/\/csp.ch\/vd\/?page_id=122"},"modified":"2023-01-11T13:54:05","modified_gmt":"2023-01-11T12:54:05","slug":"legs","status":"publish","type":"page","link":"https:\/\/csp.ch\/berne-jura\/don\/legs\/","title":{"rendered":"Legs"},"content":{"rendered":"<div class=\"wpb-content-wrapper\"><p>[vc_row][vc_column][vc_column_text]<\/p>\n<blockquote><p>Faire un legs au Centre social protestant, c\u2019est exprimer votre volont\u00e9 de combattre la pr\u00e9carit\u00e9 et votre engagement pour plus de justice sociale.<\/p><\/blockquote>\n<p>&nbsp;<\/p>\n<p>Rester solidaire apr\u00e8s votre d\u00e9c\u00e8s, c\u2019est pr\u00e9server et encourager le travail social du CSP Berne-Jura, dont le principal objectif est d\u2019aider les personnes en difficult\u00e9, pour qu\u2019elles retrouvent<strong> autonomie<\/strong> et <strong>dignit\u00e9<\/strong>.\u00a0Nous vous remercions de votre int\u00e9r\u00eat.<\/p>\n<p>Le juriste du CSP Berne-Jura se tient \u00e0 votre disposition pour r\u00e9pondre \u00e0 vos questions relatives aux dispositions testamentaires comme \u00e0 toute question juridique.<\/p>\n<p>Le CSP Berne-Jura est une institution priv\u00e9e et ind\u00e9pendante, reconnue d\u2019utilit\u00e9 publique. A ce titre, il\u00a0b\u00e9n\u00e9ficie d\u2019une <strong>exon\u00e9ration fiscale totale<\/strong> sur les successions.\u00a0Votre legs sera directement affect\u00e9 aux activit\u00e9s sociales.[\/vc_column_text][\/vc_column][\/vc_row][vc_row][vc_column][vc_tta_accordion style=\u00a0\u00bbflat\u00a0\u00bb active_section=\u00a0\u00bb0&Prime; no_fill=\u00a0\u00bbtrue\u00a0\u00bb collapsible_all=\u00a0\u00bbtrue\u00a0\u00bb][vc_tta_section title=\u00a0\u00bbContactez notre direction\u00a0\u00bb tab_id=\u00a0\u00bb1441893578562-52e3d849-fc2b\u00a0\u00bb][vc_column_text]Monsieur Pierre Ammann<br \/>\nrue Centrale 59<br \/>\n2740 Moutier<br \/>\nT\u00e9l. 032 493 32 21<br \/>\n<a href=\"mailto:p&#105;&#101;&#114;&#114;&#101;&#46;&#97;&#109;&#109;&#97;&#x6e;&#x6e;&#x40;&#x63;&#x73;&#x70;&#x2d;&#x62;&#x65;&#x6a;&#x75;&#x2e;&#x63;&#x68;\">Contacez-nous par mail<br \/>\n<\/a>[\/vc_column_text][\/vc_tta_section][\/vc_tta_accordion][\/vc_column][\/vc_row]<\/p>\n<\/div>","protected":false},"excerpt":{"rendered":"<p>[vc_row][vc_column][vc_column_text] Faire un legs au Centre social protestant, c\u2019est exprimer votre volont\u00e9 de combattre la pr\u00e9carit\u00e9 et votre engagement pour plus de justice sociale. &nbsp; Rester solidaire apr\u00e8s votre d\u00e9c\u00e8s, c\u2019est pr\u00e9server et encourager le travail social du CSP Berne-Jura, dont le principal objectif est d\u2019aider les personnes en difficult\u00e9, pour qu\u2019elles retrouvent autonomie et [&hellip;]<\/p>\n","protected":false},"author":1,"featured_media":875,"parent":69,"menu_order":0,"comment_status":"closed","ping_status":"closed","template":"","meta":{"_acf_changed":false,"footnotes":""},"class_list":["post-122","page","type-page","status-publish","has-post-thumbnail","hentry"],"acf":[],"yoast_head":"<!-- This site is optimized with the Yoast SEO plugin v27.1.1 - https:\/\/yoast.com\/product\/yoast-seo-wordpress\/ -->\n<title>Legs - CSP Berne-Jura<\/title>\n<meta name=\"description\" content=\"\u00a0Faire un legs au Centre social protestant, c\u2019est exprimer votre volont\u00e9 de combattre la pr\u00e9carit\u00e9 dans les Cantons de Berne et du Jura.\" \/>\n<meta name=\"robots\" content=\"index, follow, max-snippet:-1, max-image-preview:large, max-video-preview:-1\" \/>\n<link rel=\"canonical\" href=\"https:\/\/csp.ch\/berne-jura\/don\/legs\/\" \/>\n<meta property=\"og:locale\" content=\"fr_FR\" \/>\n<meta property=\"og:type\" content=\"article\" \/>\n<meta property=\"og:title\" content=\"Legs - CSP Berne-Jura\" \/>\n<meta property=\"og:description\" content=\"\u00a0Faire un legs au Centre social protestant, c\u2019est exprimer votre volont\u00e9 de combattre la pr\u00e9carit\u00e9 dans les Cantons de Berne et du Jura.\" \/>\n<meta property=\"og:url\" content=\"https:\/\/csp.ch\/berne-jura\/don\/legs\/\" \/>\n<meta property=\"og:site_name\" content=\"CSP Berne-Jura\" \/>\n<meta property=\"article:modified_time\" content=\"2023-01-11T12:54:05+00:00\" \/>\n<meta property=\"og:image\" content=\"https:\/\/csp.ch\/wp-content\/uploads\/sites\/6\/2015\/06\/enfants\u00a9CSP-BE-JU_RebeccaBowring7595-copie.jpg\" \/>\n\t<meta property=\"og:image:width\" content=\"1272\" \/>\n\t<meta property=\"og:image:height\" content=\"848\" \/>\n\t<meta property=\"og:image:type\" content=\"image\/jpeg\" \/>\n<meta name=\"twitter:card\" content=\"summary_large_image\" \/>\n<meta name=\"twitter:label1\" content=\"Dur\u00e9e de lecture estim\u00e9e\" \/>\n\t<meta name=\"twitter:data1\" content=\"1 minute\" \/>\n<script type=\"application\/ld+json\" class=\"yoast-schema-graph\">{\"@context\":\"https:\/\/schema.org\",\"@graph\":[{\"@type\":\"WebPage\",\"@id\":\"https:\/\/csp.ch\/berne-jura\/don\/legs\/\",\"url\":\"https:\/\/csp.ch\/berne-jura\/don\/legs\/\",\"name\":\"Legs - CSP Berne-Jura\",\"isPartOf\":{\"@id\":\"https:\/\/csp.ch\/berne-jura\/#website\"},\"primaryImageOfPage\":{\"@id\":\"https:\/\/csp.ch\/berne-jura\/don\/legs\/#primaryimage\"},\"image\":{\"@id\":\"https:\/\/csp.ch\/berne-jura\/don\/legs\/#primaryimage\"},\"thumbnailUrl\":\"https:\/\/csp.ch\/wp-content\/uploads\/sites\/6\/2015\/06\/enfants\u00a9CSP-BE-JU_RebeccaBowring7595-copie.jpg\",\"datePublished\":\"2015-08-11T14:28:44+00:00\",\"dateModified\":\"2023-01-11T12:54:05+00:00\",\"description\":\"\u00a0Faire un legs au Centre social protestant, c\u2019est exprimer votre volont\u00e9 de combattre la pr\u00e9carit\u00e9 dans les Cantons de Berne et du Jura.\",\"breadcrumb\":{\"@id\":\"https:\/\/csp.ch\/berne-jura\/don\/legs\/#breadcrumb\"},\"inLanguage\":\"fr-FR\",\"potentialAction\":[{\"@type\":\"ReadAction\",\"target\":[\"https:\/\/csp.ch\/berne-jura\/don\/legs\/\"]}]},{\"@type\":\"ImageObject\",\"inLanguage\":\"fr-FR\",\"@id\":\"https:\/\/csp.ch\/berne-jura\/don\/legs\/#primaryimage\",\"url\":\"https:\/\/csp.ch\/wp-content\/uploads\/sites\/6\/2015\/06\/enfants\u00a9CSP-BE-JU_RebeccaBowring7595-copie.jpg\",\"contentUrl\":\"https:\/\/csp.ch\/wp-content\/uploads\/sites\/6\/2015\/06\/enfants\u00a9CSP-BE-JU_RebeccaBowring7595-copie.jpg\",\"width\":1272,\"height\":848},{\"@type\":\"BreadcrumbList\",\"@id\":\"https:\/\/csp.ch\/berne-jura\/don\/legs\/#breadcrumb\",\"itemListElement\":[{\"@type\":\"ListItem\",\"position\":1,\"name\":\"Accueil\",\"item\":\"https:\/\/csp.ch\/berne-jura\/\"},{\"@type\":\"ListItem\",\"position\":2,\"name\":\"Faire face ensemble\",\"item\":\"https:\/\/csp.ch\/berne-jura\/don\/\"},{\"@type\":\"ListItem\",\"position\":3,\"name\":\"Legs\"}]},{\"@type\":\"WebSite\",\"@id\":\"https:\/\/csp.ch\/berne-jura\/#website\",\"url\":\"https:\/\/csp.ch\/berne-jura\/\",\"name\":\"CSP Berne-Jura\",\"description\":\"\",\"publisher\":{\"@id\":\"https:\/\/csp.ch\/berne-jura\/#organization\"},\"potentialAction\":[{\"@type\":\"SearchAction\",\"target\":{\"@type\":\"EntryPoint\",\"urlTemplate\":\"https:\/\/csp.ch\/berne-jura\/?s={search_term_string}\"},\"query-input\":{\"@type\":\"PropertyValueSpecification\",\"valueRequired\":true,\"valueName\":\"search_term_string\"}}],\"inLanguage\":\"fr-FR\"},{\"@type\":\"Organization\",\"@id\":\"https:\/\/csp.ch\/berne-jura\/#organization\",\"name\":\"CSP Berne-Jura\",\"url\":\"https:\/\/csp.ch\/berne-jura\/\",\"logo\":{\"@type\":\"ImageObject\",\"inLanguage\":\"fr-FR\",\"@id\":\"https:\/\/csp.ch\/berne-jura\/#\/schema\/logo\/image\/\",\"url\":\"https:\/\/csp.ch\/wp-content\/uploads\/sites\/6\/2024\/10\/v1.3_V_logo_CMJN_BERNE-JURA_CSP14.jpg\",\"contentUrl\":\"https:\/\/csp.ch\/wp-content\/uploads\/sites\/6\/2024\/10\/v1.3_V_logo_CMJN_BERNE-JURA_CSP14.jpg\",\"width\":1747,\"height\":1235,\"caption\":\"CSP Berne-Jura\"},\"image\":{\"@id\":\"https:\/\/csp.ch\/berne-jura\/#\/schema\/logo\/image\/\"},\"sameAs\":[\"https:\/\/www.linkedin.com\/company\/13005641\/admin\/dashboard\/\"]}]}<\/script>\n<!-- \/ Yoast SEO plugin. -->","yoast_head_json":{"title":"Legs - CSP Berne-Jura","description":"\u00a0Faire un legs au Centre social protestant, c\u2019est exprimer votre volont\u00e9 de combattre la pr\u00e9carit\u00e9 dans les Cantons de Berne et du Jura.","robots":{"index":"index","follow":"follow","max-snippet":"max-snippet:-1","max-image-preview":"max-image-preview:large","max-video-preview":"max-video-preview:-1"},"canonical":"https:\/\/csp.ch\/berne-jura\/don\/legs\/","og_locale":"fr_FR","og_type":"article","og_title":"Legs - CSP Berne-Jura","og_description":"\u00a0Faire un legs au Centre social protestant, c\u2019est exprimer votre volont\u00e9 de combattre la pr\u00e9carit\u00e9 dans les Cantons de Berne et du Jura.","og_url":"https:\/\/csp.ch\/berne-jura\/don\/legs\/","og_site_name":"CSP Berne-Jura","article_modified_time":"2023-01-11T12:54:05+00:00","og_image":[{"width":1272,"height":848,"url":"https:\/\/csp.ch\/wp-content\/uploads\/sites\/6\/2015\/06\/enfants\u00a9CSP-BE-JU_RebeccaBowring7595-copie.jpg","type":"image\/jpeg"}],"twitter_card":"summary_large_image","twitter_misc":{"Dur\u00e9e de lecture estim\u00e9e":"1 minute"},"schema":{"@context":"https:\/\/schema.org","@graph":[{"@type":"WebPage","@id":"https:\/\/csp.ch\/berne-jura\/don\/legs\/","url":"https:\/\/csp.ch\/berne-jura\/don\/legs\/","name":"Legs - CSP Berne-Jura","isPartOf":{"@id":"https:\/\/csp.ch\/berne-jura\/#website"},"primaryImageOfPage":{"@id":"https:\/\/csp.ch\/berne-jura\/don\/legs\/#primaryimage"},"image":{"@id":"https:\/\/csp.ch\/berne-jura\/don\/legs\/#primaryimage"},"thumbnailUrl":"https:\/\/csp.ch\/wp-content\/uploads\/sites\/6\/2015\/06\/enfants\u00a9CSP-BE-JU_RebeccaBowring7595-copie.jpg","datePublished":"2015-08-11T14:28:44+00:00","dateModified":"2023-01-11T12:54:05+00:00","description":"\u00a0Faire un legs au Centre social protestant, c\u2019est exprimer votre volont\u00e9 de combattre la pr\u00e9carit\u00e9 dans les Cantons de Berne et du Jura.","breadcrumb":{"@id":"https:\/\/csp.ch\/berne-jura\/don\/legs\/#breadcrumb"},"inLanguage":"fr-FR","potentialAction":[{"@type":"ReadAction","target":["https:\/\/csp.ch\/berne-jura\/don\/legs\/"]}]},{"@type":"ImageObject","inLanguage":"fr-FR","@id":"https:\/\/csp.ch\/berne-jura\/don\/legs\/#primaryimage","url":"https:\/\/csp.ch\/wp-content\/uploads\/sites\/6\/2015\/06\/enfants\u00a9CSP-BE-JU_RebeccaBowring7595-copie.jpg","contentUrl":"https:\/\/csp.ch\/wp-content\/uploads\/sites\/6\/2015\/06\/enfants\u00a9CSP-BE-JU_RebeccaBowring7595-copie.jpg","width":1272,"height":848},{"@type":"BreadcrumbList","@id":"https:\/\/csp.ch\/berne-jura\/don\/legs\/#breadcrumb","itemListElement":[{"@type":"ListItem","position":1,"name":"Accueil","item":"https:\/\/csp.ch\/berne-jura\/"},{"@type":"ListItem","position":2,"name":"Faire face ensemble","item":"https:\/\/csp.ch\/berne-jura\/don\/"},{"@type":"ListItem","position":3,"name":"Legs"}]},{"@type":"WebSite","@id":"https:\/\/csp.ch\/berne-jura\/#website","url":"https:\/\/csp.ch\/berne-jura\/","name":"CSP Berne-Jura","description":"","publisher":{"@id":"https:\/\/csp.ch\/berne-jura\/#organization"},"potentialAction":[{"@type":"SearchAction","target":{"@type":"EntryPoint","urlTemplate":"https:\/\/csp.ch\/berne-jura\/?s={search_term_string}"},"query-input":{"@type":"PropertyValueSpecification","valueRequired":true,"valueName":"search_term_string"}}],"inLanguage":"fr-FR"},{"@type":"Organization","@id":"https:\/\/csp.ch\/berne-jura\/#organization","name":"CSP Berne-Jura","url":"https:\/\/csp.ch\/berne-jura\/","logo":{"@type":"ImageObject","inLanguage":"fr-FR","@id":"https:\/\/csp.ch\/berne-jura\/#\/schema\/logo\/image\/","url":"https:\/\/csp.ch\/wp-content\/uploads\/sites\/6\/2024\/10\/v1.3_V_logo_CMJN_BERNE-JURA_CSP14.jpg","contentUrl":"https:\/\/csp.ch\/wp-content\/uploads\/sites\/6\/2024\/10\/v1.3_V_logo_CMJN_BERNE-JURA_CSP14.jpg","width":1747,"height":1235,"caption":"CSP Berne-Jura"},"image":{"@id":"https:\/\/csp.ch\/berne-jura\/#\/schema\/logo\/image\/"},"sameAs":["https:\/\/www.linkedin.com\/company\/13005641\/admin\/dashboard\/"]}]}},"_links":{"self":[{"href":"https:\/\/csp.ch\/berne-jura\/wp-json\/wp\/v2\/pages\/122","targetHints":{"allow":["GET"]}}],"collection":[{"href":"https:\/\/csp.ch\/berne-jura\/wp-json\/wp\/v2\/pages"}],"about":[{"href":"https:\/\/csp.ch\/berne-jura\/wp-json\/wp\/v2\/types\/page"}],"author":[{"embeddable":true,"href":"https:\/\/csp.ch\/berne-jura\/wp-json\/wp\/v2\/users\/1"}],"replies":[{"embeddable":true,"href":"https:\/\/csp.ch\/berne-jura\/wp-json\/wp\/v2\/comments?post=122"}],"version-history":[{"count":6,"href":"https:\/\/csp.ch\/berne-jura\/wp-json\/wp\/v2\/pages\/122\/revisions"}],"predecessor-version":[{"id":7337,"href":"https:\/\/csp.ch\/berne-jura\/wp-json\/wp\/v2\/pages\/122\/revisions\/7337"}],"up":[{"embeddable":true,"href":"https:\/\/csp.ch\/berne-jura\/wp-json\/wp\/v2\/pages\/69"}],"wp:featuredmedia":[{"embeddable":true,"href":"https:\/\/csp.ch\/berne-jura\/wp-json\/wp\/v2\/media\/875"}],"wp:attachment":[{"href":"https:\/\/csp.ch\/berne-jura\/wp-json\/wp\/v2\/media?parent=122"}],"curies":[{"name":"wp","href":"https:\/\/api.w.org\/{rel}","templated":true}]}}