{"id":118,"date":"2015-08-11T15:26:18","date_gmt":"2015-08-11T14:26:18","guid":{"rendered":"https:\/\/csp.ch\/vd\/?page_id=118"},"modified":"2025-01-25T22:28:29","modified_gmt":"2025-01-25T21:28:29","slug":"dons-dobjets","status":"publish","type":"page","link":"https:\/\/csp.ch\/berne-jura\/don\/dons-dobjets\/","title":{"rendered":"Dons <strong>d\u2019objets<\/strong>"},"content":{"rendered":"<div class=\"wpb-content-wrapper\"><p>[vc_row][vc_column][vc_column_text]<\/p>\n<blockquote><p>Vous avez des objets, des meubles, des livres, des habits en bon \u00e9tat que vous n\u2019utilisez plus\u00a0?<\/p><\/blockquote>\n<p>&nbsp;<\/p>\n<p>Vous pouvez les donner au CSP Berne-Jura, pour qu\u2019ils soient remis en vente dans ses magasins situ\u00e9s \u00e0 la Rue de la Promenade 14 \u00e0 Tramelan et au Chemin du Long-Champ 135 \u00e0 Bienne.<\/p>\n<h4>Vous faites ainsi d\u2019une pierre deux coups\u00a0:<\/h4>\n<ul>\n<li>Vous permettez \u00e0 d\u2019autres personnes d\u2019acqu\u00e9rir des biens de qualit\u00e9 vendus \u00e0 bas prix (ce qui les rend accessibles \u00e0 tous)<\/li>\n<li>Vous contribuez \u00e0 financer les consultations sociales du CSP Berne-Jura.<\/li>\n<\/ul>\n<p>[\/vc_column_text][\/vc_column][\/vc_row]<\/p>\n<\/div>","protected":false},"excerpt":{"rendered":"<p>[vc_row][vc_column][vc_column_text] Vous avez des objets, des meubles, des livres, des habits en bon \u00e9tat que vous n\u2019utilisez plus\u00a0? &nbsp; Vous pouvez les donner au CSP Berne-Jura, pour qu\u2019ils soient remis en vente dans ses magasins situ\u00e9s \u00e0 la Rue de la Promenade 14 \u00e0 Tramelan et au Chemin du Long-Champ 135 \u00e0 Bienne. Vous faites [&hellip;]<\/p>\n","protected":false},"author":1,"featured_media":1262,"parent":69,"menu_order":0,"comment_status":"closed","ping_status":"closed","template":"","meta":{"_acf_changed":false,"footnotes":""},"class_list":["post-118","page","type-page","status-publish","has-post-thumbnail","hentry"],"acf":[],"yoast_head":"<!-- This site is optimized with the Yoast SEO plugin v27.1.1 - https:\/\/yoast.com\/product\/yoast-seo-wordpress\/ -->\n<title>Dons d\u2019objets - CSP Berne-Jura<\/title>\n<meta name=\"description\" content=\"Vous avez des objets, des meubles, des livres, des habits en bon \u00e9tat que vous n\u2019utilisez plus\u00a0?\u00a0\u00a0Vous pouvez les donner au CSP.\" \/>\n<meta name=\"robots\" content=\"index, follow, max-snippet:-1, max-image-preview:large, max-video-preview:-1\" \/>\n<link rel=\"canonical\" href=\"https:\/\/csp.ch\/berne-jura\/don\/dons-dobjets\/\" \/>\n<meta property=\"og:locale\" content=\"fr_FR\" \/>\n<meta property=\"og:type\" content=\"article\" \/>\n<meta property=\"og:title\" content=\"Dons d\u2019objets - CSP Berne-Jura\" \/>\n<meta property=\"og:description\" content=\"Vous avez des objets, des meubles, des livres, des habits en bon \u00e9tat que vous n\u2019utilisez plus\u00a0?\u00a0\u00a0Vous pouvez les donner au CSP.\" \/>\n<meta property=\"og:url\" content=\"https:\/\/csp.ch\/berne-jura\/don\/dons-dobjets\/\" \/>\n<meta property=\"og:site_name\" content=\"CSP Berne-Jura\" \/>\n<meta property=\"article:modified_time\" content=\"2025-01-25T21:28:29+00:00\" \/>\n<meta property=\"og:image\" content=\"https:\/\/csp.ch\/wp-content\/uploads\/sites\/6\/2016\/04\/IMG_4993-site.png\" \/>\n\t<meta property=\"og:image:width\" content=\"945\" \/>\n\t<meta property=\"og:image:height\" content=\"630\" \/>\n\t<meta property=\"og:image:type\" content=\"image\/png\" \/>\n<meta name=\"twitter:card\" content=\"summary_large_image\" \/>\n<meta name=\"twitter:label1\" content=\"Dur\u00e9e de lecture estim\u00e9e\" \/>\n\t<meta name=\"twitter:data1\" content=\"1 minute\" \/>\n<script type=\"application\/ld+json\" class=\"yoast-schema-graph\">{\"@context\":\"https:\/\/schema.org\",\"@graph\":[{\"@type\":\"WebPage\",\"@id\":\"https:\/\/csp.ch\/berne-jura\/don\/dons-dobjets\/\",\"url\":\"https:\/\/csp.ch\/berne-jura\/don\/dons-dobjets\/\",\"name\":\"Dons d\u2019objets - CSP Berne-Jura\",\"isPartOf\":{\"@id\":\"https:\/\/csp.ch\/berne-jura\/#website\"},\"primaryImageOfPage\":{\"@id\":\"https:\/\/csp.ch\/berne-jura\/don\/dons-dobjets\/#primaryimage\"},\"image\":{\"@id\":\"https:\/\/csp.ch\/berne-jura\/don\/dons-dobjets\/#primaryimage\"},\"thumbnailUrl\":\"https:\/\/csp.ch\/wp-content\/uploads\/sites\/6\/2016\/04\/IMG_4993-site.png\",\"datePublished\":\"2015-08-11T14:26:18+00:00\",\"dateModified\":\"2025-01-25T21:28:29+00:00\",\"description\":\"Vous avez des objets, des meubles, des livres, des habits en bon \u00e9tat que vous n\u2019utilisez plus\u00a0?\u00a0\u00a0Vous pouvez les donner au CSP.\",\"breadcrumb\":{\"@id\":\"https:\/\/csp.ch\/berne-jura\/don\/dons-dobjets\/#breadcrumb\"},\"inLanguage\":\"fr-FR\",\"potentialAction\":[{\"@type\":\"ReadAction\",\"target\":[\"https:\/\/csp.ch\/berne-jura\/don\/dons-dobjets\/\"]}]},{\"@type\":\"ImageObject\",\"inLanguage\":\"fr-FR\",\"@id\":\"https:\/\/csp.ch\/berne-jura\/don\/dons-dobjets\/#primaryimage\",\"url\":\"https:\/\/csp.ch\/wp-content\/uploads\/sites\/6\/2016\/04\/IMG_4993-site.png\",\"contentUrl\":\"https:\/\/csp.ch\/wp-content\/uploads\/sites\/6\/2016\/04\/IMG_4993-site.png\",\"width\":945,\"height\":630},{\"@type\":\"BreadcrumbList\",\"@id\":\"https:\/\/csp.ch\/berne-jura\/don\/dons-dobjets\/#breadcrumb\",\"itemListElement\":[{\"@type\":\"ListItem\",\"position\":1,\"name\":\"Accueil\",\"item\":\"https:\/\/csp.ch\/berne-jura\/\"},{\"@type\":\"ListItem\",\"position\":2,\"name\":\"Faire face ensemble\",\"item\":\"https:\/\/csp.ch\/berne-jura\/don\/\"},{\"@type\":\"ListItem\",\"position\":3,\"name\":\"Dons d\u2019objets\"}]},{\"@type\":\"WebSite\",\"@id\":\"https:\/\/csp.ch\/berne-jura\/#website\",\"url\":\"https:\/\/csp.ch\/berne-jura\/\",\"name\":\"CSP Berne-Jura\",\"description\":\"\",\"publisher\":{\"@id\":\"https:\/\/csp.ch\/berne-jura\/#organization\"},\"potentialAction\":[{\"@type\":\"SearchAction\",\"target\":{\"@type\":\"EntryPoint\",\"urlTemplate\":\"https:\/\/csp.ch\/berne-jura\/?s={search_term_string}\"},\"query-input\":{\"@type\":\"PropertyValueSpecification\",\"valueRequired\":true,\"valueName\":\"search_term_string\"}}],\"inLanguage\":\"fr-FR\"},{\"@type\":\"Organization\",\"@id\":\"https:\/\/csp.ch\/berne-jura\/#organization\",\"name\":\"CSP Berne-Jura\",\"url\":\"https:\/\/csp.ch\/berne-jura\/\",\"logo\":{\"@type\":\"ImageObject\",\"inLanguage\":\"fr-FR\",\"@id\":\"https:\/\/csp.ch\/berne-jura\/#\/schema\/logo\/image\/\",\"url\":\"https:\/\/csp.ch\/wp-content\/uploads\/sites\/6\/2024\/10\/v1.3_V_logo_CMJN_BERNE-JURA_CSP14.jpg\",\"contentUrl\":\"https:\/\/csp.ch\/wp-content\/uploads\/sites\/6\/2024\/10\/v1.3_V_logo_CMJN_BERNE-JURA_CSP14.jpg\",\"width\":1747,\"height\":1235,\"caption\":\"CSP Berne-Jura\"},\"image\":{\"@id\":\"https:\/\/csp.ch\/berne-jura\/#\/schema\/logo\/image\/\"},\"sameAs\":[\"https:\/\/www.linkedin.com\/company\/13005641\/admin\/dashboard\/\"]}]}<\/script>\n<!-- \/ Yoast SEO plugin. -->","yoast_head_json":{"title":"Dons d\u2019objets - CSP Berne-Jura","description":"Vous avez des objets, des meubles, des livres, des habits en bon \u00e9tat que vous n\u2019utilisez plus\u00a0?\u00a0\u00a0Vous pouvez les donner au CSP.","robots":{"index":"index","follow":"follow","max-snippet":"max-snippet:-1","max-image-preview":"max-image-preview:large","max-video-preview":"max-video-preview:-1"},"canonical":"https:\/\/csp.ch\/berne-jura\/don\/dons-dobjets\/","og_locale":"fr_FR","og_type":"article","og_title":"Dons d\u2019objets - CSP Berne-Jura","og_description":"Vous avez des objets, des meubles, des livres, des habits en bon \u00e9tat que vous n\u2019utilisez plus\u00a0?\u00a0\u00a0Vous pouvez les donner au CSP.","og_url":"https:\/\/csp.ch\/berne-jura\/don\/dons-dobjets\/","og_site_name":"CSP Berne-Jura","article_modified_time":"2025-01-25T21:28:29+00:00","og_image":[{"width":945,"height":630,"url":"https:\/\/csp.ch\/wp-content\/uploads\/sites\/6\/2016\/04\/IMG_4993-site.png","type":"image\/png"}],"twitter_card":"summary_large_image","twitter_misc":{"Dur\u00e9e de lecture estim\u00e9e":"1 minute"},"schema":{"@context":"https:\/\/schema.org","@graph":[{"@type":"WebPage","@id":"https:\/\/csp.ch\/berne-jura\/don\/dons-dobjets\/","url":"https:\/\/csp.ch\/berne-jura\/don\/dons-dobjets\/","name":"Dons d\u2019objets - CSP Berne-Jura","isPartOf":{"@id":"https:\/\/csp.ch\/berne-jura\/#website"},"primaryImageOfPage":{"@id":"https:\/\/csp.ch\/berne-jura\/don\/dons-dobjets\/#primaryimage"},"image":{"@id":"https:\/\/csp.ch\/berne-jura\/don\/dons-dobjets\/#primaryimage"},"thumbnailUrl":"https:\/\/csp.ch\/wp-content\/uploads\/sites\/6\/2016\/04\/IMG_4993-site.png","datePublished":"2015-08-11T14:26:18+00:00","dateModified":"2025-01-25T21:28:29+00:00","description":"Vous avez des objets, des meubles, des livres, des habits en bon \u00e9tat que vous n\u2019utilisez plus\u00a0?\u00a0\u00a0Vous pouvez les donner au CSP.","breadcrumb":{"@id":"https:\/\/csp.ch\/berne-jura\/don\/dons-dobjets\/#breadcrumb"},"inLanguage":"fr-FR","potentialAction":[{"@type":"ReadAction","target":["https:\/\/csp.ch\/berne-jura\/don\/dons-dobjets\/"]}]},{"@type":"ImageObject","inLanguage":"fr-FR","@id":"https:\/\/csp.ch\/berne-jura\/don\/dons-dobjets\/#primaryimage","url":"https:\/\/csp.ch\/wp-content\/uploads\/sites\/6\/2016\/04\/IMG_4993-site.png","contentUrl":"https:\/\/csp.ch\/wp-content\/uploads\/sites\/6\/2016\/04\/IMG_4993-site.png","width":945,"height":630},{"@type":"BreadcrumbList","@id":"https:\/\/csp.ch\/berne-jura\/don\/dons-dobjets\/#breadcrumb","itemListElement":[{"@type":"ListItem","position":1,"name":"Accueil","item":"https:\/\/csp.ch\/berne-jura\/"},{"@type":"ListItem","position":2,"name":"Faire face ensemble","item":"https:\/\/csp.ch\/berne-jura\/don\/"},{"@type":"ListItem","position":3,"name":"Dons d\u2019objets"}]},{"@type":"WebSite","@id":"https:\/\/csp.ch\/berne-jura\/#website","url":"https:\/\/csp.ch\/berne-jura\/","name":"CSP Berne-Jura","description":"","publisher":{"@id":"https:\/\/csp.ch\/berne-jura\/#organization"},"potentialAction":[{"@type":"SearchAction","target":{"@type":"EntryPoint","urlTemplate":"https:\/\/csp.ch\/berne-jura\/?s={search_term_string}"},"query-input":{"@type":"PropertyValueSpecification","valueRequired":true,"valueName":"search_term_string"}}],"inLanguage":"fr-FR"},{"@type":"Organization","@id":"https:\/\/csp.ch\/berne-jura\/#organization","name":"CSP Berne-Jura","url":"https:\/\/csp.ch\/berne-jura\/","logo":{"@type":"ImageObject","inLanguage":"fr-FR","@id":"https:\/\/csp.ch\/berne-jura\/#\/schema\/logo\/image\/","url":"https:\/\/csp.ch\/wp-content\/uploads\/sites\/6\/2024\/10\/v1.3_V_logo_CMJN_BERNE-JURA_CSP14.jpg","contentUrl":"https:\/\/csp.ch\/wp-content\/uploads\/sites\/6\/2024\/10\/v1.3_V_logo_CMJN_BERNE-JURA_CSP14.jpg","width":1747,"height":1235,"caption":"CSP Berne-Jura"},"image":{"@id":"https:\/\/csp.ch\/berne-jura\/#\/schema\/logo\/image\/"},"sameAs":["https:\/\/www.linkedin.com\/company\/13005641\/admin\/dashboard\/"]}]}},"_links":{"self":[{"href":"https:\/\/csp.ch\/berne-jura\/wp-json\/wp\/v2\/pages\/118","targetHints":{"allow":["GET"]}}],"collection":[{"href":"https:\/\/csp.ch\/berne-jura\/wp-json\/wp\/v2\/pages"}],"about":[{"href":"https:\/\/csp.ch\/berne-jura\/wp-json\/wp\/v2\/types\/page"}],"author":[{"embeddable":true,"href":"https:\/\/csp.ch\/berne-jura\/wp-json\/wp\/v2\/users\/1"}],"replies":[{"embeddable":true,"href":"https:\/\/csp.ch\/berne-jura\/wp-json\/wp\/v2\/comments?post=118"}],"version-history":[{"count":4,"href":"https:\/\/csp.ch\/berne-jura\/wp-json\/wp\/v2\/pages\/118\/revisions"}],"predecessor-version":[{"id":10876,"href":"https:\/\/csp.ch\/berne-jura\/wp-json\/wp\/v2\/pages\/118\/revisions\/10876"}],"up":[{"embeddable":true,"href":"https:\/\/csp.ch\/berne-jura\/wp-json\/wp\/v2\/pages\/69"}],"wp:featuredmedia":[{"embeddable":true,"href":"https:\/\/csp.ch\/berne-jura\/wp-json\/wp\/v2\/media\/1262"}],"wp:attachment":[{"href":"https:\/\/csp.ch\/berne-jura\/wp-json\/wp\/v2\/media?parent=118"}],"curies":[{"name":"wp","href":"https:\/\/api.w.org\/{rel}","templated":true}]}}